{"id":13574,"date":"2025-08-20T12:41:07","date_gmt":"2025-08-20T15:41:07","guid":{"rendered":"https:\/\/ambrosioeletro.com.br\/v20\/?post_type=product&#038;p=13574"},"modified":"2026-01-09T12:45:24","modified_gmt":"2026-01-09T15:45:24","slug":"balcao-duna-fiorello","status":"publish","type":"product","link":"http:\/\/ambrosioeletro.com.br\/v20\/produto\/balcao-duna-fiorello\/","title":{"rendered":"Balc\u00e3o Duna &#8211; Fiorello"},"content":{"rendered":"<div id=\"product-description\">\n<div class=\"product attribute description\">\n<div class=\"value\">Contribuindo para a organiza\u00e7\u00e3o da sua cozinha, o Balc\u00e3o Multiuso Duna &#8211; M\u00f3veis Fiorello. Possui duas portas, e uma gaveta que ir\u00e1 facilitar a sua rotina.<\/div>\n<\/div>\n<\/div>\n<div id=\"technical-specifications\">\n<div class=\"additional-attributes-wrapper table-wrapper\">\n<table id=\"product-attribute-specs-table\" class=\"data table additional-attributes\">\n<caption class=\"table-caption\">Mais informa\u00e7\u00f5es<\/caption>\n<tbody>\n<tr>\n<th class=\"col label\" scope=\"row\">Ambiente<\/th>\n<td class=\"col data\" data-th=\"Ambiente\">Cozinha<\/td>\n<\/tr>\n<tr>\n<th class=\"col label\" scope=\"row\">Marca<\/th>\n<td class=\"col data\" data-th=\"Marca\">FIORELLO<\/td>\n<\/tr>\n<tr>\n<th class=\"col label\" scope=\"row\">Dimens\u00f5es<\/th>\n<td class=\"col data\" data-th=\"Dimens\u00f5es\">61 x 79 x 37.5cm (LxAxP) &#8211;\u00a0<b>Peso:<\/b>17.1kg<\/td>\n<\/tr>\n<tr>\n<th class=\"col label\" scope=\"row\">Garantia<\/th>\n<td class=\"col data\" data-th=\"Garantia\">3 meses<\/td>\n<\/tr>\n<tr>\n<th class=\"col label\" scope=\"row\">Tipo de Corredi\u00e7a<\/th>\n<td class=\"col data\" data-th=\"Tipo de Corredi\u00e7a\">Met\u00e1licas<\/td>\n<\/tr>\n<tr>\n<th class=\"col label\" scope=\"row\">Tipo de Material<\/th>\n<td class=\"col data\" data-th=\"Tipo de Material\">MDP<\/td>\n<\/tr>\n<tr>\n<th class=\"col label\" scope=\"row\">Tipo de produto<\/th>\n<td class=\"col data\" data-th=\"Tipo de produto\">Fruteira<\/td>\n<\/tr>\n<tr>\n<th class=\"col label\" scope=\"row\">Caracter\u00edsticas<\/th>\n<td class=\"col data\" data-th=\"Caracter\u00edsticas\">&#8211; Possui estrutura produzida em MDP de 12 e 15 mm, com tampo, portas e gaveta em MDP de 15 mm<br \/>\n&#8211; Acabamento UV dispon\u00edvel em Branco Brilho. As dobradi\u00e7as s\u00e3o modelo caneca de press\u00e3o 26 mm e as corredi\u00e7as s\u00e3o met\u00e1licas.<br \/>\n&#8211; O sistema de montagem \u00e9 feito com parafusos e cavilhas.<br \/>\n&#8211; Os p\u00e9s s\u00e3o em PVC e os puxadores em ABS.<br \/>\n&#8211; O sistema de embalagem \u00e9 feito com tampo efundo, o qual aumenta a prote\u00e7\u00e3o dos volumes no transporte e manuseio<br \/>\n&#8211; Peso Suportado pela Prateleira: 5Kg<br \/>\n&#8211; Peso Suportado pela Gaveta: 5Kg<\/td>\n<\/tr>\n<\/tbody>\n<\/table>\n<\/div>\n<\/div>\n","protected":false},"excerpt":{"rendered":"<p>Contribuindo para a organiza\u00e7\u00e3o da sua cozinha, o Balc\u00e3o Multiuso Duna &#8211; M\u00f3veis Fiorello. Possui duas portas, e uma gaveta que ir\u00e1 facilitar a sua rotina. Mais informa\u00e7\u00f5es Ambiente Cozinha<\/p>\n","protected":false},"featured_media":13575,"comment_status":"open","ping_status":"closed","template":"","meta":[],"product_brand":[],"product_cat":[243,227],"product_tag":[],"class_list":{"0":"post-13574","1":"product","2":"type-product","3":"status-publish","4":"has-post-thumbnail","6":"product_cat-cozinha-moveis","7":"product_cat-moveis","8":"product_shipping_class-retirar-no-local","10":"first","11":"instock","12":"shipping-taxable","13":"purchasable","14":"product-type-simple"},"_links":{"self":[{"href":"http:\/\/ambrosioeletro.com.br\/v20\/wp-json\/wp\/v2\/product\/13574","targetHints":{"allow":["GET"]}}],"collection":[{"href":"http:\/\/ambrosioeletro.com.br\/v20\/wp-json\/wp\/v2\/product"}],"about":[{"href":"http:\/\/ambrosioeletro.com.br\/v20\/wp-json\/wp\/v2\/types\/product"}],"replies":[{"embeddable":true,"href":"http:\/\/ambrosioeletro.com.br\/v20\/wp-json\/wp\/v2\/comments?post=13574"}],"wp:featuredmedia":[{"embeddable":true,"href":"http:\/\/ambrosioeletro.com.br\/v20\/wp-json\/wp\/v2\/media\/13575"}],"wp:attachment":[{"href":"http:\/\/ambrosioeletro.com.br\/v20\/wp-json\/wp\/v2\/media?parent=13574"}],"wp:term":[{"taxonomy":"product_brand","embeddable":true,"href":"http:\/\/ambrosioeletro.com.br\/v20\/wp-json\/wp\/v2\/product_brand?post=13574"},{"taxonomy":"product_cat","embeddable":true,"href":"http:\/\/ambrosioeletro.com.br\/v20\/wp-json\/wp\/v2\/product_cat?post=13574"},{"taxonomy":"product_tag","embeddable":true,"href":"http:\/\/ambrosioeletro.com.br\/v20\/wp-json\/wp\/v2\/product_tag?post=13574"}],"curies":[{"name":"wp","href":"https:\/\/api.w.org\/{rel}","templated":true}]}}