{"id":13579,"date":"2025-08-25T14:28:09","date_gmt":"2025-08-25T17:28:09","guid":{"rendered":"https:\/\/ambrosioeletro.com.br\/v20\/?post_type=product&#038;p=13579"},"modified":"2026-04-23T12:47:19","modified_gmt":"2026-04-23T15:47:19","slug":"berco-mini-cama-2-em-1-americano-4-rodinhas-rodizios-doce-sonho-1344-qmovi","status":"publish","type":"product","link":"http:\/\/ambrosioeletro.com.br\/v20\/produto\/berco-mini-cama-2-em-1-americano-4-rodinhas-rodizios-doce-sonho-1344-qmovi\/","title":{"rendered":"Ber\u00e7o Mini Cama 2 Em 1 (Americano) 4 Rodinhas\/Rod\u00edzios Doce Sonho 1344 Qmovi"},"content":{"rendered":"<p>O Ber\u00e7o com Mini Cama Doce Sonho foi feito para proporcionar ao beb\u00ea mais seguran\u00e7a e aconchego durante o sono. Acompanha suporte para mosquiteiro, que permite noites mais tranquilas. O produto ainda possui op\u00e7\u00e3o de montagem como mini cama, para ser utilizado acompanhando o crescimento da crian\u00e7a. Com um design moderno e minimalista, ele dar\u00e1 ainda mais estilo ao ambiente.<\/p>\n<p><i class=\"fas fa-check\"><\/i>\u00a0Possui certifica\u00e7\u00e3o compuls\u00f3ria de acordo com as portarias do Inmetro;<br \/>\n<i class=\"fas fa-check\"><\/i>\u00a0Acompanha suporte para mosquiteiro, que garante noites tranquilas e seguras \u00e0 crian\u00e7a, sem picadas de mosquitos e inc\u00f4modos;<br \/>\n<i class=\"fas fa-check\"><\/i>\u00a0Grades fixas feitas em MDF de 12mm e 25mm, para total seguran\u00e7a do beb\u00ea;<br \/>\n<i class=\"fas fa-check\"><\/i>\u00a0Ap\u00f3s transforma\u00e7\u00e3o em Mini Cama, disponibiliza uma lateral de prote\u00e7\u00e3o para maior seguran\u00e7a;<br \/>\n<i class=\"fas fa-check\"><\/i>\u00a0Pintura at\u00f3xica e livre de materiais pesados.<\/p>\n<div class=\"elementor-column elementor-col-25 elementor-inner-column elementor-element elementor-element-0000888\" data-id=\"0000888\" data-element_type=\"column\">\n<div class=\"elementor-widget-wrap elementor-element-populated\">\n<div class=\"elementor-element elementor-element-eaa6175 elementor-view-default elementor-position-top elementor-mobile-position-top elementor-widget elementor-widget-icon-box\" data-id=\"eaa6175\" data-element_type=\"widget\" data-widget_type=\"icon-box.default\">\n<div class=\"elementor-widget-container\">\n<div class=\"elementor-icon-box-wrapper\">\n<div class=\"elementor-icon-box-content\">\n<h3 class=\"elementor-icon-box-title\">Altura<\/h3>\n<p class=\"elementor-icon-box-description\">770 mm<\/p>\n<\/div>\n<\/div>\n<\/div>\n<\/div>\n<div class=\"elementor-element elementor-element-409db28 elementor-view-default elementor-position-top elementor-mobile-position-top elementor-widget elementor-widget-icon-box\" data-id=\"409db28\" data-element_type=\"widget\" data-widget_type=\"icon-box.default\">\n<div class=\"elementor-widget-container\">\n<div class=\"elementor-icon-box-wrapper\">\n<div class=\"elementor-icon-box-icon\"><\/div>\n<div class=\"elementor-icon-box-content\">\n<h3 class=\"elementor-icon-box-title\">Largura<\/h3>\n<p class=\"elementor-icon-box-description\">740 mm<\/p>\n<\/div>\n<\/div>\n<\/div>\n<\/div>\n<div class=\"elementor-element elementor-element-af9371c elementor-view-default elementor-position-top elementor-mobile-position-top elementor-widget elementor-widget-icon-box\" data-id=\"af9371c\" data-element_type=\"widget\" data-widget_type=\"icon-box.default\">\n<div class=\"elementor-widget-container\">\n<div class=\"elementor-icon-box-wrapper\">\n<div class=\"elementor-icon-box-icon\"><\/div>\n<div class=\"elementor-icon-box-content\">\n<h3 class=\"elementor-icon-box-title\">Comprimento<\/h3>\n<p class=\"elementor-icon-box-description\">1330 mm<\/p>\n<\/div>\n<\/div>\n<\/div>\n<\/div>\n<\/div>\n<\/div>\n<div class=\"elementor-column elementor-col-25 elementor-inner-column elementor-element elementor-element-be73bf0\" data-id=\"be73bf0\" data-element_type=\"column\">\n<div class=\"elementor-widget-wrap elementor-element-populated\">\n<div class=\"elementor-element elementor-element-e867fae elementor-view-default elementor-position-top elementor-mobile-position-top elementor-widget elementor-widget-icon-box\" data-id=\"e867fae\" data-element_type=\"widget\" data-widget_type=\"icon-box.default\">\n<div class=\"elementor-widget-container\">\n<div class=\"elementor-icon-box-wrapper\">\n<div class=\"elementor-icon-box-icon\"><\/div>\n<div class=\"elementor-icon-box-content\">\n<h3 class=\"elementor-icon-box-title\">Peso<\/h3>\n<p class=\"elementor-icon-box-description\">31,7000 kg<\/p>\n<\/div>\n<\/div>\n<\/div>\n<\/div>\n<div class=\"elementor-element elementor-element-991f6c9 elementor-view-default elementor-position-top elementor-mobile-position-top elementor-widget elementor-widget-icon-box\" data-id=\"991f6c9\" data-element_type=\"widget\" data-widget_type=\"icon-box.default\">\n<div class=\"elementor-widget-container\">\n<div class=\"elementor-icon-box-wrapper\">\n<div class=\"elementor-icon-box-icon\"><\/div>\n<div class=\"elementor-icon-box-content\">\n<h3 class=\"elementor-icon-box-title\">Metragem C\u00fabica<\/h3>\n<p class=\"elementor-icon-box-description\">0,1033<\/p>\n<\/div>\n<\/div>\n<\/div>\n<\/div>\n<div class=\"elementor-element elementor-element-3842721 elementor-view-default elementor-position-top elementor-mobile-position-top elementor-widget elementor-widget-icon-box\" data-id=\"3842721\" data-element_type=\"widget\" data-widget_type=\"icon-box.default\">\n<div class=\"elementor-widget-container\">\n<div class=\"elementor-icon-box-wrapper\">\n<div class=\"elementor-icon-box-icon\"><\/div>\n<div class=\"elementor-icon-box-content\">\n<h3 class=\"elementor-icon-box-title\">Quantidade Volumes<\/h3>\n<p class=\"elementor-icon-box-description\">1<\/p>\n<\/div>\n<\/div>\n<\/div>\n<\/div>\n<\/div>\n<\/div>\n","protected":false},"excerpt":{"rendered":"<p>O Ber\u00e7o com Mini Cama Doce Sonho foi feito para proporcionar ao beb\u00ea mais seguran\u00e7a e aconchego durante o sono. Acompanha suporte para mosquiteiro, que permite noites mais tranquilas. O<\/p>\n","protected":false},"featured_media":13582,"comment_status":"open","ping_status":"closed","template":"","meta":[],"product_brand":[],"product_cat":[227,241],"product_tag":[],"class_list":{"0":"post-13579","1":"product","2":"type-product","3":"status-publish","4":"has-post-thumbnail","6":"product_cat-moveis","7":"product_cat-quarto","8":"product_shipping_class-retirar-no-local","10":"first","11":"instock","12":"shipping-taxable","13":"purchasable","14":"product-type-simple"},"_links":{"self":[{"href":"http:\/\/ambrosioeletro.com.br\/v20\/wp-json\/wp\/v2\/product\/13579","targetHints":{"allow":["GET"]}}],"collection":[{"href":"http:\/\/ambrosioeletro.com.br\/v20\/wp-json\/wp\/v2\/product"}],"about":[{"href":"http:\/\/ambrosioeletro.com.br\/v20\/wp-json\/wp\/v2\/types\/product"}],"replies":[{"embeddable":true,"href":"http:\/\/ambrosioeletro.com.br\/v20\/wp-json\/wp\/v2\/comments?post=13579"}],"wp:featuredmedia":[{"embeddable":true,"href":"http:\/\/ambrosioeletro.com.br\/v20\/wp-json\/wp\/v2\/media\/13582"}],"wp:attachment":[{"href":"http:\/\/ambrosioeletro.com.br\/v20\/wp-json\/wp\/v2\/media?parent=13579"}],"wp:term":[{"taxonomy":"product_brand","embeddable":true,"href":"http:\/\/ambrosioeletro.com.br\/v20\/wp-json\/wp\/v2\/product_brand?post=13579"},{"taxonomy":"product_cat","embeddable":true,"href":"http:\/\/ambrosioeletro.com.br\/v20\/wp-json\/wp\/v2\/product_cat?post=13579"},{"taxonomy":"product_tag","embeddable":true,"href":"http:\/\/ambrosioeletro.com.br\/v20\/wp-json\/wp\/v2\/product_tag?post=13579"}],"curies":[{"name":"wp","href":"https:\/\/api.w.org\/{rel}","templated":true}]}}