{"id":13587,"date":"2025-08-25T14:37:23","date_gmt":"2025-08-25T17:37:23","guid":{"rendered":"https:\/\/ambrosioeletro.com.br\/v20\/?post_type=product&#038;p=13587"},"modified":"2026-04-17T12:41:26","modified_gmt":"2026-04-17T15:41:26","slug":"comoda-sapateira-1-porta-e-4-gavetas-q-encanto-slim-q-movi","status":"publish","type":"product","link":"http:\/\/ambrosioeletro.com.br\/v20\/produto\/comoda-sapateira-1-porta-e-4-gavetas-q-encanto-slim-q-movi\/","title":{"rendered":"C\u00f4moda Sapateira 1 Porta e 4 Gavetas Q Encanto Slim Q Movi"},"content":{"rendered":"<p>A C\u00f4moda Sapateira com 1 Porta e 4 Gavetas Q Encanto Slim, \u00e9 perfeita para quem procura um m\u00f3vel charmoso e funcional para o quarto da crian\u00e7a.<br \/>\nPossui quatro gavetas com excelente profundidade e uma reparti\u00e7\u00e3o que serve como sapateira, proporcionando ainda mais organiza\u00e7\u00e3o para itens de<br \/>\nvestu\u00e1rio e demais objetos.<\/p>\n<p><i class=\"fas fa-check\"><\/i>\u00a0Gavetas com corredi\u00e7as telesc\u00f3picas de 350mm;<br \/>\n<i class=\"fas fa-check\"><\/i>\u00a0Puxadores duplos de 250mm em MDF e com alto padr\u00e3o de acabamento;<br \/>\n<i class=\"fas fa-check\"><\/i>\u00a0Embalagem feita com papel\u00e3o kraft, revestido por pl\u00e1stico, com isomanta e com BUP\u2019s (prote\u00e7\u00e3o de cantos) para garantir a qualidade do produto;<br \/>\n<i class=\"fas fa-check\"><\/i>\u00a0P\u00e9s torneados em madeira de eucalipto com design Retr\u00f4;<br \/>\n<i class=\"fas fa-check\"><\/i>\u00a0Excelente acabamento revestido em pintura UV, que d\u00e1 maior destaque \u00e0 cor;Excelente acabamento revestido em pintura UV, que d\u00e1 maior destaque \u00e0 cor;<br \/>\n<i class=\"fas fa-check\"><\/i>\u00a0Estrutura produzida com materiais de alta qualidade.<\/p>\n<div class=\"elementor-column elementor-col-25 elementor-inner-column elementor-element elementor-element-50a2479\" data-id=\"50a2479\" data-element_type=\"column\">\n<div class=\"elementor-widget-wrap elementor-element-populated\">\n<div class=\"elementor-element elementor-element-84e1f59 elementor-view-default elementor-position-top elementor-mobile-position-top elementor-widget elementor-widget-icon-box\" data-id=\"84e1f59\" data-element_type=\"widget\" data-widget_type=\"icon-box.default\">\n<div class=\"elementor-widget-container\">\n<div class=\"elementor-icon-box-wrapper\">\n<div class=\"elementor-icon-box-content\">\n<h3 class=\"elementor-icon-box-title\">Altura<\/h3>\n<p class=\"elementor-icon-box-description\">840 mm<\/p>\n<\/div>\n<\/div>\n<\/div>\n<\/div>\n<div class=\"elementor-element elementor-element-75680d4 elementor-view-default elementor-position-top elementor-mobile-position-top elementor-widget elementor-widget-icon-box\" data-id=\"75680d4\" data-element_type=\"widget\" data-widget_type=\"icon-box.default\">\n<div class=\"elementor-widget-container\">\n<div class=\"elementor-icon-box-wrapper\">\n<div class=\"elementor-icon-box-icon\"><\/div>\n<div class=\"elementor-icon-box-content\">\n<h3 class=\"elementor-icon-box-title\">Largura<\/h3>\n<p class=\"elementor-icon-box-description\">940 mm<\/p>\n<\/div>\n<\/div>\n<\/div>\n<\/div>\n<div class=\"elementor-element elementor-element-16cc97c elementor-view-default elementor-position-top elementor-mobile-position-top elementor-widget elementor-widget-icon-box\" data-id=\"16cc97c\" data-element_type=\"widget\" data-widget_type=\"icon-box.default\">\n<div class=\"elementor-widget-container\">\n<div class=\"elementor-icon-box-wrapper\">\n<div class=\"elementor-icon-box-icon\"><\/div>\n<div class=\"elementor-icon-box-content\">\n<h3 class=\"elementor-icon-box-title\">Comprimento<\/h3>\n<p class=\"elementor-icon-box-description\">420 mm<\/p>\n<\/div>\n<\/div>\n<\/div>\n<\/div>\n<\/div>\n<\/div>\n<div class=\"elementor-column elementor-col-25 elementor-inner-column elementor-element elementor-element-91686de\" data-id=\"91686de\" data-element_type=\"column\">\n<div class=\"elementor-widget-wrap elementor-element-populated\">\n<div class=\"elementor-element elementor-element-a929525 elementor-view-default elementor-position-top elementor-mobile-position-top elementor-widget elementor-widget-icon-box\" data-id=\"a929525\" data-element_type=\"widget\" data-widget_type=\"icon-box.default\">\n<div class=\"elementor-widget-container\">\n<div class=\"elementor-icon-box-wrapper\">\n<div class=\"elementor-icon-box-icon\"><\/div>\n<div class=\"elementor-icon-box-content\">\n<h3 class=\"elementor-icon-box-title\">Peso<\/h3>\n<p class=\"elementor-icon-box-description\">34,9000 kg<\/p>\n<\/div>\n<\/div>\n<\/div>\n<\/div>\n<div class=\"elementor-element elementor-element-10d0885 elementor-view-default elementor-position-top elementor-mobile-position-top elementor-widget elementor-widget-icon-box\" data-id=\"10d0885\" data-element_type=\"widget\" data-widget_type=\"icon-box.default\">\n<div class=\"elementor-widget-container\">\n<div class=\"elementor-icon-box-wrapper\">\n<div class=\"elementor-icon-box-icon\"><\/div>\n<div class=\"elementor-icon-box-content\">\n<h3 class=\"elementor-icon-box-title\">Metragem C\u00fabica<\/h3>\n<p class=\"elementor-icon-box-description\">0,0744<\/p>\n<\/div>\n<\/div>\n<\/div>\n<\/div>\n<div class=\"elementor-element elementor-element-edf7e3f elementor-view-default elementor-position-top elementor-mobile-position-top elementor-widget elementor-widget-icon-box\" data-id=\"edf7e3f\" data-element_type=\"widget\" data-widget_type=\"icon-box.default\">\n<div class=\"elementor-widget-container\">\n<div class=\"elementor-icon-box-wrapper\">\n<div class=\"elementor-icon-box-icon\"><\/div>\n<div class=\"elementor-icon-box-content\">\n<h3 class=\"elementor-icon-box-title\">Quantidade Volumes<\/h3>\n<p class=\"elementor-icon-box-description\">1<\/p>\n<\/div>\n<\/div>\n<\/div>\n<\/div>\n<\/div>\n<\/div>\n","protected":false},"excerpt":{"rendered":"<p>A C\u00f4moda Sapateira com 1 Porta e 4 Gavetas Q Encanto Slim, \u00e9 perfeita para quem procura um m\u00f3vel charmoso e funcional para o quarto da crian\u00e7a. Possui quatro gavetas<\/p>\n","protected":false},"featured_media":15767,"comment_status":"open","ping_status":"closed","template":"","meta":[],"product_brand":[],"product_cat":[227,241],"product_tag":[],"class_list":{"0":"post-13587","1":"product","2":"type-product","3":"status-publish","4":"has-post-thumbnail","6":"product_cat-moveis","7":"product_cat-quarto","8":"product_shipping_class-retirar-no-local","10":"first","11":"instock","12":"shipping-taxable","13":"purchasable","14":"product-type-simple"},"_links":{"self":[{"href":"http:\/\/ambrosioeletro.com.br\/v20\/wp-json\/wp\/v2\/product\/13587","targetHints":{"allow":["GET"]}}],"collection":[{"href":"http:\/\/ambrosioeletro.com.br\/v20\/wp-json\/wp\/v2\/product"}],"about":[{"href":"http:\/\/ambrosioeletro.com.br\/v20\/wp-json\/wp\/v2\/types\/product"}],"replies":[{"embeddable":true,"href":"http:\/\/ambrosioeletro.com.br\/v20\/wp-json\/wp\/v2\/comments?post=13587"}],"wp:featuredmedia":[{"embeddable":true,"href":"http:\/\/ambrosioeletro.com.br\/v20\/wp-json\/wp\/v2\/media\/15767"}],"wp:attachment":[{"href":"http:\/\/ambrosioeletro.com.br\/v20\/wp-json\/wp\/v2\/media?parent=13587"}],"wp:term":[{"taxonomy":"product_brand","embeddable":true,"href":"http:\/\/ambrosioeletro.com.br\/v20\/wp-json\/wp\/v2\/product_brand?post=13587"},{"taxonomy":"product_cat","embeddable":true,"href":"http:\/\/ambrosioeletro.com.br\/v20\/wp-json\/wp\/v2\/product_cat?post=13587"},{"taxonomy":"product_tag","embeddable":true,"href":"http:\/\/ambrosioeletro.com.br\/v20\/wp-json\/wp\/v2\/product_tag?post=13587"}],"curies":[{"name":"wp","href":"https:\/\/api.w.org\/{rel}","templated":true}]}}