{"id":13606,"date":"2025-08-25T15:22:03","date_gmt":"2025-08-25T18:22:03","guid":{"rendered":"https:\/\/ambrosioeletro.com.br\/v20\/?post_type=product&#038;p=13606"},"modified":"2026-04-16T08:57:27","modified_gmt":"2026-04-16T11:57:27","slug":"guarda-roupa-3-portas-2-gavetas-1-cabideiro-q-encanto-slim-4340-qmovi","status":"publish","type":"product","link":"http:\/\/ambrosioeletro.com.br\/v20\/produto\/guarda-roupa-3-portas-2-gavetas-1-cabideiro-q-encanto-slim-4340-qmovi\/","title":{"rendered":"Guarda Roupa 3 Portas 2 Gavetas 1 Cabideiro Q Encanto Slim 4340 &#8211; Qmovi"},"content":{"rendered":"<div id=\"descricao-produto\" class=\"descricao-produto \">\n<div class=\"content\">\n<div>A linha infantil da Qmovi era o que faltava para o seu beb\u00ea. Uma linha com v\u00e1rios produtos modernos e um padr\u00e3o de qualidade para as mam\u00e3es exigentes e preocupadas com a seguran\u00e7a dos seus beb\u00eas.\u00a0O\u00a0<strong>Guarda-roupa Q Encanto Slim\u00a0<\/strong>possui\u00a0muito estilo, boas reparti\u00e7\u00f5es e conta com sistema anti-tombamento. Confira:<\/div>\n<div><\/div>\n<div><strong>Especifica\u00e7\u00f5es:\u00a0 \u00a0 \u00a0 \u00a0\u00a0<\/strong><\/div>\n<div>&#8211; Estrutura em MDP de 12 mm e 15 mm;<\/div>\n<div>&#8211; 03\u00a0Portas;<\/div>\n<div>&#8211; 02\u00a0Gavetas;<\/div>\n<div>&#8211; Amplo espa\u00e7o interno;<\/div>\n<div>&#8211; Acompanha manual e todos os acess\u00f3rios para montagem.<\/div>\n<div><\/div>\n<div><strong>Op\u00e7\u00f5es de Cores:<\/strong><\/div>\n<div>\n<div>&#8211; Branco Acetinado;<\/div>\n<div>&#8211; Freij\u00f3 \/ Branco Acetinado;<\/div>\n<div>&#8211; Cinza;<\/div>\n<div>&#8211; Rosa.<\/div>\n<div><\/div>\n<div><strong>Dimens\u00f5es do produto:<\/strong><\/div>\n<div>&#8211; Altura: 190\u00a0cm<\/div>\n<div>&#8211; Largura: 94\u00a0cm<\/div>\n<div>&#8211; Profundidade: 47\u00a0cm<\/div>\n<div><\/div>\n<div><strong>Peso embalado:\u00a0<\/strong><\/div>\n<div>&#8211; Peso do produto:\u00a0 60kg.<\/div>\n<div><\/div>\n<div><strong>Voc\u00ea ir\u00e1 receber:<\/strong><\/div>\n<div>&#8211; 02\u00a0volumes.<\/div>\n<div><\/div>\n<div>\n<div><strong>Informa\u00e7\u00f5es Importantes:<\/strong><\/div>\n<div>\n<div>&#8211; Verifique a qualidade de sua parede antes de fixar qualquer m\u00f3vel nela. As cores do produto podem variar de acordo com o seu monitor, a ilumina\u00e7\u00e3o do ambiente em que voc\u00ea est\u00e1 e at\u00e9 mesmo a sua percep\u00e7\u00e3o visual.\u00a0 Al\u00e9m da cor,\u00a0pequenos detalhes e acabamentos podem n\u00e3o ficar evidentes na foto.<\/div>\n<div>&#8211; As imagens s\u00e3o meramente ilustrativas. Os\u00a0objetos decorativos ou eletr\u00f4nicos que aparecem na foto n\u00e3o acompanham o produto.<\/div>\n<div>&#8211; As cores dos objetos podem sofrer altera\u00e7\u00f5es devido a luminosidade, configura\u00e7\u00f5es do monitor e at\u00e9 mesmo a percep\u00e7\u00e3o do usu\u00e1rio;<\/div>\n<div>&#8211; A Jolear M\u00f3veis n\u00e3o se responsabiliza pela montagem dos produtos.\u00a0Todos os produtos acompanham manual de instru\u00e7\u00f5es e acess\u00f3rios para montagem;<\/div>\n<div>&#8211; A compra do produto n\u00e3o acompanha montagem \/ desmontagem;<\/div>\n<div>&#8211; Recomendamos que a montagem seja feita por um profissional;<\/div>\n<div>&#8211; N\u00e3o nos responsabilizamos, no ato da entrega, por subir escadas\/elevadores ou transporte por guincho em apartamentos. Eventuais despesas s\u00e3o de responsabilidade do comprador;<\/div>\n<div>&#8211; Confira as dimens\u00f5es do produto e certifique-se que passar\u00e1 normalmente por supostos elevadores, portas, escadas e\/ou corredores de sua resid\u00eancia;<\/div>\n<div>&#8211; Para mais informa\u00e7\u00f5es, acesse nossa Central de Atendimento.<\/div>\n<\/div>\n<\/div>\n<\/div>\n<\/div>\n<\/div>\n<div class=\"produto-caracteristicas caracteristicas-produto\">\n<div class=\"title-ctn\">\n<h2 class=\"bg-title\">Caracter\u00edsticas<\/h2>\n<\/div>\n<div class=\"content\">\n<div class=\"caracteristicas-lista-corrida flex column\">\n<h3>Caracter\u00edsticas Gerais<\/h3>\n<dl class=\"grupo-carac grupo-carac-nome clearfix\"><\/dl>\n<p><span class=\"table flex\">AcabamentoPintura UV<\/span><span class=\"table flex\">Ambiente IdealQuarto Infantil<\/span><span class=\"table flex\">Gavetas2 Gavetas<\/span><span class=\"table flex\">Informa\u00e7\u00f5es adicionaisPossui 1 Cabideiro<\/span><span class=\"table flex\">MaterialMDP<\/span><span class=\"table flex\">Tipo de P\u00e9P\u00e9 de Madeira<\/span><span class=\"table flex\">Tipo de PortaPorta com Dobradi\u00e7a<\/span><span class=\"table flex\">MarcaQmovi<\/span><\/p>\n<\/div>\n<\/div>\n<div class=\"content\">\n<div class=\"caracteristicas-lista-corrida flex column\">\n<h3>Dimens\u00e3o do Produto Montado<\/h3>\n<dl class=\"grupo-carac grupo-carac-nome clearfix\"><\/dl>\n<p><span class=\"table flex\">Altura190 cm<\/span><span class=\"table flex\">Largura94 cm<\/span><span class=\"table flex\">Portas3 Portas<\/span><span class=\"table flex\">Profundidade47 cm<\/span><\/p>\n<\/div>\n<\/div>\n<\/div>\n","protected":false},"excerpt":{"rendered":"<p>A linha infantil da Qmovi era o que faltava para o seu beb\u00ea. Uma linha com v\u00e1rios produtos modernos e um padr\u00e3o de qualidade para as mam\u00e3es exigentes e preocupadas<\/p>\n","protected":false},"featured_media":15505,"comment_status":"open","ping_status":"closed","template":"","meta":[],"product_brand":[],"product_cat":[227,241],"product_tag":[],"class_list":{"0":"post-13606","1":"product","2":"type-product","3":"status-publish","4":"has-post-thumbnail","6":"product_cat-moveis","7":"product_cat-quarto","8":"product_shipping_class-retirar-no-local","10":"first","11":"instock","12":"shipping-taxable","13":"purchasable","14":"product-type-simple"},"_links":{"self":[{"href":"http:\/\/ambrosioeletro.com.br\/v20\/wp-json\/wp\/v2\/product\/13606","targetHints":{"allow":["GET"]}}],"collection":[{"href":"http:\/\/ambrosioeletro.com.br\/v20\/wp-json\/wp\/v2\/product"}],"about":[{"href":"http:\/\/ambrosioeletro.com.br\/v20\/wp-json\/wp\/v2\/types\/product"}],"replies":[{"embeddable":true,"href":"http:\/\/ambrosioeletro.com.br\/v20\/wp-json\/wp\/v2\/comments?post=13606"}],"wp:featuredmedia":[{"embeddable":true,"href":"http:\/\/ambrosioeletro.com.br\/v20\/wp-json\/wp\/v2\/media\/15505"}],"wp:attachment":[{"href":"http:\/\/ambrosioeletro.com.br\/v20\/wp-json\/wp\/v2\/media?parent=13606"}],"wp:term":[{"taxonomy":"product_brand","embeddable":true,"href":"http:\/\/ambrosioeletro.com.br\/v20\/wp-json\/wp\/v2\/product_brand?post=13606"},{"taxonomy":"product_cat","embeddable":true,"href":"http:\/\/ambrosioeletro.com.br\/v20\/wp-json\/wp\/v2\/product_cat?post=13606"},{"taxonomy":"product_tag","embeddable":true,"href":"http:\/\/ambrosioeletro.com.br\/v20\/wp-json\/wp\/v2\/product_tag?post=13606"}],"curies":[{"name":"wp","href":"https:\/\/api.w.org\/{rel}","templated":true}]}}