{"id":13614,"date":"2025-09-02T09:47:15","date_gmt":"2025-09-02T12:47:15","guid":{"rendered":"https:\/\/ambrosioeletro.com.br\/v20\/?post_type=product&#038;p=13614"},"modified":"2026-02-27T15:11:49","modified_gmt":"2026-02-27T18:11:49","slug":"aspirador-nt-3100-127v-karcher","status":"publish","type":"product","link":"http:\/\/ambrosioeletro.com.br\/v20\/produto\/aspirador-nt-3100-127v-karcher\/","title":{"rendered":"Aspirador nt 3100 127v &#8211; KARCHER"},"content":{"rendered":"<div class=\"sc-iGgWBj hZQAA-D sc-jwunkD dBWfQF\" data-testid=\"product-detail\">\n<h2 class=\"sc-dcJsrY iVJGKX\" data-testid=\"product-detail-label\">Informa\u00e7\u00f5es do Produto<\/h2>\n<p><span class=\"sc-dcJsrY jZKEso\" data-testid=\"product-detail-title\">Aspirador nt 3100 127v<\/span><\/p>\n<div class=\"sc-iGgWBj jEOEJZ sc-cQYSec iIiVcO\" data-testid=\"product-detail-description\">\n<div class=\"sc-iGgWBj eWtIHQ sc-ddrdZi kFYyJS\" data-testid=\"rich-content-container\"><strong>Aspirador Profissional NT 3100 Karcher \u2013 Pot\u00eancia, Versatilidade e Agora com Filtro de Cartucho para S\u00f3lidos<\/strong><br \/>\nO Aspirador de P\u00f3 e \u00c1gua Karcher NT 3100 \u00e9 ideal para limpezas intensivas e exigentes, oferecendo alto desempenho na aspira\u00e7\u00e3o de s\u00f3lidos e l\u00edquidos. Agora, o equipamento acompanha dois tipos de filtro que se adaptam ao tipo de sujeira aspirada: o filtro de cartucho de papel para aspira\u00e7\u00e3o de res\u00edduos s\u00f3lidos e o filtro de espuma para aspira\u00e7\u00e3o de l\u00edquidos. Isso garante mais efici\u00eancia, prote\u00e7\u00e3o do motor e praticidade no uso di\u00e1rio. Com tanque inox de alta durabilidade, o Aspirador de P\u00f3 e \u00c1gua Karcher NT 3100 \u00e9 perfeito para uso profissional em hot\u00e9is, condom\u00ednios, ind\u00fastrias, escrit\u00f3rios, lojas, postos de combust\u00edvel, lava-r\u00e1pidos e empresas de limpeza. Al\u00e9m disso, conta com fun\u00e7\u00e3o soprador, ideal para remover sujeiras de cantos dif\u00edceis, soprar folhas, inflar objetos e at\u00e9 acender churrasqueiras.\u00a0<strong>Garantia de 12 meses<\/strong><strong><br \/>\n<\/strong><strong>VANTAGENS:<\/strong><\/p>\n<ul>\n<li>Filtro de cartucho de papel para s\u00f3lidos: maior reten\u00e7\u00e3o de part\u00edculas e prote\u00e7\u00e3o durante a aspira\u00e7\u00e3o de res\u00edduos secos.<\/li>\n<li>Filtro de espuma para l\u00edquidos: ideal para aspira\u00e7\u00e3o segura de l\u00edquidos, evitando danos ao equipamento.<\/li>\n<li>Fun\u00e7\u00e3o soprador: versatilidade para diferentes aplica\u00e7\u00f5es al\u00e9m da aspira\u00e7\u00e3o.<\/li>\n<li>Tanque inox resistente: maior vida \u00fatil mesmo em ambientes agressivos.<\/li>\n<li>Porta-acess\u00f3rios no para-choque: mant\u00e9m tudo organizado e ao alcance.<\/li>\n<li>Suporte para mangueira integrado: facilita o armazenamento e o transporte.<\/li>\n<\/ul>\n<p><strong>Acompanha:<\/strong><\/p>\n<ul>\n<li>01 Aspirador de P\u00f3 e \u00c1gua Karcher NT 3100<\/li>\n<li>01 Mangueira de 2 metros<\/li>\n<li>02 Tubos Prolongadores Pl\u00e1sticos de Suc\u00e7\u00e3o<\/li>\n<li>01 Filtro de Tecido<\/li>\n<li>01 Saco de Papel<\/li>\n<li>1 Filtro de Espuma<\/li>\n<li>01 Filtro Cartucho de Papel<\/li>\n<li>01 Bocal de Pisos<\/li>\n<li>01 Bocal de Cantos<\/li>\n<li>01 Manual de Instru\u00e7\u00f5es<\/li>\n<\/ul>\n<p><strong>Dados T\u00e9cnicos:<\/strong><\/p>\n<ul>\n<li>Modelo: NT 3100<\/li>\n<li>Tens\u00e3o (V): 127<\/li>\n<li>Pot\u00eancia m\u00e1xima (W): 1.600<\/li>\n<li>Suc\u00e7\u00e3o (mbar): 170<\/li>\n<li>N\u00edvel de Ru\u00eddo (dbA): 91<\/li>\n<li>Reservat\u00f3rio (L): 30<\/li>\n<li>Tamanho do cabo el\u00e9trico (m): 3,5<\/li>\n<li>Peso (kg): 6,45<\/li>\n<li>Dimens\u00f5es (mm) (CxLxA): 33,0 x 36,8 x 66,7<\/li>\n<\/ul>\n<\/div>\n<\/div>\n<\/div>\n<div class=\"sc-iGgWBj eWtIHQ\" data-testid=\"lazyload-container\">\n<div class=\"sc-bpUBKd iMekvN\" data-testid=\"mod-o\"><\/div>\n<\/div>\n<div class=\"sc-iGgWBj hODtov sc-dnhcxY bzBSHk\">\n<table class=\"sc-iGgWBj iCEidV sc-bStcSt emFJXX\">\n<tbody>\n<tr>\n<td class=\"sc-iaJaUu jUTMlm\">Informa\u00e7\u00f5es complementares<\/td>\n<td class=\"sc-feoqov jEebvX\">\n<table class=\"sc-dOoqMo iwSfwR\">\n<tbody>\n<tr>\n<td class=\"sc-gVJvzJ gJVWHr\">Acess\u00f3rios<\/td>\n<td>Mangueira, tubos prolongadores, filtros, bocais<\/td>\n<\/tr>\n<tr>\n<td class=\"sc-gVJvzJ gJVWHr\">Alimenta\u00e7\u00e3o<\/td>\n<td>127V<\/td>\n<\/tr>\n<tr>\n<td class=\"sc-gVJvzJ gJVWHr\">Capacidade do Reservat\u00f3rio de P\u00f3<\/td>\n<td>30<\/td>\n<\/tr>\n<tr>\n<td class=\"sc-gVJvzJ gJVWHr\">Capacidade do Reservat\u00f3rio de \u00c1gua<\/td>\n<td>30<\/td>\n<\/tr>\n<tr>\n<td class=\"sc-gVJvzJ gJVWHr\">Comprimento do Cabo de Energia<\/td>\n<td>3,5<\/td>\n<\/tr>\n<tr>\n<td class=\"sc-gVJvzJ gJVWHr\">Conte\u00fado da Embalagem<\/td>\n<td>01 Aspirador de P\u00f3 e \u00c1gua Karcher NT 3100, 01 Mangueira de 2 metros, 02 Tubos Prolongadores Pl\u00e1sticos de Suc\u00e7\u00e3o, 01 Filtro de Tecido, 01 Saco de Papel, 1 Filtro de Espuma, 01 Filtro Cartucho de Papel, 01 Bocal de Pisos, 01 Bocal de Cantos, 01 Manual de Instru\u00e7\u00f5es<\/td>\n<\/tr>\n<tr>\n<td class=\"sc-gVJvzJ gJVWHr\">Dimens\u00f5es do Produto<\/td>\n<td>33,0 x 36,8 x 66,7<\/td>\n<\/tr>\n<tr>\n<td class=\"sc-gVJvzJ gJVWHr\">Dimens\u00f5es do Produto com Embalagem<\/td>\n<td>33,0 x 36,8 x 66,7<\/td>\n<\/tr>\n<tr>\n<td class=\"sc-gVJvzJ gJVWHr\">Fio<\/td>\n<td>3,5<\/td>\n<\/tr>\n<tr>\n<td class=\"sc-gVJvzJ gJVWHr\">Indica\u00e7\u00e3o do Aspirador<\/td>\n<td>Limpezas intensivas e exigentes<\/td>\n<\/tr>\n<tr>\n<td class=\"sc-gVJvzJ gJVWHr\">Marca<\/td>\n<td><a class=\"sc-JrDLc gkEUmz sc-DWsrX gaOyIa sc-DWsrX gaOyIa\" href=\"https:\/\/www.magazineluiza.com.br\/marcas\/karcher\/\" data-testid=\"link\">Karcher<\/a><\/td>\n<\/tr>\n<tr>\n<td class=\"sc-gVJvzJ gJVWHr\">Material<\/td>\n<td>Tanque inox<\/td>\n<\/tr>\n<tr>\n<td class=\"sc-gVJvzJ gJVWHr\">Modelo<\/td>\n<td>NT 3100<\/td>\n<\/tr>\n<tr>\n<td class=\"sc-gVJvzJ gJVWHr\">N\u00edvel de Ru\u00eddo<\/td>\n<td>91<\/td>\n<\/tr>\n<tr>\n<td class=\"sc-gVJvzJ gJVWHr\">Peso do Produto<\/td>\n<td>6,45<\/td>\n<\/tr>\n<tr>\n<td class=\"sc-gVJvzJ gJVWHr\">Peso do Produto com Embalagem<\/td>\n<td>6,45<\/td>\n<\/tr>\n<tr>\n<td class=\"sc-gVJvzJ gJVWHr\">Pot\u00eancia<\/td>\n<td>1.600<\/td>\n<\/tr>\n<tr>\n<td class=\"sc-gVJvzJ gJVWHr\">Prazo de Garantia<\/td>\n<td>12 meses<\/td>\n<\/tr>\n<tr>\n<td class=\"sc-gVJvzJ gJVWHr\">Suc\u00e7\u00e3o<\/td>\n<td>170 mbar<\/td>\n<\/tr>\n<tr>\n<td class=\"sc-gVJvzJ gJVWHr\">Tipo de Filtro<\/td>\n<td>Filtro de cartucho de papel, Filtro de espuma<\/td>\n<\/tr>\n<tr>\n<td class=\"sc-gVJvzJ gJVWHr\">Uso<\/td>\n<td>Profissional<\/td>\n<\/tr>\n<tr>\n<td class=\"sc-gVJvzJ gJVWHr\">Voltagem<\/td>\n<td>127V<\/td>\n<\/tr>\n<\/tbody>\n<\/table>\n<\/td>\n<\/tr>\n<\/tbody>\n<\/table>\n<\/div>\n","protected":false},"excerpt":{"rendered":"<p>Informa\u00e7\u00f5es do Produto Aspirador nt 3100 127v Aspirador Profissional NT 3100 Karcher \u2013 Pot\u00eancia, Versatilidade e Agora com Filtro de Cartucho para S\u00f3lidos O Aspirador de P\u00f3 e \u00c1gua Karcher<\/p>\n","protected":false},"featured_media":13615,"comment_status":"open","ping_status":"closed","template":"","meta":[],"product_brand":[],"product_cat":[383,292,226],"product_tag":[],"class_list":{"0":"post-13614","1":"product","2":"type-product","3":"status-publish","4":"has-post-thumbnail","6":"product_cat-area-de-servico-2","7":"product_cat-aspiradores","8":"product_cat-eletrodomesticos","9":"product_shipping_class-pac","11":"first","12":"instock","13":"shipping-taxable","14":"purchasable","15":"product-type-simple"},"_links":{"self":[{"href":"http:\/\/ambrosioeletro.com.br\/v20\/wp-json\/wp\/v2\/product\/13614","targetHints":{"allow":["GET"]}}],"collection":[{"href":"http:\/\/ambrosioeletro.com.br\/v20\/wp-json\/wp\/v2\/product"}],"about":[{"href":"http:\/\/ambrosioeletro.com.br\/v20\/wp-json\/wp\/v2\/types\/product"}],"replies":[{"embeddable":true,"href":"http:\/\/ambrosioeletro.com.br\/v20\/wp-json\/wp\/v2\/comments?post=13614"}],"wp:featuredmedia":[{"embeddable":true,"href":"http:\/\/ambrosioeletro.com.br\/v20\/wp-json\/wp\/v2\/media\/13615"}],"wp:attachment":[{"href":"http:\/\/ambrosioeletro.com.br\/v20\/wp-json\/wp\/v2\/media?parent=13614"}],"wp:term":[{"taxonomy":"product_brand","embeddable":true,"href":"http:\/\/ambrosioeletro.com.br\/v20\/wp-json\/wp\/v2\/product_brand?post=13614"},{"taxonomy":"product_cat","embeddable":true,"href":"http:\/\/ambrosioeletro.com.br\/v20\/wp-json\/wp\/v2\/product_cat?post=13614"},{"taxonomy":"product_tag","embeddable":true,"href":"http:\/\/ambrosioeletro.com.br\/v20\/wp-json\/wp\/v2\/product_tag?post=13614"}],"curies":[{"name":"wp","href":"https:\/\/api.w.org\/{rel}","templated":true}]}}