{"id":13631,"date":"2025-09-02T10:24:03","date_gmt":"2025-09-02T13:24:03","guid":{"rendered":"https:\/\/ambrosioeletro.com.br\/v20\/?post_type=product&#038;p=13631"},"modified":"2026-04-16T17:48:20","modified_gmt":"2026-04-16T20:48:20","slug":"cozinha-completa-aco-new-premium-itatiaia-com-4-pecas","status":"publish","type":"product","link":"http:\/\/ambrosioeletro.com.br\/v20\/produto\/cozinha-completa-aco-new-premium-itatiaia-com-4-pecas\/","title":{"rendered":"Cozinha Completa A\u00e7o New Premium Itatiaia com 4 Pe\u00e7as"},"content":{"rendered":"<div class=\"sc-iGgWBj hZQAA-D sc-jwunkD dBWfQF\" data-testid=\"product-detail\">\n<h2 class=\"sc-dcJsrY iVJGKX\" data-testid=\"product-detail-label\">Informa\u00e7\u00f5es do Produto<\/h2>\n<p><span class=\"sc-dcJsrY jZKEso\" data-testid=\"product-detail-title\">Cozinha Completa A\u00e7o New Premium Itatiaia com 4 Pe\u00e7as<\/span><\/p>\n<div class=\"sc-iGgWBj jEOEJZ sc-cQYSec iIiVcO\" data-testid=\"product-detail-description\">\n<div class=\"sc-iGgWBj eWtIHQ sc-ddrdZi kFYyJS\" data-testid=\"rich-content-container\">\n<p><strong>Cozinha Completa A\u00e7o New Premium Itatiaia com 4 Pe\u00e7as<\/strong><\/p>\n<p>Cozinha Completa Em A\u00e7o Com New Premium Itatiaia<\/p>\n<p>Transforme sua cozinha em um espa\u00e7o sofisticado e funcional com o New Premium. Composta por arm\u00e1rios amplos e resistentes e bancada est\u00e1vel, a cozinha New Premium \u00e9 a escolha perfeita para quem busca qualidade, design e praticidade. Invista em sua casa com a cozinha completa New Premium.<\/p>\n<p>O Conjunto completo \u00e9 composto por 1 Paneleiro, 2 Armarios A\u00e9reos e 1 Balc\u00e3o com portas e gavetas.<\/p>\n<p>Dimens\u00f5es do produto montado:<\/p>\n<p>Altura do Arm\u00e1rio A\u00e9reo: 55cm;<\/p>\n<p>Altura do Arm\u00e1rio Menor: 40cm;<\/p>\n<p>Altura do Balc\u00e3o: 88cm;<\/p>\n<p>Altura do Paneleiro: 1,95cm;<\/p>\n<p>==========================<\/p>\n<p>Largura do Arm\u00e1rio A\u00e9reo: 120cm;<\/p>\n<p>Largura do Arm\u00e1rio Menor: 80cm;<\/p>\n<p>Largura do Balc\u00e3o: 120cm;<\/p>\n<p>Largura do Paneleiro: 80cm;<\/p>\n<p>==========================<\/p>\n<p>Profundidade do Arm\u00e1rio A\u00e9reo: 30cm;<\/p>\n<p>Profundidade do Arm\u00e1rio Menor: 30cm;<\/p>\n<p>Profundidade do Balc\u00e3o: 52cm;<\/p>\n<p>Profundidade do Paneleiro: 30cm;<\/p>\n<p>Somando todas medidas chegamos ao conjunto completo:<\/p>\n<p>Altura: 195cm;<\/p>\n<p>Largura: 280cm;<\/p>\n<p>Profundidade: 52cm;<\/p>\n<p>Caracter\u00edsticas:<\/p>\n<p>A\u00e7o revestido com pintura eletrost\u00e1tica a p\u00f3<\/p>\n<p>P\u00e9s Plastico regul\u00e1veis<\/p>\n<p>Puxadores em plastico com acabamento metalizado<\/p>\n<p>Espa\u00e7o amplo dentro das pe\u00e7as<\/p>\n<p>Regulagem do p\u00e9: 16cm a 18cm<\/p>\n<p>14 Portas e 2 Gavetas<\/p>\n<p>OBS: Nossa loja n\u00e3o oferece servi\u00e7o de montagem. Todos nossos m\u00f3veis possuem manual de montagem com passo a passo para montagem junto a um profissional de confian\u00e7a.<\/p>\n<\/div>\n<\/div>\n<\/div>\n<div class=\"sc-iGgWBj eWtIHQ\" data-testid=\"lazyload-container\">\n<div class=\"sc-bpUBKd iMekvN\" data-testid=\"mod-o\"><\/div>\n<\/div>\n<div class=\"sc-iGgWBj hODtov sc-dnhcxY bzBSHk\">\n<table class=\"sc-iGgWBj iCEidV sc-bStcSt emFJXX\">\n<tbody>\n<tr>\n<td class=\"sc-iaJaUu jUTMlm\">Fabricante<\/td>\n<td class=\"sc-feoqov jEebvX\">\n<table class=\"sc-dOoqMo iwSfwR\">\n<tbody>\n<tr>\n<td>Itatiaia<\/td>\n<\/tr>\n<\/tbody>\n<\/table>\n<\/td>\n<\/tr>\n<tr>\n<td class=\"sc-iaJaUu jUTMlm\">Material<\/td>\n<td class=\"sc-feoqov jEebvX\">\n<table class=\"sc-dOoqMo iwSfwR\">\n<tbody>\n<tr>\n<td>A\u00e7o<\/td>\n<\/tr>\n<\/tbody>\n<\/table>\n<\/td>\n<\/tr>\n<tr>\n<td class=\"sc-iaJaUu jUTMlm\">Cor<\/td>\n<td class=\"sc-feoqov jEebvX\">\n<table class=\"sc-dOoqMo iwSfwR\">\n<tbody>\n<tr>\n<td>Grafite<\/td>\n<\/tr>\n<\/tbody>\n<\/table>\n<\/td>\n<\/tr>\n<tr>\n<td class=\"sc-iaJaUu jUTMlm\">Puxadores<\/td>\n<td class=\"sc-feoqov jEebvX\">\n<table class=\"sc-dOoqMo iwSfwR\">\n<tbody>\n<tr>\n<td>plastico com acabamento metalizado<\/td>\n<\/tr>\n<\/tbody>\n<\/table>\n<\/td>\n<\/tr>\n<tr>\n<td class=\"sc-iaJaUu jUTMlm\">Regulagem do p\u00e9<\/td>\n<td class=\"sc-feoqov jEebvX\">\n<table class=\"sc-dOoqMo iwSfwR\">\n<tbody>\n<tr>\n<td>16cm a 18cm<\/td>\n<\/tr>\n<\/tbody>\n<\/table>\n<\/td>\n<\/tr>\n<tr>\n<td class=\"sc-iaJaUu jUTMlm\">Quantidade de pe\u00e7as<\/td>\n<td class=\"sc-feoqov jEebvX\">\n<table class=\"sc-dOoqMo iwSfwR\">\n<tbody>\n<tr>\n<td>4 pe\u00e7as<\/td>\n<\/tr>\n<\/tbody>\n<\/table>\n<\/td>\n<\/tr>\n<tr>\n<td class=\"sc-iaJaUu jUTMlm\">Garantia<\/td>\n<td class=\"sc-feoqov jEebvX\">\n<table class=\"sc-dOoqMo iwSfwR\">\n<tbody>\n<tr>\n<td>90 dias<\/td>\n<\/tr>\n<\/tbody>\n<\/table>\n<\/td>\n<\/tr>\n<tr>\n<td class=\"sc-iaJaUu jUTMlm\">Registro do produto ANVISA<\/td>\n<td class=\"sc-feoqov jEebvX\">\n<table class=\"sc-dOoqMo iwSfwR\">\n<tbody>\n<tr>\n<td>N\u00e3o se aplica<\/td>\n<\/tr>\n<\/tbody>\n<\/table>\n<\/td>\n<\/tr>\n<tr>\n<td class=\"sc-iaJaUu jUTMlm\">Registro do produto Minist\u00e9rio da Agricultura (MAPA)<\/td>\n<td class=\"sc-feoqov jEebvX\">\n<table class=\"sc-dOoqMo iwSfwR\">\n<tbody>\n<tr>\n<td>N\u00e3o se aplica<\/td>\n<\/tr>\n<\/tbody>\n<\/table>\n<\/td>\n<\/tr>\n<tr>\n<td class=\"sc-iaJaUu jUTMlm\">Informa\u00e7\u00f5es complementares<\/td>\n<td class=\"sc-feoqov jEebvX\">\n<table class=\"sc-dOoqMo iwSfwR\">\n<tbody>\n<tr>\n<td class=\"sc-gVJvzJ gJVWHr\">Composi\u00e7\u00e3o do M\u00f3vel<\/td>\n<td>A\u00e7o<\/td>\n<\/tr>\n<tr>\n<td class=\"sc-gVJvzJ gJVWHr\">Configura\u00e7\u00e3o da Cozinha<\/td>\n<td>Cozinha Completa<\/td>\n<\/tr>\n<tr>\n<td class=\"sc-gVJvzJ gJVWHr\">Dimens\u00f5es do Produto<\/td>\n<td>Altura: 195cm; Largura: 280cm; Profundidade: 52cm<\/td>\n<\/tr>\n<tr>\n<td class=\"sc-gVJvzJ gJVWHr\">Gavetas<\/td>\n<td>2 Gavetas<\/td>\n<\/tr>\n<tr>\n<td class=\"sc-gVJvzJ gJVWHr\">Linha<\/td>\n<td>New Premium<\/td>\n<\/tr>\n<tr>\n<td class=\"sc-gVJvzJ gJVWHr\">Marca<\/td>\n<td><a class=\"sc-JrDLc gkEUmz sc-DWsrX gaOyIa sc-DWsrX gaOyIa\" href=\"https:\/\/www.magazineluiza.com.br\/marcas\/itatiaia\/\" data-testid=\"link\">Itatiaia<\/a><\/td>\n<\/tr>\n<tr>\n<td class=\"sc-gVJvzJ gJVWHr\">Material da Estrutura<\/td>\n<td>A\u00e7o<\/td>\n<\/tr>\n<tr>\n<td class=\"sc-gVJvzJ gJVWHr\">Modelo<\/td>\n<td>New Premium<\/td>\n<\/tr>\n<tr>\n<td class=\"sc-gVJvzJ gJVWHr\">P\u00e9s<\/td>\n<td>P\u00e9s Plastico regul\u00e1veis<\/td>\n<\/tr>\n<tr>\n<td class=\"sc-gVJvzJ gJVWHr\">Quantidade de Gavetas<\/td>\n<td>2<\/td>\n<\/tr>\n<tr>\n<td class=\"sc-gVJvzJ gJVWHr\">Quantidade de Pe\u00e7as<\/td>\n<td>4 Pe\u00e7as<\/td>\n<\/tr>\n<tr>\n<td class=\"sc-gVJvzJ gJVWHr\">Quantidade de Portas<\/td>\n<td>14 Portas<\/td>\n<\/tr>\n<tr>\n<td class=\"sc-gVJvzJ gJVWHr\">Revestimento<\/td>\n<td>A\u00e7o revestido com pintura eletrost\u00e1tica a p\u00f3<\/td>\n<\/tr>\n<tr>\n<td class=\"sc-gVJvzJ gJVWHr\">Tipo de M\u00f3vel<\/td>\n<td>Cozinha Modulada<\/td>\n<\/tr>\n<\/tbody>\n<\/table>\n<\/td>\n<\/tr>\n<\/tbody>\n<\/table>\n<\/div>\n","protected":false},"excerpt":{"rendered":"<p>Informa\u00e7\u00f5es do Produto Cozinha Completa A\u00e7o New Premium Itatiaia com 4 Pe\u00e7as Cozinha Completa A\u00e7o New Premium Itatiaia com 4 Pe\u00e7as Cozinha Completa Em A\u00e7o Com New Premium Itatiaia Transforme<\/p>\n","protected":false},"featured_media":13636,"comment_status":"open","ping_status":"closed","template":"","meta":[],"product_brand":[],"product_cat":[243,226],"product_tag":[],"class_list":{"0":"post-13631","1":"product","2":"type-product","3":"status-publish","4":"has-post-thumbnail","6":"product_cat-cozinha-moveis","7":"product_cat-eletrodomesticos","9":"first","10":"instock","11":"shipping-taxable","12":"purchasable","13":"product-type-simple"},"_links":{"self":[{"href":"http:\/\/ambrosioeletro.com.br\/v20\/wp-json\/wp\/v2\/product\/13631","targetHints":{"allow":["GET"]}}],"collection":[{"href":"http:\/\/ambrosioeletro.com.br\/v20\/wp-json\/wp\/v2\/product"}],"about":[{"href":"http:\/\/ambrosioeletro.com.br\/v20\/wp-json\/wp\/v2\/types\/product"}],"replies":[{"embeddable":true,"href":"http:\/\/ambrosioeletro.com.br\/v20\/wp-json\/wp\/v2\/comments?post=13631"}],"wp:featuredmedia":[{"embeddable":true,"href":"http:\/\/ambrosioeletro.com.br\/v20\/wp-json\/wp\/v2\/media\/13636"}],"wp:attachment":[{"href":"http:\/\/ambrosioeletro.com.br\/v20\/wp-json\/wp\/v2\/media?parent=13631"}],"wp:term":[{"taxonomy":"product_brand","embeddable":true,"href":"http:\/\/ambrosioeletro.com.br\/v20\/wp-json\/wp\/v2\/product_brand?post=13631"},{"taxonomy":"product_cat","embeddable":true,"href":"http:\/\/ambrosioeletro.com.br\/v20\/wp-json\/wp\/v2\/product_cat?post=13631"},{"taxonomy":"product_tag","embeddable":true,"href":"http:\/\/ambrosioeletro.com.br\/v20\/wp-json\/wp\/v2\/product_tag?post=13631"}],"curies":[{"name":"wp","href":"https:\/\/api.w.org\/{rel}","templated":true}]}}