{"id":13714,"date":"2025-09-11T15:43:05","date_gmt":"2025-09-11T18:43:05","guid":{"rendered":"https:\/\/ambrosioeletro.com.br\/v20\/?post_type=product&#038;p=13714"},"modified":"2026-03-31T16:14:23","modified_gmt":"2026-03-31T19:14:23","slug":"secador-de-cabelo-bsc2250-britania-preto-bivolt","status":"publish","type":"product","link":"http:\/\/ambrosioeletro.com.br\/v20\/produto\/secador-de-cabelo-bsc2250-britania-preto-bivolt\/","title":{"rendered":"Secador de Cabelo BSC2250 Brit\u00e2nia Preto Bivolt"},"content":{"rendered":"<div class=\"sc-iGgWBj hZQAA-D sc-jwunkD dBWfQF\" data-testid=\"product-detail\">\n<h2 class=\"sc-dcJsrY iVJGKX\" data-testid=\"product-detail-label\">Informa\u00e7\u00f5es do Produto<\/h2>\n<p><span class=\"sc-dcJsrY jZKEso\" data-testid=\"product-detail-title\">Secador de Cabelo BSC2250 Brit\u00e2nia Preto Bivolt<\/span><\/p>\n<div class=\"sc-iGgWBj jEOEJZ sc-cQYSec iIiVcO\" data-testid=\"product-detail-description\">\n<div class=\"sc-iGgWBj eWtIHQ sc-ddrdZi kFYyJS\" data-testid=\"rich-content-container\">O secador de cabelo port\u00e1til Brit\u00e2nia BSC2250 Preto e Dourado oferece for\u00e7a,\u00a0poder\u00a0e\u00a0durabilidade\u00a0em\u00a0um\u00a0\u00fanico\u00a0secador. Com tecnologia de aquecimento Tourmaline \u00edon, deixa os cabelos mais macios e brilhosos devido aos \u00edons que fecham as cut\u00edculas dos fios e reduzem o frizz. Com 2100W de pot\u00eancia, 2 velocidades e 3 temperaturas, garante\u00a0a\u00a0melhor\u00a0performance\u00a0de\u00a0uso. Perfeito para levar a qualquer lugar. O jato de ar frio auxilia no acabamento e modelagem nos fios. O bico concentrador de ar concentra e direciona o calor, facilitando a secagem e modelagem dos fios.<\/div>\n<\/div>\n<\/div>\n<div class=\"sc-iGgWBj eWtIHQ\" data-testid=\"lazyload-container\">\n<div class=\"sc-bpUBKd iMekvN\" data-testid=\"mod-o\"><\/div>\n<\/div>\n<div class=\"sc-iGgWBj hODtov sc-dnhcxY bzBSHk\">\n<table class=\"sc-iGgWBj iCEidV sc-bStcSt emFJXX\">\n<tbody>\n<tr>\n<td class=\"sc-iaJaUu jUTMlm\">Marca<\/td>\n<td class=\"sc-feoqov jEebvX\">\n<table class=\"sc-dOoqMo iwSfwR\">\n<tbody>\n<tr>\n<td><a class=\"sc-JrDLc gkEUmz sc-DWsrX gaOyIa sc-DWsrX gaOyIa\" href=\"https:\/\/www.magazineluiza.com.br\/marcas\/britania\/\" data-testid=\"link\">Brit\u00e2nia<\/a><\/td>\n<\/tr>\n<\/tbody>\n<\/table>\n<\/td>\n<\/tr>\n<tr>\n<td class=\"sc-iaJaUu jUTMlm\">Refer\u00eancia<\/td>\n<td class=\"sc-feoqov jEebvX\">\n<table class=\"sc-dOoqMo iwSfwR\">\n<tbody>\n<tr>\n<td>63503084<\/td>\n<\/tr>\n<\/tbody>\n<\/table>\n<\/td>\n<\/tr>\n<tr>\n<td class=\"sc-iaJaUu jUTMlm\">Modelo<\/td>\n<td class=\"sc-feoqov jEebvX\">\n<table class=\"sc-dOoqMo iwSfwR\">\n<tbody>\n<tr>\n<td>BSC2250<\/td>\n<\/tr>\n<\/tbody>\n<\/table>\n<\/td>\n<\/tr>\n<tr>\n<td class=\"sc-iaJaUu jUTMlm\">Uso<\/td>\n<td class=\"sc-feoqov jEebvX\">\n<table class=\"sc-dOoqMo iwSfwR\">\n<tbody>\n<tr>\n<td>Dom\u00e9stico<\/td>\n<\/tr>\n<\/tbody>\n<\/table>\n<\/td>\n<\/tr>\n<tr>\n<td class=\"sc-iaJaUu jUTMlm\">Tipo de Uso<\/td>\n<td class=\"sc-feoqov jEebvX\">\n<table class=\"sc-dOoqMo iwSfwR\">\n<tbody>\n<tr>\n<td>Port\u00e1til<\/td>\n<\/tr>\n<\/tbody>\n<\/table>\n<\/td>\n<\/tr>\n<tr>\n<td class=\"sc-iaJaUu jUTMlm\">Tecnologia<\/td>\n<td class=\"sc-feoqov jEebvX\">\n<table class=\"sc-dOoqMo iwSfwR\">\n<tbody>\n<tr>\n<td>Tourmaline\u00a0\u00edon<\/td>\n<\/tr>\n<\/tbody>\n<\/table>\n<\/td>\n<\/tr>\n<tr>\n<td class=\"sc-iaJaUu jUTMlm\">Pot\u00eancia<\/td>\n<td class=\"sc-feoqov jEebvX\">\n<table class=\"sc-dOoqMo iwSfwR\">\n<tbody>\n<tr>\n<td>2100W<\/td>\n<\/tr>\n<\/tbody>\n<\/table>\n<\/td>\n<\/tr>\n<tr>\n<td class=\"sc-iaJaUu jUTMlm\">Velocidades<\/td>\n<td class=\"sc-feoqov jEebvX\">\n<table class=\"sc-dOoqMo iwSfwR\">\n<tbody>\n<tr>\n<td>2\u00a0velocidades<\/td>\n<\/tr>\n<\/tbody>\n<\/table>\n<\/td>\n<\/tr>\n<tr>\n<td class=\"sc-iaJaUu jUTMlm\">N\u00edveis de Temperatura<\/td>\n<td class=\"sc-feoqov jEebvX\">\n<table class=\"sc-dOoqMo iwSfwR\">\n<tbody>\n<tr>\n<td>3 temperaturas<\/td>\n<\/tr>\n<\/tbody>\n<\/table>\n<\/td>\n<\/tr>\n<tr>\n<td class=\"sc-iaJaUu jUTMlm\">Acess\u00f3rios<\/td>\n<td class=\"sc-feoqov jEebvX\">\n<table class=\"sc-dOoqMo iwSfwR\">\n<tbody>\n<tr>\n<td>1 Bico concentrador\u00a0de\u00a0ar<\/td>\n<\/tr>\n<\/tbody>\n<\/table>\n<\/td>\n<\/tr>\n<tr>\n<td class=\"sc-iaJaUu jUTMlm\">Comprimento do Cabo de Energia<\/td>\n<td class=\"sc-feoqov jEebvX\">\n<table class=\"sc-dOoqMo iwSfwR\">\n<tbody>\n<tr>\n<td>1,9m<\/td>\n<\/tr>\n<\/tbody>\n<\/table>\n<\/td>\n<\/tr>\n<tr>\n<td class=\"sc-iaJaUu jUTMlm\">Voltagem<\/td>\n<td class=\"sc-feoqov jEebvX\">\n<table class=\"sc-dOoqMo iwSfwR\">\n<tbody>\n<tr>\n<td>Bivolt Manual (Necess\u00e1rio selecionar a chave seletora de voltagem)<\/td>\n<\/tr>\n<\/tbody>\n<\/table>\n<\/td>\n<\/tr>\n<tr>\n<td class=\"sc-iaJaUu jUTMlm\">Tipo de Tomada<\/td>\n<td class=\"sc-feoqov jEebvX\">\n<table class=\"sc-dOoqMo iwSfwR\">\n<tbody>\n<tr>\n<td>20A<\/td>\n<\/tr>\n<\/tbody>\n<\/table>\n<\/td>\n<\/tr>\n<tr>\n<td class=\"sc-iaJaUu jUTMlm\">Consumo Aproximado de Energia<\/td>\n<td class=\"sc-feoqov jEebvX\">\n<table class=\"sc-dOoqMo iwSfwR\">\n<tbody>\n<tr>\n<td>2,1kWh<\/td>\n<\/tr>\n<\/tbody>\n<\/table>\n<\/td>\n<\/tr>\n<tr>\n<td class=\"sc-iaJaUu jUTMlm\">Material<\/td>\n<td class=\"sc-feoqov jEebvX\">\n<table class=\"sc-dOoqMo iwSfwR\">\n<tbody>\n<tr>\n<td>Metal\u00a0e\u00a0pl\u00e1stico<\/td>\n<\/tr>\n<\/tbody>\n<\/table>\n<\/td>\n<\/tr>\n<tr>\n<td class=\"sc-iaJaUu jUTMlm\">Cor<\/td>\n<td class=\"sc-feoqov jEebvX\">\n<table class=\"sc-dOoqMo iwSfwR\">\n<tbody>\n<tr>\n<td>Preto\u00a0e\u00a0Dourado<\/td>\n<\/tr>\n<\/tbody>\n<\/table>\n<\/td>\n<\/tr>\n<tr>\n<td class=\"sc-iaJaUu jUTMlm\">Certificado Homologado pelo Inmetro N\u00famero<\/td>\n<td class=\"sc-feoqov jEebvX\">\n<table class=\"sc-dOoqMo iwSfwR\">\n<tbody>\n<tr>\n<td>BRA24\/00317<\/td>\n<\/tr>\n<\/tbody>\n<\/table>\n<\/td>\n<\/tr>\n<tr>\n<td class=\"sc-iaJaUu jUTMlm\">Peso do Produto<\/td>\n<td class=\"sc-feoqov jEebvX\">\n<table class=\"sc-dOoqMo iwSfwR\">\n<tbody>\n<tr>\n<td>570g<\/td>\n<\/tr>\n<\/tbody>\n<\/table>\n<\/td>\n<\/tr>\n<tr>\n<td class=\"sc-iaJaUu jUTMlm\">Peso do Produto com Embalagem<\/td>\n<td class=\"sc-feoqov jEebvX\">\n<table class=\"sc-dOoqMo iwSfwR\">\n<tbody>\n<tr>\n<td>690g<\/td>\n<\/tr>\n<\/tbody>\n<\/table>\n<\/td>\n<\/tr>\n<tr>\n<td class=\"sc-iaJaUu jUTMlm\">Dimens\u00f5es do Produto<\/td>\n<td class=\"sc-feoqov jEebvX\">\n<table class=\"sc-dOoqMo iwSfwR\">\n<tbody>\n<tr>\n<td>Largura 28cm Altura 25,5cm Profundidade 8,5cm<\/td>\n<\/tr>\n<\/tbody>\n<\/table>\n<\/td>\n<\/tr>\n<tr>\n<td class=\"sc-iaJaUu jUTMlm\">Dimens\u00f5es do Produto com Embalagem<\/td>\n<td class=\"sc-feoqov jEebvX\">\n<table class=\"sc-dOoqMo iwSfwR\">\n<tbody>\n<tr>\n<td>Largura 22,2cm Altura 27,5cm Profundidade 9,3cm<\/td>\n<\/tr>\n<\/tbody>\n<\/table>\n<\/td>\n<\/tr>\n<tr>\n<td class=\"sc-iaJaUu jUTMlm\">Prazo de Garantia<\/td>\n<td class=\"sc-feoqov jEebvX\">\n<table class=\"sc-dOoqMo iwSfwR\">\n<tbody>\n<tr>\n<td>01 ano (3 meses de garantia legal e mais 9 meses de garantia especial concedida pelo fabricante)<\/td>\n<\/tr>\n<\/tbody>\n<\/table>\n<\/td>\n<\/tr>\n<tr>\n<td class=\"sc-iaJaUu jUTMlm\">Conte\u00fado da Embalagem<\/td>\n<td class=\"sc-feoqov jEebvX\">\n<table class=\"sc-dOoqMo iwSfwR\">\n<tbody>\n<tr>\n<td>1 Secador de Cabelo e 1 Bico concentrador\u00a0de\u00a0ar<\/td>\n<\/tr>\n<\/tbody>\n<\/table>\n<\/td>\n<\/tr>\n<tr>\n<td class=\"sc-iaJaUu jUTMlm\">Caracter\u00edsticas<\/td>\n<td class=\"sc-feoqov jEebvX\">\n<table class=\"sc-dOoqMo iwSfwR\">\n<tbody>\n<tr>\n<td>Grade traseira remov\u00edvel<\/td>\n<\/tr>\n<\/tbody>\n<\/table>\n<\/td>\n<\/tr>\n<\/tbody>\n<\/table>\n<\/div>\n","protected":false},"excerpt":{"rendered":"<p>Informa\u00e7\u00f5es do Produto Secador de Cabelo BSC2250 Brit\u00e2nia Preto Bivolt O secador de cabelo port\u00e1til Brit\u00e2nia BSC2250 Preto e Dourado oferece for\u00e7a,\u00a0poder\u00a0e\u00a0durabilidade\u00a0em\u00a0um\u00a0\u00fanico\u00a0secador. Com tecnologia de aquecimento Tourmaline \u00edon, deixa os<\/p>\n","protected":false},"featured_media":13715,"comment_status":"open","ping_status":"closed","template":"","meta":[],"product_brand":[],"product_cat":[235,240],"product_tag":[],"class_list":{"0":"post-13714","1":"product","2":"type-product","3":"status-publish","4":"has-post-thumbnail","6":"product_cat-cuidados-pessoais","7":"product_cat-secadores","8":"product_shipping_class-pac","10":"first","11":"instock","12":"shipping-taxable","13":"purchasable","14":"product-type-simple"},"_links":{"self":[{"href":"http:\/\/ambrosioeletro.com.br\/v20\/wp-json\/wp\/v2\/product\/13714","targetHints":{"allow":["GET"]}}],"collection":[{"href":"http:\/\/ambrosioeletro.com.br\/v20\/wp-json\/wp\/v2\/product"}],"about":[{"href":"http:\/\/ambrosioeletro.com.br\/v20\/wp-json\/wp\/v2\/types\/product"}],"replies":[{"embeddable":true,"href":"http:\/\/ambrosioeletro.com.br\/v20\/wp-json\/wp\/v2\/comments?post=13714"}],"wp:featuredmedia":[{"embeddable":true,"href":"http:\/\/ambrosioeletro.com.br\/v20\/wp-json\/wp\/v2\/media\/13715"}],"wp:attachment":[{"href":"http:\/\/ambrosioeletro.com.br\/v20\/wp-json\/wp\/v2\/media?parent=13714"}],"wp:term":[{"taxonomy":"product_brand","embeddable":true,"href":"http:\/\/ambrosioeletro.com.br\/v20\/wp-json\/wp\/v2\/product_brand?post=13714"},{"taxonomy":"product_cat","embeddable":true,"href":"http:\/\/ambrosioeletro.com.br\/v20\/wp-json\/wp\/v2\/product_cat?post=13714"},{"taxonomy":"product_tag","embeddable":true,"href":"http:\/\/ambrosioeletro.com.br\/v20\/wp-json\/wp\/v2\/product_tag?post=13714"}],"curies":[{"name":"wp","href":"https:\/\/api.w.org\/{rel}","templated":true}]}}