{"id":13719,"date":"2025-09-11T15:58:20","date_gmt":"2025-09-11T18:58:20","guid":{"rendered":"https:\/\/ambrosioeletro.com.br\/v20\/?post_type=product&#038;p=13719"},"modified":"2026-04-01T10:56:59","modified_gmt":"2026-04-01T13:56:59","slug":"maquina-de-lavar-wanke-10kg-comfort-semi-automatica-branco-lwbe100t3","status":"publish","type":"product","link":"http:\/\/ambrosioeletro.com.br\/v20\/produto\/maquina-de-lavar-wanke-10kg-comfort-semi-automatica-branco-lwbe100t3\/","title":{"rendered":"Tanquinho Wanke 10kg Comfort Semi-autom\u00e1tica Lwbe100t3"},"content":{"rendered":"<h2 class=\"ui-pdp-description__title\" data-testid=\"title\">Descri\u00e7\u00e3o<\/h2>\n<p class=\"ui-pdp-description__content\" data-testid=\"content\">Experimente a efici\u00eancia e a praticidade da M\u00e1quina de Lavar Roupa Wanke Comfort 10kg. Com um design moderno e funcional, esta lavadora semi-autom\u00e1tica \u00e9 ideal para quem busca alta performance e facilidade no cuidado com as roupas. Al\u00e9m de sua grande capacidade e motor potente, esta m\u00e1quina de lavar destaca-se pelo seu design ergon\u00f4mico e f\u00e1cil de usar. Seus 8 programas de lavagem proporcionam a flexibilidade necess\u00e1ria para lidar com diferentes tipos de tecidos e n\u00edveis de sujeira, enquanto o filtro de fiapos garante roupas sempre limpas e bem cuidadas. Adquira j\u00e1 a sua Lavadora Wanke Comfort 10kg e transforme a rotina de cuidados com as roupas em uma tarefa r\u00e1pida e eficiente! Dispon\u00edvel para compra com envio r\u00e1pido e seguro.<\/p>\n<p>Especifica\u00e7\u00f5es:<\/p>\n<p>&#8211; Comprimento: 58 cm<\/p>\n<p>&#8211; Largura: 55 cm<\/p>\n<p>&#8211; Altura: 94 cm<\/p>\n<p>&#8211; Peso: 9,20 kg<\/p>\n<p>&#8211; Tens\u00e3o \/ Voltagem: 127V<\/p>\n<p>&#8211; Consumo de Energia: 0,13 kWh\/ciclo<\/p>\n<p>&#8211; Marca: Wanke<\/p>\n<p>&#8211; Modelo: Comfort &#8211; LWBE100T3<\/p>\n<p>&#8211; Capacidade: 10 kg\u00a0 \u00a0 \u00a0 \u00a0 \u00a0 \u00a0 \u00a0 \u00a0 \u00a0 \u00a0 \u00a0 \u00a0 \u00a0 \u00a0 \u00a0 \u00a0 \u00a0 \u00a0 \u00a0 \u00a0 \u00a0 \u00a0 \u00a0 \u00a0 \u00a0 \u00a0 \u00a0 \u00a0 \u00a0 \u00a0 \u00a0 \u00a0 \u00a0 \u00a0 \u00a0 \u00a0 \u00a0 \u00a0 \u00a0 \u00a0 \u00a0 \u00a0 \u00a0 \u00a0 \u00a0 \u00a0 \u00a0 \u00a0 \u00a0 \u00a0 \u00a0 \u00a0 \u00a0 \u00a0 \u00a0 \u00a0 \u00a0 \u00a0 \u00a0 \u00a0 \u00a0 \u00a0 \u00a0 \u00a0 \u00a0 \u00a0 \u00a0 \u00a0 \u00a0 \u00a0 \u00a0 \u00a0 \u00a0 \u00a0 \u00a0 \u00a0 \u00a0 \u00a0 \u00a0 \u00a0 \u00a0 \u00a0 \u00a0 \u00a0 \u00a0 \u00a0 \u00a0 \u00a0 \u00a0 \u00a0 \u00a0 \u00a0 \u00a0 \u00a0 \u00a0 \u00a0 \u00a0 \u00a0 \u00a0 \u00a0 \u00a0 \u00a0 \u00a0 \u00a0 \u00a0 \u00a0 \u00a0 \u00a0 \u00a0 \u00a0 \u00a0 \u00a0 \u00a0 \u00a0 \u00a0 \u00a0 \u00a0 \u00a0 \u00a0 \u00a0 \u00a0 \u00a0 \u00a0 \u00a0 \u00a0 \u00a0 \u00a0 \u00a0 \u00a0 \u00a0 \u00a0 \u00a0 \u00a0 \u00a0 \u00a0 \u00a0 \u00a0 \u00a0 \u00a0 \u00a0 \u00a0 \u00a0 \u00a0 \u00a0 \u00a0 \u00a0 \u00a0 \u00a0 \u00a0 \u00a0 \u00a0 \u00a0 \u00a0 \u00a0 \u00a0 \u00a0 \u00a0 \u00a0 &#8211; Motor: WEG<\/p>\n<p>&#8211; Maior Cuba<\/p>\n<p>&#8211; Quantidade de Programas: 8 Programas<\/p>\n<p>&#8211; Bot\u00e3o Ergon\u00f4mico<\/p>\n<p>&#8211; Timer Continuo de 10 Minutos (Sem Paradas)<\/p>\n<p>&#8211; Filtro de Fiapos<\/p>\n<p>&#8211; Cor: Branco<\/p>\n<p>&#8211; As configura\u00e7\u00f5es do seu monitor ou dispositivo m\u00f3vel podem afetar a tonalidade da cor do produto. Conferir na descri\u00e7\u00e3o.<br \/>\n&#8211; Produtos de Enfeite e Eletr\u00f4nicos N\u00e3o Est\u00e3o Inclusos.<\/p>\n<p>Aviso legal<br \/>\n\u2022 Efici\u00eancia energ\u00e9tica A.<\/p>\n","protected":false},"excerpt":{"rendered":"<p>Descri\u00e7\u00e3o Experimente a efici\u00eancia e a praticidade da M\u00e1quina de Lavar Roupa Wanke Comfort 10kg. Com um design moderno e funcional, esta lavadora semi-autom\u00e1tica \u00e9 ideal para quem busca alta<\/p>\n","protected":false},"featured_media":15509,"comment_status":"open","ping_status":"closed","template":"","meta":[],"product_brand":[],"product_cat":[233,226],"product_tag":[],"class_list":{"0":"post-13719","1":"product","2":"type-product","3":"status-publish","4":"has-post-thumbnail","6":"product_cat-area-de-servico","7":"product_cat-eletrodomesticos","8":"product_shipping_class-retirar-no-local","10":"first","11":"instock","12":"shipping-taxable","13":"purchasable","14":"product-type-simple"},"_links":{"self":[{"href":"http:\/\/ambrosioeletro.com.br\/v20\/wp-json\/wp\/v2\/product\/13719","targetHints":{"allow":["GET"]}}],"collection":[{"href":"http:\/\/ambrosioeletro.com.br\/v20\/wp-json\/wp\/v2\/product"}],"about":[{"href":"http:\/\/ambrosioeletro.com.br\/v20\/wp-json\/wp\/v2\/types\/product"}],"replies":[{"embeddable":true,"href":"http:\/\/ambrosioeletro.com.br\/v20\/wp-json\/wp\/v2\/comments?post=13719"}],"wp:featuredmedia":[{"embeddable":true,"href":"http:\/\/ambrosioeletro.com.br\/v20\/wp-json\/wp\/v2\/media\/15509"}],"wp:attachment":[{"href":"http:\/\/ambrosioeletro.com.br\/v20\/wp-json\/wp\/v2\/media?parent=13719"}],"wp:term":[{"taxonomy":"product_brand","embeddable":true,"href":"http:\/\/ambrosioeletro.com.br\/v20\/wp-json\/wp\/v2\/product_brand?post=13719"},{"taxonomy":"product_cat","embeddable":true,"href":"http:\/\/ambrosioeletro.com.br\/v20\/wp-json\/wp\/v2\/product_cat?post=13719"},{"taxonomy":"product_tag","embeddable":true,"href":"http:\/\/ambrosioeletro.com.br\/v20\/wp-json\/wp\/v2\/product_tag?post=13719"}],"curies":[{"name":"wp","href":"https:\/\/api.w.org\/{rel}","templated":true}]}}