{"id":13765,"date":"2025-09-13T09:58:40","date_gmt":"2025-09-13T12:58:40","guid":{"rendered":"https:\/\/ambrosioeletro.com.br\/v20\/?post_type=product&#038;p=13765"},"modified":"2025-09-13T11:21:04","modified_gmt":"2025-09-13T14:21:04","slug":"caixa-de-som-partybox-aiwa-pb-08-bluetooth-8h-rgb-usb-tws-preto","status":"publish","type":"product","link":"http:\/\/ambrosioeletro.com.br\/v20\/produto\/caixa-de-som-partybox-aiwa-pb-08-bluetooth-8h-rgb-usb-tws-preto\/","title":{"rendered":"Caixa de Som PartyBox AIWA PB-08 Bluetooth 8H RGB USB TWS Preto"},"content":{"rendered":"<h2><\/h2>\n<div id=\"featurebullets_feature_div\" class=\"celwidget\" data-feature-name=\"featurebullets\" data-csa-c-type=\"widget\" data-csa-c-content-id=\"featurebullets\" data-csa-c-slot-id=\"featurebullets_feature_div\" data-csa-c-asin=\"B0DBR4MKH4\" data-csa-c-is-in-initial-active-row=\"false\" data-csa-c-id=\"wcg64k-2vizq3-lfqe06-ftvful\" data-cel-widget=\"featurebullets_feature_div\">\n<div id=\"feature-bullets\" class=\"a-section a-spacing-medium a-spacing-top-small\">\n<h1 class=\"a-size-base-plus a-text-bold\">Sobre este item<\/h1>\n<ul class=\"a-unordered-list a-vertical a-spacing-mini\">\n<li class=\"a-spacing-mini\"><span class=\"a-list-item\">160W RMS DE POT\u00caNCIA: A AWS-PB-08, com seus 160W RMS de pot\u00eancia, re\u00fane tudo que uma caixa de som precisa: qualidade e intensidade sonora;<\/span><\/li>\n<li class=\"a-spacing-mini\"><span class=\"a-list-item\">SOM DE ALTA DEFINI\u00c7\u00c3O: Graves encorpados e agudos cristalinos. Esse \u00e9 o resultado dos 2 woofers de 6,5\u2019\u2019e dos 2 tweeters de 1,5\u2019\u2019;<\/span><\/li>\n<li class=\"a-spacing-mini\"><span class=\"a-list-item\">APP: CONTROLE TUDO PELO CELULAR: Assuma o controle da sua PartyBox ajustando, pelo aplicativo AIWA Brasil, fun\u00e7\u00f5es como DJ Effects, equaliza\u00e7\u00e3o, modos e n\u00edveis de intensidade das luzes. Aproveite essa facilidade;<\/span><\/li>\n<li class=\"a-spacing-mini\"><span class=\"a-list-item\">RGB COLOR LIGHTS: Suas luzes multicoloridas trazem \u00e0 tona o cen\u00e1rio de uma pista de dan\u00e7a, prop\u00edcio para quem deseja uma PartyBox que seja uma verdadeira fonte luminosa;<\/span><\/li>\n<li class=\"a-spacing-mini\"><span class=\"a-list-item\">8 HORAS DE BATERIA: S\u00e3o 8 horas seguidas de anima\u00e7\u00e3o, sem se preocupar com recargas;<\/span><\/li>\n<\/ul>\n<\/div>\n<\/div>\n<div id=\"productOverview_feature_div\" class=\"celwidget\" data-feature-name=\"productOverview\" data-csa-c-type=\"widget\" data-csa-c-content-id=\"productOverview\" data-csa-c-slot-id=\"productOverview_feature_div\" data-csa-c-asin=\"B0DBR4MKH4\" data-csa-c-is-in-initial-active-row=\"false\" data-csa-c-id=\"s16kws-3cdoei-p8mauh-n3fylw\" data-cel-widget=\"productOverview_feature_div\">\n<div class=\"a-section a-spacing-small a-spacing-top-small\">\n<table class=\"a-normal a-spacing-micro\" role=\"list\">\n<tbody>\n<tr class=\"a-spacing-small po-brand\" role=\"listitem\">\n<td class=\"a-span3\" role=\"presentation\"><span class=\"a-size-base a-text-bold\">Marca<\/span><\/td>\n<td class=\"a-span9\" role=\"presentation\"><span class=\"a-size-base po-break-word\">Aiwa<\/span><\/td>\n<\/tr>\n<tr class=\"a-spacing-small po-speakers_maximum_output_power\" role=\"listitem\">\n<td class=\"a-span3\" role=\"presentation\"><span class=\"a-size-base a-text-bold\">Pot\u00eancia m\u00e1xima de sa\u00edda dos alto-falantes<\/span><\/td>\n<td class=\"a-span9\" role=\"presentation\"><span class=\"a-size-base po-break-word\">1.6E+2 Watts<\/span><\/td>\n<\/tr>\n<tr class=\"a-spacing-small po-connectivity_technology\" role=\"listitem\">\n<td class=\"a-span3\" role=\"presentation\"><span class=\"a-size-base a-text-bold\">Tecnologia de conectividade<\/span><\/td>\n<td class=\"a-span9\" role=\"presentation\"><span class=\"a-size-base po-break-word\">Bluetooth<\/span><\/td>\n<\/tr>\n<tr class=\"a-spacing-small po-mounting_type\" role=\"listitem\">\n<td class=\"a-span3\" role=\"presentation\"><span class=\"a-size-base a-text-bold\">Tipo de montagem<\/span><\/td>\n<td class=\"a-span9\" role=\"presentation\"><span class=\"a-size-base po-break-word\">Montagem no ch\u00e3o<\/span><\/td>\n<\/tr>\n<tr class=\"a-spacing-small po-material\" role=\"listitem\">\n<td class=\"a-span3\" role=\"presentation\"><span class=\"a-size-base a-text-bold\">Material<\/span><\/td>\n<td class=\"a-span9\" role=\"presentation\"><span class=\"a-size-base po-break-word\">PP<\/span><\/td>\n<\/tr>\n<\/tbody>\n<\/table>\n<\/div>\n<\/div>\n<div id=\"featurebullets_feature_div\" class=\"celwidget\" data-feature-name=\"featurebullets\" data-csa-c-type=\"widget\" data-csa-c-content-id=\"featurebullets\" data-csa-c-slot-id=\"featurebullets_feature_div\" data-csa-c-asin=\"B0DBR4MKH4\" data-csa-c-is-in-initial-active-row=\"false\" data-csa-c-id=\"wcg64k-2vizq3-lfqe06-ftvful\" data-cel-widget=\"featurebullets_feature_div\">\n<div id=\"feature-bullets\" class=\"a-section a-spacing-medium a-spacing-top-small\">\n<hr class=\"a-divider-normal\" aria-hidden=\"true\" \/>\n<\/div>\n<\/div>\n<h2>\u00a0 \u00a0 \u00a0 \u00a0 \u00a0 \u00a0 \u00a0 \u00a0 \u00a0 \u00a0 \u00a0 \u00a0 \u00a0 \u00a0 \u00a0 \u00a0 \u00a0 \u00a0 \u00a0 \u00a0 \u00a0 \u00a0 \u00a0 \u00a0 \u00a0 \u00a0 \u00a0 \u00a0 \u00a0 \u00a0 \u00a0 \u00a0 \u00a0 \u00a0 \u00a0 \u00a0 \u00a0 \u00a0 \u00a0 \u00a0 \u00a0 \u00a0 \u00a0 \u00a0 \u00a0 \u00a0 \u00a0 \u00a0 \u00a0 \u00a0 \u00a0 \u00a0 \u00a0 \u00a0 \u00a0 \u00a0 \u00a0 \u00a0 \u00a0 \u00a0 \u00a0 \u00a0 \u00a0 \u00a0 \u00a0 \u00a0 \u00a0 \u00a0 \u00a0 \u00a0 \u00a0 \u00a0 \u00a0 \u00a0 \u00a0 \u00a0 \u00a0 \u00a0 \u00a0 \u00a0 \u00a0 \u00a0 \u00a0 \u00a0 \u00a0 \u00a0 \u00a0 \u00a0 \u00a0 \u00a0 \u00a0 \u00a0 \u00a0 \u00a0 \u00a0 \u00a0 \u00a0 \u00a0 \u00a0 \u00a0 \u00a0 Especifica\u00e7\u00f5es do produto<\/h2>\n<div class=\"a-row\">\n<div class=\"a-column a-span12 a-span-last\">\n<div class=\"a-row a-spacing-top-base\">\n<div class=\"a-column a-span6\">\n<div class=\"a-row a-spacing-base\">\n<div class=\"a-row a-expander-container a-expander-extend-container\">\n<div class=\"a-row\">\n<div class=\"a-column a-span6\">\n<h1 class=\"a-size-medium a-spacing-small\">Detalhes t\u00e9cnicos<\/h1>\n<\/div>\n<\/div>\n<div class=\"a-expander-content a-expander-extend-content\" data-expanded=\"true\">\n<div class=\"a-row a-expander-container a-expander-inline-container\">\n<div class=\"a-expander-content a-expander-section-content a-section-expander-inner\" data-expanded=\"true\">\n<table id=\"productDetails_techSpec_section_1\" class=\"a-keyvalue prodDetTable\">\n<tbody>\n<tr>\n<th class=\"a-color-secondary a-size-base prodDetSectionEntry\">Nome do modelo<\/th>\n<td class=\"a-size-base prodDetAttrValue\">\u200eCaixa de Som Party Box<\/td>\n<\/tr>\n<tr>\n<th class=\"a-color-secondary a-size-base prodDetSectionEntry\">Tipo de alto-falante<\/th>\n<td class=\"a-size-base prodDetAttrValue\">\u200eWoofer<\/td>\n<\/tr>\n<tr>\n<th class=\"a-color-secondary a-size-base prodDetSectionEntry\">Caracter\u00edsticas especiais<\/th>\n<td class=\"a-size-base prodDetAttrValue\">\u200eRBG Colors Ligths<\/td>\n<\/tr>\n<tr>\n<th class=\"a-color-secondary a-size-base prodDetSectionEntry\">Adequa\u00e7\u00e3o do controle por r\u00e1dio<\/th>\n<td class=\"a-size-base prodDetAttrValue\">\u200ePara Smartphones ou Tablets, Para Computadores<\/td>\n<\/tr>\n<tr>\n<th class=\"a-color-secondary a-size-base prodDetSectionEntry\">Dispositivos compat\u00edveis<\/th>\n<td class=\"a-size-base prodDetAttrValue\">\u200eNotebook, Smartphone, Tablet<\/td>\n<\/tr>\n<tr>\n<th class=\"a-color-secondary a-size-base prodDetSectionEntry\">Contagem de unidades<\/th>\n<td class=\"a-size-base prodDetAttrValue\">\u200e1 1<\/td>\n<\/tr>\n<tr>\n<th class=\"a-color-secondary a-size-base prodDetSectionEntry\">Cor<\/th>\n<td class=\"a-size-base prodDetAttrValue\">\u200epreto<\/td>\n<\/tr>\n<tr>\n<th class=\"a-color-secondary a-size-base prodDetSectionEntry\">Componentes inclu\u00eddos<\/th>\n<td class=\"a-size-base prodDetAttrValue\">\u200e01 Party Box; 01 Cabo de Carregamento e 01 Manual de Instru\u00e7\u00f5es.<\/td>\n<\/tr>\n<tr>\n<th class=\"a-color-secondary a-size-base prodDetSectionEntry\">Dimens\u00f5es do produto<\/th>\n<td class=\"a-size-base prodDetAttrValue\">\u200e27,5P x 26L x 62A cent\u00edmetros<\/td>\n<\/tr>\n<tr>\n<th class=\"a-color-secondary a-size-base prodDetSectionEntry\">Peso do produto<\/th>\n<td class=\"a-size-base prodDetAttrValue\">\u200e6,15 Quilogramas<\/td>\n<\/tr>\n<tr>\n<th class=\"a-color-secondary a-size-base prodDetSectionEntry\">Tipo de garantia<\/th>\n<td class=\"a-size-base prodDetAttrValue\">\u200eLimitado<\/td>\n<\/tr>\n<tr>\n<th class=\"a-color-secondary a-size-base prodDetSectionEntry\">N\u00famero de itens<\/th>\n<td class=\"a-size-base prodDetAttrValue\">\u200e1<\/td>\n<\/tr>\n<tr>\n<th class=\"a-color-secondary a-size-base prodDetSectionEntry\">M\u00e9todo de controle<\/th>\n<td class=\"a-size-base prodDetAttrValue\">\u200eVoz<\/td>\n<\/tr>\n<tr>\n<th class=\"a-color-secondary a-size-base prodDetSectionEntry\">Tecnologia de comunica\u00e7\u00e3o sem fio<\/th>\n<td class=\"a-size-base prodDetAttrValue\">\u200eBluetooth<\/td>\n<\/tr>\n<tr>\n<th class=\"a-color-secondary a-size-base prodDetSectionEntry\">Tamanho do alto-falante<\/th>\n<td class=\"a-size-base prodDetAttrValue\">\u200e6,5 Polegadas<\/td>\n<\/tr>\n<tr>\n<th class=\"a-color-secondary a-size-base prodDetSectionEntry\">Fonte de alimenta\u00e7\u00e3o<\/th>\n<td class=\"a-size-base prodDetAttrValue\">\u200eFio el\u00e9trico<\/td>\n<\/tr>\n<tr>\n<th class=\"a-color-secondary a-size-base prodDetSectionEntry\">Fabricante<\/th>\n<td class=\"a-size-base prodDetAttrValue\">\u200eAIWA<\/td>\n<\/tr>\n<tr>\n<th class=\"a-color-secondary a-size-base prodDetSectionEntry\">Modelo<\/th>\n<td class=\"a-size-base prodDetAttrValue\">\u200eAWS-PB-08<\/td>\n<\/tr>\n<tr>\n<th class=\"a-color-secondary a-size-base prodDetSectionEntry\">Certifica\u00e7\u00e3o<\/th>\n<td class=\"a-size-base prodDetAttrValue\">\u200eANATEL: 07232-24-16931<\/td>\n<\/tr>\n<tr>\n<th class=\"a-color-secondary a-size-base prodDetSectionEntry\">N\u00famero da pe\u00e7a<\/th>\n<td class=\"a-size-base prodDetAttrValue\">\u200eAWS-PB-08<\/td>\n<\/tr>\n<tr>\n<th class=\"a-color-secondary a-size-base prodDetSectionEntry\">Tipo Do Produto<\/th>\n<td class=\"a-size-base prodDetAttrValue\">\u200eEletr\u00f4nicos<\/td>\n<\/tr>\n<tr>\n<th class=\"a-color-secondary a-size-base prodDetSectionEntry\">Tipo de amplifica\u00e7\u00e3o do alto-falante<\/th>\n<td class=\"a-size-base prodDetAttrValue\">\u200eAtivo<\/td>\n<\/tr>\n<tr>\n<th class=\"a-color-secondary a-size-base prodDetSectionEntry\">Pot\u00eancia em watts<\/th>\n<td class=\"a-size-base prodDetAttrValue\">\u200e160 Watt-hours<\/td>\n<\/tr>\n<tr>\n<th class=\"a-color-secondary a-size-base prodDetSectionEntry\">Dura\u00e7\u00e3o m\u00e9dia da bateria<\/th>\n<td class=\"a-size-base prodDetAttrValue\">\u200e8 Horas<\/td>\n<\/tr>\n<tr>\n<th class=\"a-color-secondary a-size-base prodDetSectionEntry\">Baterias inclusas<\/th>\n<td class=\"a-size-base prodDetAttrValue\">\u200eSim<\/td>\n<\/tr>\n<tr>\n<th class=\"a-color-secondary a-size-base prodDetSectionEntry\">Funciona com baterias<\/th>\n<td class=\"a-size-base prodDetAttrValue\">\u200eSim<\/td>\n<\/tr>\n<tr>\n<th class=\"a-color-secondary a-size-base prodDetSectionEntry\">Composi\u00e7\u00e3o da pilha ou bateria<\/th>\n<td class=\"a-size-base prodDetAttrValue\">\u200eL\u00edtio<\/td>\n<\/tr>\n<tr>\n<th class=\"a-color-secondary a-size-base prodDetSectionEntry\">Tipo de material<\/th>\n<td class=\"a-size-base prodDetAttrValue\">\u200ePP<\/td>\n<\/tr>\n<tr>\n<th class=\"a-color-secondary a-size-base prodDetSectionEntry\">Bateria recarreg\u00e1vel<\/th>\n<td class=\"a-size-base prodDetAttrValue\">\u200eSim<\/td>\n<\/tr>\n<tr>\n<th class=\"a-color-secondary a-size-base prodDetSectionEntry\">Cor correspondente<\/th>\n<td class=\"a-size-base prodDetAttrValue\">\u200epreto<\/td>\n<\/tr>\n<tr>\n<th class=\"a-color-secondary a-size-base prodDetSectionEntry\">Conex\u00f5es<\/th>\n<td class=\"a-size-base prodDetAttrValue\">\u200eBluetooth Bluetooth<\/td>\n<\/tr>\n<tr>\n<th class=\"a-color-secondary a-size-base prodDetSectionEntry\">Garantia do fabricante<\/th>\n<td class=\"a-size-base prodDetAttrValue\">\u200e12 meses<\/td>\n<\/tr>\n<tr>\n<th class=\"a-color-secondary a-size-base prodDetSectionEntry\">Peso do produto<\/th>\n<td class=\"a-size-base prodDetAttrValue\">\u200e6,15 Kilograms<\/td>\n<\/tr>\n<tr>\n<th class=\"a-color-secondary a-size-base prodDetSectionEntry\">N\u00famero do modelo<\/th>\n<td class=\"a-size-base prodDetAttrValue\">\u200eAWS-PB-08<\/td>\n<\/tr>\n<\/tbody>\n<\/table>\n<\/div>\n<\/div>\n<\/div>\n<\/div>\n<\/div>\n<\/div>\n<\/div>\n<\/div>\n<\/div>\n","protected":false},"excerpt":{"rendered":"<p>Sobre este item 160W RMS DE POT\u00caNCIA: A AWS-PB-08, com seus 160W RMS de pot\u00eancia, re\u00fane tudo que uma caixa de som precisa: qualidade e intensidade sonora; SOM DE ALTA<\/p>\n","protected":false},"featured_media":13772,"comment_status":"open","ping_status":"closed","template":"","meta":[],"product_brand":[],"product_cat":[230,228],"product_tag":[],"class_list":{"0":"post-13765","1":"product","2":"type-product","3":"status-publish","4":"has-post-thumbnail","6":"product_cat-audio","7":"product_cat-eletroeletronicos","8":"product_shipping_class-pac","10":"first","11":"instock","12":"shipping-taxable","13":"purchasable","14":"product-type-simple"},"_links":{"self":[{"href":"http:\/\/ambrosioeletro.com.br\/v20\/wp-json\/wp\/v2\/product\/13765","targetHints":{"allow":["GET"]}}],"collection":[{"href":"http:\/\/ambrosioeletro.com.br\/v20\/wp-json\/wp\/v2\/product"}],"about":[{"href":"http:\/\/ambrosioeletro.com.br\/v20\/wp-json\/wp\/v2\/types\/product"}],"replies":[{"embeddable":true,"href":"http:\/\/ambrosioeletro.com.br\/v20\/wp-json\/wp\/v2\/comments?post=13765"}],"wp:featuredmedia":[{"embeddable":true,"href":"http:\/\/ambrosioeletro.com.br\/v20\/wp-json\/wp\/v2\/media\/13772"}],"wp:attachment":[{"href":"http:\/\/ambrosioeletro.com.br\/v20\/wp-json\/wp\/v2\/media?parent=13765"}],"wp:term":[{"taxonomy":"product_brand","embeddable":true,"href":"http:\/\/ambrosioeletro.com.br\/v20\/wp-json\/wp\/v2\/product_brand?post=13765"},{"taxonomy":"product_cat","embeddable":true,"href":"http:\/\/ambrosioeletro.com.br\/v20\/wp-json\/wp\/v2\/product_cat?post=13765"},{"taxonomy":"product_tag","embeddable":true,"href":"http:\/\/ambrosioeletro.com.br\/v20\/wp-json\/wp\/v2\/product_tag?post=13765"}],"curies":[{"name":"wp","href":"https:\/\/api.w.org\/{rel}","templated":true}]}}