{"id":13790,"date":"2025-09-16T12:56:22","date_gmt":"2025-09-16T15:56:22","guid":{"rendered":"https:\/\/ambrosioeletro.com.br\/v20\/?post_type=product&#038;p=13790"},"modified":"2026-04-01T11:03:56","modified_gmt":"2026-04-01T14:03:56","slug":"colchao-globalflex-arco-iris-espuma-d18-10x70x150cm-estampado","status":"publish","type":"product","link":"http:\/\/ambrosioeletro.com.br\/v20\/produto\/colchao-globalflex-arco-iris-espuma-d18-10x70x150cm-estampado\/","title":{"rendered":"Colch\u00e3o Globalflex Arco Iris Espuma D18 10x70x150cm &#8211; Estampado"},"content":{"rendered":"<h2 class=\"WjNdTR\">Descri\u00e7\u00e3o do produto<\/h2>\n<div class=\"Gf4Ro0\">\n<div class=\"e8lZp3\">\n<p class=\"QN2lPu\">O dormit\u00f3rio do seu filho s\u00f3 ficar\u00e1 perfeito com o bel\u00edssimo colch\u00e3o modelo Arco \u00cdris da Globalflex!<\/p>\n<p class=\"QN2lPu\">Produzido com material de alta qualidade, ele possui revestimento em poli\u00e9ster que proporciona um toque macio, espuma com densidade D18, maior durabilidade para suprir as necessidades di\u00e1rias e capacidade para suportar at\u00e9 20kg.<\/p>\n<p class=\"QN2lPu\">ALTURA: 10<\/p>\n<p class=\"QN2lPu\">LARGURA: 70<\/p>\n<p class=\"QN2lPu\">COMPRIMENTO: 150<\/p>\n<\/div>\n<\/div>\n","protected":false},"excerpt":{"rendered":"<p>Descri\u00e7\u00e3o do produto O dormit\u00f3rio do seu filho s\u00f3 ficar\u00e1 perfeito com o bel\u00edssimo colch\u00e3o modelo Arco \u00cdris da Globalflex! Produzido com material de alta qualidade, ele possui revestimento em<\/p>\n","protected":false},"featured_media":13791,"comment_status":"open","ping_status":"closed","template":"","meta":[],"product_brand":[],"product_cat":[234,241],"product_tag":[],"class_list":{"0":"post-13790","1":"product","2":"type-product","3":"status-publish","4":"has-post-thumbnail","6":"product_cat-colchoes","7":"product_cat-quarto","8":"product_shipping_class-retirar-no-local","10":"first","11":"instock","12":"shipping-taxable","13":"purchasable","14":"product-type-simple"},"_links":{"self":[{"href":"http:\/\/ambrosioeletro.com.br\/v20\/wp-json\/wp\/v2\/product\/13790","targetHints":{"allow":["GET"]}}],"collection":[{"href":"http:\/\/ambrosioeletro.com.br\/v20\/wp-json\/wp\/v2\/product"}],"about":[{"href":"http:\/\/ambrosioeletro.com.br\/v20\/wp-json\/wp\/v2\/types\/product"}],"replies":[{"embeddable":true,"href":"http:\/\/ambrosioeletro.com.br\/v20\/wp-json\/wp\/v2\/comments?post=13790"}],"wp:featuredmedia":[{"embeddable":true,"href":"http:\/\/ambrosioeletro.com.br\/v20\/wp-json\/wp\/v2\/media\/13791"}],"wp:attachment":[{"href":"http:\/\/ambrosioeletro.com.br\/v20\/wp-json\/wp\/v2\/media?parent=13790"}],"wp:term":[{"taxonomy":"product_brand","embeddable":true,"href":"http:\/\/ambrosioeletro.com.br\/v20\/wp-json\/wp\/v2\/product_brand?post=13790"},{"taxonomy":"product_cat","embeddable":true,"href":"http:\/\/ambrosioeletro.com.br\/v20\/wp-json\/wp\/v2\/product_cat?post=13790"},{"taxonomy":"product_tag","embeddable":true,"href":"http:\/\/ambrosioeletro.com.br\/v20\/wp-json\/wp\/v2\/product_tag?post=13790"}],"curies":[{"name":"wp","href":"https:\/\/api.w.org\/{rel}","templated":true}]}}