{"id":13820,"date":"2025-09-22T10:40:09","date_gmt":"2025-09-22T13:40:09","guid":{"rendered":"https:\/\/ambrosioeletro.com.br\/v20\/?post_type=product&#038;p=13820"},"modified":"2026-02-27T16:53:09","modified_gmt":"2026-02-27T19:53:09","slug":"panela-de-pressao-eletrica-multifuncional-digital-hq-6l-inox-hq-y6di-220v","status":"publish","type":"product","link":"http:\/\/ambrosioeletro.com.br\/v20\/produto\/panela-de-pressao-eletrica-multifuncional-digital-hq-6l-inox-hq-y6di-220v\/","title":{"rendered":"Panela De Press\u00e3o El\u00e9trica Multi Digital Hq 5l Inox Hq-y5di"},"content":{"rendered":"<h2 class=\"ui-pdp-description__title\" data-testid=\"title\">Descri\u00e7\u00e3o<\/h2>\n<p class=\"ui-pdp-description__content\" data-testid=\"content\">Panela de Press\u00e3o El\u00e9trica Multifuncional Digital HQ 5 Litros Inox HQ-Y5DI<\/p>\n<p>\u00b7 Painel Digital LED: controle total com fun\u00e7\u00f5es pr\u00e9-programadas para arroz, feij\u00e3o, carne, sopas, entre outros.<br \/>\n\u00b7 Multifuncionalidade Completa: ideal para cozinhar arroz, carnes, legumes, bolos e muito mais.<br \/>\n\u00b7 Economia de Energia: reduz o consumo em at\u00e9 60% e o tempo de preparo em at\u00e9 40%.<br \/>\n\u00b7 Pote Antiaderente Resistente: f\u00e1cil de limpar, perfeito para o dia a dia.<br \/>\n\u00b7 Seguran\u00e7a Avan\u00e7ada: inclui trava autom\u00e1tica na tampa, v\u00e1lvula de al\u00edvio de press\u00e3o e desligamento autom\u00e1tico.<br \/>\n\u00b7 Fun\u00e7\u00e3o Manter Aquecido: mant\u00e9m os alimentos prontos para servir por at\u00e9 12 horas.<\/p>\n<p>Especifica\u00e7\u00f5es T\u00e9cnicas:<br \/>\nCor: Inox<br \/>\nPot\u00eancia: 900W<br \/>\nLitragem: 5L<br \/>\nFrequ\u00eancia: 60Hz<br \/>\nModelos Dispon\u00edveis: HQ-Y5D1I \/ HQ-Y5D2I<br \/>\nVoltagens Dispon\u00edveis: 127V e 220V<br \/>\nControle autom\u00e1tico: Sim<br \/>\nSistema de trava da tampa: Sim<br \/>\nFun\u00e7\u00e3o manter aquecido: Sim<br \/>\nMaterial interno antiaderente: Sim<br \/>\nV\u00e1lvula de press\u00e3o integrada: Sim<br \/>\nDimens\u00f5es do Produto:<br \/>\nLargura: 32,5cm<br \/>\nAltura: 32,50cm<br \/>\nProfundidade: 30cm<br \/>\nPeso: 4,90Kg<\/p>\n<p>Panela de Press\u00e3o El\u00e9trica HQ investe em refei\u00e7\u00f5es saud\u00e1veis e deliciosas sem abrir m\u00e3o do sabor e da seguran\u00e7a. Mais tempo para o que realmente importa.<\/p>\n","protected":false},"excerpt":{"rendered":"<p>Descri\u00e7\u00e3o Panela de Press\u00e3o El\u00e9trica Multifuncional Digital HQ 5 Litros Inox HQ-Y5DI \u00b7 Painel Digital LED: controle total com fun\u00e7\u00f5es pr\u00e9-programadas para arroz, feij\u00e3o, carne, sopas, entre outros. \u00b7 Multifuncionalidade<\/p>\n","protected":false},"featured_media":13826,"comment_status":"open","ping_status":"closed","template":"","meta":[],"product_brand":[],"product_cat":[232,226,228],"product_tag":[],"class_list":{"0":"post-13820","1":"product","2":"type-product","3":"status-publish","4":"has-post-thumbnail","6":"product_cat-cozinha","7":"product_cat-eletrodomesticos","8":"product_cat-eletroeletronicos","9":"product_shipping_class-pac","11":"first","12":"instock","13":"shipping-taxable","14":"purchasable","15":"product-type-simple"},"_links":{"self":[{"href":"http:\/\/ambrosioeletro.com.br\/v20\/wp-json\/wp\/v2\/product\/13820","targetHints":{"allow":["GET"]}}],"collection":[{"href":"http:\/\/ambrosioeletro.com.br\/v20\/wp-json\/wp\/v2\/product"}],"about":[{"href":"http:\/\/ambrosioeletro.com.br\/v20\/wp-json\/wp\/v2\/types\/product"}],"replies":[{"embeddable":true,"href":"http:\/\/ambrosioeletro.com.br\/v20\/wp-json\/wp\/v2\/comments?post=13820"}],"wp:featuredmedia":[{"embeddable":true,"href":"http:\/\/ambrosioeletro.com.br\/v20\/wp-json\/wp\/v2\/media\/13826"}],"wp:attachment":[{"href":"http:\/\/ambrosioeletro.com.br\/v20\/wp-json\/wp\/v2\/media?parent=13820"}],"wp:term":[{"taxonomy":"product_brand","embeddable":true,"href":"http:\/\/ambrosioeletro.com.br\/v20\/wp-json\/wp\/v2\/product_brand?post=13820"},{"taxonomy":"product_cat","embeddable":true,"href":"http:\/\/ambrosioeletro.com.br\/v20\/wp-json\/wp\/v2\/product_cat?post=13820"},{"taxonomy":"product_tag","embeddable":true,"href":"http:\/\/ambrosioeletro.com.br\/v20\/wp-json\/wp\/v2\/product_tag?post=13820"}],"curies":[{"name":"wp","href":"https:\/\/api.w.org\/{rel}","templated":true}]}}