{"id":13847,"date":"2025-09-24T14:48:36","date_gmt":"2025-09-24T17:48:36","guid":{"rendered":"https:\/\/ambrosioeletro.com.br\/v20\/?post_type=product&#038;p=13847"},"modified":"2026-04-01T11:05:35","modified_gmt":"2026-04-01T14:05:35","slug":"aspirador-de-po-vertical-2-em-1-karcher-vcl-1-stick","status":"publish","type":"product","link":"http:\/\/ambrosioeletro.com.br\/v20\/produto\/aspirador-de-po-vertical-2-em-1-karcher-vcl-1-stick\/","title":{"rendered":"Aspirador de P\u00f3 Vertical 2 em 1 Karcher VCL 1 Stick"},"content":{"rendered":"<ul class=\"karcher-karcher-custom-0-x-TabelaEspecificacoes_List\">\n<li class=\"karcher-karcher-custom-0-x-TabelaEspecificacoes_ListaItem\"><span class=\"karcher-karcher-custom-0-x-TabelaEspecificacoes_Title\">Voltagem<\/span>\n<div><span class=\"karcher-karcher-custom-0-x-TabelaEspecificacoes_Data\">127V<\/span><\/div>\n<\/li>\n<li class=\"karcher-karcher-custom-0-x-TabelaEspecificacoes_ListaItem\"><span class=\"karcher-karcher-custom-0-x-TabelaEspecificacoes_Title\">Modelo<\/span>\n<div><span class=\"karcher-karcher-custom-0-x-TabelaEspecificacoes_Data\">VCL 1 Stick<\/span><\/div>\n<\/li>\n<li class=\"karcher-karcher-custom-0-x-TabelaEspecificacoes_ListaItem\"><span class=\"karcher-karcher-custom-0-x-TabelaEspecificacoes_Title\">Selo de benef\u00edcio 01<\/span>\n<div><span class=\"karcher-karcher-custom-0-x-TabelaEspecificacoes_Data\">Ergon\u00f4mico<\/span><\/div>\n<\/li>\n<li class=\"karcher-karcher-custom-0-x-TabelaEspecificacoes_ListaItem\"><span class=\"karcher-karcher-custom-0-x-TabelaEspecificacoes_Title\">Tamanho do tanque<\/span>\n<div><span class=\"karcher-karcher-custom-0-x-TabelaEspecificacoes_Data\">600<\/span><\/div>\n<\/li>\n<li class=\"karcher-karcher-custom-0-x-TabelaEspecificacoes_ListaItem\"><span class=\"karcher-karcher-custom-0-x-TabelaEspecificacoes_Title\">Selo de benef\u00edcio 02<\/span>\n<div><span class=\"karcher-karcher-custom-0-x-TabelaEspecificacoes_Data\">2 em 1<\/span><\/div>\n<\/li>\n<li class=\"karcher-karcher-custom-0-x-TabelaEspecificacoes_ListaItem\"><span class=\"karcher-karcher-custom-0-x-TabelaEspecificacoes_Title\">V\u00e1cuo<\/span>\n<div><span class=\"karcher-karcher-custom-0-x-TabelaEspecificacoes_Data\">170<\/span><\/div>\n<\/li>\n<li class=\"karcher-karcher-custom-0-x-TabelaEspecificacoes_ListaItem\"><span class=\"karcher-karcher-custom-0-x-TabelaEspecificacoes_Title\">Selo de benef\u00edcio 03<\/span>\n<div><span class=\"karcher-karcher-custom-0-x-TabelaEspecificacoes_Data\">Filtro Hepa<\/span><\/div>\n<\/li>\n<li class=\"karcher-karcher-custom-0-x-TabelaEspecificacoes_ListaItem\"><span class=\"karcher-karcher-custom-0-x-TabelaEspecificacoes_Title\">Vaz\u00e3o de ar (L\/s)<\/span>\n<div><span class=\"karcher-karcher-custom-0-x-TabelaEspecificacoes_Data\">17<\/span><\/div>\n<\/li>\n<li class=\"karcher-karcher-custom-0-x-TabelaEspecificacoes_ListaItem\"><span class=\"karcher-karcher-custom-0-x-TabelaEspecificacoes_Title\">Pot\u00eancia<\/span>\n<div><span class=\"karcher-karcher-custom-0-x-TabelaEspecificacoes_Data\">1000<\/span><\/div>\n<\/li>\n<li class=\"karcher-karcher-custom-0-x-TabelaEspecificacoes_ListaItem\"><span class=\"karcher-karcher-custom-0-x-TabelaEspecificacoes_Title\">N\u00edvel de ru\u00eddo<\/span>\n<div><span class=\"karcher-karcher-custom-0-x-TabelaEspecificacoes_Data\">95<\/span><\/div>\n<\/li>\n<li class=\"karcher-karcher-custom-0-x-TabelaEspecificacoes_ListaItem\"><span class=\"karcher-karcher-custom-0-x-TabelaEspecificacoes_Title\">Garantia do fabricante<\/span>\n<div><span class=\"karcher-karcher-custom-0-x-TabelaEspecificacoes_Data\">12<\/span><\/div>\n<\/li>\n<li class=\"karcher-karcher-custom-0-x-TabelaEspecificacoes_ListaItem\"><span class=\"karcher-karcher-custom-0-x-TabelaEspecificacoes_Title\">Cabo el\u00e9trico (m)<\/span>\n<div><span class=\"karcher-karcher-custom-0-x-TabelaEspecificacoes_Data\">5<\/span><\/div>\n<\/li>\n<li class=\"karcher-karcher-custom-0-x-TabelaEspecificacoes_ListaItem\"><span class=\"karcher-karcher-custom-0-x-TabelaEspecificacoes_Title\">Tipo de Uso<\/span>\n<div><span class=\"karcher-karcher-custom-0-x-TabelaEspecificacoes_Data\">Uso Ocasional<\/span><\/div>\n<\/li>\n<li class=\"karcher-karcher-custom-0-x-TabelaEspecificacoes_ListaItem\"><span class=\"karcher-karcher-custom-0-x-TabelaEspecificacoes_Title\">Autonomia da bateria (min)<\/span>\n<div><span class=\"karcher-karcher-custom-0-x-TabelaEspecificacoes_Data\">N\/A<\/span><\/div>\n<\/li>\n<li class=\"karcher-karcher-custom-0-x-TabelaEspecificacoes_ListaItem\"><span class=\"karcher-karcher-custom-0-x-TabelaEspecificacoes_Title\">Tempo de recarga (h)<\/span>\n<div><span class=\"karcher-karcher-custom-0-x-TabelaEspecificacoes_Data\">N\/A<\/span><\/div>\n<\/li>\n<li class=\"karcher-karcher-custom-0-x-TabelaEspecificacoes_ListaItem\"><span class=\"karcher-karcher-custom-0-x-TabelaEspecificacoes_Title\">Tipo de bateria<\/span>\n<div><span class=\"karcher-karcher-custom-0-x-TabelaEspecificacoes_Data\">N\/A<\/span><\/div>\n<\/li>\n<li class=\"karcher-karcher-custom-0-x-TabelaEspecificacoes_ListaItem\"><span class=\"karcher-karcher-custom-0-x-TabelaEspecificacoes_Title\">Filtro Hepa<\/span>\n<div><span class=\"karcher-karcher-custom-0-x-TabelaEspecificacoes_Data\">Sim<\/span><\/div>\n<\/li>\n<\/ul>\n","protected":false},"excerpt":{"rendered":"<p>Voltagem 127V Modelo VCL 1 Stick Selo de benef\u00edcio 01 Ergon\u00f4mico Tamanho do tanque 600 Selo de benef\u00edcio 02 2 em 1 V\u00e1cuo 170 Selo de benef\u00edcio 03 Filtro Hepa<\/p>\n","protected":false},"featured_media":13848,"comment_status":"open","ping_status":"closed","template":"","meta":[],"product_brand":[],"product_cat":[226],"product_tag":[],"class_list":{"0":"post-13847","1":"product","2":"type-product","3":"status-publish","4":"has-post-thumbnail","6":"product_cat-eletrodomesticos","7":"product_shipping_class-sedex","9":"first","10":"outofstock","11":"shipping-taxable","12":"purchasable","13":"product-type-simple"},"_links":{"self":[{"href":"http:\/\/ambrosioeletro.com.br\/v20\/wp-json\/wp\/v2\/product\/13847","targetHints":{"allow":["GET"]}}],"collection":[{"href":"http:\/\/ambrosioeletro.com.br\/v20\/wp-json\/wp\/v2\/product"}],"about":[{"href":"http:\/\/ambrosioeletro.com.br\/v20\/wp-json\/wp\/v2\/types\/product"}],"replies":[{"embeddable":true,"href":"http:\/\/ambrosioeletro.com.br\/v20\/wp-json\/wp\/v2\/comments?post=13847"}],"wp:featuredmedia":[{"embeddable":true,"href":"http:\/\/ambrosioeletro.com.br\/v20\/wp-json\/wp\/v2\/media\/13848"}],"wp:attachment":[{"href":"http:\/\/ambrosioeletro.com.br\/v20\/wp-json\/wp\/v2\/media?parent=13847"}],"wp:term":[{"taxonomy":"product_brand","embeddable":true,"href":"http:\/\/ambrosioeletro.com.br\/v20\/wp-json\/wp\/v2\/product_brand?post=13847"},{"taxonomy":"product_cat","embeddable":true,"href":"http:\/\/ambrosioeletro.com.br\/v20\/wp-json\/wp\/v2\/product_cat?post=13847"},{"taxonomy":"product_tag","embeddable":true,"href":"http:\/\/ambrosioeletro.com.br\/v20\/wp-json\/wp\/v2\/product_tag?post=13847"}],"curies":[{"name":"wp","href":"https:\/\/api.w.org\/{rel}","templated":true}]}}