{"id":13851,"date":"2025-09-25T10:51:54","date_gmt":"2025-09-25T13:51:54","guid":{"rendered":"https:\/\/ambrosioeletro.com.br\/v20\/?post_type=product&#038;p=13851"},"modified":"2025-12-23T11:06:18","modified_gmt":"2025-12-23T14:06:18","slug":"caixa-de-som-vibesound-v4-bazooka-100w-bluetooth-vs010","status":"publish","type":"product","link":"http:\/\/ambrosioeletro.com.br\/v20\/produto\/caixa-de-som-vibesound-v4-bazooka-100w-bluetooth-vs010\/","title":{"rendered":"Caixa De Som Vibesound V4 Bazooka 100W Bluetooth &#8211; Vs010"},"content":{"rendered":"<div class=\"sc-iGgWBj hZQAA-D sc-leRXvR gOIwgH\" data-testid=\"product-detail\">\n<h2 class=\"sc-dcJsrY iVJGKX\" data-testid=\"product-detail-label\">Informa\u00e7\u00f5es do Produto<\/h2>\n<p><span class=\"sc-dcJsrY jZKEso\" data-testid=\"product-detail-title\">Caixa De Som Vibesound V4 Bazooka 100W Bluetooth &#8211; Vs010<\/span><\/p>\n<div class=\"sc-iGgWBj jEOEJZ sc-tDlBR iOUSQQ\" data-testid=\"product-detail-description\">\n<div class=\"sc-iGgWBj eWtIHQ sc-eLOOkw LojFC\" data-testid=\"rich-content-container\">Caixa de som vibesound v4 bazooka 100w bluetooth &#8211; vs010 . Cor: sem cor &#8211; voltagem: sem voltagem Caixa de som vibesound v4 bazooka 100w bluetooth Descri\u00e7\u00e3o Homologa\u00e7\u00e3o anatel: 87142-41-1609 Modelo: vs010 Alto falante: duplo alto falante de 4 Bluetooth: sim Frequ\u00eancia: 120hz-18khz Bateria: 7.4v \/ 6.000ma Fun\u00e7\u00f5es: bt\/aux\/tf\/usb Tamanho m\u00e1ximo suportado das m\u00eddias: 128gb Formato de \u00e1udio compat\u00edvel: mp3 Dura\u00e7\u00e3o da bateria (100% volume): 6h17min Tempo de recarga: 6 horas Adaptador ac: carregador 5v 2a (tipo c) Luzes: sim Al\u00e7a de transporte: sim M\u00faltiplas conex\u00f5es: v\u00e1rias entradas e modos diferentes. Carregamento via usb tipo c. Display digital: n\u00e3o Fun\u00e7\u00e3o r\u00e1dio: sim Rodinhas: n\u00e3o Bateria defaulted volume 50%: 19h25min Potencia: 100w . Conte\u00fado da embalagem 1x caixa de som v4 bazuka, 01 guia do usu\u00e1rio, 01 cabo carregador tipo usb-c . Dimens\u00f5es do produto Altura: 21,7 cm Largura: 39,7 cm Profunidade: 17,3 cm Peso: 2,8 kg . Dimens\u00f5es da embalagem Altura: 23,4 Largura: 43,5 Profunidade: 19,4 Peso: 3,3 kg Homologa\u00e7\u00e3o Anatel: 109062214103<\/div>\n<\/div>\n<\/div>\n<div class=\"sc-iGgWBj eWtIHQ\" data-testid=\"lazyload-container\">\n<table class=\"sc-iGgWBj iCEidV sc-bStcSt emFJXX\">\n<tbody>\n<tr>\n<td class=\"sc-iaJaUu jUTMlm\">Homologa\u00e7\u00e3o anatel n\u00ba<\/td>\n<td class=\"sc-feoqov jEebvX\">\n<table class=\"sc-dOoqMo iwSfwR\">\n<tbody>\n<tr>\n<td>109062214103<\/td>\n<\/tr>\n<\/tbody>\n<\/table>\n<\/td>\n<\/tr>\n<tr>\n<td class=\"sc-iaJaUu jUTMlm\">Marca<\/td>\n<td class=\"sc-feoqov jEebvX\">\n<table class=\"sc-dOoqMo iwSfwR\">\n<tbody>\n<tr>\n<td>Vibesound<\/td>\n<\/tr>\n<\/tbody>\n<\/table>\n<\/td>\n<\/tr>\n<tr>\n<td class=\"sc-iaJaUu jUTMlm\">Informa\u00e7\u00f5es complementares<\/td>\n<td class=\"sc-feoqov jEebvX\">\n<table class=\"sc-dOoqMo iwSfwR\">\n<tbody>\n<tr>\n<td class=\"sc-gVJvzJ gJVWHr\">Alimenta\u00e7\u00e3o<\/td>\n<td>Carregador 5v 2a (tipo c)<\/td>\n<\/tr>\n<tr>\n<td class=\"sc-gVJvzJ gJVWHr\">Capacidade da Bateria<\/td>\n<td>7.4v \/ 6.000ma<\/td>\n<\/tr>\n<tr>\n<td class=\"sc-gVJvzJ gJVWHr\">Certificado Homologado pela Anatel N\u00famero<\/td>\n<td>109062214103<\/td>\n<\/tr>\n<tr>\n<td class=\"sc-gVJvzJ gJVWHr\">Componentes de \u00c1udio<\/td>\n<td>duplo alto falante<\/td>\n<\/tr>\n<tr>\n<td class=\"sc-gVJvzJ gJVWHr\">Conectividade<\/td>\n<td>Bluetooth<\/td>\n<\/tr>\n<tr>\n<td class=\"sc-gVJvzJ gJVWHr\">Conex\u00f5es<\/td>\n<td>v\u00e1rias entradas e modos diferentes. Carregamento via usb tipo c.<\/td>\n<\/tr>\n<tr>\n<td class=\"sc-gVJvzJ gJVWHr\">Conte\u00fado da Embalagem<\/td>\n<td>1x caixa de som v4 bazuka, 01 guia do usu\u00e1rio, 01 cabo carregador tipo usb-c<\/td>\n<\/tr>\n<tr>\n<td class=\"sc-gVJvzJ gJVWHr\">Cor<\/td>\n<td>sem cor<\/td>\n<\/tr>\n<tr>\n<td class=\"sc-gVJvzJ gJVWHr\">Dimens\u00f5es do Produto<\/td>\n<td>Altura: 21,7 cm, Largura: 39,7 cm, Profunidade: 17,3 cm<\/td>\n<\/tr>\n<tr>\n<td class=\"sc-gVJvzJ gJVWHr\">Dimens\u00f5es do Produto com Embalagem<\/td>\n<td>Altura: 23,4, Largura: 43,5, Profunidade: 19,4<\/td>\n<\/tr>\n<tr>\n<td class=\"sc-gVJvzJ gJVWHr\">Formato de M\u00eddia<\/td>\n<td>mp3<\/td>\n<\/tr>\n<tr>\n<td class=\"sc-gVJvzJ gJVWHr\">Frequ\u00eancia<\/td>\n<td>120hz-18khz<\/td>\n<\/tr>\n<tr>\n<td class=\"sc-gVJvzJ gJVWHr\">Marca<\/td>\n<td><a class=\"sc-JrDLc gkEUmz sc-DWsrX gaOyIa sc-DWsrX gaOyIa\" href=\"https:\/\/www.magazineluiza.com.br\/marcas\/vibesound\/\" data-testid=\"link\">Vibesound<\/a><\/td>\n<\/tr>\n<tr>\n<td class=\"sc-gVJvzJ gJVWHr\">Modelo<\/td>\n<td>vs010<\/td>\n<\/tr>\n<tr>\n<td class=\"sc-gVJvzJ gJVWHr\">Peso do Produto<\/td>\n<td>2,8 kg<\/td>\n<\/tr>\n<tr>\n<td class=\"sc-gVJvzJ gJVWHr\">Peso do Produto com Embalagem<\/td>\n<td>3,3 kg<\/td>\n<\/tr>\n<tr>\n<td class=\"sc-gVJvzJ gJVWHr\">Pot\u00eancia<\/td>\n<td>100w<\/td>\n<\/tr>\n<tr>\n<td class=\"sc-gVJvzJ gJVWHr\">Refer\u00eancia<\/td>\n<td>VS010<\/td>\n<\/tr>\n<tr>\n<td class=\"sc-gVJvzJ gJVWHr\">Resposta de Frequ\u00eancia<\/td>\n<td>120hz-18khz<\/td>\n<\/tr>\n<tr>\n<td class=\"sc-gVJvzJ gJVWHr\">Tamanho do Woofer<\/td>\n<td>4<\/td>\n<\/tr>\n<tr>\n<td class=\"sc-gVJvzJ gJVWHr\">Tempo de Carregamento<\/td>\n<td>6 horas<\/td>\n<\/tr>\n<tr>\n<td class=\"sc-gVJvzJ gJVWHr\">Tipo de Display<\/td>\n<td>n\u00e3o<\/td>\n<\/tr>\n<tr>\n<td class=\"sc-gVJvzJ gJVWHr\">Voltagem<\/td>\n<td>sem voltagem<\/td>\n<\/tr>\n<\/tbody>\n<\/table>\n<\/td>\n<\/tr>\n<\/tbody>\n<\/table>\n<\/div>\n","protected":false},"excerpt":{"rendered":"<p>Informa\u00e7\u00f5es do Produto Caixa De Som Vibesound V4 Bazooka 100W Bluetooth &#8211; Vs010 Caixa de som vibesound v4 bazooka 100w bluetooth &#8211; vs010 . Cor: sem cor &#8211; voltagem: sem<\/p>\n","protected":false},"featured_media":13853,"comment_status":"open","ping_status":"closed","template":"","meta":[],"product_brand":[],"product_cat":[228],"product_tag":[],"class_list":{"0":"post-13851","1":"product","2":"type-product","3":"status-publish","4":"has-post-thumbnail","6":"product_cat-eletroeletronicos","7":"product_shipping_class-pac","9":"first","10":"instock","11":"shipping-taxable","12":"purchasable","13":"product-type-simple"},"_links":{"self":[{"href":"http:\/\/ambrosioeletro.com.br\/v20\/wp-json\/wp\/v2\/product\/13851","targetHints":{"allow":["GET"]}}],"collection":[{"href":"http:\/\/ambrosioeletro.com.br\/v20\/wp-json\/wp\/v2\/product"}],"about":[{"href":"http:\/\/ambrosioeletro.com.br\/v20\/wp-json\/wp\/v2\/types\/product"}],"replies":[{"embeddable":true,"href":"http:\/\/ambrosioeletro.com.br\/v20\/wp-json\/wp\/v2\/comments?post=13851"}],"wp:featuredmedia":[{"embeddable":true,"href":"http:\/\/ambrosioeletro.com.br\/v20\/wp-json\/wp\/v2\/media\/13853"}],"wp:attachment":[{"href":"http:\/\/ambrosioeletro.com.br\/v20\/wp-json\/wp\/v2\/media?parent=13851"}],"wp:term":[{"taxonomy":"product_brand","embeddable":true,"href":"http:\/\/ambrosioeletro.com.br\/v20\/wp-json\/wp\/v2\/product_brand?post=13851"},{"taxonomy":"product_cat","embeddable":true,"href":"http:\/\/ambrosioeletro.com.br\/v20\/wp-json\/wp\/v2\/product_cat?post=13851"},{"taxonomy":"product_tag","embeddable":true,"href":"http:\/\/ambrosioeletro.com.br\/v20\/wp-json\/wp\/v2\/product_tag?post=13851"}],"curies":[{"name":"wp","href":"https:\/\/api.w.org\/{rel}","templated":true}]}}