{"id":13862,"date":"2025-09-27T09:38:49","date_gmt":"2025-09-27T12:38:49","guid":{"rendered":"https:\/\/ambrosioeletro.com.br\/v20\/?post_type=product&#038;p=13862"},"modified":"2026-04-17T11:01:00","modified_gmt":"2026-04-17T14:01:00","slug":"colchao-casal-molas-ensacadas-primor-orthocrin-138x188x26","status":"publish","type":"product","link":"http:\/\/ambrosioeletro.com.br\/v20\/produto\/colchao-casal-molas-ensacadas-primor-orthocrin-138x188x26\/","title":{"rendered":"Colch\u00e3o Casal Molas Ensacadas Primor Orthocrin 138x188x26"},"content":{"rendered":"<div class=\"cav--c-eNhzRw cav--c-eNhzRw-fiXSPN-sm-12\">\n<div class=\"cav--c-lesPJm cav--c-lesPJm-ijxRAPk-css\"><span class=\"cav--c-gNPphv cav--c-dFndkt\">Descri\u00e7\u00e3o<\/span><\/div>\n<div class=\"cav--c-lesPJm cav--c-lesPJm-ijxRAPk-css\"><span class=\"cav--c-gNPphv cav--c-gNPphv-hyvuql-weight-bold\">Colch\u00e3o Casal Molas Ensacadas Primor Orthocrin 138x188x26<\/span><\/div>\n<div class=\"cav--c-lesPJm cav--c-lesPJm-ijxRAPk-css\">\n<div class=\"cav--c-gNPphv cav--c-gNPphv-fekvRC-textStyle-bodyMediumRegular cav--c-gNPphv-igBCBxe-css\">Durma em um colch\u00e3o de molas ensacadas que estabiliza a sua coluna oferecendo equil\u00edbrio entre firmeza e suavidade. E o melhor: excelente custo-benef\u00edcio.<br \/>\nColch\u00e3o de molas ensacadas Orthocrin Primor Casal 138x188x26<br \/>\nN\u00edvel de conforto: Intermedi\u00e1rio, equil\u00edbrio entre firmeza e suavidade.<br \/>\nTecnologia de Conforto: Espuma Certificada D26 mais mix de espumas especiais de alta durabilidade, garantindo que n\u00e3o haja qualquer desperd\u00edcio, refor\u00e7ando nosso compromisso com a sustentabilidade e o meio ambiente.<br \/>\nEstrutura Molas Ensacadas Prata da Leggett &amp; Platt: Oferecem suporte, mantendo a coluna alinhada e reduzindo os pontos de press\u00e3o, prevenindo dores nas costas e proporcionando um sono reparador. Al\u00e9m disso, reduzem a transfer\u00eancia de movimentos, o que significa que, se voc\u00ea se mexer ou se virar durante a noite, o restante do colch\u00e3o permanece est\u00e1vel, melhorando a qualidade do seu sono.<br \/>\nRevestimento das bordas laterais do molejo: Espuma convencional D28, evitando deforma\u00e7\u00f5es ao longo do tempo e proporcionando uma experi\u00eancia de sono mais confort\u00e1vel e est\u00e1vel. Ideal para quem busca um produto de qualidade, com conforto e resist\u00eancia.<br \/>\nTecido Jacquard Bamboo: Com mat\u00e9ria-prima importada da B\u00e9lgica, o tecido de fios entrela\u00e7ados de viscose oferece maior durabilidade e resist\u00eancia ao longo do tempo. Suave ao toque, mant\u00e9m o colch\u00e3o fresco e livre de al\u00e9rgeno.<br \/>\nCertifica\u00e7\u00f5es:Colch\u00e3o de molas ensacadas Orthocrin Primor Solteiro 88x188x26Pr\u00f3-Espuma, o \u00fanico selo que garante a qualidade da espuma. Inmetro, fabricado com padr\u00f5es de qualidade, seguran\u00e7a e tecnologia<br \/>\nSuporte:At\u00e9 120 kg por pessoa.<br \/>\nAltura: 26 cm<br \/>\nOne face:Use apenas de um lado. Gire para maior durabilidade.<br \/>\nCor: Branco com estampa Faixa:Bege<br \/>\nLargura:138cm<br \/>\nComprimento:188cm<br \/>\nAltura:26cm<\/div>\n<\/div>\n<\/div>\n<div class=\"cav--c-eNhzRw cav--c-eNhzRw-fiXSPN-sm-12 cav--c-eNhzRw-ilRjaj-lg-6\">\n<div class=\"cav--c-lesPJm\">\n<div class=\"cav--c-lesPJm\">\n<p><span class=\"cav--c-gNPphv cav--c-dFndkt\">Pesos e Dimens\u00f5es<\/span><\/p>\n<table class=\"cav--c-gusfms cav--c-gusfms-gjkaP-striped-odd cav--c-gusfms-cmVlgk-textAlign-left\">\n<tbody class=\"cav--c-dKpJQB\">\n<tr class=\"cav--c-PJLV\">\n<td class=\"cav--c-difWUU\"><span class=\"cav--c-gNPphv cav--c-gNPphv-hyvuql-weight-bold\">Altura (cm)<\/span><\/td>\n<td class=\"cav--c-difWUU\">26 cm<\/td>\n<\/tr>\n<tr class=\"cav--c-PJLV\">\n<td class=\"cav--c-difWUU\"><span class=\"cav--c-gNPphv cav--c-gNPphv-hyvuql-weight-bold\">Comprimento (cm)<\/span><\/td>\n<td class=\"cav--c-difWUU\">188 cm<\/td>\n<\/tr>\n<tr class=\"cav--c-PJLV\">\n<td class=\"cav--c-difWUU\"><span class=\"cav--c-gNPphv cav--c-gNPphv-hyvuql-weight-bold\">Largura (cm)<\/span><\/td>\n<td class=\"cav--c-difWUU\">138 cm<\/td>\n<\/tr>\n<\/tbody>\n<\/table>\n<\/div>\n<p><span class=\"cav--c-gNPphv cav--c-dFndkt\">Outras caracter\u00edsticas<\/span><\/p>\n<table class=\"cav--c-gusfms cav--c-gusfms-gjkaP-striped-odd cav--c-gusfms-cmVlgk-textAlign-left\">\n<tbody class=\"cav--c-dKpJQB\">\n<tr class=\"cav--c-PJLV\">\n<td class=\"cav--c-difWUU\"><span class=\"cav--c-gNPphv cav--c-gNPphv-hyvuql-weight-bold\">Altura do colch\u00e3o:<\/span><\/td>\n<td class=\"cav--c-difWUU\">26 cm<\/td>\n<\/tr>\n<tr class=\"cav--c-PJLV\">\n<td class=\"cav--c-difWUU\"><span class=\"cav--c-gNPphv cav--c-gNPphv-hyvuql-weight-bold\">Capacidade de peso:<\/span><\/td>\n<td class=\"cav--c-difWUU\">120 kg<\/td>\n<\/tr>\n<tr class=\"cav--c-PJLV\">\n<td class=\"cav--c-difWUU\"><span class=\"cav--c-gNPphv cav--c-gNPphv-hyvuql-weight-bold\">Categoria:<\/span><\/td>\n<td class=\"cav--c-difWUU\">Sllip<\/td>\n<\/tr>\n<tr class=\"cav--c-PJLV\">\n<td class=\"cav--c-difWUU\"><span class=\"cav--c-gNPphv cav--c-gNPphv-hyvuql-weight-bold\">Classifica\u00e7\u00e3o do Colch\u00e3o:<\/span><\/td>\n<td class=\"cav--c-difWUU\">Casal<\/td>\n<\/tr>\n<tr class=\"cav--c-PJLV\">\n<td class=\"cav--c-difWUU\"><span class=\"cav--c-gNPphv cav--c-gNPphv-hyvuql-weight-bold\">Cor:<\/span><\/td>\n<td class=\"cav--c-difWUU\">Branco<\/td>\n<\/tr>\n<tr class=\"cav--c-PJLV\">\n<td class=\"cav--c-difWUU\"><span class=\"cav--c-gNPphv cav--c-gNPphv-hyvuql-weight-bold\">Estrutura do Colch\u00e3o:<\/span><\/td>\n<td class=\"cav--c-difWUU\">Molas Ensacadas<\/td>\n<\/tr>\n<tr class=\"cav--c-PJLV\">\n<td class=\"cav--c-difWUU\"><span class=\"cav--c-gNPphv cav--c-gNPphv-hyvuql-weight-bold\">Faixa<\/span><\/td>\n<td class=\"cav--c-difWUU\">Bege<\/td>\n<\/tr>\n<tr class=\"cav--c-PJLV\">\n<td class=\"cav--c-difWUU\"><span class=\"cav--c-gNPphv cav--c-gNPphv-hyvuql-weight-bold\">Garantia:<\/span><\/td>\n<td class=\"cav--c-difWUU\">12 Meses<\/td>\n<\/tr>\n<tr class=\"cav--c-PJLV\">\n<td class=\"cav--c-difWUU\"><span class=\"cav--c-gNPphv cav--c-gNPphv-hyvuql-weight-bold\">Medidas:<\/span><\/td>\n<td class=\"cav--c-difWUU\">138x188x26cm<\/td>\n<\/tr>\n<tr class=\"cav--c-PJLV\">\n<td class=\"cav--c-difWUU\"><span class=\"cav--c-gNPphv cav--c-gNPphv-hyvuql-weight-bold\">Nivel de Conforto:<\/span><\/td>\n<td class=\"cav--c-difWUU\">Intermedi\u00e1rio<\/td>\n<\/tr>\n<tr class=\"cav--c-PJLV\">\n<td class=\"cav--c-difWUU\"><span class=\"cav--c-gNPphv cav--c-gNPphv-hyvuql-weight-bold\">Produto:<\/span><\/td>\n<td class=\"cav--c-difWUU\">Colch\u00e3o<\/td>\n<\/tr>\n<tr class=\"cav--c-PJLV\">\n<td class=\"cav--c-difWUU\"><span class=\"cav--c-gNPphv cav--c-gNPphv-hyvuql-weight-bold\">Tipo de Espuma:<\/span><\/td>\n<td class=\"cav--c-difWUU\">D26<\/td>\n<\/tr>\n<tr class=\"cav--c-PJLV\">\n<td class=\"cav--c-difWUU\"><span class=\"cav--c-gNPphv cav--c-gNPphv-hyvuql-weight-bold\">Tipo do Colch\u00e3o:<\/span><\/td>\n<td class=\"cav--c-difWUU\">Molas Ensacadas<\/td>\n<\/tr>\n<tr class=\"cav--c-PJLV\">\n<td class=\"cav--c-difWUU\"><span class=\"cav--c-gNPphv cav--c-gNPphv-hyvuql-weight-bold\">Tamanho colch\u00e3o<\/span><\/td>\n<td class=\"cav--c-difWUU\">Casal<\/td>\n<\/tr>\n<tr class=\"cav--c-PJLV\">\n<td class=\"cav--c-difWUU\"><span class=\"cav--c-gNPphv cav--c-gNPphv-hyvuql-weight-bold\">\u00c9 colch\u00e3o na caixa<\/span><\/td>\n<td class=\"cav--c-difWUU\">N\u00e3o<\/td>\n<\/tr>\n<tr class=\"cav--c-PJLV\">\n<td class=\"cav--c-difWUU\"><span class=\"cav--c-gNPphv cav--c-gNPphv-hyvuql-weight-bold\">Baterias s\u00e3o necess\u00e1rias?<\/span><\/td>\n<td class=\"cav--c-difWUU\">false<\/td>\n<\/tr>\n<tr class=\"cav--c-PJLV\">\n<td class=\"cav--c-difWUU\"><span class=\"cav--c-gNPphv cav--c-gNPphv-hyvuql-weight-bold\">Fabricante<\/span><\/td>\n<td class=\"cav--c-difWUU\">Orthocrin<\/td>\n<\/tr>\n<tr class=\"cav--c-PJLV\">\n<td class=\"cav--c-difWUU\"><span class=\"cav--c-gNPphv cav--c-gNPphv-hyvuql-weight-bold\">Espessura, largura, comprimento do item<\/span><\/td>\n<td class=\"cav--c-difWUU\"><\/td>\n<\/tr>\n<\/tbody>\n<\/table>\n<\/div>\n<\/div>\n<div class=\"cav--c-eNhzRw cav--c-eNhzRw-fiXSPN-sm-12 cav--c-eNhzRw-ilRjaj-lg-6\">\n<div class=\"cav--c-lesPJm\">\n<div class=\"cav--c-lesPJm\">\n<p><span class=\"cav--c-gNPphv cav--c-dFndkt\">Caracter\u00edsticas<\/span><\/p>\n<table class=\"cav--c-gusfms cav--c-gusfms-gjkaP-striped-odd cav--c-gusfms-cmVlgk-textAlign-left\">\n<tbody class=\"cav--c-dKpJQB\">\n<tr class=\"cav--c-PJLV\">\n<td class=\"cav--c-difWUU\"><span class=\"cav--c-gNPphv cav--c-gNPphv-hyvuql-weight-bold\">Tipo do Colch\u00e3o<\/span><\/td>\n<td class=\"cav--c-difWUU\">Mola<\/td>\n<\/tr>\n<tr class=\"cav--c-PJLV\">\n<td class=\"cav--c-difWUU\"><span class=\"cav--c-gNPphv cav--c-gNPphv-hyvuql-weight-bold\">Tipo de Mola<\/span><\/td>\n<td class=\"cav--c-difWUU\">Molas Ensacadas<\/td>\n<\/tr>\n<\/tbody>\n<\/table>\n<\/div>\n<\/div>\n<\/div>\n","protected":false},"excerpt":{"rendered":"<p>Descri\u00e7\u00e3o Colch\u00e3o Casal Molas Ensacadas Primor Orthocrin 138x188x26 Durma em um colch\u00e3o de molas ensacadas que estabiliza a sua coluna oferecendo equil\u00edbrio entre firmeza e suavidade. E o melhor: excelente<\/p>\n","protected":false},"featured_media":13864,"comment_status":"open","ping_status":"closed","template":"","meta":[],"product_brand":[],"product_cat":[234,241],"product_tag":[],"class_list":{"0":"post-13862","1":"product","2":"type-product","3":"status-publish","4":"has-post-thumbnail","6":"product_cat-colchoes","7":"product_cat-quarto","8":"product_shipping_class-retirar-no-local","10":"first","11":"instock","12":"shipping-taxable","13":"purchasable","14":"product-type-simple"},"_links":{"self":[{"href":"http:\/\/ambrosioeletro.com.br\/v20\/wp-json\/wp\/v2\/product\/13862","targetHints":{"allow":["GET"]}}],"collection":[{"href":"http:\/\/ambrosioeletro.com.br\/v20\/wp-json\/wp\/v2\/product"}],"about":[{"href":"http:\/\/ambrosioeletro.com.br\/v20\/wp-json\/wp\/v2\/types\/product"}],"replies":[{"embeddable":true,"href":"http:\/\/ambrosioeletro.com.br\/v20\/wp-json\/wp\/v2\/comments?post=13862"}],"wp:featuredmedia":[{"embeddable":true,"href":"http:\/\/ambrosioeletro.com.br\/v20\/wp-json\/wp\/v2\/media\/13864"}],"wp:attachment":[{"href":"http:\/\/ambrosioeletro.com.br\/v20\/wp-json\/wp\/v2\/media?parent=13862"}],"wp:term":[{"taxonomy":"product_brand","embeddable":true,"href":"http:\/\/ambrosioeletro.com.br\/v20\/wp-json\/wp\/v2\/product_brand?post=13862"},{"taxonomy":"product_cat","embeddable":true,"href":"http:\/\/ambrosioeletro.com.br\/v20\/wp-json\/wp\/v2\/product_cat?post=13862"},{"taxonomy":"product_tag","embeddable":true,"href":"http:\/\/ambrosioeletro.com.br\/v20\/wp-json\/wp\/v2\/product_tag?post=13862"}],"curies":[{"name":"wp","href":"https:\/\/api.w.org\/{rel}","templated":true}]}}