{"id":13866,"date":"2025-09-29T11:43:52","date_gmt":"2025-09-29T14:43:52","guid":{"rendered":"https:\/\/ambrosioeletro.com.br\/v20\/?post_type=product&#038;p=13866"},"modified":"2026-02-27T16:56:58","modified_gmt":"2026-02-27T19:56:58","slug":"geladeira-electrolux-inverter-410l-autosense-branca-if46","status":"publish","type":"product","link":"http:\/\/ambrosioeletro.com.br\/v20\/produto\/geladeira-electrolux-inverter-410l-autosense-branca-if46\/","title":{"rendered":"Geladeira Electrolux Inverter 410L AutoSense Branca IF46"},"content":{"rendered":"<div class=\"sc-iGgWBj hZQAA-D sc-jwunkD dBWfQF\" data-testid=\"product-detail\">\n<h2 class=\"sc-dcJsrY iVJGKX\" data-testid=\"product-detail-label\">Informa\u00e7\u00f5es do Produto<\/h2>\n<p><span class=\"sc-dcJsrY jZKEso\" data-testid=\"product-detail-title\">Geladeira Electrolux Inverter 410L AutoSense Branca IF46<\/span><\/p>\n<div class=\"sc-iGgWBj jEOEJZ sc-cQYSec iIiVcO\" data-testid=\"product-detail-description\">\n<div class=\"sc-iGgWBj eWtIHQ sc-ddrdZi kFYyJS\" data-testid=\"rich-content-container\">Ficha T\u00e9cnica Medidas do produto sem embalagem com embalagem 184,7 cm Altura 60 cm Largura 71,7 cm Profundidade 57,6 kg Peso Especifica\u00e7\u00f5es Material A\u00e7o Cor da porta Branco Capacidade l\u00edquida total (L) 410 L Este Produto inclui \u00c1gua na porta N\u00e3o Alarme de porta aberta Sim Compartimento congelamento r\u00e1pido Sim Compartimento extra frio Sim Degelo autom\u00e1tico Sim Ilumina\u00e7\u00e3o Interna Sim P\u00e9s niveladores Sim Porta latas N\u00e3o Porta revers\u00edvel N\u00e3o Rod\u00edzios Sim Separador de garrafas N\u00e3o Puxadores Sim (Embutido) M\u00e1quina de gelo autom\u00e1tica N\u00e3o Trava painel de controle N\u00e3o Controle de temperatura Autom\u00e1tico Compartimento FlexiSpace N\u00e3o Conectividade N\u00e3o Filtro desodorizador Sim. TasteGuard (Vendido Separadamente) Especifica\u00e7\u00f5es t\u00e9cnicas Instala\u00e7\u00e3o gratuita N\u00e3o Capacidade l\u00edquida do freezer (L) 117 L Frequ\u00eancia 60 Hz Acabamento lateral Branco Capacidade bruta do refrigerador (L) 298 L Garantia do produto 1 ano EAN13 7909569470947 127V Classifica\u00e7\u00e3o energ\u00e9tica A+++ Acabamento frontal Branco Cor Branco Capacidade l\u00edquida do refrigerador (L) 293 L Altura do produto embalado 187,9 cm Peso bruto 59,6 kg Largura do produto embalado 64,9 cm Profundidade do produto embalado 74,7 cm Capacidade bruta do freezer (L) 126 L Quantidade de portas 2 Painel digital Sim Conte\u00fado da embalagem Refrigerador. Porta Ovos. Forma de Gelo. Guia R\u00e1pido e Manual de Instru\u00e7\u00f5es. G\u00e1s refrigerante R600A Quantidade de prateleiras e gavetas do freezer Gabinete: 2 Prateleiras Porta: 2 Prateleiras Quantidade de prateleiras e gavetas do refrigerador Gabinete: 3 Prateleiras e 1 Gaveta Porta: 4 Prateleiras Prateleiras retr\u00e1teis Sim Prateleiras revers\u00edveis Sim Prateleiras expans\u00edveis (fast adapt) Sim N\u00edvel de ru\u00eddo (dB) 49 dB Tipo de degelo Frost Free Dispenser de gelo na porta N\u00e3o Fun\u00e7\u00e3o turbo freezer N\u00e3o Fun\u00e7\u00e3o turbo refrigerador Sim Selo Procel N\u00e3o Tipo de compressor Inverter Tens\u00e3o (V) 127V \/ 220V Consumo 42,4 (kWh\/M\u00eas) Especificaciones T\u00e9cnicas Ilumina\u00e7\u00e3o interna (freezer) N\u00e3o AutoSense Sim Tecnologia Inverter Sim<\/div>\n<\/div>\n<\/div>\n<div class=\"sc-iGgWBj eWtIHQ\" data-testid=\"lazyload-container\">\n<div class=\"sc-bpUBKd iMekvN\" data-testid=\"mod-o\"><\/div>\n<\/div>\n<div class=\"sc-iGgWBj hODtov sc-dnhcxY bzBSHk\">\n<table class=\"sc-iGgWBj iCEidV sc-bStcSt emFJXX\">\n<tbody>\n<tr>\n<td class=\"sc-iaJaUu jUTMlm\">Informa\u00e7\u00f5es complementares<\/td>\n<td class=\"sc-feoqov jEebvX\">\n<table class=\"sc-dOoqMo iwSfwR\">\n<tbody>\n<tr>\n<td class=\"sc-gVJvzJ gJVWHr\">Capacidade L\u00edquida Total<\/td>\n<td>410 L<\/td>\n<\/tr>\n<tr>\n<td class=\"sc-gVJvzJ gJVWHr\">Capacidade L\u00edquida do Freezer<\/td>\n<td>117 L<\/td>\n<\/tr>\n<tr>\n<td class=\"sc-gVJvzJ gJVWHr\">Capacidade L\u00edquida do Refrigerador<\/td>\n<td>293 L<\/td>\n<\/tr>\n<tr>\n<td class=\"sc-gVJvzJ gJVWHr\">Compartimentos Internos<\/td>\n<td>Compartimento extra frio, Compartimento congelamento r\u00e1pido<\/td>\n<\/tr>\n<tr>\n<td class=\"sc-gVJvzJ gJVWHr\">Consumo Aproximado de Energia<\/td>\n<td>42,4 kWh\/M\u00eas<\/td>\n<\/tr>\n<tr>\n<td class=\"sc-gVJvzJ gJVWHr\">Conte\u00fado da Embalagem<\/td>\n<td>Refrigerador, Porta Ovos, Forma de Gelo, Guia R\u00e1pido e Manual de Instru\u00e7\u00f5es, G\u00e1s refrigerante R600A<\/td>\n<\/tr>\n<tr>\n<td class=\"sc-gVJvzJ gJVWHr\">Cor<\/td>\n<td>Branco<\/td>\n<\/tr>\n<tr>\n<td class=\"sc-gVJvzJ gJVWHr\">Dimens\u00f5es do Produto<\/td>\n<td>184,7 cm Altura, 60 cm Largura, 71,7 cm Profundidade<\/td>\n<\/tr>\n<tr>\n<td class=\"sc-gVJvzJ gJVWHr\">Dimens\u00f5es do Produto com Embalagem<\/td>\n<td>187,9 cm Altura, 64,9 cm Largura, 74,7 cm Profundidade<\/td>\n<\/tr>\n<tr>\n<td class=\"sc-gVJvzJ gJVWHr\">Efici\u00eancia Energ\u00e9tica<\/td>\n<td>A+++<\/td>\n<\/tr>\n<tr>\n<td class=\"sc-gVJvzJ gJVWHr\">Marca<\/td>\n<td><a class=\"sc-JrDLc gkEUmz sc-DWsrX gaOyIa sc-DWsrX gaOyIa\" href=\"https:\/\/www.magazineluiza.com.br\/marcas\/electrolux\/\" data-testid=\"link\">Electrolux<\/a><\/td>\n<\/tr>\n<tr>\n<td class=\"sc-gVJvzJ gJVWHr\">Material<\/td>\n<td>A\u00e7o<\/td>\n<\/tr>\n<tr>\n<td class=\"sc-gVJvzJ gJVWHr\">Material<\/td>\n<td>A\u00e7o<\/td>\n<\/tr>\n<tr>\n<td class=\"sc-gVJvzJ gJVWHr\">Modelo<\/td>\n<td>IF46<\/td>\n<\/tr>\n<tr>\n<td class=\"sc-gVJvzJ gJVWHr\">Peso do Produto<\/td>\n<td>57,6kg<\/td>\n<\/tr>\n<tr>\n<td class=\"sc-gVJvzJ gJVWHr\">Peso do Produto com Embalagem<\/td>\n<td>59,6kg<\/td>\n<\/tr>\n<tr>\n<td class=\"sc-gVJvzJ gJVWHr\">Prazo de Garantia<\/td>\n<td>1 ano<\/td>\n<\/tr>\n<tr>\n<td class=\"sc-gVJvzJ gJVWHr\">Quantidade de Portas<\/td>\n<td>2 unidades<\/td>\n<\/tr>\n<tr>\n<td class=\"sc-gVJvzJ gJVWHr\">Tecnologia de Refrigera\u00e7\u00e3o<\/td>\n<td>Inverter<\/td>\n<\/tr>\n<tr>\n<td class=\"sc-gVJvzJ gJVWHr\">Tipo de Degelo<\/td>\n<td>frost free<\/td>\n<\/tr>\n<tr>\n<td class=\"sc-gVJvzJ gJVWHr\">Tipo de Geladeira<\/td>\n<td>refrigerador<\/td>\n<\/tr>\n<tr>\n<td class=\"sc-gVJvzJ gJVWHr\">Voltagem<\/td>\n<td>110V<\/td>\n<\/tr>\n<\/tbody>\n<\/table>\n<\/td>\n<\/tr>\n<\/tbody>\n<\/table>\n<\/div>\n","protected":false},"excerpt":{"rendered":"<p>Informa\u00e7\u00f5es do Produto Geladeira Electrolux Inverter 410L AutoSense Branca IF46 Ficha T\u00e9cnica Medidas do produto sem embalagem com embalagem 184,7 cm Altura 60 cm Largura 71,7 cm Profundidade 57,6 kg<\/p>\n","protected":false},"featured_media":13867,"comment_status":"open","ping_status":"closed","template":"","meta":[],"product_brand":[],"product_cat":[232,228],"product_tag":[],"class_list":{"0":"post-13866","1":"product","2":"type-product","3":"status-publish","4":"has-post-thumbnail","6":"product_cat-cozinha","7":"product_cat-eletroeletronicos","8":"product_shipping_class-retirar-no-local","10":"first","11":"instock","12":"shipping-taxable","13":"purchasable","14":"product-type-simple"},"_links":{"self":[{"href":"http:\/\/ambrosioeletro.com.br\/v20\/wp-json\/wp\/v2\/product\/13866","targetHints":{"allow":["GET"]}}],"collection":[{"href":"http:\/\/ambrosioeletro.com.br\/v20\/wp-json\/wp\/v2\/product"}],"about":[{"href":"http:\/\/ambrosioeletro.com.br\/v20\/wp-json\/wp\/v2\/types\/product"}],"replies":[{"embeddable":true,"href":"http:\/\/ambrosioeletro.com.br\/v20\/wp-json\/wp\/v2\/comments?post=13866"}],"wp:featuredmedia":[{"embeddable":true,"href":"http:\/\/ambrosioeletro.com.br\/v20\/wp-json\/wp\/v2\/media\/13867"}],"wp:attachment":[{"href":"http:\/\/ambrosioeletro.com.br\/v20\/wp-json\/wp\/v2\/media?parent=13866"}],"wp:term":[{"taxonomy":"product_brand","embeddable":true,"href":"http:\/\/ambrosioeletro.com.br\/v20\/wp-json\/wp\/v2\/product_brand?post=13866"},{"taxonomy":"product_cat","embeddable":true,"href":"http:\/\/ambrosioeletro.com.br\/v20\/wp-json\/wp\/v2\/product_cat?post=13866"},{"taxonomy":"product_tag","embeddable":true,"href":"http:\/\/ambrosioeletro.com.br\/v20\/wp-json\/wp\/v2\/product_tag?post=13866"}],"curies":[{"name":"wp","href":"https:\/\/api.w.org\/{rel}","templated":true}]}}