{"id":13925,"date":"2025-10-01T16:38:22","date_gmt":"2025-10-01T19:38:22","guid":{"rendered":"https:\/\/ambrosioeletro.com.br\/v20\/?post_type=product&#038;p=13925"},"modified":"2026-04-17T09:00:12","modified_gmt":"2026-04-17T12:00:12","slug":"painel-para-tv-com-led-de-65-atenas-mavaular","status":"publish","type":"product","link":"http:\/\/ambrosioeletro.com.br\/v20\/produto\/painel-para-tv-com-led-de-65-atenas-mavaular\/","title":{"rendered":"Painel para TV com LED de 65 Atenas Mavaular"},"content":{"rendered":"<div class=\"sc-iGgWBj hZQAA-D sc-cQYSec iIiVcO\" data-testid=\"product-detail\">\n<h2 class=\"sc-dcJsrY iVJGKX\" data-testid=\"product-detail-label\">Informa\u00e7\u00f5es do Produto<\/h2>\n<div class=\"sc-iGgWBj jEOEJZ sc-jkcbpx qTJXs\" data-testid=\"product-detail-description\">\n<div class=\"sc-iGgWBj eWtIHQ sc-jwunkD chKDZy\" data-testid=\"rich-content-container\">PAINEL PARA TV COM LED 75 POLEGADAS ATENAS<\/p>\n<p>Com o Painel para Rack sua sala de estar ganhar\u00e1 ainda mais eleg\u00e2ncia, charme e beleza. Com ilumina\u00e7\u00e3o em LED, que d\u00e1 outra vida para o produto, o painel possui 15mm de espessura, sendo os centrais em MDF e est\u00e1 dispon\u00edvel nas cores naturalle com platinum e naturalle com off white. Um produto bonito e sofisticado, que combina perfeitamente com o Rack Atenas. N\u00e3o perca tempo e escolha j\u00e1 o seu!<\/p>\n<p>Ficha T\u00e9cnica:<br \/>\nMarca: Mavaular M\u00f3veis<br \/>\nModelo: Painel Atenas<br \/>\nAmbiente principal: Sala de estar<br \/>\nMaterial predominante: MDP<br \/>\nIlumina\u00e7\u00e3o com LED<br \/>\nComporta TV at\u00e9 de 75 Polegadas<br \/>\nMedida: Largura: 220 cm X Altura: 130 cm X Comprimento: 70cm<br \/>\nPossui p\u00e9s:N\u00c3O<br \/>\nPossui Led: Sim<br \/>\nPossui portas: N\u00c3O<br \/>\nPossui prateleira interna: N\u00c3O<br \/>\nPossui Espelho: N\u00e3o<br \/>\nNecessita de montagem: Sim<br \/>\nComplexidade de montagem: DIFICIL<br \/>\nMontagem e montador: N\u00e3o inclusos<br \/>\nRecomenda\u00e7\u00e3o de montagem: Seguir a orienta\u00e7\u00e3o conforme o manual qua vai junto ao produto<br \/>\nSitua\u00e7\u00e3o do produto enviado: Novo e desmontado na caixa<br \/>\nRecomenda\u00e7\u00f5es de uso, manuten\u00e7\u00e3o e limpeza: Pano levemente umedecido com sab\u00e3o neutro<\/p>\n<\/div>\n<\/div>\n<\/div>\n<div class=\"sc-iGgWBj eWtIHQ\" data-testid=\"lazyload-container\">\n<div class=\"sc-bpUBKd iMekvN\" data-testid=\"mod-o\"><\/div>\n<\/div>\n<div class=\"sc-iGgWBj hODtov sc-fPeRdf HiHaT\">\n<table class=\"sc-iGgWBj iCEidV sc-bStcSt emFJXX\">\n<tbody>\n<tr>\n<td class=\"sc-iaJaUu jUTMlm\">Modelo<\/td>\n<td class=\"sc-feoqov jEebvX\">\n<table class=\"sc-dOoqMo iwSfwR\">\n<tbody>\n<tr>\n<td>Atenas<\/td>\n<\/tr>\n<\/tbody>\n<\/table>\n<\/td>\n<\/tr>\n<tr>\n<td class=\"sc-iaJaUu jUTMlm\"><\/td>\n<td class=\"sc-feoqov jEebvX\"><\/td>\n<\/tr>\n<tr>\n<td class=\"sc-iaJaUu jUTMlm\">Altura<\/td>\n<td class=\"sc-feoqov jEebvX\">\n<table class=\"sc-dOoqMo iwSfwR\">\n<tbody>\n<tr>\n<td>130 cm<\/td>\n<\/tr>\n<\/tbody>\n<\/table>\n<\/td>\n<\/tr>\n<tr>\n<td class=\"sc-iaJaUu jUTMlm\">Largura<\/td>\n<td class=\"sc-feoqov jEebvX\">\n<table class=\"sc-dOoqMo iwSfwR\">\n<tbody>\n<tr>\n<td>220 cm<\/td>\n<\/tr>\n<\/tbody>\n<\/table>\n<\/td>\n<\/tr>\n<tr>\n<td class=\"sc-iaJaUu jUTMlm\">Profundidade<\/td>\n<td class=\"sc-feoqov jEebvX\">\n<table class=\"sc-dOoqMo iwSfwR\">\n<tbody>\n<tr>\n<td>70 cm<\/td>\n<\/tr>\n<\/tbody>\n<\/table>\n<\/td>\n<\/tr>\n<tr>\n<td class=\"sc-iaJaUu jUTMlm\">Formato do m\u00f3vel<\/td>\n<td class=\"sc-feoqov jEebvX\">\n<table class=\"sc-dOoqMo iwSfwR\">\n<tbody>\n<tr>\n<td>Painel<\/td>\n<\/tr>\n<\/tbody>\n<\/table>\n<\/td>\n<\/tr>\n<tr>\n<td class=\"sc-iaJaUu jUTMlm\">Material da estrutura<\/td>\n<td class=\"sc-feoqov jEebvX\">\n<table class=\"sc-dOoqMo iwSfwR\">\n<tbody>\n<tr>\n<td>MDP<\/td>\n<\/tr>\n<\/tbody>\n<\/table>\n<\/td>\n<\/tr>\n<tr>\n<td class=\"sc-iaJaUu jUTMlm\">Com rodas<\/td>\n<td class=\"sc-feoqov jEebvX\">\n<table class=\"sc-dOoqMo iwSfwR\">\n<tbody>\n<tr>\n<td>N\u00e3o<\/td>\n<\/tr>\n<\/tbody>\n<\/table>\n<\/td>\n<\/tr>\n<tr>\n<td class=\"sc-iaJaUu jUTMlm\">Tamanho m\u00e1ximo de TV<\/td>\n<td class=\"sc-feoqov jEebvX\">\n<table class=\"sc-dOoqMo iwSfwR\">\n<tbody>\n<tr>\n<td>65<\/td>\n<\/tr>\n<\/tbody>\n<\/table>\n<\/td>\n<\/tr>\n<tr>\n<td class=\"sc-iaJaUu jUTMlm\">\u00c9 inflam\u00e1vel<\/td>\n<td class=\"sc-feoqov jEebvX\">\n<table class=\"sc-dOoqMo iwSfwR\">\n<tbody>\n<tr>\n<td>N\u00e3o<\/td>\n<\/tr>\n<\/tbody>\n<\/table>\n<\/td>\n<\/tr>\n<tr>\n<td class=\"sc-iaJaUu jUTMlm\">\u00c9 kit<\/td>\n<td class=\"sc-feoqov jEebvX\">\n<table class=\"sc-dOoqMo iwSfwR\">\n<tbody>\n<tr>\n<td>N\u00e3o<\/td>\n<\/tr>\n<\/tbody>\n<\/table>\n<\/td>\n<\/tr>\n<tr>\n<td class=\"sc-iaJaUu jUTMlm\">Indicado para TVs<\/td>\n<td class=\"sc-feoqov jEebvX\">\n<table class=\"sc-dOoqMo iwSfwR\">\n<tbody>\n<tr>\n<td>Acima de 47|pol|<\/td>\n<\/tr>\n<\/tbody>\n<\/table>\n<\/td>\n<\/tr>\n<tr>\n<td class=\"sc-iaJaUu jUTMlm\">Produto<\/td>\n<td class=\"sc-feoqov jEebvX\">\n<table class=\"sc-dOoqMo iwSfwR\">\n<tbody>\n<tr>\n<td>Painel para TV<\/td>\n<\/tr>\n<\/tbody>\n<\/table>\n<\/td>\n<\/tr>\n<tr>\n<td class=\"sc-iaJaUu jUTMlm\">Informa\u00e7\u00f5es complementares<\/td>\n<td class=\"sc-feoqov jEebvX\">\n<table class=\"sc-dOoqMo iwSfwR\">\n<tbody>\n<tr>\n<td class=\"sc-gVJvzJ gJVWHr\">Complexidade de Montagem<\/td>\n<td>DIFICIL<\/td>\n<\/tr>\n<tr>\n<td class=\"sc-gVJvzJ gJVWHr\">Componentes do M\u00f3vel<\/td>\n<td>Ilumina\u00e7\u00e3o em LED<\/td>\n<\/tr>\n<tr>\n<td class=\"sc-gVJvzJ gJVWHr\">Conte\u00fado da Embalagem<\/td>\n<td>Produto novo e desmontado na caixa com refor\u00e7o de embalagem de papel\u00e3o e pl\u00e1stico bolha garantindo a integridade e seguran\u00e7a no produto durante o transporte.<\/td>\n<\/tr>\n<tr>\n<td class=\"sc-gVJvzJ gJVWHr\">Cor<\/td>\n<td>naturalle com platinum e naturalle com off white<\/td>\n<\/tr>\n<tr>\n<td class=\"sc-gVJvzJ gJVWHr\">Dimens\u00f5es do Produto<\/td>\n<td>Largura: 220 cm X Altura: 130 cm X Comprimento: 70cm<\/td>\n<\/tr>\n<tr>\n<td class=\"sc-gVJvzJ gJVWHr\">Marca<\/td>\n<td><a class=\"sc-JrDLc gkEUmz sc-DWsrX gaOyIa sc-DWsrX gaOyIa\" href=\"https:\/\/www.magazineluiza.com.br\/marcas\/mavaular\/\" data-testid=\"link\">Mavaular M\u00f3veis<\/a><\/td>\n<\/tr>\n<tr>\n<td class=\"sc-gVJvzJ gJVWHr\">Material da Estrutura<\/td>\n<td>MDF<\/td>\n<\/tr>\n<tr>\n<td class=\"sc-gVJvzJ gJVWHr\">Modelo<\/td>\n<td>Painel Atenas<\/td>\n<\/tr>\n<tr>\n<td class=\"sc-gVJvzJ gJVWHr\">Polegadas da TV<\/td>\n<td>75<\/td>\n<\/tr>\n<tr>\n<td class=\"sc-gVJvzJ gJVWHr\">Quantidade de Portas<\/td>\n<td>N\u00c3O<\/td>\n<\/tr>\n<tr>\n<td class=\"sc-gVJvzJ gJVWHr\">Refer\u00eancia<\/td>\n<td>Atenas<\/td>\n<\/tr>\n<tr>\n<td class=\"sc-gVJvzJ gJVWHr\">Tipo de M\u00f3vel<\/td>\n<td>Painel para TV<\/td>\n<\/tr>\n<\/tbody>\n<\/table>\n<\/td>\n<\/tr>\n<\/tbody>\n<\/table>\n<\/div>\n","protected":false},"excerpt":{"rendered":"<p>Informa\u00e7\u00f5es do Produto PAINEL PARA TV COM LED 75 POLEGADAS ATENAS Com o Painel para Rack sua sala de estar ganhar\u00e1 ainda mais eleg\u00e2ncia, charme e beleza. Com ilumina\u00e7\u00e3o em<\/p>\n","protected":false},"featured_media":13928,"comment_status":"open","ping_status":"closed","template":"","meta":[],"product_brand":[],"product_cat":[242],"product_tag":[],"class_list":{"0":"post-13925","1":"product","2":"type-product","3":"status-publish","4":"has-post-thumbnail","6":"product_cat-sala","7":"product_shipping_class-retirar-no-local","9":"first","10":"instock","11":"shipping-taxable","12":"purchasable","13":"product-type-simple"},"_links":{"self":[{"href":"http:\/\/ambrosioeletro.com.br\/v20\/wp-json\/wp\/v2\/product\/13925","targetHints":{"allow":["GET"]}}],"collection":[{"href":"http:\/\/ambrosioeletro.com.br\/v20\/wp-json\/wp\/v2\/product"}],"about":[{"href":"http:\/\/ambrosioeletro.com.br\/v20\/wp-json\/wp\/v2\/types\/product"}],"replies":[{"embeddable":true,"href":"http:\/\/ambrosioeletro.com.br\/v20\/wp-json\/wp\/v2\/comments?post=13925"}],"wp:featuredmedia":[{"embeddable":true,"href":"http:\/\/ambrosioeletro.com.br\/v20\/wp-json\/wp\/v2\/media\/13928"}],"wp:attachment":[{"href":"http:\/\/ambrosioeletro.com.br\/v20\/wp-json\/wp\/v2\/media?parent=13925"}],"wp:term":[{"taxonomy":"product_brand","embeddable":true,"href":"http:\/\/ambrosioeletro.com.br\/v20\/wp-json\/wp\/v2\/product_brand?post=13925"},{"taxonomy":"product_cat","embeddable":true,"href":"http:\/\/ambrosioeletro.com.br\/v20\/wp-json\/wp\/v2\/product_cat?post=13925"},{"taxonomy":"product_tag","embeddable":true,"href":"http:\/\/ambrosioeletro.com.br\/v20\/wp-json\/wp\/v2\/product_tag?post=13925"}],"curies":[{"name":"wp","href":"https:\/\/api.w.org\/{rel}","templated":true}]}}