{"id":13982,"date":"2025-10-08T11:49:25","date_gmt":"2025-10-08T14:49:25","guid":{"rendered":"https:\/\/ambrosioeletro.com.br\/v20\/?post_type=product&#038;p=13982"},"modified":"2026-04-17T12:45:54","modified_gmt":"2026-04-17T15:45:54","slug":"colchao-solteiro-molas-ensacadas-cloud-pillow88x32-lucksp","status":"publish","type":"product","link":"http:\/\/ambrosioeletro.com.br\/v20\/produto\/colchao-solteiro-molas-ensacadas-cloud-pillow88x32-lucksp\/","title":{"rendered":"Colch\u00e3o Solteiro Molas Ensacadas Cloud Pillow(88&#215;32)-lucksp"},"content":{"rendered":"<h2 class=\"ui-pdp-description__title\" data-testid=\"title\">Descri\u00e7\u00e3o<\/h2>\n<p class=\"ui-pdp-description__content\" data-testid=\"content\">&#8212;&#8212;&#8212;&#8212;&#8212;&#8212;&#8212;&#8212;&#8212;&#8212;&#8212;&#8212;&#8212;&#8212;&#8212;&#8212;&#8212;&#8212;&#8212;&#8212;&#8212;&#8212;&#8212;&#8212;&#8212;&#8212;&#8212;&#8212;&#8212;&#8212;&#8212;&#8212;-<br \/>\nA COSTA RICA COLCH\u00d5ES | 30 ANOS TRABALHANDO PARA O SEU CONFORTO.<br \/>\n&#8212;&#8212;&#8212;&#8212;&#8212;&#8212;&#8212;&#8212;&#8212;&#8212;&#8212;&#8212;&#8212;&#8212;&#8212;&#8212;&#8212;&#8212;&#8212;&#8212;&#8212;&#8212;&#8212;&#8212;&#8212;&#8212;&#8212;&#8212;&#8212;&#8212;&#8212;&#8212;-<br \/>\nANTES DE PERGUNTAR LEIA ATENTAMENTE E CONFIRA ABAIXO TODAS AS INFORMA\u00c7\u00d5ES DESCRITIVAS DO PRODUTO OFERTADO E AS RESPOSTAS PARA SUAS D\u00daVIDAS.<br \/>\n&#8212;&#8212;&#8212;&#8212;&#8212;&#8212;&#8212;&#8212;&#8212;&#8212;&#8212;&#8212;&#8212;&#8212;&#8212;&#8212;&#8212;&#8212;&#8212;&#8212;&#8212;&#8212;&#8212;&#8212;&#8212;&#8212;&#8212;&#8212;&#8212;&#8212;&#8212;&#8212;-<\/p>\n<p>Colch\u00e3o Solteiro Molas Ensacadas MasterPocket Cloud Pillow Top (88x188x32) &#8211; Luckspuma<\/p>\n<p>Marca: Luckspuma<\/p>\n<p>Dimens\u00f5es(Cm): Comprimento(Profundidade): 188cm x Largura: 88cm x Altura: 32cm<\/p>\n<p>Vantagens Extras de Colch\u00e3o<br \/>\n&#8211; c\/ Sistema Polyframe<br \/>\nTipo de Pillow<br \/>\n&#8211; Pillow Top Americano<br \/>\nTecido com Tratamento do Colch\u00e3o<br \/>\n&#8211; Anti\u00c1caro e AntiFungo<br \/>\nBordado do Revestimento do Colch\u00e3o<br \/>\n&#8211; Cont\u00ednuo<br \/>\nForra\u00e7\u00e3o Revestimento do Colch\u00e3o<br \/>\n&#8211; Malha de Alta Qualidade<br \/>\nForra\u00e7\u00e3o do Revestimento Inferior do Colch\u00e3o<br \/>\n&#8211; Antiderrapante<br \/>\nTecido de Revestimento da Faixa Lateral do Colch\u00e3o<br \/>\n&#8211; Decorativa<br \/>\nModo de Utiliza\u00e7\u00e3o do Colch\u00e3o<br \/>\n&#8211; One Side<\/p>\n<p>Camadas Interna do Estofamento de Espuma do Colch\u00e3o<br \/>\n&#8211; Alta Qualidade<br \/>\nTipo de Mola do Colch\u00e3o<br \/>\n&#8211; Ensacadas MasterPocket<br \/>\nN\u00edvel de Firmeza do Colch\u00e3o<br \/>\n&#8211; Macio c\/ Firmeza<br \/>\nPeso M\u00e1ximo Suportado do Colch\u00e3o<br \/>\n&#8211; 110 kg<\/p>\n<p>Certifica\u00e7\u00e3o de Qualidade do Colch\u00e3o<br \/>\n&#8211; Qualidade Aprovada<br \/>\n&#8211; INMETRO<br \/>\n&#8211; Qualidade Costa Rica<br \/>\n&#8211; INER Pr\u00f3 Espuma<br \/>\nNossa Avalia\u00e7\u00e3o do Colch\u00e3o<br \/>\n&#8211; Qualidade Muito Boa<\/p>\n","protected":false},"excerpt":{"rendered":"<p>Descri\u00e7\u00e3o &#8212;&#8212;&#8212;&#8212;&#8212;&#8212;&#8212;&#8212;&#8212;&#8212;&#8212;&#8212;&#8212;&#8212;&#8212;&#8212;&#8212;&#8212;&#8212;&#8212;&#8212;&#8212;&#8212;&#8212;&#8212;&#8212;&#8212;&#8212;&#8212;&#8212;&#8212;&#8212;- A COSTA RICA COLCH\u00d5ES | 30 ANOS TRABALHANDO PARA O SEU CONFORTO. &#8212;&#8212;&#8212;&#8212;&#8212;&#8212;&#8212;&#8212;&#8212;&#8212;&#8212;&#8212;&#8212;&#8212;&#8212;&#8212;&#8212;&#8212;&#8212;&#8212;&#8212;&#8212;&#8212;&#8212;&#8212;&#8212;&#8212;&#8212;&#8212;&#8212;&#8212;&#8212;- ANTES DE PERGUNTAR LEIA ATENTAMENTE E CONFIRA ABAIXO TODAS AS INFORMA\u00c7\u00d5ES DESCRITIVAS DO PRODUTO OFERTADO<\/p>\n","protected":false},"featured_media":13983,"comment_status":"open","ping_status":"closed","template":"","meta":[],"product_brand":[],"product_cat":[241],"product_tag":[],"class_list":{"0":"post-13982","1":"product","2":"type-product","3":"status-publish","4":"has-post-thumbnail","6":"product_cat-quarto","7":"product_shipping_class-retirar-no-local","9":"first","10":"instock","11":"shipping-taxable","12":"purchasable","13":"product-type-simple"},"_links":{"self":[{"href":"http:\/\/ambrosioeletro.com.br\/v20\/wp-json\/wp\/v2\/product\/13982","targetHints":{"allow":["GET"]}}],"collection":[{"href":"http:\/\/ambrosioeletro.com.br\/v20\/wp-json\/wp\/v2\/product"}],"about":[{"href":"http:\/\/ambrosioeletro.com.br\/v20\/wp-json\/wp\/v2\/types\/product"}],"replies":[{"embeddable":true,"href":"http:\/\/ambrosioeletro.com.br\/v20\/wp-json\/wp\/v2\/comments?post=13982"}],"wp:featuredmedia":[{"embeddable":true,"href":"http:\/\/ambrosioeletro.com.br\/v20\/wp-json\/wp\/v2\/media\/13983"}],"wp:attachment":[{"href":"http:\/\/ambrosioeletro.com.br\/v20\/wp-json\/wp\/v2\/media?parent=13982"}],"wp:term":[{"taxonomy":"product_brand","embeddable":true,"href":"http:\/\/ambrosioeletro.com.br\/v20\/wp-json\/wp\/v2\/product_brand?post=13982"},{"taxonomy":"product_cat","embeddable":true,"href":"http:\/\/ambrosioeletro.com.br\/v20\/wp-json\/wp\/v2\/product_cat?post=13982"},{"taxonomy":"product_tag","embeddable":true,"href":"http:\/\/ambrosioeletro.com.br\/v20\/wp-json\/wp\/v2\/product_tag?post=13982"}],"curies":[{"name":"wp","href":"https:\/\/api.w.org\/{rel}","templated":true}]}}