{"id":13985,"date":"2025-10-09T08:35:05","date_gmt":"2025-10-09T11:35:05","guid":{"rendered":"https:\/\/ambrosioeletro.com.br\/v20\/?post_type=product&#038;p=13985"},"modified":"2026-04-22T09:12:16","modified_gmt":"2026-04-22T12:12:16","slug":"base-bau-linho-bege-solteiro-88x188x39","status":"publish","type":"product","link":"http:\/\/ambrosioeletro.com.br\/v20\/produto\/base-bau-linho-bege-solteiro-88x188x39\/","title":{"rendered":"Base Ba\u00fa Linho Bege Solteiro (88x188x39) Luckspuma"},"content":{"rendered":"<div class=\"ui-pdp-container__row\">\n<div class=\"ui-pdp-container__col col-1 ui-pdp-with--separator--auto ui-pdp-with--separator--40-24\">\n<section id=\"highlighted_specs_attrs\" class=\"ui-vpp-highlighted-specs pl-24 pr-24\" tabindex=\"-1\">\n<div class=\"ui-pdp-container__row ui-pdp-container__row--highlighted-specs-title\">\n<h2 class=\"ui-vpp-text-alignment--left ui-pdp-color--BLACK ui-pdp-size--XLARGE ui-pdp-family--REGULAR highlighted-specs-title\">Caracter\u00edsticas do produto<\/h2>\n<\/div>\n<div class=\"ui-pdp-container__row ui-pdp-container__row--technical-specifications\">\n<div class=\"ui-pdp-collapsable ui-vpp-highlighted-specs__striped-collapsed__action\">\n<div class=\"ui-pdp-collapsable__container\">\n<div class=\"ui-vpp-highlighted-specs__striped-specs\">\n<div class=\"ui-vpp-striped-specs\">\n<div class=\"ui-vpp-striped-specs__table\">\n<h3 class=\"ui-vpp-striped-specs__header\">Caracter\u00edsticas principais<\/h3>\n<table class=\"andes-table\">\n<tbody class=\"andes-table__body\">\n<tr class=\"andes-table__row ui-vpp-striped-specs__row\">\n<th class=\"andes-table__header andes-table__header--left ui-vpp-striped-specs__row__column ui-vpp-striped-specs__row__column--id\" scope=\"row\">\n<div class=\"andes-table__header__container\">Marca<\/div>\n<\/th>\n<td id=\":Rkjqlpakp7de:\" class=\"andes-table__column andes-table__column--left andes-table__column--vertical-align-center ui-vpp-striped-specs__row__column\"><span id=\":Rkjqlpakp7de:-value\" class=\"andes-table__column--value\">Ortobom<\/span><\/td>\n<\/tr>\n<tr class=\"andes-table__row ui-vpp-striped-specs__row\">\n<th class=\"andes-table__header andes-table__header--left ui-vpp-striped-specs__row__column ui-vpp-striped-specs__row__column--id\" scope=\"row\">\n<div class=\"andes-table__header__container\">Modelo<\/div>\n<\/th>\n<td id=\":Rklqlpakp7de:\" class=\"andes-table__column andes-table__column--left andes-table__column--vertical-align-center ui-vpp-striped-specs__row__column\"><span id=\":Rklqlpakp7de:-value\" class=\"andes-table__column--value\">Base Ba\u00fa Linho Bege Ortobom<\/span><\/td>\n<\/tr>\n<tr class=\"andes-table__row ui-vpp-striped-specs__row\">\n<th class=\"andes-table__header andes-table__header--left ui-vpp-striped-specs__row__column ui-vpp-striped-specs__row__column--id\" scope=\"row\">\n<div class=\"andes-table__header__container\">Cor<\/div>\n<\/th>\n<td id=\":Rknqlpakp7de:\" class=\"andes-table__column andes-table__column--left andes-table__column--vertical-align-center ui-vpp-striped-specs__row__column\"><span id=\":Rknqlpakp7de:-value\" class=\"andes-table__column--value\">Linho<\/span><\/td>\n<\/tr>\n<tr class=\"andes-table__row ui-vpp-striped-specs__row\">\n<th class=\"andes-table__header andes-table__header--left ui-vpp-striped-specs__row__column ui-vpp-striped-specs__row__column--id\" scope=\"row\">\n<div class=\"andes-table__header__container\">Tamanho<\/div>\n<\/th>\n<td id=\":Rkpqlpakp7de:\" class=\"andes-table__column andes-table__column--left andes-table__column--vertical-align-center ui-vpp-striped-specs__row__column\"><span id=\":Rkpqlpakp7de:-value\" class=\"andes-table__column--value\">Solteiro<\/span><\/td>\n<\/tr>\n<\/tbody>\n<\/table>\n<\/div>\n<\/div>\n<div class=\"ui-vpp-striped-specs\">\n<div class=\"ui-vpp-striped-specs__table\">\n<h3 class=\"ui-vpp-striped-specs__header\">Dimens\u00f5es<\/h3>\n<table class=\"andes-table\">\n<tbody class=\"andes-table__body\">\n<tr class=\"andes-table__row ui-vpp-striped-specs__row\">\n<th class=\"andes-table__header andes-table__header--left ui-vpp-striped-specs__row__column ui-vpp-striped-specs__row__column--id\" scope=\"row\">\n<div class=\"andes-table__header__container\">Comprimento x Largura x Altura<\/div>\n<\/th>\n<td id=\":Rafj5pakp7de:\" class=\"andes-table__column andes-table__column--left andes-table__column--vertical-align-center ui-vpp-striped-specs__row__column\"><span id=\":Rafj5pakp7de:-value\" class=\"andes-table__column--value\">188 cm x 88 cm x 39 cm<\/span><\/td>\n<\/tr>\n<\/tbody>\n<\/table>\n<\/div>\n<div class=\"ui-vpp-striped-specs__table\">\n<h3 class=\"ui-vpp-striped-specs__header\">Montagem<\/h3>\n<table class=\"andes-table\">\n<tbody class=\"andes-table__body\">\n<tr class=\"andes-table__row ui-vpp-striped-specs__row\">\n<th class=\"andes-table__header andes-table__header--left ui-vpp-striped-specs__row__column ui-vpp-striped-specs__row__column--id\" scope=\"row\">\n<div class=\"andes-table__header__container\">Requer montagem<\/div>\n<\/th>\n<td id=\":Rknl5pakp7de:\" class=\"andes-table__column andes-table__column--left andes-table__column--vertical-align-center ui-vpp-striped-specs__row__column\"><span id=\":Rknl5pakp7de:-value\" class=\"andes-table__column--value\">Sim<\/span><\/td>\n<\/tr>\n<tr class=\"andes-table__row ui-vpp-striped-specs__row\">\n<th class=\"andes-table__header andes-table__header--left ui-vpp-striped-specs__row__column ui-vpp-striped-specs__row__column--id\" scope=\"row\">\n<div class=\"andes-table__header__container\">Inclui manual de montagem<\/div>\n<\/th>\n<td id=\":Rkrl5pakp7de:\" class=\"andes-table__column andes-table__column--left andes-table__column--vertical-align-center ui-vpp-striped-specs__row__column\"><span id=\":Rkrl5pakp7de:-value\" class=\"andes-table__column--value\">N\u00e3o<\/span><\/td>\n<\/tr>\n<\/tbody>\n<\/table>\n<\/div>\n<div class=\"ui-vpp-striped-specs__table\">\n<h3 class=\"ui-vpp-striped-specs__header\">Outros<\/h3>\n<table class=\"andes-table\">\n<tbody class=\"andes-table__body\">\n<tr class=\"andes-table__row ui-vpp-striped-specs__row\">\n<th class=\"andes-table__header andes-table__header--left ui-vpp-striped-specs__row__column ui-vpp-striped-specs__row__column--id\" scope=\"row\">\n<div class=\"andes-table__header__container\">Com base dividida<\/div>\n<\/th>\n<td id=\":R197n5pakp7de:\" class=\"andes-table__column andes-table__column--left andes-table__column--vertical-align-center ui-vpp-striped-specs__row__column\"><span id=\":R197n5pakp7de:-value\" class=\"andes-table__column--value\">N\u00e3o<\/span><\/td>\n<\/tr>\n<tr class=\"andes-table__row ui-vpp-striped-specs__row\">\n<th class=\"andes-table__header andes-table__header--left ui-vpp-striped-specs__row__column ui-vpp-striped-specs__row__column--id\" scope=\"row\">\n<div class=\"andes-table__header__container\">\u00c9 dobr\u00e1vel<\/div>\n<\/th>\n<td id=\":R19bn5pakp7de:\" class=\"andes-table__column andes-table__column--left andes-table__column--vertical-align-center ui-vpp-striped-specs__row__column\"><span id=\":R19bn5pakp7de:-value\" class=\"andes-table__column--value\">N\u00e3o<\/span><\/td>\n<\/tr>\n<tr class=\"andes-table__row ui-vpp-striped-specs__row\">\n<th class=\"andes-table__header andes-table__header--left ui-vpp-striped-specs__row__column ui-vpp-striped-specs__row__column--id\" scope=\"row\">\n<div class=\"andes-table__header__container\">Com gavetas<\/div>\n<\/th>\n<td id=\":R19fn5pakp7de:\" class=\"andes-table__column andes-table__column--left andes-table__column--vertical-align-center ui-vpp-striped-specs__row__column\"><span id=\":R19fn5pakp7de:-value\" class=\"andes-table__column--value\">N\u00e3o<\/span><\/td>\n<\/tr>\n<tr class=\"andes-table__row ui-vpp-striped-specs__row\">\n<th class=\"andes-table__header andes-table__header--left ui-vpp-striped-specs__row__column ui-vpp-striped-specs__row__column--id\" scope=\"row\">\n<div class=\"andes-table__header__container\">Com ba\u00fa<\/div>\n<\/th>\n<td id=\":R19jn5pakp7de:\" class=\"andes-table__column andes-table__column--left andes-table__column--vertical-align-center ui-vpp-striped-specs__row__column\"><span id=\":R19jn5pakp7de:-value\" class=\"andes-table__column--value\">Sim<\/span><\/td>\n<\/tr>\n<\/tbody>\n<\/table>\n<\/div>\n<\/div>\n<\/div>\n<\/div>\n<\/div>\n<\/div>\n<\/section>\n<\/div>\n<\/div>\n<div class=\"ui-pdp-container__row\">\n<div class=\"ui-pdp-container__col col-1 pl-24 pr-24\"><\/div>\n<\/div>\n<div class=\"ui-pdp-container__row\">\n<div class=\"ui-pdp-container__col col-1\">\n<div class=\"ui-pdp-container__row ui-pdp-with--separator--fluid ui-pdp-with--separator--40-24\">\n<div class=\"ui-pdp-container__col col-1 pl-24 pr-24 vertical-gallery\">\n<div class=\"ui-pdp-vertical-gallery\">\n<h2 class=\"ui-pdp-vertical-gallery__title\">Fotos do produto<\/h2>\n<div class=\"ui-pdp-vertical-gallery__container\">\n<div class=\"ui-pdp-vertical-gallery__image-container\"><a class=\"ui-pdp-vertical-gallery__tap\" href=\"https:\/\/http2.mlstatic.com\/D_Q_NP_889374-MLA85466501047_052025-F.webp\"><img decoding=\"async\" class=\"ui-pdp-image ui-pdp-vertical-gallery__image ui-pdp-vertical-gallery__image--horizontal\" src=\"https:\/\/http2.mlstatic.com\/D_Q_NP_889374-MLA85466501047_052025-F.webp\" srcset=\"https:\/\/http2.mlstatic.com\/D_Q_NP_889374-MLA85466501047_052025-F.webp 1200w, https:\/\/http2.mlstatic.com\/D_Q_NP_889374-MLA85466501047_052025-C.webp 400w, https:\/\/http2.mlstatic.com\/D_Q_NP_889374-MLA85466501047_052025-V.webp 320w, https:\/\/http2.mlstatic.com\/D_Q_NP_889374-MLA85466501047_052025-B.webp 800w, https:\/\/http2.mlstatic.com\/D_Q_NP_889374-MLA85466501047_052025-L.webp 640w, https:\/\/http2.mlstatic.com\/D_Q_NP_2X_889374-MLA85466501047_052025-F.webp 2x\" alt=\"Base Ba\u00fa Linho Bege Solteiro (88x188x39) - Ortobom Linho\" \/><\/a><\/div>\n<div class=\"ui-pdp-vertical-gallery__image-container\"><a class=\"ui-pdp-vertical-gallery__tap\" href=\"https:\/\/http2.mlstatic.com\/D_Q_NP_710877-MLA85466501057_052025-F.webp\"><img decoding=\"async\" class=\"ui-pdp-image ui-pdp-vertical-gallery__image ui-pdp-vertical-gallery__image--horizontal\" src=\"https:\/\/http2.mlstatic.com\/D_Q_NP_710877-MLA85466501057_052025-F.webp\" srcset=\"https:\/\/http2.mlstatic.com\/D_Q_NP_710877-MLA85466501057_052025-F.webp 1200w, https:\/\/http2.mlstatic.com\/D_Q_NP_710877-MLA85466501057_052025-C.webp 400w, https:\/\/http2.mlstatic.com\/D_Q_NP_710877-MLA85466501057_052025-V.webp 320w, https:\/\/http2.mlstatic.com\/D_Q_NP_710877-MLA85466501057_052025-B.webp 800w, https:\/\/http2.mlstatic.com\/D_Q_NP_710877-MLA85466501057_052025-L.webp 640w, https:\/\/http2.mlstatic.com\/D_Q_NP_2X_710877-MLA85466501057_052025-F.webp 2x\" alt=\"Base Ba\u00fa Linho Bege Solteiro (88x188x39) - Ortobom Linho\" \/><\/a><\/div>\n<\/div>\n<\/div>\n<\/div>\n<\/div>\n<\/div>\n<\/div>\n<div class=\"ui-pdp-container__row\">\n<div class=\"ui-pdp-container__col col-1 pl-24 pr-24\">\n<div class=\"ui-pdp-collapsable mt-24 ui-pdp-description-collapse\">\n<div class=\"ui-pdp-collapsable__container\">\n<div id=\"description\" class=\"ui-pdp-description\">\n<h2 class=\"ui-pdp-description__title\" data-testid=\"title\">Descri\u00e7\u00e3o<\/h2>\n<p class=\"ui-pdp-description__content\" data-testid=\"content\">A Base Ba\u00fa Linho Bege (88x188x39) da Ortobom \u00e9 a solu\u00e7\u00e3o perfeita para quem busca funcionalidade e estilo no ambiente. Com um design moderno, esta base \u00e9 ideal para camas de solteiro, proporcionando um suporte firme e confort\u00e1vel. Sua estrutura em madeira de reflorestamento garante sustentabilidade, enquanto a espuma Pr\u00f3 Aditivada com Poliol \u00e0 base de soja assegura um conforto excepcional. O revestimento em linho confere um toque sofisticado e elegante, ideal para qualquer decora\u00e7\u00e3o. Inclui um jogo de p\u00e9s em PVC, que proporciona estabilidade e prote\u00e7\u00e3o ao piso. Vale destacar que a base requer montagem, mas n\u00e3o acompanha manual, tornando-a uma escolha pr\u00e1tica e funcional. Dispon\u00edvel na cor Linho, \u00e9 nova e nunca usada, garantindo qualidade e durabilidade para o seu descanso. A Base Ba\u00fa Linho Bege Ortobom \u00e9 a escolha certa para quem valoriza conforto e est\u00e9tica em um s\u00f3 produto.<\/p>\n<\/div>\n<\/div>\n<\/div>\n<\/div>\n<\/div>\n","protected":false},"excerpt":{"rendered":"<p>Caracter\u00edsticas do produto Caracter\u00edsticas principais Marca Ortobom Modelo Base Ba\u00fa Linho Bege Ortobom Cor Linho Tamanho Solteiro Dimens\u00f5es Comprimento x Largura x Altura 188 cm x 88 cm x 39<\/p>\n","protected":false},"featured_media":13987,"comment_status":"open","ping_status":"closed","template":"","meta":[],"product_brand":[],"product_cat":[241],"product_tag":[],"class_list":{"0":"post-13985","1":"product","2":"type-product","3":"status-publish","4":"has-post-thumbnail","6":"product_cat-quarto","7":"product_shipping_class-retirar-no-local","9":"first","10":"instock","11":"shipping-taxable","12":"purchasable","13":"product-type-simple"},"_links":{"self":[{"href":"http:\/\/ambrosioeletro.com.br\/v20\/wp-json\/wp\/v2\/product\/13985","targetHints":{"allow":["GET"]}}],"collection":[{"href":"http:\/\/ambrosioeletro.com.br\/v20\/wp-json\/wp\/v2\/product"}],"about":[{"href":"http:\/\/ambrosioeletro.com.br\/v20\/wp-json\/wp\/v2\/types\/product"}],"replies":[{"embeddable":true,"href":"http:\/\/ambrosioeletro.com.br\/v20\/wp-json\/wp\/v2\/comments?post=13985"}],"wp:featuredmedia":[{"embeddable":true,"href":"http:\/\/ambrosioeletro.com.br\/v20\/wp-json\/wp\/v2\/media\/13987"}],"wp:attachment":[{"href":"http:\/\/ambrosioeletro.com.br\/v20\/wp-json\/wp\/v2\/media?parent=13985"}],"wp:term":[{"taxonomy":"product_brand","embeddable":true,"href":"http:\/\/ambrosioeletro.com.br\/v20\/wp-json\/wp\/v2\/product_brand?post=13985"},{"taxonomy":"product_cat","embeddable":true,"href":"http:\/\/ambrosioeletro.com.br\/v20\/wp-json\/wp\/v2\/product_cat?post=13985"},{"taxonomy":"product_tag","embeddable":true,"href":"http:\/\/ambrosioeletro.com.br\/v20\/wp-json\/wp\/v2\/product_tag?post=13985"}],"curies":[{"name":"wp","href":"https:\/\/api.w.org\/{rel}","templated":true}]}}