{"id":14157,"date":"2025-10-28T12:03:50","date_gmt":"2025-10-28T15:03:50","guid":{"rendered":"https:\/\/ambrosioeletro.com.br\/v20\/?post_type=product&#038;p=14157"},"modified":"2026-04-16T17:47:19","modified_gmt":"2026-04-16T20:47:19","slug":"guarda-roupa-casal-3-portas-com-espelho-sao-paulo-gold-cinamomo-off-white-leifer-moveis","status":"publish","type":"product","link":"http:\/\/ambrosioeletro.com.br\/v20\/produto\/guarda-roupa-casal-3-portas-com-espelho-sao-paulo-gold-cinamomo-off-white-leifer-moveis\/","title":{"rendered":"Guarda Roupa Casal 3 Portas com Espelho S\u00e3o Paulo Gold Cinamomo Off White &#8211; Leifer M\u00f3veis"},"content":{"rendered":"<p>Guarda Roupa Casal 3 Portas com Espelho S\u00e3o Paulo Gold Cinamomo Off White \u2013 Leifer M\u00f3veis<\/p>\n<p>Deixe seu quarto ainda mais elegante com o melhor pre\u00e7o! Apresentamos este lindo Guarda Roupas S\u00e3o Paulo Gold desenvolvido pela Leifer M\u00f3veis. Possui fabrica\u00e7\u00e3o em 100% MDF, portas de correr, espelho na porta central e amplo espa\u00e7o interno. Perfeito para organizar todas as suas roupas e acess\u00f3rios com praticidade. Confira mais detalhes na descri\u00e7\u00e3o e aproveite!<\/p>\n<p>&#8211; Desenvolvido em 100% MDF<br \/>\n&#8211; Acabamento em pintura UV<br \/>\n&#8211; 3 Portas de correr<br \/>\n&#8211; Espelho na porta central<br \/>\n&#8211; Puxadores em alum\u00ednio bronze<br \/>\n&#8211; 6 Gavetas com corredi\u00e7as telesc\u00f3picas e puxadores<br \/>\n&#8211; 5 Prateleiras<br \/>\n&#8211; Cabideiros em alum\u00ednio<br \/>\n&#8211; Espa\u00e7os para cal\u00e7ados<br \/>\n&#8211; Amplo espa\u00e7o interno<br \/>\n&#8211; Lindo design<\/p>\n<p>Dimens\u00f5es:<br \/>\nAltura: 230 cm<br \/>\nLargura: 276,5 cm<br \/>\nProfundidade: 55,5 cm<\/p>\n<p>&#8211; N\u00e3o realizamos a montagem ou instala\u00e7\u00e3o do produto, por\u00e9m acompanha manual de instru\u00e7\u00f5es.<br \/>\n&#8211; Toda mercadoria segue segurada contra qualquer sinistro, em caso de anormalidade, recuse.<br \/>\n&#8211; Conferir a quantidade de volumes.<br \/>\n&#8211; As caixas ou pacotes possuem identifica\u00e7\u00e3o com o nome, cidade e quantidades de volumes relativos \u00e0 compra para confer\u00eancia do recebedor.<\/p>\n","protected":false},"excerpt":{"rendered":"<p>Guarda Roupa Casal 3 Portas com Espelho S\u00e3o Paulo Gold Cinamomo Off White \u2013 Leifer M\u00f3veis Deixe seu quarto ainda mais elegante com o melhor pre\u00e7o! Apresentamos este lindo Guarda<\/p>\n","protected":false},"featured_media":14158,"comment_status":"open","ping_status":"closed","template":"","meta":[],"product_brand":[],"product_cat":[227,241],"product_tag":[],"class_list":{"0":"post-14157","1":"product","2":"type-product","3":"status-publish","4":"has-post-thumbnail","6":"product_cat-moveis","7":"product_cat-quarto","8":"product_shipping_class-retirar-no-local","10":"first","11":"instock","12":"shipping-taxable","13":"purchasable","14":"product-type-simple"},"_links":{"self":[{"href":"http:\/\/ambrosioeletro.com.br\/v20\/wp-json\/wp\/v2\/product\/14157","targetHints":{"allow":["GET"]}}],"collection":[{"href":"http:\/\/ambrosioeletro.com.br\/v20\/wp-json\/wp\/v2\/product"}],"about":[{"href":"http:\/\/ambrosioeletro.com.br\/v20\/wp-json\/wp\/v2\/types\/product"}],"replies":[{"embeddable":true,"href":"http:\/\/ambrosioeletro.com.br\/v20\/wp-json\/wp\/v2\/comments?post=14157"}],"wp:featuredmedia":[{"embeddable":true,"href":"http:\/\/ambrosioeletro.com.br\/v20\/wp-json\/wp\/v2\/media\/14158"}],"wp:attachment":[{"href":"http:\/\/ambrosioeletro.com.br\/v20\/wp-json\/wp\/v2\/media?parent=14157"}],"wp:term":[{"taxonomy":"product_brand","embeddable":true,"href":"http:\/\/ambrosioeletro.com.br\/v20\/wp-json\/wp\/v2\/product_brand?post=14157"},{"taxonomy":"product_cat","embeddable":true,"href":"http:\/\/ambrosioeletro.com.br\/v20\/wp-json\/wp\/v2\/product_cat?post=14157"},{"taxonomy":"product_tag","embeddable":true,"href":"http:\/\/ambrosioeletro.com.br\/v20\/wp-json\/wp\/v2\/product_tag?post=14157"}],"curies":[{"name":"wp","href":"https:\/\/api.w.org\/{rel}","templated":true}]}}