{"id":14161,"date":"2025-10-28T12:15:33","date_gmt":"2025-10-28T15:15:33","guid":{"rendered":"https:\/\/ambrosioeletro.com.br\/v20\/?post_type=product&#038;p=14161"},"modified":"2026-04-02T09:54:12","modified_gmt":"2026-04-02T12:54:12","slug":"guarda-roupa-milano-3-pts-com-espelho-leifer-moveis-ltda","status":"publish","type":"product","link":"http:\/\/ambrosioeletro.com.br\/v20\/produto\/guarda-roupa-milano-3-pts-com-espelho-leifer-moveis-ltda\/","title":{"rendered":"Guarda Roupa Milano 3 Pts Com Espelho &#8211; Leifer M\u00f3veis Ltda"},"content":{"rendered":"<div class=\"relative px-md overflow-hidden border-on-surface-8 after:pointer-events-none after:absolute after:bottom-[0] after:left-[0] after:h-[72px] after:w-full after:bg-gradient-to-b after:from-[#FFFFFF00] after:to-[#FFFFFF] md:after:content-none md:px-lg max-md:border-b-thin\" data-testid=\"tab-product-detail\">\n<h2 class=\"text-on-surface-2 font-md-bold md:font-title-large-highlight md:mb-md\" data-testid=\"product-details-title\">Descri\u00e7\u00e3o e ficha t\u00e9cnica<\/h2>\n<div data-testid=\"product-detail\">\n<div class=\"mt-md font-xsm-regular\" data-testid=\"product-detail-description\">\n<p>Guarda Roupa Milano 3 Pts com Espelho100%MDF Leifer M\u00f3veis<\/p>\n<p>100%MDF<\/p>\n<p>Puxadores em madeira<\/p>\n<p>Corredi\u00e7as telesc\u00f3picas<\/p>\n<p>Interno na cor do produto<\/p>\n<p>Com espelho<\/p>\n<p>Medidas do produto<\/p>\n<p>Altura:2,18cm<\/p>\n<p>Largura:2,11cm<\/p>\n<p>Profundidade:0,52cm<\/p>\n<p>O envio deste produto \u00e9 feito atrav\u00e9s da transportadora.<\/p>\n<p>Objetos de decora\u00e7\u00e3o n\u00e3o fazem parte do an\u00fancio.<\/p>\n<p>Garantia do fornecedor \u00e9 de 90 dias para defeitos de fabrica\u00e7\u00e3o.<\/p>\n<p>N\u00e3o fornecemos servi\u00e7os de montagem sendo assim de total responsabilidade do comprador. Antes de finalizar sua compra certifique que a medida do seu ambiente \u00e9 compat\u00edvel com as medidas do produto.<\/p>\n<\/div>\n<\/div>\n<\/div>\n<div class=\"hidden border-on-surface-8 md:px-lg md:block md:py-md\" data-testid=\"tab-product-factsheet\">\n<h2 class=\"text-on-surface-2 font-md-bold md:font-title-large-highlight md:mb-md\" data-testid=\"product-factsheet-title\">Ficha T\u00e9cnica<\/h2>\n<div class=\"pt-2xsm\">\n<table class=\"w-full list-none\" data-testid=\"table-factsheet\">\n<tbody>\n<tr class=\"text-on-surface-3 even:bg-surface-container-lower\">\n<td class=\"px-md py-sm align-top font-xsm-bold table-cell w-1\/2\" data-testid=\"table-factsheet-key\">Cor<\/td>\n<td class=\"list-item w-full px-md py-sm align-top font-xsm-regular\">Cinamomo &#8211; Cinamomo\/Off White<\/td>\n<\/tr>\n<tr class=\"text-on-surface-3 even:bg-surface-container-lower\">\n<td class=\"px-md py-sm align-top font-xsm-bold table-cell w-1\/2\" data-testid=\"table-factsheet-key\">Dimens\u00f5es do Produto<\/td>\n<td class=\"list-item w-full px-md py-sm align-top font-xsm-regular\">Altura:2,18cm Largura:2,11cm Profundidade:0,52cm<\/td>\n<\/tr>\n<tr class=\"text-on-surface-3 even:bg-surface-container-lower\">\n<td class=\"px-md py-sm align-top font-xsm-bold table-cell w-1\/2\" data-testid=\"table-factsheet-key\">Marca<\/td>\n<td class=\"list-item w-full px-md py-sm align-top font-xsm-regular\"><a class=\"underline hover:text-interaction-default\" href=\"https:\/\/www.magazineluiza.com.br\/marcas\/leifer-moveis-ltda\/\">Leifer<\/a><\/td>\n<\/tr>\n<tr class=\"text-on-surface-3 even:bg-surface-container-lower\">\n<td class=\"px-md py-sm align-top font-xsm-bold table-cell w-1\/2\" data-testid=\"table-factsheet-key\">Material da Estrutura<\/td>\n<td class=\"list-item w-full px-md py-sm align-top font-xsm-regular\">100%MDF<\/td>\n<\/tr>\n<tr class=\"text-on-surface-3 even:bg-surface-container-lower\">\n<td class=\"px-md py-sm align-top font-xsm-bold table-cell w-1\/2\" data-testid=\"table-factsheet-key\">Modelo<\/td>\n<td class=\"list-item w-full px-md py-sm align-top font-xsm-regular\">Milano<\/td>\n<\/tr>\n<tr class=\"text-on-surface-3 even:bg-surface-container-lower\">\n<td class=\"px-md py-sm align-top font-xsm-bold table-cell w-1\/2\" data-testid=\"table-factsheet-key\"><\/td>\n<td class=\"list-item w-full px-md py-sm align-top font-xsm-regular\"><\/td>\n<\/tr>\n<tr class=\"text-on-surface-3 even:bg-surface-container-lower\">\n<td class=\"px-md py-sm align-top font-xsm-bold table-cell w-1\/2\" data-testid=\"table-factsheet-key\">Quantidade de Portas<\/td>\n<td class=\"list-item w-full px-md py-sm align-top font-xsm-regular\">3<\/td>\n<\/tr>\n<tr class=\"text-on-surface-3 even:bg-surface-container-lower\">\n<td class=\"px-md py-sm align-top font-xsm-bold table-cell w-1\/2\" data-testid=\"table-factsheet-key\">Tipo de M\u00f3vel<\/td>\n<td class=\"list-item w-full px-md py-sm align-top font-xsm-regular\">Guarda-roupa<\/td>\n<\/tr>\n<\/tbody>\n<\/table>\n<\/div>\n<\/div>\n","protected":false},"excerpt":{"rendered":"<p>Descri\u00e7\u00e3o e ficha t\u00e9cnica Guarda Roupa Milano 3 Pts com Espelho100%MDF Leifer M\u00f3veis 100%MDF Puxadores em madeira Corredi\u00e7as telesc\u00f3picas Interno na cor do produto Com espelho Medidas do produto Altura:2,18cm<\/p>\n","protected":false},"featured_media":14164,"comment_status":"open","ping_status":"closed","template":"","meta":[],"product_brand":[],"product_cat":[227,241],"product_tag":[],"class_list":{"0":"post-14161","1":"product","2":"type-product","3":"status-publish","4":"has-post-thumbnail","6":"product_cat-moveis","7":"product_cat-quarto","8":"product_shipping_class-retirar-no-local","10":"first","11":"instock","12":"shipping-taxable","13":"purchasable","14":"product-type-simple"},"_links":{"self":[{"href":"http:\/\/ambrosioeletro.com.br\/v20\/wp-json\/wp\/v2\/product\/14161","targetHints":{"allow":["GET"]}}],"collection":[{"href":"http:\/\/ambrosioeletro.com.br\/v20\/wp-json\/wp\/v2\/product"}],"about":[{"href":"http:\/\/ambrosioeletro.com.br\/v20\/wp-json\/wp\/v2\/types\/product"}],"replies":[{"embeddable":true,"href":"http:\/\/ambrosioeletro.com.br\/v20\/wp-json\/wp\/v2\/comments?post=14161"}],"wp:featuredmedia":[{"embeddable":true,"href":"http:\/\/ambrosioeletro.com.br\/v20\/wp-json\/wp\/v2\/media\/14164"}],"wp:attachment":[{"href":"http:\/\/ambrosioeletro.com.br\/v20\/wp-json\/wp\/v2\/media?parent=14161"}],"wp:term":[{"taxonomy":"product_brand","embeddable":true,"href":"http:\/\/ambrosioeletro.com.br\/v20\/wp-json\/wp\/v2\/product_brand?post=14161"},{"taxonomy":"product_cat","embeddable":true,"href":"http:\/\/ambrosioeletro.com.br\/v20\/wp-json\/wp\/v2\/product_cat?post=14161"},{"taxonomy":"product_tag","embeddable":true,"href":"http:\/\/ambrosioeletro.com.br\/v20\/wp-json\/wp\/v2\/product_tag?post=14161"}],"curies":[{"name":"wp","href":"https:\/\/api.w.org\/{rel}","templated":true}]}}