{"id":14198,"date":"2025-11-11T10:20:15","date_gmt":"2025-11-11T13:20:15","guid":{"rendered":"https:\/\/ambrosioeletro.com.br\/v20\/?post_type=product&#038;p=14198"},"modified":"2026-04-02T10:00:42","modified_gmt":"2026-04-02T13:00:42","slug":"fogao-4-bocas-atlas-monaco-plus-branco-com-acendimento-automatico-e-mesa-inox-atlas-eletrodomesticos","status":"publish","type":"product","link":"http:\/\/ambrosioeletro.com.br\/v20\/produto\/fogao-4-bocas-atlas-monaco-plus-branco-com-acendimento-automatico-e-mesa-inox-atlas-eletrodomesticos\/","title":{"rendered":"Fog\u00e3o 4 Bocas Atlas M\u00f4naco Plus com Acendimento Autom\u00e1tico e Mesa Inox &#8211; ATLAS ELETRODOM\u00c9STICOS"},"content":{"rendered":"<div class=\"relative px-md overflow-hidden border-on-surface-8 after:pointer-events-none after:absolute after:bottom-[0] after:left-[0] after:h-[72px] after:w-full after:bg-gradient-to-b after:from-[#FFFFFF00] after:to-[#FFFFFF] md:after:content-none md:px-lg max-md:border-b-thin\" data-testid=\"tab-product-detail\">\n<h2 class=\"text-on-surface-2 font-md-bold md:font-title-large-highlight md:mb-md\" data-testid=\"product-details-title\">Descri\u00e7\u00e3o e ficha t\u00e9cnica<\/h2>\n<div data-testid=\"product-detail\">\n<div class=\"mt-md font-xsm-regular\" data-testid=\"product-detail-description\">Para quem gosta de cozinhar, ter em casa um bom fog\u00e3o \u00e9 indispens\u00e1vel, e sabendo disso a Atlas conta com uma variedade de modelos, que atende a todos os tipos de necessidade, desde as pessoas que moram sozinhas at\u00e9 as grandes fam\u00edlias. Por isso vale a pena conferir o fog\u00e3o M\u00f4naco Plus 4 bocas da Atlas. Ele tem acendimento autom\u00e1tico e grades deslizantes que v\u00e3o garantir mais seguran\u00e7a durante o preparo dos alimentos. O forno conta com tecnologia limpa f\u00e1cil e sua mesa possui material de inox. Isso tudo sem contar que ele est\u00e1 dispon\u00edvel na cor branco e possui classifica\u00e7\u00e3o energ\u00e9tica A que garante mais economia na sua conta de energia. E tem mais, seus p\u00e9s altos v\u00e3o oferecer mais praticidade na hora da limpeza. Leve agora esse fog\u00e3o e tenha mais desempenho e modernidade na sua cozinha!<\/div>\n<\/div>\n<\/div>\n<div class=\"hidden border-on-surface-8 md:px-lg md:block md:py-md\" data-testid=\"tab-product-factsheet\">\n<h2 class=\"text-on-surface-2 font-md-bold md:font-title-large-highlight md:mb-md\" data-testid=\"product-factsheet-title\">Ficha T\u00e9cnica<\/h2>\n<div class=\"pt-2xsm\">\n<table class=\"w-full list-none\" data-testid=\"table-factsheet\">\n<tbody>\n<tr class=\"text-on-surface-3 even:bg-surface-container-lower\">\n<td class=\"px-md py-sm align-top font-xsm-bold table-cell w-1\/2\" data-testid=\"table-factsheet-key\">Marca<\/td>\n<td class=\"list-item w-full px-md py-sm align-top font-xsm-regular\"><a class=\"underline hover:text-interaction-default\" href=\"https:\/\/www.magazineluiza.com.br\/marcas\/atlas\/\">Atlas<\/a><\/td>\n<\/tr>\n<tr class=\"text-on-surface-3 even:bg-surface-container-lower\">\n<td class=\"px-md py-sm align-top font-xsm-bold table-cell w-1\/2\" data-testid=\"table-factsheet-key\">Refer\u00eancia<\/td>\n<td class=\"list-item w-full px-md py-sm align-top font-xsm-regular\">300000713<\/td>\n<\/tr>\n<tr class=\"text-on-surface-3 even:bg-surface-container-lower\">\n<td class=\"px-md py-sm align-top font-xsm-bold table-cell w-1\/2\" data-testid=\"table-factsheet-key\">Modelo<\/td>\n<td class=\"list-item w-full px-md py-sm align-top font-xsm-regular\">M\u00f4naco Plus<\/td>\n<\/tr>\n<tr class=\"text-on-surface-3 even:bg-surface-container-lower\">\n<td class=\"px-md py-sm align-top font-xsm-bold table-cell w-1\/2\" data-testid=\"table-factsheet-key\">Instala\u00e7\u00e3o<\/td>\n<td class=\"list-item w-full px-md py-sm align-top font-xsm-regular\">Piso<\/td>\n<\/tr>\n<tr class=\"text-on-surface-3 even:bg-surface-container-lower\">\n<td class=\"px-md py-sm align-top font-xsm-bold table-cell w-1\/2\" data-testid=\"table-factsheet-key\">Quantidade de Bocas<\/td>\n<td class=\"list-item w-full px-md py-sm align-top font-xsm-regular\">4<\/td>\n<\/tr>\n<tr class=\"text-on-surface-3 even:bg-surface-container-lower\">\n<td class=\"px-md py-sm align-top font-xsm-bold table-cell w-1\/2\" data-testid=\"table-factsheet-key\">Alimenta\u00e7\u00e3o<\/td>\n<td class=\"list-item w-full px-md py-sm align-top font-xsm-regular\">a G\u00e1s<\/td>\n<\/tr>\n<tr class=\"text-on-surface-3 even:bg-surface-container-lower\">\n<td class=\"px-md py-sm align-top font-xsm-bold table-cell w-1\/2\" data-testid=\"table-factsheet-key\">Tipo de G\u00e1s<\/td>\n<td class=\"list-item w-full px-md py-sm align-top font-xsm-regular\">GLP<\/td>\n<\/tr>\n<tr class=\"text-on-surface-3 even:bg-surface-container-lower\">\n<td class=\"px-md py-sm align-top font-xsm-bold table-cell w-1\/2\" data-testid=\"table-factsheet-key\">Sistema de G\u00e1s Convers\u00edvel<\/td>\n<td class=\"list-item w-full px-md py-sm align-top font-xsm-regular\">para GN &#8211; &#8220;Para maiores informa\u00e7\u00f5es, entrar em contato com o SAC do fornecedor.&#8221;<\/td>\n<\/tr>\n<tr class=\"text-on-surface-3 even:bg-surface-container-lower\">\n<td class=\"px-md py-sm align-top font-xsm-bold table-cell w-1\/2\" data-testid=\"table-factsheet-key\">Tipo de Acendimento<\/td>\n<td class=\"list-item w-full px-md py-sm align-top font-xsm-regular\">Autom\u00e1tico<\/td>\n<\/tr>\n<tr class=\"text-on-surface-3 even:bg-surface-container-lower\">\n<td class=\"px-md py-sm align-top font-xsm-bold table-cell w-1\/2\" data-testid=\"table-factsheet-key\">Material da Mesa<\/td>\n<td class=\"list-item w-full px-md py-sm align-top font-xsm-regular\">Inox<\/td>\n<\/tr>\n<tr class=\"text-on-surface-3 even:bg-surface-container-lower\">\n<td class=\"px-md py-sm align-top font-xsm-bold table-cell w-1\/2\" data-testid=\"table-factsheet-key\">Tipo de Mesa<\/td>\n<td class=\"list-item w-full px-md py-sm align-top font-xsm-regular\">Lisa<\/td>\n<\/tr>\n<tr class=\"text-on-surface-3 even:bg-surface-container-lower\">\n<td class=\"px-md py-sm align-top font-xsm-bold table-cell w-1\/2\" data-testid=\"table-factsheet-key\">Grades<\/td>\n<td class=\"list-item w-full px-md py-sm align-top font-xsm-regular\">&#8211; Deslizante<\/td>\n<\/tr>\n<tr class=\"text-on-surface-3 even:bg-surface-container-lower\">\n<td class=\"px-md py-sm align-top font-xsm-bold table-cell w-1\/2\" data-testid=\"table-factsheet-key\">Bot\u00f5es<\/td>\n<td class=\"list-item w-full px-md py-sm align-top font-xsm-regular\">Remov\u00edveis<\/td>\n<\/tr>\n<tr class=\"text-on-surface-3 even:bg-surface-container-lower\">\n<td class=\"px-md py-sm align-top font-xsm-bold table-cell w-1\/2\" data-testid=\"table-factsheet-key\">Tipo de Forno<\/td>\n<td class=\"list-item w-full px-md py-sm align-top font-xsm-regular\">Acendimento Autom\u00e1tico &#8211; Visor amplo &#8211; Limpa f\u00e1cil vidro interno remov\u00edvel<\/td>\n<\/tr>\n<tr class=\"text-on-surface-3 even:bg-surface-container-lower\">\n<td class=\"px-md py-sm align-top font-xsm-bold table-cell w-1\/2\" data-testid=\"table-factsheet-key\">Alimenta\u00e7\u00e3o do Forno<\/td>\n<td class=\"list-item w-full px-md py-sm align-top font-xsm-regular\">G\u00e1s<\/td>\n<\/tr>\n<tr class=\"text-on-surface-3 even:bg-surface-container-lower\">\n<td class=\"px-md py-sm align-top font-xsm-bold table-cell w-1\/2\" data-testid=\"table-factsheet-key\">Caracter\u00edsticas do Forno<\/td>\n<td class=\"list-item w-full px-md py-sm align-top font-xsm-regular\">Acendimento autom\u00e1tico<\/td>\n<\/tr>\n<tr class=\"text-on-surface-3 even:bg-surface-container-lower\">\n<td class=\"px-md py-sm align-top font-xsm-bold table-cell w-1\/2\" data-testid=\"table-factsheet-key\">Capacidade do Forno<\/td>\n<td class=\"list-item w-full px-md py-sm align-top font-xsm-regular\">50L<\/td>\n<\/tr>\n<tr class=\"text-on-surface-3 even:bg-surface-container-lower\">\n<td class=\"px-md py-sm align-top font-xsm-bold table-cell w-1\/2\" data-testid=\"table-factsheet-key\">Prateleiras<\/td>\n<td class=\"list-item w-full px-md py-sm align-top font-xsm-regular\">1 Deslizante<\/td>\n<\/tr>\n<tr class=\"text-on-surface-3 even:bg-surface-container-lower\">\n<td class=\"px-md py-sm align-top font-xsm-bold table-cell w-1\/2\" data-testid=\"table-factsheet-key\">Temperatura do Forno<\/td>\n<td class=\"list-item w-full px-md py-sm align-top font-xsm-regular\">190\u00b0C at\u00e9 290\u00b0C<\/td>\n<\/tr>\n<tr class=\"text-on-surface-3 even:bg-surface-container-lower\">\n<td class=\"px-md py-sm align-top font-xsm-bold table-cell w-1\/2\" data-testid=\"table-factsheet-key\">Prote\u00e7\u00e3o t\u00e9rmica<\/td>\n<td class=\"list-item w-full px-md py-sm align-top font-xsm-regular\">Isolante nas partes laterais Superior Prote\u00e7\u00e3o na traseira<\/td>\n<\/tr>\n<tr class=\"text-on-surface-3 even:bg-surface-container-lower\">\n<td class=\"px-md py-sm align-top font-xsm-bold table-cell w-1\/2\" data-testid=\"table-factsheet-key\">Mecanismo de Seguran\u00e7a<\/td>\n<td class=\"list-item w-full px-md py-sm align-top font-xsm-regular\">Sistema Bloqueia G\u00e1s<\/td>\n<\/tr>\n<tr class=\"text-on-surface-3 even:bg-surface-container-lower\">\n<td class=\"px-md py-sm align-top font-xsm-bold table-cell w-1\/2\" data-testid=\"table-factsheet-key\">P\u00e9s<\/td>\n<td class=\"list-item w-full px-md py-sm align-top font-xsm-regular\">Fixo e mais alto<\/td>\n<\/tr>\n<tr class=\"text-on-surface-3 even:bg-surface-container-lower\">\n<td class=\"px-md py-sm align-top font-xsm-bold table-cell w-1\/2\" data-testid=\"table-factsheet-key\">Efici\u00eancia Energ\u00e9tica<\/td>\n<td class=\"list-item w-full px-md py-sm align-top font-xsm-regular\">A<\/td>\n<\/tr>\n<tr class=\"text-on-surface-3 even:bg-surface-container-lower\">\n<td class=\"px-md py-sm align-top font-xsm-bold table-cell w-1\/2\" data-testid=\"table-factsheet-key\">Voltagem<\/td>\n<td class=\"list-item w-full px-md py-sm align-top font-xsm-regular\">Bivolt<\/td>\n<\/tr>\n<tr class=\"text-on-surface-3 even:bg-surface-container-lower\">\n<td class=\"px-md py-sm align-top font-xsm-bold table-cell w-1\/2\" data-testid=\"table-factsheet-key\">Tipo de Tomada<\/td>\n<td class=\"list-item w-full px-md py-sm align-top font-xsm-regular\">10A<\/td>\n<\/tr>\n<tr class=\"text-on-surface-3 even:bg-surface-container-lower\">\n<td class=\"px-md py-sm align-top font-xsm-bold table-cell w-1\/2\" data-testid=\"table-factsheet-key\">Material<\/td>\n<td class=\"list-item w-full px-md py-sm align-top font-xsm-regular\">A\u00e7o e vidro<\/td>\n<\/tr>\n<tr class=\"text-on-surface-3 even:bg-surface-container-lower\">\n<td class=\"px-md py-sm align-top font-xsm-bold table-cell w-1\/2\" data-testid=\"table-factsheet-key\">Cor<\/td>\n<td class=\"list-item w-full px-md py-sm align-top font-xsm-regular\">Branco<\/td>\n<\/tr>\n<tr class=\"text-on-surface-3 even:bg-surface-container-lower\">\n<td class=\"px-md py-sm align-top font-xsm-bold table-cell w-1\/2\" data-testid=\"table-factsheet-key\">Certificado Homologado pelo Inmetro N\u00famero<\/td>\n<td class=\"list-item w-full px-md py-sm align-top font-xsm-regular\">000156\/2020<\/td>\n<\/tr>\n<tr class=\"text-on-surface-3 even:bg-surface-container-lower\">\n<td class=\"px-md py-sm align-top font-xsm-bold table-cell w-1\/2\" data-testid=\"table-factsheet-key\">Peso do Produto<\/td>\n<td class=\"list-item w-full px-md py-sm align-top font-xsm-regular\">17,9kg<\/td>\n<\/tr>\n<tr class=\"text-on-surface-3 even:bg-surface-container-lower\">\n<td class=\"px-md py-sm align-top font-xsm-bold table-cell w-1\/2\" data-testid=\"table-factsheet-key\">Peso do Produto com Embalagem<\/td>\n<td class=\"list-item w-full px-md py-sm align-top font-xsm-regular\">19,7kg<\/td>\n<\/tr>\n<tr class=\"text-on-surface-3 even:bg-surface-container-lower\">\n<td class=\"px-md py-sm align-top font-xsm-bold table-cell w-1\/2\" data-testid=\"table-factsheet-key\">Dimens\u00f5es do Produto<\/td>\n<td class=\"list-item w-full px-md py-sm align-top font-xsm-regular\">Largura: 48cm Altura: 88,60cm Profundidade: 58,50cm<\/td>\n<\/tr>\n<tr class=\"text-on-surface-3 even:bg-surface-container-lower\">\n<td class=\"px-md py-sm align-top font-xsm-bold table-cell w-1\/2\" data-testid=\"table-factsheet-key\">Dimens\u00f5es do Produto com Embalagem<\/td>\n<td class=\"list-item w-full px-md py-sm align-top font-xsm-regular\">Largura:49,6cm Altura:89,5cm Profundidade:59,5cm<\/td>\n<\/tr>\n<tr class=\"text-on-surface-3 even:bg-surface-container-lower\">\n<td class=\"px-md py-sm align-top font-xsm-bold table-cell w-1\/2\" data-testid=\"table-factsheet-key\">Prazo de Garantia<\/td>\n<td class=\"list-item w-full px-md py-sm align-top font-xsm-regular\">01 ano (3 meses de garantia legal e mais 9 meses de garantia especial concedida pelo fabricante).<\/td>\n<\/tr>\n<tr class=\"text-on-surface-3 even:bg-surface-container-lower\">\n<td class=\"px-md py-sm align-top font-xsm-bold table-cell w-1\/2\" data-testid=\"table-factsheet-key\">SAC do Fornecedor<\/td>\n<td class=\"list-item w-full px-md py-sm align-top font-xsm-regular\">sac@atlas.ind.br<\/td>\n<\/tr>\n<\/tbody>\n<\/table>\n<\/div>\n<\/div>\n","protected":false},"excerpt":{"rendered":"<p>Descri\u00e7\u00e3o e ficha t\u00e9cnica Para quem gosta de cozinhar, ter em casa um bom fog\u00e3o \u00e9 indispens\u00e1vel, e sabendo disso a Atlas conta com uma variedade de modelos, que atende<\/p>\n","protected":false},"featured_media":14199,"comment_status":"open","ping_status":"closed","template":"","meta":[],"product_brand":[],"product_cat":[232],"product_tag":[],"class_list":{"0":"post-14198","1":"product","2":"type-product","3":"status-publish","4":"has-post-thumbnail","6":"product_cat-cozinha","7":"product_shipping_class-retirar-no-local","9":"first","10":"instock","11":"shipping-taxable","12":"purchasable","13":"product-type-simple"},"_links":{"self":[{"href":"http:\/\/ambrosioeletro.com.br\/v20\/wp-json\/wp\/v2\/product\/14198","targetHints":{"allow":["GET"]}}],"collection":[{"href":"http:\/\/ambrosioeletro.com.br\/v20\/wp-json\/wp\/v2\/product"}],"about":[{"href":"http:\/\/ambrosioeletro.com.br\/v20\/wp-json\/wp\/v2\/types\/product"}],"replies":[{"embeddable":true,"href":"http:\/\/ambrosioeletro.com.br\/v20\/wp-json\/wp\/v2\/comments?post=14198"}],"wp:featuredmedia":[{"embeddable":true,"href":"http:\/\/ambrosioeletro.com.br\/v20\/wp-json\/wp\/v2\/media\/14199"}],"wp:attachment":[{"href":"http:\/\/ambrosioeletro.com.br\/v20\/wp-json\/wp\/v2\/media?parent=14198"}],"wp:term":[{"taxonomy":"product_brand","embeddable":true,"href":"http:\/\/ambrosioeletro.com.br\/v20\/wp-json\/wp\/v2\/product_brand?post=14198"},{"taxonomy":"product_cat","embeddable":true,"href":"http:\/\/ambrosioeletro.com.br\/v20\/wp-json\/wp\/v2\/product_cat?post=14198"},{"taxonomy":"product_tag","embeddable":true,"href":"http:\/\/ambrosioeletro.com.br\/v20\/wp-json\/wp\/v2\/product_tag?post=14198"}],"curies":[{"name":"wp","href":"https:\/\/api.w.org\/{rel}","templated":true}]}}