{"id":14217,"date":"2025-11-12T10:18:38","date_gmt":"2025-11-12T13:18:38","guid":{"rendered":"https:\/\/ambrosioeletro.com.br\/v20\/?post_type=product&#038;p=14217"},"modified":"2026-04-02T17:33:51","modified_gmt":"2026-04-02T20:33:51","slug":"lava-e-seca-midea-healthguard-smart-13kg-branca-127v","status":"publish","type":"product","link":"http:\/\/ambrosioeletro.com.br\/v20\/produto\/lava-e-seca-midea-healthguard-smart-13kg-branca-127v\/","title":{"rendered":"Lava e Seca Midea HealthGuard Smart 13kg Branca 127V"},"content":{"rendered":"<div id=\"productDetails_feature_div\" class=\"celwidget\" data-feature-name=\"productDetailsMainCopy\" data-csa-c-type=\"widget\" data-csa-c-content-id=\"productDetailsMainCopy\" data-csa-c-slot-id=\"productDetails_feature_div\" data-csa-c-asin=\"\" data-csa-c-is-in-initial-active-row=\"false\" data-csa-c-id=\"4i9yfe-jritgi-eryam5-xz7ksx\" data-cel-widget=\"productDetails_feature_div\">\n<div>\n<div id=\"prodDetails\" class=\"a-section a-spacing-none\">\n<h2>Especifica\u00e7\u00f5es do produto<\/h2>\n<div class=\"a-row\">\n<div class=\"a-column a-span12 a-span-last\">\n<div class=\"a-row a-spacing-top-base\">\n<div class=\"a-column a-span6\">\n<div class=\"a-row a-spacing-base\">\n<div class=\"a-row a-expander-container a-expander-extend-container\">\n<div class=\"a-row\">\n<div class=\"a-column a-span6\">\n<h1 class=\"a-size-medium a-spacing-small\">Detalhes t\u00e9cnicos<\/h1>\n<\/div>\n<\/div>\n<div class=\"a-expander-content a-expander-extend-content\" data-expanded=\"true\">\n<div class=\"a-row a-expander-container a-expander-inline-container\">\n<div class=\"a-expander-content a-expander-section-content a-section-expander-inner\" data-expanded=\"true\">\n<table id=\"productDetails_techSpec_section_1\" class=\"a-keyvalue prodDetTable\">\n<tbody>\n<tr>\n<th class=\"a-color-secondary a-size-base prodDetSectionEntry\">Op\u00e7\u00f5es de ciclo<\/th>\n<td class=\"a-size-base prodDetAttrValue\">\u200eLavagem r\u00e1pida, Secagem temporizada<\/td>\n<\/tr>\n<tr>\n<th class=\"a-color-secondary a-size-base prodDetSectionEntry\">Tens\u00e3o<\/th>\n<td class=\"a-size-base prodDetAttrValue\">\u200e110 Volts<\/td>\n<\/tr>\n<tr>\n<th class=\"a-color-secondary a-size-base prodDetSectionEntry\">Tipo de controles<\/th>\n<td class=\"a-size-base prodDetAttrValue\">\u200eToque<\/td>\n<\/tr>\n<tr>\n<th class=\"a-color-secondary a-size-base prodDetSectionEntry\">Local de acesso<\/th>\n<td class=\"a-size-base prodDetAttrValue\">\u200eCarga frontal<\/td>\n<\/tr>\n<tr>\n<th class=\"a-color-secondary a-size-base prodDetSectionEntry\">Peso do produto<\/th>\n<td class=\"a-size-base prodDetAttrValue\">\u200e69 Quilogramas<\/td>\n<\/tr>\n<tr>\n<th class=\"a-color-secondary a-size-base prodDetSectionEntry\">Componentes inclu\u00eddos<\/th>\n<td class=\"a-size-base prodDetAttrValue\">\u200eMaquina de lavar, mangueira de entrada de \u00e1gua, tamp\u00f5es de fechamento, suporte para mangueira de sa\u00edda de \u00e1gua, protetor para rato e manual do usu\u00e1rio.<\/td>\n<\/tr>\n<tr>\n<th class=\"a-color-secondary a-size-base prodDetSectionEntry\">N\u00famero de ciclos de secagem<\/th>\n<td class=\"a-size-base prodDetAttrValue\">\u200e1<\/td>\n<\/tr>\n<tr>\n<th class=\"a-color-secondary a-size-base prodDetSectionEntry\">N\u00famero de ciclos de lavagem<\/th>\n<td class=\"a-size-base prodDetAttrValue\">\u200e4<\/td>\n<\/tr>\n<tr>\n<th class=\"a-color-secondary a-size-base prodDetSectionEntry\">Material do tambor do aparelho de lavagem de roupa<\/th>\n<td class=\"a-size-base prodDetAttrValue\">\u200ea\u00e7o<\/td>\n<\/tr>\n<tr>\n<th class=\"a-color-secondary a-size-base prodDetSectionEntry\">Modo de opera\u00e7\u00e3o<\/th>\n<td class=\"a-size-base prodDetAttrValue\">\u200eautom\u00e1tico<\/td>\n<\/tr>\n<tr>\n<th class=\"a-color-secondary a-size-base prodDetSectionEntry\">Nome da marca<\/th>\n<td class=\"a-size-base prodDetAttrValue\">\u200eMidea<\/td>\n<\/tr>\n<tr>\n<th class=\"a-color-secondary a-size-base prodDetSectionEntry\">Informa\u00e7\u00f5es do modelo<\/th>\n<td class=\"a-size-base prodDetAttrValue\">\u200eMF200D130WB\/WK-01<\/td>\n<\/tr>\n<tr>\n<th class=\"a-color-secondary a-size-base prodDetSectionEntry\">Certifica\u00e7\u00e3o<\/th>\n<td class=\"a-size-base prodDetAttrValue\">\u200e013065\/2022<\/td>\n<\/tr>\n<tr>\n<th class=\"a-color-secondary a-size-base prodDetSectionEntry\">Dimens\u00f5es do produto<\/th>\n<td class=\"a-size-base prodDetAttrValue\">\u200e62 x 59,5 x 85 cm; 69 quilogramas<\/td>\n<\/tr>\n<tr>\n<th class=\"a-color-secondary a-size-base prodDetSectionEntry\">Efici\u00eancia<\/th>\n<td class=\"a-size-base prodDetAttrValue\">\u200eA<\/td>\n<\/tr>\n<tr>\n<th class=\"a-color-secondary a-size-base prodDetSectionEntry\">N\u00famero da Pe\u00e7a<\/th>\n<td class=\"a-size-base prodDetAttrValue\">\u200eMF200D130WB\/WK-01<\/td>\n<\/tr>\n<tr>\n<th class=\"a-color-secondary a-size-base prodDetSectionEntry\">Combust\u00edvel<\/th>\n<td class=\"a-size-base prodDetAttrValue\">\u200eeletricidade<\/td>\n<\/tr>\n<tr>\n<th class=\"a-color-secondary a-size-base prodDetSectionEntry\">Funciona a bateria ou pilha?<\/th>\n<td class=\"a-size-base prodDetAttrValue\">\u200eN\u00e3o<\/td>\n<\/tr>\n<tr>\n<th class=\"a-color-secondary a-size-base prodDetSectionEntry\">Fabricante<\/th>\n<td class=\"a-size-base prodDetAttrValue\">\u200eMidea<\/td>\n<\/tr>\n<tr>\n<th class=\"a-color-secondary a-size-base prodDetSectionEntry\">N\u00famero do modelo<\/th>\n<td class=\"a-size-base prodDetAttrValue\">\u200eMF200D130WB\/WK-01<\/td>\n<\/tr>\n<tr>\n<th class=\"a-color-secondary a-size-base prodDetSectionEntry\">ASIN<\/th>\n<td class=\"a-size-base prodDetAttrValue\">\u200eB0CJSYHGQG<\/td>\n<\/tr>\n<\/tbody>\n<\/table>\n<\/div>\n<\/div>\n<\/div>\n<\/div>\n<\/div>\n<div class=\"a-row a-spacing-base\"><\/div>\n<\/div>\n<div class=\"a-column a-span6 a-span-last\">\n<div class=\"a-row a-spacing-base\">\n<div id=\"productDetails_db_sections\" class=\"a-section\">\n<h1 class=\"a-size-medium a-spacing-small secHeader\">Informa\u00e7\u00f5es adicionais<\/h1>\n<div class=\"a-section table-padding\">\n<table id=\"productDetails_detailBullets_sections1\" class=\"a-keyvalue prodDetTable\">\n<tbody>\n<tr>\n<th class=\"a-color-secondary a-size-base prodDetSectionEntry\">Avalia\u00e7\u00f5es de clientes<\/th>\n<td class=\"a-size-base\">\n<div id=\"averageCustomerReviews\" data-asin=\"B0CJSYHGQG\" data-ref=\"dpx_acr_pop_\"><span class=\"a-declarative\" data-action=\"acrStarsLink-click-metrics\" data-acrstarslink-click-metrics=\"{}\"><span id=\"acrPopover\" class=\"reviewCountTextLinkedHistogram noUnderline\" title=\"4,0 de 5 estrelas\"><a class=\"a-popover-trigger a-declarative\" role=\"button\"><span class=\"a-size-base a-color-base\" aria-hidden=\"true\">4,0\u00a0<\/span><i class=\"a-icon a-icon-star a-star-4 cm-cr-review-stars-spacing-big\"><span class=\"a-icon-alt\">4,0 de 5 estrelas<\/span><\/i>\u00a0<i class=\"a-icon a-icon-popover\"><\/i><\/a>\u00a0\u00a0<\/span><\/span>\u00a0<span class=\"a-declarative\" data-action=\"acrLink-click-metrics\" data-acrlink-click-metrics=\"{}\"><a id=\"acrCustomerReviewLink\" class=\"a-link-normal\" href=\"https:\/\/www.amazon.com.br\/Midea-HealthGuard-Conectada-MF200D130WB-WK-01-127v\/dp\/B0CJSYHGQG\/ref=asc_df_B0CJSYHGQG?mcid=cb1bd494e59e33b1869c03db6d75955c&amp;tag=googleshopp00-20&amp;linkCode=df0&amp;hvadid=709857067626&amp;hvpos=&amp;hvnetw=g&amp;hvrand=17333365500479801737&amp;hvpone=&amp;hvptwo=&amp;hvqmt=&amp;hvdev=c&amp;hvdvcmdl=&amp;hvlocint=&amp;hvlocphy=9217736&amp;hvtargid=pla-2246770282023&amp;psc=1&amp;language=pt_BR&amp;gad_source=4#averageCustomerReviewsAnchor\"><span id=\"acrCustomerReviewText\" class=\"a-size-base\" aria-label=\"18 An\u00e1lises\">18 avalia\u00e7\u00f5es de clientes<\/span><\/a><\/span><\/div>\n<p>4,0 de 5 estrelas<\/td>\n<\/tr>\n<tr>\n<th class=\"a-color-secondary a-size-base prodDetSectionEntry\">Ranking dos mais vendidos<\/th>\n<td>\n<ul class=\"a-unordered-list a-nostyle a-vertical\">\n<li><span class=\"a-list-item\">N\u00ba 394 em Eletrodom\u00e9sticos (<a href=\"https:\/\/www.amazon.com.br\/gp\/bestsellers\/appliances\/ref=pd_zg_ts_appliances\">Conhe\u00e7a o Top 100 na categoria Eletrodom\u00e9sticos<\/a>)<\/span><\/li>\n<li><span class=\"a-list-item\">N\u00ba 19 em\u00a0<a href=\"https:\/\/www.amazon.com.br\/gp\/bestsellers\/appliances\/16745395011\/ref=pd_zg_hrsr_appliances\">M\u00e1quinas Lava e Seca<\/a><\/span><\/li>\n<\/ul>\n<\/td>\n<\/tr>\n<tr>\n<th class=\"a-color-secondary a-size-base prodDetSectionEntry\">Dispon\u00edvel para compra desde<\/th>\n<td class=\"a-size-base prodDetAttrValue\">25 setembro 2023<\/td>\n<\/tr>\n<\/tbody>\n<\/table>\n<\/div>\n<\/div>\n<\/div>\n<div class=\"a-section\">\n<div class=\"a-row a-spacing-top-base\"><\/div>\n<div class=\"a-row a-spacing-top-base\"><\/div>\n<\/div>\n<\/div>\n<\/div>\n<\/div>\n<\/div>\n<\/div>\n<\/div>\n<\/div>\n<div id=\"productDocuments_feature_div\" class=\"celwidget\" data-feature-name=\"productDocuments\" data-csa-c-type=\"widget\" data-csa-c-content-id=\"productDocuments\" data-csa-c-slot-id=\"productDocuments_feature_div\" data-csa-c-asin=\"\" data-csa-c-is-in-initial-active-row=\"false\" data-csa-c-id=\"bzz07b-ih98ew-nge8ho-iq6qfo\" data-cel-widget=\"productDocuments_feature_div\"><\/div>\n<div id=\"px-profile_feature_div\" class=\"celwidget\" data-feature-name=\"px-profile\" data-csa-c-type=\"widget\" data-csa-c-content-id=\"px-profile\" data-csa-c-slot-id=\"px-profile_feature_div\" data-csa-c-asin=\"\" data-csa-c-is-in-initial-active-row=\"false\" data-csa-c-id=\"2p2s3n-x0kiuv-kydr3d-kkfzsg\" data-cel-widget=\"px-profile_feature_div\"><\/div>\n<div id=\"legal_feature_div\" class=\"celwidget\" data-feature-name=\"legal\" data-csa-c-type=\"widget\" data-csa-c-content-id=\"legal\" data-csa-c-slot-id=\"legal_feature_div\" data-csa-c-asin=\"\" data-csa-c-is-in-initial-active-row=\"false\" data-csa-c-id=\"mmwktd-z6gfyk-3ljgp3-9k2jj3\" data-cel-widget=\"legal_feature_div\"><\/div>\n<div id=\"cpsiaProductSafetyWarning_feature_div\" class=\"celwidget\" data-feature-name=\"cpsiaProductSafetyWarning\" data-csa-c-type=\"widget\" data-csa-c-content-id=\"cpsiaProductSafetyWarning\" data-csa-c-slot-id=\"cpsiaProductSafetyWarning_feature_div\" data-csa-c-asin=\"\" data-csa-c-is-in-initial-active-row=\"false\" data-csa-c-id=\"vpt395-yn7yaj-eso1hk-uy1odv\" data-cel-widget=\"cpsiaProductSafetyWarning_feature_div\">\n<div class=\"celwidget c-f\" data-csa-op-log-render=\"\" data-csa-c-content-id=\"DsUnknown\" data-csa-c-slot-id=\"DsUnknown-1\" data-csa-c-type=\"widget\" data-csa-c-painter=\"dp-cpsia-product-safety-warning-cards\" data-csa-c-id=\"pcr477-wq6cg1-r73hju-64xch\" data-cel-widget=\"dp-cpsia-product-safety-warning_DetailPage_0\">\n<div id=\"CardInstance346Zv_r1vj32zp65WT5d3g\" data-card-metrics-id=\"dp-cpsia-product-safety-warning_DetailPage_0\"><\/div>\n<\/div>\n<\/div>\n<div id=\"buffetServiceCard_feature_div\" class=\"celwidget\" data-feature-name=\"buffetServiceCard\" data-csa-c-type=\"widget\" data-csa-c-content-id=\"buffetServiceCard\" data-csa-c-slot-id=\"buffetServiceCard_feature_div\" data-csa-c-asin=\"\" data-csa-c-is-in-initial-active-row=\"false\" data-csa-c-id=\"f713kn-qua0tp-hpez83-l7irdz\" data-cel-widget=\"buffetServiceCard_feature_div\">\n<div class=\"celwidget c-f\" data-csa-op-log-render=\"\" data-csa-c-content-id=\"DsUnknown\" data-csa-c-slot-id=\"DsUnknown-2\" data-csa-c-type=\"widget\" data-csa-c-painter=\"buffet-disclaimers-card-cards\" data-csa-c-id=\"e9u23x-k1n2en-rz91ds-lnc5dl\" data-cel-widget=\"buffet-disclaimers-card_DetailPage_1\">\n<div id=\"CardInstanceQNJnF_ssTCxLcp88g5b7Yg\" data-card-metrics-id=\"buffet-disclaimers-card_DetailPage_1\" data-acp-tracking=\"{}\" data-mix-claimed=\"true\"><\/div>\n<\/div>\n<\/div>\n<div id=\"climatePledgeFriendlyBTF_feature_div\" class=\"celwidget\" data-feature-name=\"climatePledgeFriendlyBTF\" data-csa-c-type=\"widget\" data-csa-c-content-id=\"climatePledgeFriendlyBTF\" data-csa-c-slot-id=\"climatePledgeFriendlyBTF_feature_div\" data-csa-c-asin=\"\" data-csa-c-is-in-initial-active-row=\"false\" data-csa-c-id=\"6rt5sq-83hfo8-wxles7-89obh1\" data-cel-widget=\"climatePledgeFriendlyBTF_feature_div\"><\/div>\n<div id=\"renewedProgramDescriptionBtf_feature_div\" class=\"celwidget\" data-feature-name=\"renewedProgramDescriptionBtf\" data-csa-c-type=\"widget\" data-csa-c-content-id=\"renewedProgramDescriptionBtf\" data-csa-c-slot-id=\"renewedProgramDescriptionBtf_feature_div\" data-csa-c-asin=\"\" data-csa-c-is-in-initial-active-row=\"false\" data-csa-c-id=\"sgd4h1-31qm05-nf6nan-fwyptc\" data-cel-widget=\"renewedProgramDescriptionBtf_feature_div\"><\/div>\n<div id=\"postPurchaseSideSheet_MP_feature_div\" class=\"celwidget\" data-feature-name=\"postPurchaseSideSheet_MP\" data-csa-c-type=\"widget\" data-csa-c-content-id=\"postPurchaseSideSheet_MP\" data-csa-c-slot-id=\"postPurchaseSideSheet_MP_feature_div\" data-csa-c-asin=\"\" data-csa-c-is-in-initial-active-row=\"false\" data-csa-c-id=\"6n4mpj-491tq5-q4e7bi-25myen\" data-cel-widget=\"postPurchaseSideSheet_MP_feature_div\"><\/div>\n<div id=\"postPurchaseWhatsInTheBox_MP_feature_div\" class=\"celwidget\" data-feature-name=\"postPurchaseWhatsInTheBox_MP\" data-csa-c-type=\"widget\" data-csa-c-content-id=\"postPurchaseWhatsInTheBox_MP\" data-csa-c-slot-id=\"postPurchaseWhatsInTheBox_MP_feature_div\" data-csa-c-asin=\"\" data-csa-c-is-in-initial-active-row=\"false\" data-csa-c-id=\"40hbxr-omovha-7rf23r-j8zor0\" data-cel-widget=\"postPurchaseWhatsInTheBox_MP_feature_div\"><\/div>\n<div id=\"productDescription_feature_div\" class=\"celwidget\" data-feature-name=\"productDescription\" data-csa-c-type=\"widget\" data-csa-c-content-id=\"productDescription\" data-csa-c-slot-id=\"productDescription_feature_div\" data-csa-c-asin=\"\" data-csa-c-is-in-initial-active-row=\"false\" data-csa-c-id=\"dpiyov-5v8clg-a4jitd-9pnkf8\" data-cel-widget=\"productDescription_feature_div\">\n<div>\n<div id=\"productDescription_feature_div\" class=\"a-row feature\" data-feature-name=\"productDescription\" data-template-name=\"productDescription\" data-cel-widget=\"productDescription_feature_div\">\n<div class=\"a-divider a-divider-section\">\n<div class=\"a-divider-inner\"><\/div>\n<\/div>\n<h2 class=\"default\">Descri\u00e7\u00e3o do produto<\/h2>\n<div id=\"productDescription\" class=\"a-section a-spacing-small\">\n<p>A Lava e seca HealthGuard Smart 13kg Midea \u00e9 mais do que uma aliada na lavanderia! Cuida e proporciona m\u00e1ximo cuidado com roupas e seu bem-estar. Com a tecnologia exclusiva HealthGuard, proporciona limpeza e esteriliza\u00e7\u00e3o profundas nos programas pr\u00e9-selecionados. Possui conectividade via app, conex\u00e3o wifi e comando de voz, onde \u00e9 poss\u00edvel controlar sua m\u00e1quina \u00e0 qualquer hora e lugar. Com motor Inverter Quattro, proporciona um ambiente mais sil\u00eancioso e com mais economia. Al\u00e9m de ser super completa com 14 programas e 9 fun\u00e7\u00f5es, possui Painel Touch e bot\u00e3o Lunar , que integra as fun\u00e7\u00f5es do bot\u00e3o e da tela, oferecendo uma experi\u00eancia \u00fanica na sua lavanderia.Al\u00e9m de Fun\u00e7\u00e3o Turbo,oferecendo ciclos 40%* mais r\u00e1pidos. Conta com limpeza do tambor e Spray, que remove todos os res\u00edduos de sab\u00e3o da porta e das roupas, promovendo uma limpeza abrangente.<\/p>\n<\/div>\n<\/div>\n<\/div>\n<\/div>\n","protected":false},"excerpt":{"rendered":"<p>Especifica\u00e7\u00f5es do produto Detalhes t\u00e9cnicos Op\u00e7\u00f5es de ciclo \u200eLavagem r\u00e1pida, Secagem temporizada Tens\u00e3o \u200e110 Volts Tipo de controles \u200eToque Local de acesso \u200eCarga frontal Peso do produto \u200e69 Quilogramas Componentes<\/p>\n","protected":false},"featured_media":14220,"comment_status":"open","ping_status":"closed","template":"","meta":[],"product_brand":[],"product_cat":[233,228],"product_tag":[],"class_list":{"0":"post-14217","1":"product","2":"type-product","3":"status-publish","4":"has-post-thumbnail","6":"product_cat-area-de-servico","7":"product_cat-eletroeletronicos","8":"product_shipping_class-retirar-no-local","10":"first","11":"instock","12":"shipping-taxable","13":"purchasable","14":"product-type-simple"},"_links":{"self":[{"href":"http:\/\/ambrosioeletro.com.br\/v20\/wp-json\/wp\/v2\/product\/14217","targetHints":{"allow":["GET"]}}],"collection":[{"href":"http:\/\/ambrosioeletro.com.br\/v20\/wp-json\/wp\/v2\/product"}],"about":[{"href":"http:\/\/ambrosioeletro.com.br\/v20\/wp-json\/wp\/v2\/types\/product"}],"replies":[{"embeddable":true,"href":"http:\/\/ambrosioeletro.com.br\/v20\/wp-json\/wp\/v2\/comments?post=14217"}],"wp:featuredmedia":[{"embeddable":true,"href":"http:\/\/ambrosioeletro.com.br\/v20\/wp-json\/wp\/v2\/media\/14220"}],"wp:attachment":[{"href":"http:\/\/ambrosioeletro.com.br\/v20\/wp-json\/wp\/v2\/media?parent=14217"}],"wp:term":[{"taxonomy":"product_brand","embeddable":true,"href":"http:\/\/ambrosioeletro.com.br\/v20\/wp-json\/wp\/v2\/product_brand?post=14217"},{"taxonomy":"product_cat","embeddable":true,"href":"http:\/\/ambrosioeletro.com.br\/v20\/wp-json\/wp\/v2\/product_cat?post=14217"},{"taxonomy":"product_tag","embeddable":true,"href":"http:\/\/ambrosioeletro.com.br\/v20\/wp-json\/wp\/v2\/product_tag?post=14217"}],"curies":[{"name":"wp","href":"https:\/\/api.w.org\/{rel}","templated":true}]}}