{"id":14239,"date":"2025-11-13T10:44:23","date_gmt":"2025-11-13T13:44:23","guid":{"rendered":"https:\/\/ambrosioeletro.com.br\/v20\/?post_type=product&#038;p=14239"},"modified":"2026-02-27T17:51:16","modified_gmt":"2026-02-27T20:51:16","slug":"geladeira-electrolux-if46s-frost-free-inverter-efficient-com-autosense-inox-look-410l-110v","status":"publish","type":"product","link":"http:\/\/ambrosioeletro.com.br\/v20\/produto\/geladeira-electrolux-if46s-frost-free-inverter-efficient-com-autosense-inox-look-410l-110v\/","title":{"rendered":"Geladeira Electrolux IF46S Frost Free Inverter Efficient com AutoSense Inox Look &#8211; 410L &#8211; 110V"},"content":{"rendered":"<div id=\"product-special-content-partner\" data-testid=\"product-special-content\">\n<div class=\"css-1n35da2\" data-component=\"special-content\" data-version=\"1.0.1-2\">\n<div class=\"css-1wb3f7s\">\n<div class=\"css-gbwsnk\"><img decoding=\"async\" src=\"https:\/\/imgs.via.com.br\/special-contents\/d0af2d74-ef56-4e1d-90fc-56a4571e6116\/b3af7408-76c2-4207-99e0-5df8a0d2d341.jpg\" alt=\"Tecnologia AutoSense: intelig\u00eancia que conserva A Geladeira IF46S Frost Free Inverter Efficient oferece uma conserva\u00e7\u00e3o inteligente dos alimentos. Gra\u00e7as \u00e0 tecnologia AutoSense, o refrigerador ajusta automaticamente a temperatura interna utilizando intelig\u00eancia artificial, garantindo que os alimentos durem at\u00e9 30% mais. Ideal para quem busca praticidade e efici\u00eancia no dia a dia.\" \/><\/div>\n<\/div>\n<\/div>\n<\/div>\n<div>\n<div id=\"product-description\">Tecnologia AutoSense: intelig\u00eancia que conserva<br \/>\nA Geladeira IF46S Frost Free Inverter Efficient oferece uma conserva\u00e7\u00e3o inteligente dos alimentos. Gra\u00e7as \u00e0 tecnologia AutoSense, o refrigerador ajusta automaticamente a temperatura interna utilizando intelig\u00eancia artificial, garantindo que os alimentos durem at\u00e9 30% mais. Ideal para quem busca praticidade e efici\u00eancia no dia a dia.HortiNatura e extra fresh: frescor redobrado<br \/>\nMantenha suas frutas e vegetais frescos por muito mais tempo com as tecnologias HortiNatura e Extra Fresh. O HortiNatura preserva o frescor dos alimentos por at\u00e9 2x mais, garantindo que seus alimentos mantenham a textura e o sabor por muito mais tempo. J\u00e1 o Extra Fresh absorve at\u00e9 90% do g\u00e1s etileno, retardando o amadurecimento dos vegetais e evitando o desperd\u00edcio. Com essas inova\u00e7\u00f5es, sua feira da semana ficar\u00e1 sempre com cara de rec\u00e9m-comprada.Efici\u00eancia e limpeza impec\u00e1vel<br \/>\nCom o Chill Room, a Geladeira IF46S gela comidas e bebidas com muito mais rapidez, ideal para momentos de pressa. J\u00e1 o filtro TasteGuard (vendido separadamente) elimina at\u00e9 9x mais r\u00e1pido os maus odores causados por bact\u00e9rias, garantindo que o interior da sua geladeira permane\u00e7a sempre fresco e livre de odores desagrad\u00e1veis.<\/p>\n<p>Design e Ilumina\u00e7\u00e3o: funcionalidade com eleg\u00e2ncia<br \/>\nA Geladeira IF46S conta com luz de LED interna, que proporciona melhor visualiza\u00e7\u00e3o dos alimentos com baixo consumo de energia. Seu design em Inox Look com puxadores embutidos traz um toque moderno e elegante para a cozinha, enquanto as prateleiras remov\u00edveis e os p\u00e9s niveladores garantem praticidade no uso di\u00e1rio.<\/p>\n<p>Organiza\u00e7\u00e3o e Conveni\u00eancia: mais praticidade ao seu alcance<br \/>\nMantenha seus alimentos organizados de maneira pr\u00e1tica com a bandeja de ovos, que acomoda at\u00e9 12 unidades. O alarme de porta aberta ajuda a prevenir desperd\u00edcios de energia, garantindo que sua geladeira permane\u00e7a eficiente e segura. Um refrigerador ideal para quem busca praticidade e efici\u00eancia no dia a dia.<\/p>\n<div class=\"css-cs5a0t\">\n<div class=\"dsvia-flex css-rtcfjm\" data-testid=\"dsvia-base-div\">\n<p class=\"dsvia-text css-bqvivw\">Capacidade de armazenagem total (L)<\/p>\n<p><span class=\"css-emfmc0\">410 L<\/span><\/p>\n<\/div>\n<\/div>\n<div class=\"css-cs5a0t\">\n<div class=\"dsvia-flex css-rtcfjm\" data-testid=\"dsvia-base-div\">\n<p class=\"dsvia-text css-bqvivw\">Consumo (kWh)<\/p>\n<p><span class=\"css-emfmc0\">42,4 (kWh\/M\u00eas)<\/span><\/p>\n<\/div>\n<\/div>\n<div class=\"css-cs5a0t\">\n<div class=\"dsvia-flex css-rtcfjm\" data-testid=\"dsvia-base-div\">\n<p class=\"dsvia-text css-bqvivw\">Capacidade de armazenagem do refrigerador (L)<\/p>\n<p><span class=\"css-emfmc0\">293 L<\/span><\/p>\n<\/div>\n<\/div>\n<div class=\"css-cs5a0t\">\n<div class=\"dsvia-flex css-rtcfjm\" data-testid=\"dsvia-base-div\">\n<p class=\"dsvia-text css-bqvivw\">Tens\u00e3o\/Voltagem<\/p>\n<p><span class=\"css-emfmc0\">110V-220V<\/span><\/p>\n<\/div>\n<\/div>\n<div class=\"css-cs5a0t\">\n<div class=\"dsvia-flex css-rtcfjm\" data-testid=\"dsvia-base-div\">\n<p class=\"dsvia-text css-bqvivw\">Capacidade de armazenagem do freezer (L)<\/p>\n<p><span class=\"css-emfmc0\">117 L<\/span><\/p>\n<\/div>\n<\/div>\n<div class=\"css-cs5a0t\">\n<div class=\"dsvia-flex css-rtcfjm\" data-testid=\"dsvia-base-div\">\n<p class=\"dsvia-text css-bqvivw\">Consumo de Energia<\/p>\n<p><span class=\"css-emfmc0\">N\u00e3o possui<\/span><\/p>\n<\/div>\n<\/div>\n<div class=\"css-cs5a0t\">\n<div class=\"dsvia-flex css-rtcfjm\" data-testid=\"dsvia-base-div\">\n<p class=\"dsvia-text css-bqvivw\">Cor<\/p>\n<p><span class=\"css-emfmc0\">Inox<\/span><\/p>\n<\/div>\n<\/div>\n<div class=\"css-cs5a0t\">\n<div class=\"dsvia-flex css-rtcfjm\" data-testid=\"dsvia-base-div\">\n<p class=\"dsvia-text css-bqvivw\">Garantia<\/p>\n<p><span class=\"css-emfmc0\">12 meses<\/span><\/p>\n<\/div>\n<\/div>\n<div class=\"css-cs5a0t\">\n<div class=\"dsvia-flex css-rtcfjm\" data-testid=\"dsvia-base-div\">\n<p class=\"dsvia-text css-bqvivw\">Efici\u00eancia Energ\u00e9tica<\/p>\n<p><span class=\"css-emfmc0\">A+++<\/span><\/p>\n<\/div>\n<\/div>\n<div class=\"css-1h51iw\">\n<div class=\"dsvia-flex css-rtcfjm\" data-testid=\"dsvia-base-div\">\n<p class=\"dsvia-text css-bqvivw\">Conte\u00fado da embalagem<\/p>\n<p><span class=\"css-emfmc0\">-Geladeira Electrolux IF46S Frost Free Inverter Efficient com AutoSense Inox Look &#8211; 410L;<br \/>\n-Porta Ovos;<br \/>\n-Forma de Gelo;<br \/>\n-Guia R\u00e1pido;<br \/>\n-Manual de Instru\u00e7\u00f5es.<br \/>\n<\/span><\/p>\n<\/div>\n<\/div>\n<div class=\"css-cs5a0t\">\n<div class=\"dsvia-flex css-rtcfjm\" data-testid=\"dsvia-base-div\">\n<p class=\"dsvia-text css-bqvivw\">Capacidade total<\/p>\n<p><span class=\"css-emfmc0\">De 401 a 500 litros<\/span><\/p>\n<\/div>\n<\/div>\n<div class=\"css-1h51iw\">\n<div class=\"dsvia-flex css-rtcfjm\" data-testid=\"dsvia-base-div\">\n<p class=\"dsvia-text css-bqvivw\">Observa\u00e7\u00f5es<\/p>\n<p><span class=\"css-emfmc0\">-ATEN\u00c7\u00c3O: O item \u00e9 composto APENAS pela Geladeira Electrolux IF46S Frost Free Inverter Efficient com AutoSense Inox Look &#8211; 410L. Os demais componentes nas imagens s\u00e3o apenas ilustrativos.<\/span><\/p>\n<p>-Este n\u00e3o \u00e9 um produto Bivolt.<br \/>\n-Escolha a op\u00e7\u00e3o de voltagem do produto: 110V ou 220V.<\/p>\n<\/div>\n<\/div>\n<div class=\"css-cs5a0t\">\n<div class=\"dsvia-flex css-rtcfjm\" data-testid=\"dsvia-base-div\">\n<p class=\"dsvia-text css-bqvivw\">Altura<\/p>\n<p><span class=\"css-emfmc0\">De 1,81 a 2,06 m<\/span><\/p>\n<\/div>\n<\/div>\n<div class=\"css-cs5a0t\">\n<div class=\"dsvia-flex css-rtcfjm\" data-testid=\"dsvia-base-div\">\n<p class=\"dsvia-text css-bqvivw\">Largura<\/p>\n<p><span class=\"css-emfmc0\">De 51 a 60,9 cm<\/span><\/p>\n<\/div>\n<\/div>\n<div class=\"css-cs5a0t\">\n<div class=\"dsvia-flex css-rtcfjm\" data-testid=\"dsvia-base-div\">\n<p class=\"dsvia-text css-bqvivw\">Profundidade<\/p>\n<p><span class=\"css-emfmc0\">De 71 a 80,9 cm<\/span><\/p>\n<\/div>\n<\/div>\n<div class=\"css-1h51iw\">\n<div class=\"dsvia-flex css-rtcfjm\" data-testid=\"dsvia-base-div\">\n<p class=\"dsvia-text css-bqvivw\">Entrega do Produto<\/p>\n<p><span class=\"css-emfmc0\">N\u00e3o nos responsabilizamos pelo transporte por escadas\/elevadores, guincho ou i\u00e7amento deste produto.-Todas as instru\u00e7\u00f5es, manuais e pe\u00e7as necess\u00e1rias para a montagem s\u00e3o fornecidas junto com o produto-n\u00e3o nos responsabilizamos pela instala\u00e7\u00e3o\/montagem<\/span><\/p>\n<\/div>\n<\/div>\n<\/div>\n<\/div>\n","protected":false},"excerpt":{"rendered":"<p>Tecnologia AutoSense: intelig\u00eancia que conserva A Geladeira IF46S Frost Free Inverter Efficient oferece uma conserva\u00e7\u00e3o inteligente dos alimentos. Gra\u00e7as \u00e0 tecnologia AutoSense, o refrigerador ajusta automaticamente a temperatura interna utilizando<\/p>\n","protected":false},"featured_media":14240,"comment_status":"open","ping_status":"closed","template":"","meta":[],"product_brand":[],"product_cat":[232,228],"product_tag":[],"class_list":{"0":"post-14239","1":"product","2":"type-product","3":"status-publish","4":"has-post-thumbnail","6":"product_cat-cozinha","7":"product_cat-eletroeletronicos","8":"product_shipping_class-retirar-no-local","10":"first","11":"instock","12":"shipping-taxable","13":"purchasable","14":"product-type-simple"},"_links":{"self":[{"href":"http:\/\/ambrosioeletro.com.br\/v20\/wp-json\/wp\/v2\/product\/14239","targetHints":{"allow":["GET"]}}],"collection":[{"href":"http:\/\/ambrosioeletro.com.br\/v20\/wp-json\/wp\/v2\/product"}],"about":[{"href":"http:\/\/ambrosioeletro.com.br\/v20\/wp-json\/wp\/v2\/types\/product"}],"replies":[{"embeddable":true,"href":"http:\/\/ambrosioeletro.com.br\/v20\/wp-json\/wp\/v2\/comments?post=14239"}],"wp:featuredmedia":[{"embeddable":true,"href":"http:\/\/ambrosioeletro.com.br\/v20\/wp-json\/wp\/v2\/media\/14240"}],"wp:attachment":[{"href":"http:\/\/ambrosioeletro.com.br\/v20\/wp-json\/wp\/v2\/media?parent=14239"}],"wp:term":[{"taxonomy":"product_brand","embeddable":true,"href":"http:\/\/ambrosioeletro.com.br\/v20\/wp-json\/wp\/v2\/product_brand?post=14239"},{"taxonomy":"product_cat","embeddable":true,"href":"http:\/\/ambrosioeletro.com.br\/v20\/wp-json\/wp\/v2\/product_cat?post=14239"},{"taxonomy":"product_tag","embeddable":true,"href":"http:\/\/ambrosioeletro.com.br\/v20\/wp-json\/wp\/v2\/product_tag?post=14239"}],"curies":[{"name":"wp","href":"https:\/\/api.w.org\/{rel}","templated":true}]}}