{"id":14241,"date":"2025-11-13T10:57:44","date_gmt":"2025-11-13T13:57:44","guid":{"rendered":"https:\/\/ambrosioeletro.com.br\/v20\/?post_type=product&#038;p=14241"},"modified":"2026-04-22T10:22:51","modified_gmt":"2026-04-22T13:22:51","slug":"sala-de-jantar-completa-com-6-cadeiras-180x090m-ilheus-leifer-moveis","status":"publish","type":"product","link":"http:\/\/ambrosioeletro.com.br\/v20\/produto\/sala-de-jantar-completa-com-6-cadeiras-180x090m-ilheus-leifer-moveis\/","title":{"rendered":"Conjunto Mesa de Jantar Completa com 6 Cadeiras 1,80&#215;0,90m &#8211; Ilh\u00e9us &#8211; Leifer M\u00f3veis"},"content":{"rendered":"<div class=\"relative px-md overflow-hidden border-on-surface-8 after:pointer-events-none after:absolute after:bottom-[0] after:left-[0] after:h-[72px] after:w-full after:bg-gradient-to-b after:from-[#FFFFFF00] after:to-[#FFFFFF] md:after:content-none md:px-lg max-md:border-b-thin\" data-testid=\"tab-product-detail\">\n<h2 class=\"text-on-surface-2 font-md-bold md:font-title-large-highlight md:mb-md\" data-testid=\"product-details-title\">Descri\u00e7\u00e3o e ficha t\u00e9cnica<\/h2>\n<div data-testid=\"product-detail\">\n<p class=\"mt-2xsm text-on-surface-4 font-xsm-regular\" data-testid=\"product-detail-code\">C\u00f3digo\u00a0baa54be670<\/p>\n<div class=\"mt-md font-xsm-regular\" data-testid=\"product-detail-description\">Sala de Jantar Completa com 6 Cadeiras 1,80&#215;0,90m &#8211; Ilh\u00e9us &#8211; Leifer M\u00f3veis<\/p>\n<p>Para uma sala de jantar receptiva e agrad\u00e1vel, \u00e9 preciso apostar nos m\u00f3veis certos, sejam eles para as refei\u00e7\u00f5es do dia a dia ou para as confraterniza\u00e7\u00f5es ao lado de familiares e amigos. Este conjunto esbanja modernidade na estrutura e design minimalista, tampo com bordas curvas, cadeiras com revestimento em tecido. Esta linda Sala de Jantar tem caracter\u00edsticas ideais para dar um upgrade na sua decora\u00e7\u00e3o, de quebra, reunir todo mundo para momentos mais intimistas e divertidos. Confira e aproveite!<\/p>\n<p>Faz parte do an\u00fancio:<br \/>\n1 Mesa de Jantar Ilh\u00e9us 1,80&#215;0,90<br \/>\n6 Cadeiras Ilh\u00e9us<br \/>\nObs. Objetos de decora\u00e7\u00e3o n\u00e3o inclusos<\/p>\n<p>Particularidades da Mesa:<br \/>\nCaracter\u00edsticas:<br \/>\n&#8211; Vidro serigrafado;<br \/>\n&#8211; Tampo copo;<br \/>\n&#8211; Estrutura em MDF;<br \/>\n&#8211; Base com pintura 3D<\/p>\n<p>Particularidades da Cadeira:<br \/>\nCaracter\u00edsticas:<br \/>\n&#8211; Bordado no encosto;<br \/>\n&#8211; Aplique curvo superior;<br \/>\n&#8211; Base e aplique em MDF;<br \/>\n&#8211; Peso m\u00e1ximo suportado 120kg;<br \/>\n&#8211; Assento e encosto com espuma D28;<\/p>\n<p>Dimens\u00f5es da Mesa:<br \/>\nAltura: 78 cent\u00edmetros<br \/>\nLargura: 1,80 metros<br \/>\nProfundidade: 90 cent\u00edmetros<\/p>\n<p>Dimens\u00f5es da Cadeira:<br \/>\nAltura: 100 cent\u00edmetros<br \/>\nLargura: 44 cent\u00edmetros<br \/>\nProfundidade: 60 cent\u00edmetros<\/p>\n<p>Informa\u00e7\u00f5es Importantes:.<br \/>\n-Produtos podem apresentar diferen\u00e7as de tonalidades entre a foto na tela e o produto real, devido a calibra\u00e7\u00e3o de cor de tela.<br \/>\n-Limpar com flanela ou pano macio. N\u00e3o utilizar \u00e1lcool. N\u00e3o utilizar produtos abrasivos ou corrosivos.<br \/>\n-N\u00f3s prezamos pela qualidade da entrega em primeiro lugar, trabalhamos com transportadoras altamente selecionadas e os melhores materiais de embalagem.<br \/>\n-A montagem \u00e9 de total responsabilidade do comprador. Antes de comprar, verifique o espa\u00e7o dispon\u00edvel para a montagem.<br \/>\n-Certifique-se de que o produto caiba em elevadores e v\u00e3os de escadas, n\u00e3o fazemos i\u00e7amentos. Quaisquer despesas deste tipo ficam a cargo do cliente<br \/>\n-Garantia de 3 meses contra defeitos de fabrica\u00e7\u00e3o.<\/p><\/div>\n<\/div>\n<\/div>\n<div class=\"hidden border-on-surface-8 md:px-lg md:block md:py-md\" data-testid=\"tab-product-factsheet\">\n<h2 class=\"text-on-surface-2 font-md-bold md:font-title-large-highlight md:mb-md\" data-testid=\"product-factsheet-title\">Ficha T\u00e9cnica<\/h2>\n<div class=\"pt-2xsm\">\n<table class=\"w-full list-none\" data-testid=\"table-factsheet\">\n<tbody>\n<tr class=\"text-on-surface-3 even:bg-surface-container-lower\">\n<td class=\"px-md py-sm align-top font-xsm-bold table-cell w-1\/2\" data-testid=\"table-factsheet-key\">Composi\u00e7\u00e3o da Sala de Estar<\/td>\n<td class=\"list-item w-full px-md py-sm align-top font-xsm-regular\">Mesa de Jantar e 6 Cadeiras<\/td>\n<\/tr>\n<tr class=\"text-on-surface-3 even:bg-surface-container-lower\">\n<td class=\"px-md py-sm align-top font-xsm-bold table-cell w-1\/2\" data-testid=\"table-factsheet-key\">Conte\u00fado da Embalagem<\/td>\n<td class=\"list-item w-full px-md py-sm align-top font-xsm-regular\">1 Mesa de Jantar Ilh\u00e9us 1,80&#215;0,90, 6 Cadeiras Ilh\u00e9us<\/td>\n<\/tr>\n<tr class=\"text-on-surface-3 even:bg-surface-container-lower\">\n<td class=\"px-md py-sm align-top font-xsm-bold table-cell w-1\/2\" data-testid=\"table-factsheet-key\">Dimens\u00f5es do Produto<\/td>\n<td class=\"list-item w-full px-md py-sm align-top font-xsm-regular\">Mesa: Altura: 78 cent\u00edmetros, Largura: 1,80 metros, Profundidade: 90 cent\u00edmetros; Cadeira: Altura: 100 cent\u00edmetros, Largura: 44 cent\u00edmetros, Profundidade: 60 cent\u00edmetros<\/td>\n<\/tr>\n<tr class=\"text-on-surface-3 even:bg-surface-container-lower\">\n<td class=\"px-md py-sm align-top font-xsm-bold table-cell w-1\/2\" data-testid=\"table-factsheet-key\">Marca<\/td>\n<td class=\"list-item w-full px-md py-sm align-top font-xsm-regular\"><a class=\"underline hover:text-interaction-default\" href=\"https:\/\/www.magazineluiza.com.br\/marcas\/leifer-moveis\/\">Leifer M\u00f3veis<\/a><\/td>\n<\/tr>\n<tr class=\"text-on-surface-3 even:bg-surface-container-lower\">\n<td class=\"px-md py-sm align-top font-xsm-bold table-cell w-1\/2\" data-testid=\"table-factsheet-key\">Material dos Componentes dos M\u00f3veis<\/td>\n<td class=\"list-item w-full px-md py-sm align-top font-xsm-regular\">MDF, Vidro, Tecido, Espuma D28<\/td>\n<\/tr>\n<tr class=\"text-on-surface-3 even:bg-surface-container-lower\">\n<td class=\"px-md py-sm align-top font-xsm-bold table-cell w-1\/2\" data-testid=\"table-factsheet-key\">Prazo de Garantia<\/td>\n<td class=\"list-item w-full px-md py-sm align-top font-xsm-regular\">3 meses<\/td>\n<\/tr>\n<tr class=\"text-on-surface-3 even:bg-surface-container-lower\">\n<td class=\"px-md py-sm align-top font-xsm-bold table-cell w-1\/2\" data-testid=\"table-factsheet-key\">Refer\u00eancia<\/td>\n<td class=\"list-item w-full px-md py-sm align-top font-xsm-regular\">Ilh\u00e9us<\/td>\n<\/tr>\n<\/tbody>\n<\/table>\n<\/div>\n<\/div>\n","protected":false},"excerpt":{"rendered":"<p>Descri\u00e7\u00e3o e ficha t\u00e9cnica C\u00f3digo\u00a0baa54be670 Sala de Jantar Completa com 6 Cadeiras 1,80&#215;0,90m &#8211; Ilh\u00e9us &#8211; Leifer M\u00f3veis Para uma sala de jantar receptiva e agrad\u00e1vel, \u00e9 preciso apostar nos<\/p>\n","protected":false},"featured_media":14243,"comment_status":"open","ping_status":"closed","template":"","meta":[],"product_brand":[],"product_cat":[232],"product_tag":[],"class_list":{"0":"post-14241","1":"product","2":"type-product","3":"status-publish","4":"has-post-thumbnail","6":"product_cat-cozinha","7":"product_shipping_class-retirar-no-local","9":"first","10":"instock","11":"shipping-taxable","12":"purchasable","13":"product-type-simple"},"_links":{"self":[{"href":"http:\/\/ambrosioeletro.com.br\/v20\/wp-json\/wp\/v2\/product\/14241","targetHints":{"allow":["GET"]}}],"collection":[{"href":"http:\/\/ambrosioeletro.com.br\/v20\/wp-json\/wp\/v2\/product"}],"about":[{"href":"http:\/\/ambrosioeletro.com.br\/v20\/wp-json\/wp\/v2\/types\/product"}],"replies":[{"embeddable":true,"href":"http:\/\/ambrosioeletro.com.br\/v20\/wp-json\/wp\/v2\/comments?post=14241"}],"wp:featuredmedia":[{"embeddable":true,"href":"http:\/\/ambrosioeletro.com.br\/v20\/wp-json\/wp\/v2\/media\/14243"}],"wp:attachment":[{"href":"http:\/\/ambrosioeletro.com.br\/v20\/wp-json\/wp\/v2\/media?parent=14241"}],"wp:term":[{"taxonomy":"product_brand","embeddable":true,"href":"http:\/\/ambrosioeletro.com.br\/v20\/wp-json\/wp\/v2\/product_brand?post=14241"},{"taxonomy":"product_cat","embeddable":true,"href":"http:\/\/ambrosioeletro.com.br\/v20\/wp-json\/wp\/v2\/product_cat?post=14241"},{"taxonomy":"product_tag","embeddable":true,"href":"http:\/\/ambrosioeletro.com.br\/v20\/wp-json\/wp\/v2\/product_tag?post=14241"}],"curies":[{"name":"wp","href":"https:\/\/api.w.org\/{rel}","templated":true}]}}