{"id":14319,"date":"2025-11-14T12:25:58","date_gmt":"2025-11-14T15:25:58","guid":{"rendered":"https:\/\/ambrosioeletro.com.br\/v20\/?post_type=product&#038;p=14319"},"modified":"2026-04-20T09:35:07","modified_gmt":"2026-04-20T12:35:07","slug":"estofado-de-canto-mp1908-veluto-marrom","status":"publish","type":"product","link":"http:\/\/ambrosioeletro.com.br\/v20\/produto\/estofado-de-canto-mp1908-veluto-marrom\/","title":{"rendered":"Estofado\/SOFA de Canto MP1908 VELUTO Marrom"},"content":{"rendered":"<div class=\"inf inf-50\">\n<div class=\"tit\">MP1908<\/div>\n<div class=\"txt\">\n<p><strong>Assento<\/strong><br \/>\nMola espiral, percinta el\u00e1stica e espuma D26 Pillow top com manta de poli\u00e9ster siliconada.<\/p>\n<p><strong>Encosto<\/strong><br \/>\nAlmofadas soltas mistas (fibras de poli\u00e9ster e flocos de espuma) e revestimento bordado com espuma D26.<\/p>\n<p><strong>Bra\u00e7o<\/strong><br \/>\nEspuma D23.<\/p>\n<p><strong>P\u00e9s<\/strong><br \/>\nPVC pir\u00e2mide 60mm.<\/p>\n<p><strong>Diferencial<\/strong><br \/>\nAlmofadas com revestimento bordado com espuma D26.<\/p>\n<\/div>\n<\/div>\n<div class=\"inf inf-50\">\n<div class=\"tit\">Medidas<\/div>\n<div class=\"txt\"><img decoding=\"async\" src=\"https:\/\/www.plataformaestofados.com.br\/imagens_sistema\/projeto\/fe0493825be884e751db161859b3f35f.jpg\" alt=\"\" \/><\/div>\n<\/div>\n","protected":false},"excerpt":{"rendered":"<p>MP1908 Assento Mola espiral, percinta el\u00e1stica e espuma D26 Pillow top com manta de poli\u00e9ster siliconada. Encosto Almofadas soltas mistas (fibras de poli\u00e9ster e flocos de espuma) e revestimento bordado<\/p>\n","protected":false},"featured_media":14322,"comment_status":"open","ping_status":"closed","template":"","meta":[],"product_brand":[],"product_cat":[242],"product_tag":[],"class_list":{"0":"post-14319","1":"product","2":"type-product","3":"status-publish","4":"has-post-thumbnail","6":"product_cat-sala","7":"product_shipping_class-retirar-no-local","9":"first","10":"instock","11":"shipping-taxable","12":"purchasable","13":"product-type-simple"},"_links":{"self":[{"href":"http:\/\/ambrosioeletro.com.br\/v20\/wp-json\/wp\/v2\/product\/14319","targetHints":{"allow":["GET"]}}],"collection":[{"href":"http:\/\/ambrosioeletro.com.br\/v20\/wp-json\/wp\/v2\/product"}],"about":[{"href":"http:\/\/ambrosioeletro.com.br\/v20\/wp-json\/wp\/v2\/types\/product"}],"replies":[{"embeddable":true,"href":"http:\/\/ambrosioeletro.com.br\/v20\/wp-json\/wp\/v2\/comments?post=14319"}],"wp:featuredmedia":[{"embeddable":true,"href":"http:\/\/ambrosioeletro.com.br\/v20\/wp-json\/wp\/v2\/media\/14322"}],"wp:attachment":[{"href":"http:\/\/ambrosioeletro.com.br\/v20\/wp-json\/wp\/v2\/media?parent=14319"}],"wp:term":[{"taxonomy":"product_brand","embeddable":true,"href":"http:\/\/ambrosioeletro.com.br\/v20\/wp-json\/wp\/v2\/product_brand?post=14319"},{"taxonomy":"product_cat","embeddable":true,"href":"http:\/\/ambrosioeletro.com.br\/v20\/wp-json\/wp\/v2\/product_cat?post=14319"},{"taxonomy":"product_tag","embeddable":true,"href":"http:\/\/ambrosioeletro.com.br\/v20\/wp-json\/wp\/v2\/product_tag?post=14319"}],"curies":[{"name":"wp","href":"https:\/\/api.w.org\/{rel}","templated":true}]}}