{"id":14326,"date":"2025-11-14T12:31:57","date_gmt":"2025-11-14T15:31:57","guid":{"rendered":"https:\/\/ambrosioeletro.com.br\/v20\/?post_type=product&#038;p=14326"},"modified":"2026-02-28T09:17:37","modified_gmt":"2026-02-28T12:17:37","slug":"escova-secadora-britania-4-em-1-1300w-bivolt-bec02pr","status":"publish","type":"product","link":"http:\/\/ambrosioeletro.com.br\/v20\/produto\/escova-secadora-britania-4-em-1-1300w-bivolt-bec02pr\/","title":{"rendered":"Escova Secadora Brit\u00e2nia 4 em 1 1300W Bivolt BEC02PR"},"content":{"rendered":"<h2 class=\"vtex-store-components-3-x-productDescriptionTitle vtex-store-components-3-x-productDescriptionTitle--pdp vtex-store-components-3-x-productDescriptionTitle--pdp-desktop t-heading-5 mb5 mt0\">Descri\u00e7\u00e3o do produto<\/h2>\n<div class=\"vtex-store-components-3-x-productDescriptionText vtex-store-components-3-x-productDescriptionText--pdp vtex-store-components-3-x-productDescriptionText--pdp-desktop c-muted-1\">\n<div>Para voc\u00ea que n\u00e3o abre m\u00e3o de praticidade na hora de cuidar dos seus cabelos, precisa conhecer a Escova Secadora Brit\u00e2nia BEC02PR! Ela \u00e9 4 em 1, seca, alisa, modela e d\u00e1 volume com rapidez e efici\u00eancia. Conta com 1300W de pot\u00eancia, 3 temperaturas e 2 velocidades que garantem alta performance e resultado de sal\u00e3o em instantes. O revestimento do tubo em cer\u00e2mica e as cerdas mistas com pontas emborrachadas da Escova Secadora Brit\u00e2nia promovem maior conforto e praticidade durante o uso, mantendo a hidrata\u00e7\u00e3o dos cabelos. \u00c9 bivolt e voc\u00ea pode lev\u00e1-la para onde for, al\u00e9m de possuir cord\u00e3o girat\u00f3rio 360\u00b0 com 1,80m de comprimento para maior liberdade de uso Tenha cabelos bem cuidados na hora que quiser com a Escova Secadora Brit\u00e2nia 4 em 1 1300W Bivolt BEC02PR! \u2022 Pode ser usado como secador de cabelos \u2022 Tr\u00eas op\u00e7\u00f5es de temperatura e duas op\u00e7\u00f5es de velocidade \u2022 Cord\u00e3o de alimenta\u00e7\u00e3o de 1,8 metros \u2022 Anel pendurador, que facilita o uso \u2022 Cerdas com pontas emborrachadas \u2022 Cord\u00e3o girat\u00f3rio (360\u00b0) \u2022 Libera \u00edons \u2022 Revestimento do tubo de aquecimento em cer\u00e2mica \u2022 Produto bivolt.<\/div>\n<\/div>\n","protected":false},"excerpt":{"rendered":"<p>Descri\u00e7\u00e3o do produto Para voc\u00ea que n\u00e3o abre m\u00e3o de praticidade na hora de cuidar dos seus cabelos, precisa conhecer a Escova Secadora Brit\u00e2nia BEC02PR! Ela \u00e9 4 em 1,<\/p>\n","protected":false},"featured_media":14328,"comment_status":"open","ping_status":"closed","template":"","meta":[],"product_brand":[],"product_cat":[228,249],"product_tag":[],"class_list":{"0":"post-14326","1":"product","2":"type-product","3":"status-publish","4":"has-post-thumbnail","6":"product_cat-eletroeletronicos","7":"product_cat-escovas-alisadoras","8":"product_shipping_class-retirar-no-local","10":"first","11":"instock","12":"shipping-taxable","13":"purchasable","14":"product-type-simple"},"_links":{"self":[{"href":"http:\/\/ambrosioeletro.com.br\/v20\/wp-json\/wp\/v2\/product\/14326","targetHints":{"allow":["GET"]}}],"collection":[{"href":"http:\/\/ambrosioeletro.com.br\/v20\/wp-json\/wp\/v2\/product"}],"about":[{"href":"http:\/\/ambrosioeletro.com.br\/v20\/wp-json\/wp\/v2\/types\/product"}],"replies":[{"embeddable":true,"href":"http:\/\/ambrosioeletro.com.br\/v20\/wp-json\/wp\/v2\/comments?post=14326"}],"wp:featuredmedia":[{"embeddable":true,"href":"http:\/\/ambrosioeletro.com.br\/v20\/wp-json\/wp\/v2\/media\/14328"}],"wp:attachment":[{"href":"http:\/\/ambrosioeletro.com.br\/v20\/wp-json\/wp\/v2\/media?parent=14326"}],"wp:term":[{"taxonomy":"product_brand","embeddable":true,"href":"http:\/\/ambrosioeletro.com.br\/v20\/wp-json\/wp\/v2\/product_brand?post=14326"},{"taxonomy":"product_cat","embeddable":true,"href":"http:\/\/ambrosioeletro.com.br\/v20\/wp-json\/wp\/v2\/product_cat?post=14326"},{"taxonomy":"product_tag","embeddable":true,"href":"http:\/\/ambrosioeletro.com.br\/v20\/wp-json\/wp\/v2\/product_tag?post=14326"}],"curies":[{"name":"wp","href":"https:\/\/api.w.org\/{rel}","templated":true}]}}