{"id":14434,"date":"2025-11-17T11:15:15","date_gmt":"2025-11-17T14:15:15","guid":{"rendered":"https:\/\/ambrosioeletro.com.br\/v20\/?post_type=product&#038;p=14434"},"modified":"2026-02-28T09:43:22","modified_gmt":"2026-02-28T12:43:22","slug":"smartphone-xiaomi-poco-x7-pro-nfc-8gb-de-ram-256gb-tela-6-67-dual-sim-5g-preto-global","status":"publish","type":"product","link":"http:\/\/ambrosioeletro.com.br\/v20\/produto\/smartphone-xiaomi-poco-x7-pro-nfc-8gb-de-ram-256gb-tela-6-67-dual-sim-5g-preto-global\/","title":{"rendered":"Smartphone Xiaomi POCO X7 Pro NFC 8GB de RAM 256GB Tela 6.67 Dual Sim 5G Preto Global"},"content":{"rendered":"<div class=\"flex flex-col mt-xsm bg-surface-container-lowest px-md py-md md:rounded-lg md:px-lg\" data-testid=\"key-selling-points-container\">\n<h2 class=\"text-on-surface-2 font-md-bold md:font-lg-bold\" data-testid=\"key-selling-points-title\">Principais caracter\u00edsticas<\/h2>\n<ul class=\"mt-md list-disc px-md md:mt-xsm\">\n<li class=\"text-on-surface-2 font-xsm-regular\">Armazenamento Interno: 256 GB<\/li>\n<li class=\"text-on-surface-2 font-xsm-regular\">Mem\u00f3ria RAM: 8 GB<\/li>\n<li class=\"text-on-surface-2 font-xsm-regular\">Tamanho da Tela: 6.67&#8243;<\/li>\n<li class=\"text-on-surface-2 font-xsm-regular\">Resolu\u00e7\u00e3o da C\u00e2mera Traseira: 50 MP<\/li>\n<li class=\"text-on-surface-2 font-xsm-regular\">Resolu\u00e7\u00e3o da C\u00e2mera Frontal: 20 MP<\/li>\n<li class=\"text-on-surface-2 font-xsm-regular\">Capacidade da Bateria: 6000 mAh<\/li>\n<\/ul>\n<p class=\"mt-md flex items-center text-justify text-on-surface-3 font-2xsm-regular\" data-testid=\"key-selling-points-info\"><i class=\"icon icon-sumarizacao-ia mr-xsm text-interaction-default font-lg-bold\" aria-hidden=\"true\"><\/i>Informa\u00e7\u00f5es geradas pela Lu<\/p>\n<\/div>\n<div class=\"flex mt-xsm pt-md flex flex-col bg-surface-container-lowest md:rounded-lg\" data-testid=\"row\">\n<div class=\"relative max-h-[445px] overflow-hidden md:max-h-none md:pb-md\" data-testid=\"tab-product-detail-view-container\">\n<div data-testid=\"tab-product-active-section-container\">\n<div class=\"relative px-md overflow-hidden border-on-surface-8 after:pointer-events-none after:absolute after:bottom-[0] after:left-[0] after:h-[72px] after:w-full after:bg-gradient-to-b after:from-[#FFFFFF00] after:to-[#FFFFFF] md:after:content-none md:px-lg max-md:border-b-thin\" data-testid=\"tab-product-detail\">\n<h2 class=\"text-on-surface-2 font-md-bold md:font-title-large-highlight md:mb-md\" data-testid=\"product-details-title\">Descri\u00e7\u00e3o e ficha t\u00e9cnica<\/h2>\n<div data-testid=\"product-detail\">\n<p class=\"mt-2xsm text-on-surface-4 font-xsm-regular\" data-testid=\"product-detail-code\">C\u00f3digo\u00a0kjbc0j4fg0<\/p>\n<div class=\"mt-md font-xsm-regular\" data-testid=\"product-detail-description\">Descubra a perfei\u00e7\u00e3o gra\u00e7as ao Xiaomi POCO X7 Pro em preto com tecnologia integrada para um desempenho suave e est\u00e1vel. O seu sistema de refrigera\u00e7\u00e3o l\u00edquida mant\u00e9m a temperatura ideal durante sess\u00f5es intensas, enquanto o motor h\u00e1ptico melhora a resposta t\u00e1til, proporcionando experi\u00eancia imersiva. O carregamento r\u00e1pido garante uma vida \u00fatil longa e ininterrupta da bateria. Com som adapt\u00e1vel e certifica\u00e7\u00e3o IP68, combina inova\u00e7\u00e3o, resist\u00eancia e efici\u00eancia num \u00fanico dispositivo.MARCAXiaomiMODELOPOCO X7 ProCORPretoTELA6.67&#8243; AMOLED CrystalRes 2712 x 1220 | 120 HzPROCESSADORDimensity 8400-Ultra | Octa-core de at\u00e9 3.25GHzMEM\u00d3RIA RAM8 GBMEM\u00d3RIA ROM256 GBC\u00c2MERA PRINCIPAL50 MP com OIS e abertura f\/1.5 | 8 MP ultragrande angular com abertura f\/2.2C\u00c2MERA FRONTAL20 MP com abertura de f\/2.2RESIST\u00caNCIAIP68BATERIA6000 mAhSENSORDesbloqueio facial com IA | Sensor de impress\u00e3o digital no display | Sensor de proximidade | Sensor de luz ambiente de 360\u00b0 | Aceler\u00f4metro | Sensor de oscila\u00e7\u00e3o | B\u00fassola eletr\u00f4nica | Infravermelho | Girosc\u00f3pio | Motor linear do eixo X\u00c1UDIODolby AtmosNFCSimSIM CARDDual SIM (nano)FREQU\u00caNCIA2G | 3G | 4G LTE | 5GSISTEMA OPERACIONALHyperOS 2CONECTIVIDADE WIRELESSWi-Fi 6 | Bluetooth 5.4ENTRADAS \/ SA\u00cdDASUSB-CINCLUIAdaptador de energia | Cabo de carregamento USB-C | Extrator de SIM | Manual do usu\u00e1rio<\/div>\n<\/div>\n<\/div>\n<div class=\"hidden border-on-surface-8 md:px-lg md:block md:py-md\" data-testid=\"tab-product-factsheet\">\n<h2 class=\"text-on-surface-2 font-md-bold md:font-title-large-highlight md:mb-md\" data-testid=\"product-factsheet-title\">Ficha T\u00e9cnica<\/h2>\n<div class=\"pt-2xsm\">\n<table class=\"w-full list-none\" data-testid=\"table-factsheet\">\n<tbody>\n<tr class=\"text-on-surface-3 even:bg-surface-container-lower\">\n<td class=\"px-md py-sm align-top font-xsm-bold table-cell w-1\/2\" data-testid=\"table-factsheet-key\">Certificado de homologa\u00e7\u00e3o da ANATEL<\/td>\n<td class=\"list-item w-full px-md py-sm align-top font-xsm-regular\">109372414550<\/td>\n<\/tr>\n<tr class=\"text-on-surface-3 even:bg-surface-container-lower\">\n<td class=\"px-md py-sm align-top font-xsm-bold table-cell w-1\/2\" data-testid=\"table-factsheet-key\">Armazenamento Interno<\/td>\n<td class=\"list-item w-full px-md py-sm align-top font-xsm-regular\">256 GB<\/td>\n<\/tr>\n<tr class=\"text-on-surface-3 even:bg-surface-container-lower\">\n<td class=\"px-md py-sm align-top font-xsm-bold table-cell w-1\/2\" data-testid=\"table-factsheet-key\">Capacidade da Bateria<\/td>\n<td class=\"list-item w-full px-md py-sm align-top font-xsm-regular\">6000 mAh<\/td>\n<\/tr>\n<tr class=\"text-on-surface-3 even:bg-surface-container-lower\">\n<td class=\"px-md py-sm align-top font-xsm-bold table-cell w-1\/2\" data-testid=\"table-factsheet-key\">Certificado Homologado pela Anatel N\u00famero<\/td>\n<td class=\"list-item w-full px-md py-sm align-top font-xsm-regular\">109372414550<\/td>\n<\/tr>\n<tr class=\"text-on-surface-3 even:bg-surface-container-lower\">\n<td class=\"px-md py-sm align-top font-xsm-bold table-cell w-1\/2\" data-testid=\"table-factsheet-key\">Certifica\u00e7\u00f5es<\/td>\n<td class=\"list-item w-full px-md py-sm align-top font-xsm-regular\">IP68<\/td>\n<\/tr>\n<tr class=\"text-on-surface-3 even:bg-surface-container-lower\">\n<td class=\"px-md py-sm align-top font-xsm-bold table-cell w-1\/2\" data-testid=\"table-factsheet-key\">Conectividade<\/td>\n<td class=\"list-item w-full px-md py-sm align-top font-xsm-regular\">Wi-Fi 6 | Bluetooth 5.4<\/td>\n<\/tr>\n<tr class=\"text-on-surface-3 even:bg-surface-container-lower\">\n<td class=\"px-md py-sm align-top font-xsm-bold table-cell w-1\/2\" data-testid=\"table-factsheet-key\">Conte\u00fado da Embalagem<\/td>\n<td class=\"list-item w-full px-md py-sm align-top font-xsm-regular\">Adaptador de energia | Cabo de carregamento USB-C | Extrator de SIM | Manual do usu\u00e1rio<\/td>\n<\/tr>\n<tr class=\"text-on-surface-3 even:bg-surface-container-lower\">\n<td class=\"px-md py-sm align-top font-xsm-bold table-cell w-1\/2\" data-testid=\"table-factsheet-key\">Cor<\/td>\n<td class=\"list-item w-full px-md py-sm align-top font-xsm-regular\">Preto<\/td>\n<\/tr>\n<tr class=\"text-on-surface-3 even:bg-surface-container-lower\">\n<td class=\"px-md py-sm align-top font-xsm-bold table-cell w-1\/2\" data-testid=\"table-factsheet-key\">Linha<\/td>\n<td class=\"list-item w-full px-md py-sm align-top font-xsm-regular\">POCO X7 Pro<\/td>\n<\/tr>\n<tr class=\"text-on-surface-3 even:bg-surface-container-lower\">\n<td class=\"px-md py-sm align-top font-xsm-bold table-cell w-1\/2\" data-testid=\"table-factsheet-key\">Localiza\u00e7\u00e3o<\/td>\n<td class=\"list-item w-full px-md py-sm align-top font-xsm-regular\">Global<\/td>\n<\/tr>\n<tr class=\"text-on-surface-3 even:bg-surface-container-lower\">\n<td class=\"px-md py-sm align-top font-xsm-bold table-cell w-1\/2\" data-testid=\"table-factsheet-key\">Marca<\/td>\n<td class=\"list-item w-full px-md py-sm align-top font-xsm-regular\"><a class=\"underline hover:text-interaction-default\" href=\"https:\/\/www.magazineluiza.com.br\/marcas\/xiaomi\/\">Xiaomi<\/a><\/td>\n<\/tr>\n<tr class=\"text-on-surface-3 even:bg-surface-container-lower\">\n<td class=\"px-md py-sm align-top font-xsm-bold table-cell w-1\/2\" data-testid=\"table-factsheet-key\">Mem\u00f3ria RAM<\/td>\n<td class=\"list-item w-full px-md py-sm align-top font-xsm-regular\">8 GB<\/td>\n<\/tr>\n<tr class=\"text-on-surface-3 even:bg-surface-container-lower\">\n<td class=\"px-md py-sm align-top font-xsm-bold table-cell w-1\/2\" data-testid=\"table-factsheet-key\">Modelo<\/td>\n<td class=\"list-item w-full px-md py-sm align-top font-xsm-regular\">POCO X7 Pro<\/td>\n<\/tr>\n<tr class=\"text-on-surface-3 even:bg-surface-container-lower\">\n<td class=\"px-md py-sm align-top font-xsm-bold table-cell w-1\/2\" data-testid=\"table-factsheet-key\">Processador<\/td>\n<td class=\"list-item w-full px-md py-sm align-top font-xsm-regular\">Dimensity 8400-Ultra | Octa-core de at\u00e9 3.25GHz<\/td>\n<\/tr>\n<tr class=\"text-on-surface-3 even:bg-surface-container-lower\">\n<td class=\"px-md py-sm align-top font-xsm-bold table-cell w-1\/2\" data-testid=\"table-factsheet-key\">Quantidade de Chips<\/td>\n<td class=\"list-item w-full px-md py-sm align-top font-xsm-regular\">Dual SIM<\/td>\n<\/tr>\n<tr class=\"text-on-surface-3 even:bg-surface-container-lower\">\n<td class=\"px-md py-sm align-top font-xsm-bold table-cell w-1\/2\" data-testid=\"table-factsheet-key\">Rede M\u00f3vel<\/td>\n<td class=\"list-item w-full px-md py-sm align-top font-xsm-regular\">5G<\/td>\n<\/tr>\n<tr class=\"text-on-surface-3 even:bg-surface-container-lower\">\n<td class=\"px-md py-sm align-top font-xsm-bold table-cell w-1\/2\" data-testid=\"table-factsheet-key\">Resolu\u00e7\u00e3o da C\u00e2mera Frontal<\/td>\n<td class=\"list-item w-full px-md py-sm align-top font-xsm-regular\">20 MP com abertura de f\/2.2<\/td>\n<\/tr>\n<tr class=\"text-on-surface-3 even:bg-surface-container-lower\">\n<td class=\"px-md py-sm align-top font-xsm-bold table-cell w-1\/2\" data-testid=\"table-factsheet-key\">Resolu\u00e7\u00e3o da C\u00e2mera Traseira<\/td>\n<td class=\"list-item w-full px-md py-sm align-top font-xsm-regular\">50 MP com OIS e abertura f\/1.5 | 8 MP ultragrande angular com abertura f\/2.2<\/td>\n<\/tr>\n<tr class=\"text-on-surface-3 even:bg-surface-container-lower\">\n<td class=\"px-md py-sm align-top font-xsm-bold table-cell w-1\/2\" data-testid=\"table-factsheet-key\">Resolu\u00e7\u00e3o da Tela<\/td>\n<td class=\"list-item w-full px-md py-sm align-top font-xsm-regular\">2712 x 1220<\/td>\n<\/tr>\n<tr class=\"text-on-surface-3 even:bg-surface-container-lower\">\n<td class=\"px-md py-sm align-top font-xsm-bold table-cell w-1\/2\" data-testid=\"table-factsheet-key\">Sistema Operacional<\/td>\n<td class=\"list-item w-full px-md py-sm align-top font-xsm-regular\">HyperOS<\/td>\n<\/tr>\n<tr class=\"text-on-surface-3 even:bg-surface-container-lower\">\n<td class=\"px-md py-sm align-top font-xsm-bold table-cell w-1\/2\" data-testid=\"table-factsheet-key\">Tamanho da Tela<\/td>\n<td class=\"list-item w-full px-md py-sm align-top font-xsm-regular\">6.67&#8243;<\/td>\n<\/tr>\n<tr class=\"text-on-surface-3 even:bg-surface-container-lower\">\n<td class=\"px-md py-sm align-top font-xsm-bold table-cell w-1\/2\" data-testid=\"table-factsheet-key\">Taxa de Atualiza\u00e7\u00e3o da Tela<\/td>\n<td class=\"list-item w-full px-md py-sm align-top font-xsm-regular\">120 Hz<\/td>\n<\/tr>\n<tr class=\"text-on-surface-3 even:bg-surface-container-lower\">\n<td class=\"px-md py-sm align-top font-xsm-bold table-cell w-1\/2\" data-testid=\"table-factsheet-key\">Tipo de Chip<\/td>\n<td class=\"list-item w-full px-md py-sm align-top font-xsm-regular\">nano<\/td>\n<\/tr>\n<tr class=\"text-on-surface-3 even:bg-surface-container-lower\">\n<td class=\"px-md py-sm align-top font-xsm-bold table-cell w-1\/2\" data-testid=\"table-factsheet-key\">Tipo de Tela<\/td>\n<td class=\"list-item w-full px-md py-sm align-top font-xsm-regular\">AMOLED Crystal<\/td>\n<\/tr>\n<tr class=\"text-on-surface-3 even:bg-surface-container-lower\">\n<td class=\"px-md py-sm align-top font-xsm-bold table-cell w-1\/2\" data-testid=\"table-factsheet-key\">Vers\u00e3o do Sistema Operacional<\/td>\n<td class=\"list-item w-full px-md py-sm align-top font-xsm-regular\">HyperOS 2<\/td>\n<\/tr>\n<\/tbody>\n<\/table>\n<\/div>\n<\/div>\n<\/div>\n<\/div>\n<\/div>\n","protected":false},"excerpt":{"rendered":"<p>Principais caracter\u00edsticas Armazenamento Interno: 256 GB Mem\u00f3ria RAM: 8 GB Tamanho da Tela: 6.67&#8243; Resolu\u00e7\u00e3o da C\u00e2mera Traseira: 50 MP Resolu\u00e7\u00e3o da C\u00e2mera Frontal: 20 MP Capacidade da Bateria: 6000<\/p>\n","protected":false},"featured_media":14435,"comment_status":"open","ping_status":"closed","template":"","meta":[],"product_brand":[],"product_cat":[229],"product_tag":[],"class_list":{"0":"post-14434","1":"product","2":"type-product","3":"status-publish","4":"has-post-thumbnail","6":"product_cat-celulares","7":"product_shipping_class-pac","9":"first","10":"instock","11":"shipping-taxable","12":"purchasable","13":"product-type-simple"},"_links":{"self":[{"href":"http:\/\/ambrosioeletro.com.br\/v20\/wp-json\/wp\/v2\/product\/14434","targetHints":{"allow":["GET"]}}],"collection":[{"href":"http:\/\/ambrosioeletro.com.br\/v20\/wp-json\/wp\/v2\/product"}],"about":[{"href":"http:\/\/ambrosioeletro.com.br\/v20\/wp-json\/wp\/v2\/types\/product"}],"replies":[{"embeddable":true,"href":"http:\/\/ambrosioeletro.com.br\/v20\/wp-json\/wp\/v2\/comments?post=14434"}],"wp:featuredmedia":[{"embeddable":true,"href":"http:\/\/ambrosioeletro.com.br\/v20\/wp-json\/wp\/v2\/media\/14435"}],"wp:attachment":[{"href":"http:\/\/ambrosioeletro.com.br\/v20\/wp-json\/wp\/v2\/media?parent=14434"}],"wp:term":[{"taxonomy":"product_brand","embeddable":true,"href":"http:\/\/ambrosioeletro.com.br\/v20\/wp-json\/wp\/v2\/product_brand?post=14434"},{"taxonomy":"product_cat","embeddable":true,"href":"http:\/\/ambrosioeletro.com.br\/v20\/wp-json\/wp\/v2\/product_cat?post=14434"},{"taxonomy":"product_tag","embeddable":true,"href":"http:\/\/ambrosioeletro.com.br\/v20\/wp-json\/wp\/v2\/product_tag?post=14434"}],"curies":[{"name":"wp","href":"https:\/\/api.w.org\/{rel}","templated":true}]}}