{"id":14436,"date":"2025-11-17T11:17:28","date_gmt":"2025-11-17T14:17:28","guid":{"rendered":"https:\/\/ambrosioeletro.com.br\/v20\/?post_type=product&#038;p=14436"},"modified":"2026-02-28T09:42:51","modified_gmt":"2026-02-28T12:42:51","slug":"smartphone-c85-8gb-ram-256gb-dual-sim-camera-50mp-bateria-6000mah-purple","status":"publish","type":"product","link":"http:\/\/ambrosioeletro.com.br\/v20\/produto\/smartphone-c85-8gb-ram-256gb-dual-sim-camera-50mp-bateria-6000mah-purple\/","title":{"rendered":"Smartphone C85 8GB RAM 256GB Dual SIM, C\u00e2mera 50MP, Bateria 6000mAh &#8211; Purple"},"content":{"rendered":"<div class=\"flex flex-col mt-xsm bg-surface-container-lowest px-md py-md md:rounded-lg md:px-lg\" data-testid=\"key-selling-points-container\">\n<h2 class=\"text-on-surface-2 font-md-bold md:font-lg-bold\" data-testid=\"key-selling-points-title\">Principais caracter\u00edsticas<\/h2>\n<ul class=\"mt-md list-disc px-md md:mt-xsm\">\n<li class=\"text-on-surface-2 font-xsm-regular\">8 GB de Mem\u00f3ria RAM<\/li>\n<li class=\"text-on-surface-2 font-xsm-regular\">256 GB de Armazenamento Interno<\/li>\n<li class=\"text-on-surface-2 font-xsm-regular\">Tela de 6,9\u201d<\/li>\n<li class=\"text-on-surface-2 font-xsm-regular\">C\u00e2mera traseira de 50 MP<\/li>\n<li class=\"text-on-surface-2 font-xsm-regular\">C\u00e2mera frontal de 8 MP<\/li>\n<li class=\"text-on-surface-2 font-xsm-regular\">Bateria de 6 000 mAh<\/li>\n<\/ul>\n<p class=\"mt-md flex items-center text-justify text-on-surface-3 font-2xsm-regular\" data-testid=\"key-selling-points-info\"><i class=\"icon icon-sumarizacao-ia mr-xsm text-interaction-default font-lg-bold\" aria-hidden=\"true\"><\/i>Informa\u00e7\u00f5es geradas pela Lu<\/p>\n<\/div>\n<div class=\"flex mt-xsm pt-md flex flex-col bg-surface-container-lowest md:rounded-lg\" data-testid=\"row\">\n<div class=\"relative max-h-[445px] overflow-hidden md:max-h-none md:pb-md\" data-testid=\"tab-product-detail-view-container\">\n<div data-testid=\"tab-product-active-section-container\">\n<div class=\"relative px-md overflow-hidden border-on-surface-8 after:pointer-events-none after:absolute after:bottom-[0] after:left-[0] after:h-[72px] after:w-full after:bg-gradient-to-b after:from-[#FFFFFF00] after:to-[#FFFFFF] md:after:content-none md:px-lg max-md:border-b-thin\" data-testid=\"tab-product-detail\">\n<h2 class=\"text-on-surface-2 font-md-bold md:font-title-large-highlight md:mb-md\" data-testid=\"product-details-title\">Descri\u00e7\u00e3o e ficha t\u00e9cnica<\/h2>\n<div data-testid=\"product-detail\">\n<p class=\"mt-2xsm text-on-surface-4 font-xsm-regular\" data-testid=\"product-detail-code\">C\u00f3digo\u00a0gc1e34k0cc<\/p>\n<div class=\"mt-md font-xsm-regular\" data-testid=\"product-detail-description\">O C85 Global \u00e9 um smartphone que combina pot\u00eancia e design moderno, perfeito para quem busca desempenho e praticidade no dia a dia. Com 8 GB de RAM e 256 GB de mem\u00f3ria interna, ele garante fluidez para rodar v\u00e1rios aplicativos ao mesmo tempo e espa\u00e7o de sobra para armazenar fotos, v\u00eddeos e jogos. A tela ampla de 6,9\u201d com taxa de atualiza\u00e7\u00e3o de 120 Hz oferece imagens vibrantes e transi\u00e7\u00f5es suaves \u2014 ideal para quem ama assistir, jogar ou navegar com qualidade. O conjunto de c\u00e2meras com sensor principal de 50 MP permite capturar fotos com excelente nitidez, enquanto a c\u00e2mera frontal de 8 MP garante selfies claras e bem definidas. Al\u00e9m disso, a bateria de 6 000 mAh com carregamento r\u00e1pido de 33 W assegura autonomia para o dia inteiro, reduzindo o tempo na tomada. O processador MediaTek Helio G85 Octa-Core entrega efici\u00eancia e estabilidade, tornando o uso mais fluido e confi\u00e1vel. Com design elegante na cor preta, corpo leve e resistente, e vers\u00e3o global compat\u00edvel com redes brasileiras, o C85 \u00e9 a op\u00e7\u00e3o ideal para quem quer performance e estilo em um s\u00f3 aparelho. \ud83d\udd0d Especifica\u00e7\u00f5es T\u00e9cnicas Tela 6,9\u201d HD+ com 120 Hz Processador MediaTek Helio G85 Octa-Core Mem\u00f3ria RAM 8 GB Armazenamento 256 GB (expans\u00edvel via microSD) C\u00e2mera traseira dupla: 50 MP + sensor auxiliar C\u00e2mera frontal 8 MP Bateria 6 000 mAh com carregamento r\u00e1pido 33 W Dual SIM + NFC + Vers\u00e3o Global Sistema Android 13 Cor: Roxo (Purple) \ud83d\udce6 Conte\u00fado da Embalagem 1 x Smartphone C85 1 x Cabo USB-C 1 x Carregador 33 W 1 x Chave SIM 1 x Manual do usu\u00e1rio \ud83d\udd11 Palavras-chave recomendadas (SEO) Smartphone c85, smartphone c85, celular 8gb ram, celular 256gb, smartphone global, celular roxo, celular 120hz, celular bateria 6000mah, celular com nfc, celular custo-benef\u00edcio, celular 50mp, smartphone global android<\/div>\n<\/div>\n<\/div>\n<div class=\"hidden border-on-surface-8 md:px-lg md:block md:py-md\" data-testid=\"tab-product-factsheet\">\n<h2 class=\"text-on-surface-2 font-md-bold md:font-title-large-highlight md:mb-md\" data-testid=\"product-factsheet-title\">Ficha T\u00e9cnica<\/h2>\n<div class=\"pt-2xsm\">\n<table class=\"w-full list-none\" data-testid=\"table-factsheet\">\n<tbody>\n<tr class=\"text-on-surface-3 even:bg-surface-container-lower\">\n<td class=\"px-md py-sm align-top font-xsm-bold table-cell w-1\/2\" data-testid=\"table-factsheet-key\">Certificado de homologa\u00e7\u00e3o da ANATEL<\/td>\n<td class=\"list-item w-full px-md py-sm align-top font-xsm-regular\">221962314550<\/td>\n<\/tr>\n<tr class=\"text-on-surface-3 even:bg-surface-container-lower\">\n<td class=\"px-md py-sm align-top font-xsm-bold table-cell w-1\/2\" data-testid=\"table-factsheet-key\">Armazenamento Interno<\/td>\n<td class=\"list-item w-full px-md py-sm align-top font-xsm-regular\">256 GB (expans\u00edvel via microSD)<\/td>\n<\/tr>\n<tr class=\"text-on-surface-3 even:bg-surface-container-lower\">\n<td class=\"px-md py-sm align-top font-xsm-bold table-cell w-1\/2\" data-testid=\"table-factsheet-key\">Capacidade da Bateria<\/td>\n<td class=\"list-item w-full px-md py-sm align-top font-xsm-regular\">6 000 mAh<\/td>\n<\/tr>\n<tr class=\"text-on-surface-3 even:bg-surface-container-lower\">\n<td class=\"px-md py-sm align-top font-xsm-bold table-cell w-1\/2\" data-testid=\"table-factsheet-key\">Certificado Homologado pela Anatel N\u00famero<\/td>\n<td class=\"list-item w-full px-md py-sm align-top font-xsm-regular\">221962314550<\/td>\n<\/tr>\n<tr class=\"text-on-surface-3 even:bg-surface-container-lower\">\n<td class=\"px-md py-sm align-top font-xsm-bold table-cell w-1\/2\" data-testid=\"table-factsheet-key\">Conectividade<\/td>\n<td class=\"list-item w-full px-md py-sm align-top font-xsm-regular\">NFC<\/td>\n<\/tr>\n<tr class=\"text-on-surface-3 even:bg-surface-container-lower\">\n<td class=\"px-md py-sm align-top font-xsm-bold table-cell w-1\/2\" data-testid=\"table-factsheet-key\">Conte\u00fado da Embalagem<\/td>\n<td class=\"list-item w-full px-md py-sm align-top font-xsm-regular\">1 x Smartphone C85, 1 x Cabo USB-C, 1 x Carregador 33 W, 1 x Chave SIM, 1 x Manual do usu\u00e1rio<\/td>\n<\/tr>\n<tr class=\"text-on-surface-3 even:bg-surface-container-lower\">\n<td class=\"px-md py-sm align-top font-xsm-bold table-cell w-1\/2\" data-testid=\"table-factsheet-key\">Cor<\/td>\n<td class=\"list-item w-full px-md py-sm align-top font-xsm-regular\">Roxo (Purple)<\/td>\n<\/tr>\n<tr class=\"text-on-surface-3 even:bg-surface-container-lower\">\n<td class=\"px-md py-sm align-top font-xsm-bold table-cell w-1\/2\" data-testid=\"table-factsheet-key\">Mem\u00f3ria RAM<\/td>\n<td class=\"list-item w-full px-md py-sm align-top font-xsm-regular\">8 GB<\/td>\n<\/tr>\n<tr class=\"text-on-surface-3 even:bg-surface-container-lower\">\n<td class=\"px-md py-sm align-top font-xsm-bold table-cell w-1\/2\" data-testid=\"table-factsheet-key\">Modelo<\/td>\n<td class=\"list-item w-full px-md py-sm align-top font-xsm-regular\">C85<\/td>\n<\/tr>\n<tr class=\"text-on-surface-3 even:bg-surface-container-lower\">\n<td class=\"px-md py-sm align-top font-xsm-bold table-cell w-1\/2\" data-testid=\"table-factsheet-key\">Processador<\/td>\n<td class=\"list-item w-full px-md py-sm align-top font-xsm-regular\">MediaTek Helio G85 Octa-Core<\/td>\n<\/tr>\n<tr class=\"text-on-surface-3 even:bg-surface-container-lower\">\n<td class=\"px-md py-sm align-top font-xsm-bold table-cell w-1\/2\" data-testid=\"table-factsheet-key\">Quantidade de Chips<\/td>\n<td class=\"list-item w-full px-md py-sm align-top font-xsm-regular\">Dual SIM<\/td>\n<\/tr>\n<tr class=\"text-on-surface-3 even:bg-surface-container-lower\">\n<td class=\"px-md py-sm align-top font-xsm-bold table-cell w-1\/2\" data-testid=\"table-factsheet-key\">Resolu\u00e7\u00e3o da C\u00e2mera Frontal<\/td>\n<td class=\"list-item w-full px-md py-sm align-top font-xsm-regular\">8 MP<\/td>\n<\/tr>\n<tr class=\"text-on-surface-3 even:bg-surface-container-lower\">\n<td class=\"px-md py-sm align-top font-xsm-bold table-cell w-1\/2\" data-testid=\"table-factsheet-key\">Resolu\u00e7\u00e3o da C\u00e2mera Traseira<\/td>\n<td class=\"list-item w-full px-md py-sm align-top font-xsm-regular\">50 MP<\/td>\n<\/tr>\n<tr class=\"text-on-surface-3 even:bg-surface-container-lower\">\n<td class=\"px-md py-sm align-top font-xsm-bold table-cell w-1\/2\" data-testid=\"table-factsheet-key\">Resolu\u00e7\u00e3o da Tela<\/td>\n<td class=\"list-item w-full px-md py-sm align-top font-xsm-regular\">6,9\u201d HD+<\/td>\n<\/tr>\n<tr class=\"text-on-surface-3 even:bg-surface-container-lower\">\n<td class=\"px-md py-sm align-top font-xsm-bold table-cell w-1\/2\" data-testid=\"table-factsheet-key\">Sistema Operacional<\/td>\n<td class=\"list-item w-full px-md py-sm align-top font-xsm-regular\">Android<\/td>\n<\/tr>\n<tr class=\"text-on-surface-3 even:bg-surface-container-lower\">\n<td class=\"px-md py-sm align-top font-xsm-bold table-cell w-1\/2\" data-testid=\"table-factsheet-key\">Suporte ao Cart\u00e3o de Mem\u00f3ria<\/td>\n<td class=\"list-item w-full px-md py-sm align-top font-xsm-regular\">microSD<\/td>\n<\/tr>\n<tr class=\"text-on-surface-3 even:bg-surface-container-lower\">\n<td class=\"px-md py-sm align-top font-xsm-bold table-cell w-1\/2\" data-testid=\"table-factsheet-key\">Tamanho da Tela<\/td>\n<td class=\"list-item w-full px-md py-sm align-top font-xsm-regular\">6,9\u201d<\/td>\n<\/tr>\n<tr class=\"text-on-surface-3 even:bg-surface-container-lower\">\n<td class=\"px-md py-sm align-top font-xsm-bold table-cell w-1\/2\" data-testid=\"table-factsheet-key\">Taxa de Atualiza\u00e7\u00e3o da Tela<\/td>\n<td class=\"list-item w-full px-md py-sm align-top font-xsm-regular\">120 Hz<\/td>\n<\/tr>\n<tr class=\"text-on-surface-3 even:bg-surface-container-lower\">\n<td class=\"px-md py-sm align-top font-xsm-bold table-cell w-1\/2\" data-testid=\"table-factsheet-key\">Vers\u00e3o do Sistema Operacional<\/td>\n<td class=\"list-item w-full px-md py-sm align-top font-xsm-regular\">Android 13<\/td>\n<\/tr>\n<\/tbody>\n<\/table>\n<\/div>\n<\/div>\n<\/div>\n<\/div>\n<\/div>\n","protected":false},"excerpt":{"rendered":"<p>Principais caracter\u00edsticas 8 GB de Mem\u00f3ria RAM 256 GB de Armazenamento Interno Tela de 6,9\u201d C\u00e2mera traseira de 50 MP C\u00e2mera frontal de 8 MP Bateria de 6 000 mAh<\/p>\n","protected":false},"featured_media":14437,"comment_status":"open","ping_status":"closed","template":"","meta":[],"product_brand":[],"product_cat":[229],"product_tag":[],"class_list":{"0":"post-14436","1":"product","2":"type-product","3":"status-publish","4":"has-post-thumbnail","6":"product_cat-celulares","7":"product_shipping_class-pac","9":"first","10":"instock","11":"shipping-taxable","12":"purchasable","13":"product-type-variable"},"_links":{"self":[{"href":"http:\/\/ambrosioeletro.com.br\/v20\/wp-json\/wp\/v2\/product\/14436","targetHints":{"allow":["GET"]}}],"collection":[{"href":"http:\/\/ambrosioeletro.com.br\/v20\/wp-json\/wp\/v2\/product"}],"about":[{"href":"http:\/\/ambrosioeletro.com.br\/v20\/wp-json\/wp\/v2\/types\/product"}],"replies":[{"embeddable":true,"href":"http:\/\/ambrosioeletro.com.br\/v20\/wp-json\/wp\/v2\/comments?post=14436"}],"wp:featuredmedia":[{"embeddable":true,"href":"http:\/\/ambrosioeletro.com.br\/v20\/wp-json\/wp\/v2\/media\/14437"}],"wp:attachment":[{"href":"http:\/\/ambrosioeletro.com.br\/v20\/wp-json\/wp\/v2\/media?parent=14436"}],"wp:term":[{"taxonomy":"product_brand","embeddable":true,"href":"http:\/\/ambrosioeletro.com.br\/v20\/wp-json\/wp\/v2\/product_brand?post=14436"},{"taxonomy":"product_cat","embeddable":true,"href":"http:\/\/ambrosioeletro.com.br\/v20\/wp-json\/wp\/v2\/product_cat?post=14436"},{"taxonomy":"product_tag","embeddable":true,"href":"http:\/\/ambrosioeletro.com.br\/v20\/wp-json\/wp\/v2\/product_tag?post=14436"}],"curies":[{"name":"wp","href":"https:\/\/api.w.org\/{rel}","templated":true}]}}