{"id":14535,"date":"2025-11-25T09:32:53","date_gmt":"2025-11-25T12:32:53","guid":{"rendered":"https:\/\/ambrosioeletro.com.br\/v20\/?post_type=product&#038;p=14535"},"modified":"2026-04-22T09:10:07","modified_gmt":"2026-04-22T12:10:07","slug":"base-box-bau-opala-tecido-la-estofados","status":"publish","type":"product","link":"http:\/\/ambrosioeletro.com.br\/v20\/produto\/base-box-bau-opala-tecido-la-estofados\/","title":{"rendered":"Base Box Ba\u00fa Opala Tecido LA ESTOFADOS 158 QUEEN Marrom Escuro LA ESTOFADOS"},"content":{"rendered":"<p>Cor:Marrom<\/p>\n<p>Funcionalidades do Box:Ba\u00fa<\/p>\n<p>Marca:LA ESTOFADOS<\/p>\n<p>&#8220;Uma cama arrumada \u00e9 um convite ao descanso e \u00e0 paz&#8221;<\/p>\n<p>&#8220;Detalhes que transformam um simples quarto em um ref\u00fagio&#8221;<\/p>\n","protected":false},"excerpt":{"rendered":"<p>Cor:Marrom Funcionalidades do Box:Ba\u00fa Marca:LA ESTOFADOS &#8220;Uma cama arrumada \u00e9 um convite ao descanso e \u00e0 paz&#8221; &#8220;Detalhes que transformam um simples quarto em um ref\u00fagio&#8221;<\/p>\n","protected":false},"featured_media":15647,"comment_status":"open","ping_status":"closed","template":"","meta":[],"product_brand":[],"product_cat":[441,241],"product_tag":[],"class_list":{"0":"post-14535","1":"product","2":"type-product","3":"status-publish","4":"has-post-thumbnail","6":"product_cat-base","7":"product_cat-quarto","8":"product_shipping_class-retirar-no-local","10":"first","11":"instock","12":"shipping-taxable","13":"purchasable","14":"product-type-simple"},"_links":{"self":[{"href":"http:\/\/ambrosioeletro.com.br\/v20\/wp-json\/wp\/v2\/product\/14535","targetHints":{"allow":["GET"]}}],"collection":[{"href":"http:\/\/ambrosioeletro.com.br\/v20\/wp-json\/wp\/v2\/product"}],"about":[{"href":"http:\/\/ambrosioeletro.com.br\/v20\/wp-json\/wp\/v2\/types\/product"}],"replies":[{"embeddable":true,"href":"http:\/\/ambrosioeletro.com.br\/v20\/wp-json\/wp\/v2\/comments?post=14535"}],"wp:featuredmedia":[{"embeddable":true,"href":"http:\/\/ambrosioeletro.com.br\/v20\/wp-json\/wp\/v2\/media\/15647"}],"wp:attachment":[{"href":"http:\/\/ambrosioeletro.com.br\/v20\/wp-json\/wp\/v2\/media?parent=14535"}],"wp:term":[{"taxonomy":"product_brand","embeddable":true,"href":"http:\/\/ambrosioeletro.com.br\/v20\/wp-json\/wp\/v2\/product_brand?post=14535"},{"taxonomy":"product_cat","embeddable":true,"href":"http:\/\/ambrosioeletro.com.br\/v20\/wp-json\/wp\/v2\/product_cat?post=14535"},{"taxonomy":"product_tag","embeddable":true,"href":"http:\/\/ambrosioeletro.com.br\/v20\/wp-json\/wp\/v2\/product_tag?post=14535"}],"curies":[{"name":"wp","href":"https:\/\/api.w.org\/{rel}","templated":true}]}}