{"id":14541,"date":"2025-11-25T11:52:47","date_gmt":"2025-11-25T14:52:47","guid":{"rendered":"https:\/\/ambrosioeletro.com.br\/v20\/?post_type=product&#038;p=14541"},"modified":"2026-04-17T11:01:13","modified_gmt":"2026-04-17T14:01:13","slug":"base-box-sommier-plus-bege-pes-de-madeira-altura-24-cm","status":"publish","type":"product","link":"http:\/\/ambrosioeletro.com.br\/v20\/produto\/base-box-sommier-plus-bege-pes-de-madeira-altura-24-cm\/","title":{"rendered":"Base Box Sommier Plus Bege P\u00e9s de Madeira Altura 24 cm"},"content":{"rendered":"<div>\n<div class=\"flex gap-4 items-center my-4\">\n<h3 class=\"font-bold ds-color-accent-1\">Descri\u00e7\u00e3o<\/h3>\n<\/div>\n<\/div>\n<div class=\"my-2 text-sm ds-color-text\">\n<p><strong>BASE BOX SOMMIER PLUS BEGE P\u00c9S DE MADEIRA ORTHOCRIN ALTURA 24 CM<\/strong><\/p>\n<p>O box Orthocrin, produzida com mat\u00e9rias-primas nobres, substitui de forma moderna e sofisticada as tradicionais camas de madeira, sendo uma excelente op\u00e7\u00e3o para otimizar espa\u00e7o. Com fabrica\u00e7\u00e3o pr\u00f3pria, nossas camas box se dividem em varia\u00e7\u00f5es: a tradicional, a alta e a baixa.<\/p>\n<p>&#8211;\u00a0<strong>ESTRUTURA<\/strong>: Estrutura em madeira reflorestada com revestimento em tecido de decora\u00e7\u00e3o.<\/p>\n<p>&#8211;\u00a0<strong>ACABAMENTO<\/strong>: Faixa Lisa, lateral estofada e p\u00e9 de madeira.<\/p>\n<p>&#8211;\u00a0<strong>COR FAIXA<\/strong>: Bege<\/p>\n<p>Imagens ilustrativas: Produto n\u00e3o tem cantoneira.<\/p>\n<p>&#8211;\u00a0<strong>MEDIDAS<\/strong>: 24cm da cama box + 13cm dos p\u00e9s = 37cm de altura totalCasal Padr\u00e3o: 138x188cm<\/p>\n<p><strong>&#8211; CONCEITO DA LINHA BOX:<\/strong><\/p>\n<p>A Orthocrin deseja, al\u00e9m de um sono de sa\u00fade completo para voc\u00ea, que a decora\u00e7\u00e3o do seu quarto tamb\u00e9m seja um verdadeiro sonho. Por isso, oferece tamb\u00e9m uma linha de box para deixar a sua casa mais bonita e mais pr\u00e1tica e as suas noites ainda mais confort\u00e1veis.<\/p>\n<\/div>\n","protected":false},"excerpt":{"rendered":"<p>Descri\u00e7\u00e3o BASE BOX SOMMIER PLUS BEGE P\u00c9S DE MADEIRA ORTHOCRIN ALTURA 24 CM O box Orthocrin, produzida com mat\u00e9rias-primas nobres, substitui de forma moderna e sofisticada as tradicionais camas de<\/p>\n","protected":false},"featured_media":14542,"comment_status":"open","ping_status":"closed","template":"","meta":[],"product_brand":[],"product_cat":[15,441],"product_tag":[],"class_list":{"0":"post-14541","1":"product","2":"type-product","3":"status-publish","4":"has-post-thumbnail","6":"product_cat-produtos","7":"product_cat-base","8":"product_shipping_class-retirar-no-local","10":"first","11":"instock","12":"shipping-taxable","13":"purchasable","14":"product-type-simple"},"_links":{"self":[{"href":"http:\/\/ambrosioeletro.com.br\/v20\/wp-json\/wp\/v2\/product\/14541","targetHints":{"allow":["GET"]}}],"collection":[{"href":"http:\/\/ambrosioeletro.com.br\/v20\/wp-json\/wp\/v2\/product"}],"about":[{"href":"http:\/\/ambrosioeletro.com.br\/v20\/wp-json\/wp\/v2\/types\/product"}],"replies":[{"embeddable":true,"href":"http:\/\/ambrosioeletro.com.br\/v20\/wp-json\/wp\/v2\/comments?post=14541"}],"wp:featuredmedia":[{"embeddable":true,"href":"http:\/\/ambrosioeletro.com.br\/v20\/wp-json\/wp\/v2\/media\/14542"}],"wp:attachment":[{"href":"http:\/\/ambrosioeletro.com.br\/v20\/wp-json\/wp\/v2\/media?parent=14541"}],"wp:term":[{"taxonomy":"product_brand","embeddable":true,"href":"http:\/\/ambrosioeletro.com.br\/v20\/wp-json\/wp\/v2\/product_brand?post=14541"},{"taxonomy":"product_cat","embeddable":true,"href":"http:\/\/ambrosioeletro.com.br\/v20\/wp-json\/wp\/v2\/product_cat?post=14541"},{"taxonomy":"product_tag","embeddable":true,"href":"http:\/\/ambrosioeletro.com.br\/v20\/wp-json\/wp\/v2\/product_tag?post=14541"}],"curies":[{"name":"wp","href":"https:\/\/api.w.org\/{rel}","templated":true}]}}