{"id":14573,"date":"2025-11-28T12:28:05","date_gmt":"2025-11-28T15:28:05","guid":{"rendered":"https:\/\/ambrosioeletro.com.br\/v20\/?post_type=product&#038;p=14573"},"modified":"2026-02-28T10:51:30","modified_gmt":"2026-02-28T13:51:30","slug":"pipoqueira-eletrica-pop-01","status":"publish","type":"product","link":"http:\/\/ambrosioeletro.com.br\/v20\/produto\/pipoqueira-eletrica-pop-01\/","title":{"rendered":"Pipoqueira El\u00e9trica POP-01 KIAN"},"content":{"rendered":"<p>Prepare pipocas irresist\u00edveis com m\u00e1xima efici\u00eancia e praticidade em apenas alguns minutos. A sa\u00edda direcionando as pipocas diretamente para o recipiente, eliminando bagun\u00e7a e facilitando o preparo. Para completar, a tampa multifuncional \u00e9 um verdadeiro diferencial: ela funciona como medidor de gr\u00e3os e como recipiente para derreter manteiga, adicionando ainda mais sabor e conveni\u00eancia ao seu momento de lazer.<\/p>\n","protected":false},"excerpt":{"rendered":"<p>Prepare pipocas irresist\u00edveis com m\u00e1xima efici\u00eancia e praticidade em apenas alguns minutos. A sa\u00edda direcionando as pipocas diretamente para o recipiente, eliminando bagun\u00e7a e facilitando o preparo. Para completar, a<\/p>\n","protected":false},"featured_media":14574,"comment_status":"open","ping_status":"closed","template":"","meta":[],"product_brand":[],"product_cat":[232],"product_tag":[],"class_list":{"0":"post-14573","1":"product","2":"type-product","3":"status-publish","4":"has-post-thumbnail","6":"product_cat-cozinha","7":"product_shipping_class-retirar-no-local","9":"first","10":"instock","11":"shipping-taxable","12":"purchasable","13":"product-type-simple"},"_links":{"self":[{"href":"http:\/\/ambrosioeletro.com.br\/v20\/wp-json\/wp\/v2\/product\/14573","targetHints":{"allow":["GET"]}}],"collection":[{"href":"http:\/\/ambrosioeletro.com.br\/v20\/wp-json\/wp\/v2\/product"}],"about":[{"href":"http:\/\/ambrosioeletro.com.br\/v20\/wp-json\/wp\/v2\/types\/product"}],"replies":[{"embeddable":true,"href":"http:\/\/ambrosioeletro.com.br\/v20\/wp-json\/wp\/v2\/comments?post=14573"}],"wp:featuredmedia":[{"embeddable":true,"href":"http:\/\/ambrosioeletro.com.br\/v20\/wp-json\/wp\/v2\/media\/14574"}],"wp:attachment":[{"href":"http:\/\/ambrosioeletro.com.br\/v20\/wp-json\/wp\/v2\/media?parent=14573"}],"wp:term":[{"taxonomy":"product_brand","embeddable":true,"href":"http:\/\/ambrosioeletro.com.br\/v20\/wp-json\/wp\/v2\/product_brand?post=14573"},{"taxonomy":"product_cat","embeddable":true,"href":"http:\/\/ambrosioeletro.com.br\/v20\/wp-json\/wp\/v2\/product_cat?post=14573"},{"taxonomy":"product_tag","embeddable":true,"href":"http:\/\/ambrosioeletro.com.br\/v20\/wp-json\/wp\/v2\/product_tag?post=14573"}],"curies":[{"name":"wp","href":"https:\/\/api.w.org\/{rel}","templated":true}]}}