{"id":14628,"date":"2025-12-10T12:26:47","date_gmt":"2025-12-10T15:26:47","guid":{"rendered":"https:\/\/ambrosioeletro.com.br\/v20\/?post_type=product&#038;p=14628"},"modified":"2026-04-06T16:37:25","modified_gmt":"2026-04-06T19:37:25","slug":"painel-home-suspenso-iris-madetec","status":"publish","type":"product","link":"http:\/\/ambrosioeletro.com.br\/v20\/produto\/painel-home-suspenso-iris-madetec\/","title":{"rendered":"Painel Home Suspenso \u00cdris &#8211; Madetec"},"content":{"rendered":"<div class=\"relative px-md overflow-hidden border-on-surface-8 after:pointer-events-none after:absolute after:bottom-[0] after:left-[0] after:h-[72px] after:w-full after:bg-gradient-to-b after:from-[#FFFFFF00] after:to-[#FFFFFF] md:after:content-none md:px-lg max-md:border-b-thin\" data-testid=\"tab-product-detail\">\n<h2 class=\"text-on-surface-2 font-md-bold md:font-title-large-highlight md:mb-md\" data-testid=\"product-details-title\">Descri\u00e7\u00e3o e ficha t\u00e9cnica<\/h2>\n<div data-testid=\"product-detail\">\n<p class=\"mt-2xsm text-on-surface-4 font-xsm-regular\" data-testid=\"product-detail-code\">C\u00f3digo\u00a0edgj867hb9<\/p>\n<div class=\"mt-md font-xsm-regular\" data-testid=\"product-detail-description\">\n<p>Nunca ficou t\u00e3o f\u00e1cil renovar sua Sala de Estar. Com qualidade e modernidade a Madetec criou uma linha perfeita com pain\u00e9is e racks dos mais variados tipos, que v\u00e3o deixar sua sala incr\u00edvel. O Painel Home Suspenso \u00cdris \u00e9 uma op\u00e7\u00e3o. Veja abaixo.<\/p>\n<p>Especifica\u00e7\u00f5es: &#8211; Estrutura em MDP e MDF de 12, 15 e 25 mm; &#8211; Painel com detalhe lateral Frisado; &#8211; Ideal para TVs de at\u00e9 55 Polegadas; &#8211; 1 porta basculante em MDF; &#8211; 1 Prateleira com borda frontal chanfrada; &#8211; Espa\u00e7o para aparelhos eletr\u00f4nicos; &#8211; Puxador em Material Sint\u00e9tico com acabamento dourado fosco; &#8211; Acompanha manual e todos os acess\u00f3rios para montagem.<\/p>\n<p>Op\u00e7\u00f5es de Cores: &#8211; Cinamomo \/ Off White; &#8211; Cumaru; &#8211; Cumaru \/ Opala.<\/p>\n<p>Dimens\u00e3o do Painel: &#8211; Altura: 136,5 cm &#8211; Largura:141 cm &#8211; Profundidade: 29 cm<\/p>\n<p>Peso embalado: &#8211; Peso do produto 36,800 kg.<\/p>\n<p>Voc\u00ea ir\u00e1 receber: &#8211; 01 volume.<\/p>\n<p>Informa\u00e7\u00f5es Importantes: &#8211; Verifique a qualidade de sua parede antes de fixar qualquer m\u00f3vel nela. As cores do produto podem variar de acordo com o seu monitor, a ilumina\u00e7\u00e3o do ambiente em que voc\u00ea est\u00e1 e at\u00e9 mesmo a sua percep\u00e7\u00e3o visual. Al\u00e9m da cor, pequenos detalhes e acabamentos podem n\u00e3o ficar evidentes na foto. &#8211; As imagens s\u00e3o meramente ilustrativas. Os objetos decorativos ou eletr\u00f4nicos que aparecem na foto n\u00e3o acompanham o produto. &#8211; As cores dos objetos podem sofrer altera\u00e7\u00f5es devido a luminosidade, configura\u00e7\u00f5es do monitor e at\u00e9 mesmo a percep\u00e7\u00e3o do usu\u00e1rio; &#8211; A Jolear M\u00f3veis n\u00e3o se responsabiliza pela montagem dos produtos. Todos os produtos acompanham manual de instru\u00e7\u00f5es e acess\u00f3rios para montagem; &#8211; A compra do produto n\u00e3o acompanha montagem \/ desmontagem; &#8211; Recomendamos que a montagem seja feita por um profissional; &#8211; N\u00e3o nos responsabilizamos, no ato da entrega, por subir escadas\/elevadores ou transporte por guincho em apartamentos. Eventuais despesas s\u00e3o de responsabilidade do comprador; &#8211; Confira as dimens\u00f5es do produto e certifique-se que passar\u00e1 normalmente por supostos elevadores, portas, escadas e\/ou corredores de sua resid\u00eancia; &#8211; Para mais informa\u00e7\u00f5es, acesse nossa Central de Atendimento.<\/p>\n<p><strong>Caracter\u00edsticas Gerais do Produto:<\/strong><br \/>\n\u2022\u00a0<strong>Acabamento:<\/strong>\u00a0Pintura UV<br \/>\n\u2022\u00a0<strong>Ambiente Ideal:<\/strong>\u00a0Sala Estar, Sala de Jantar<br \/>\n\u2022\u00a0<strong>Informa\u00e7\u00f5es adicionais:<\/strong>\u00a0O painel possui lateral em MDF frisado (baixo relevo) e prateleira com borda frontal chanfrada.<br \/>\n\u2022\u00a0<strong>Material:<\/strong>\u00a0MDP e MDF<br \/>\n\u2022\u00a0<strong>Peso Suportado:<\/strong>\u00a036 Kg<br \/>\n\u2022\u00a0<strong>Tipo de Porta:<\/strong>\u00a0Porta Basculante<br \/>\n\u2022\u00a0<strong>Altura:<\/strong>\u00a0136,5 cm<br \/>\n\u2022\u00a0<strong>Largura:<\/strong>\u00a0141 cm<br \/>\n\u2022\u00a0<strong>Portas:<\/strong>\u00a01 Porta<br \/>\n\u2022\u00a0<strong>Profundidade:<\/strong>\u00a029 cm<br \/>\n\u2022\u00a0<strong>Tv Suportada:<\/strong>\u00a0TVs de at\u00e9 55 Polegadas<\/p>\n<p><strong>Acompanha o produto:<\/strong><br \/>\n\u2022 1 x Painel Home Suspenso \u00cdris 1 x Manual de Montagem<br \/>\n<strong>Garantia:<\/strong><br \/>\n\u2022 90 dias ap\u00f3s o recebimento do produto<\/p>\n<\/div>\n<\/div>\n<\/div>\n<div class=\"hidden border-on-surface-8 md:px-lg md:block md:py-md\" data-testid=\"tab-product-factsheet\">\n<h2 class=\"text-on-surface-2 font-md-bold md:font-title-large-highlight md:mb-md\" data-testid=\"product-factsheet-title\">Ficha T\u00e9cnica<\/h2>\n<div class=\"pt-2xsm\">\n<table class=\"w-full list-none\" data-testid=\"table-factsheet\">\n<tbody>\n<tr class=\"text-on-surface-3 even:bg-surface-container-lower\">\n<td class=\"px-md py-sm align-top font-xsm-bold table-cell w-1\/2\" data-testid=\"table-factsheet-key\">Informa\u00e7\u00f5es adicionais<\/td>\n<td class=\"list-item w-full px-md py-sm align-top font-xsm-regular\">O painel possui lateral em MDF frisado (baixo relevo) e prateleira com borda frontal chanfrada.<\/td>\n<\/tr>\n<tr class=\"text-on-surface-3 even:bg-surface-container-lower\">\n<td class=\"px-md py-sm align-top font-xsm-bold table-cell w-1\/2\" data-testid=\"table-factsheet-key\">Material<\/td>\n<td class=\"list-item w-full px-md py-sm align-top font-xsm-regular\">MDP e MDF<\/td>\n<\/tr>\n<tr class=\"text-on-surface-3 even:bg-surface-container-lower\">\n<td class=\"px-md py-sm align-top font-xsm-bold table-cell w-1\/2\" data-testid=\"table-factsheet-key\">Ambiente Ideal<\/td>\n<td class=\"list-item w-full px-md py-sm align-top font-xsm-regular\">Sala Estar, Sala de Jantar<\/td>\n<\/tr>\n<tr class=\"text-on-surface-3 even:bg-surface-container-lower\">\n<td class=\"px-md py-sm align-top font-xsm-bold table-cell w-1\/2\" data-testid=\"table-factsheet-key\">Acabamento<\/td>\n<td class=\"list-item w-full px-md py-sm align-top font-xsm-regular\">Pintura UV<\/td>\n<\/tr>\n<tr class=\"text-on-surface-3 even:bg-surface-container-lower\">\n<td class=\"px-md py-sm align-top font-xsm-bold table-cell w-1\/2\" data-testid=\"table-factsheet-key\">Peso Suportado<\/td>\n<td class=\"list-item w-full px-md py-sm align-top font-xsm-regular\">36 Kg<\/td>\n<\/tr>\n<tr class=\"text-on-surface-3 even:bg-surface-container-lower\">\n<td class=\"px-md py-sm align-top font-xsm-bold table-cell w-1\/2\" data-testid=\"table-factsheet-key\">Tipo de Porta<\/td>\n<td class=\"list-item w-full px-md py-sm align-top font-xsm-regular\">Porta Basculante<\/td>\n<\/tr>\n<tr class=\"text-on-surface-3 even:bg-surface-container-lower\">\n<td class=\"px-md py-sm align-top font-xsm-bold table-cell w-1\/2\" data-testid=\"table-factsheet-key\">Profundidade<\/td>\n<td class=\"list-item w-full px-md py-sm align-top font-xsm-regular\">29 cm<\/td>\n<\/tr>\n<tr class=\"text-on-surface-3 even:bg-surface-container-lower\">\n<td class=\"px-md py-sm align-top font-xsm-bold table-cell w-1\/2\" data-testid=\"table-factsheet-key\">Portas<\/td>\n<td class=\"list-item w-full px-md py-sm align-top font-xsm-regular\">1 Porta<\/td>\n<\/tr>\n<tr class=\"text-on-surface-3 even:bg-surface-container-lower\">\n<td class=\"px-md py-sm align-top font-xsm-bold table-cell w-1\/2\" data-testid=\"table-factsheet-key\">Altura<\/td>\n<td class=\"list-item w-full px-md py-sm align-top font-xsm-regular\">136,5 cm<\/td>\n<\/tr>\n<tr class=\"text-on-surface-3 even:bg-surface-container-lower\">\n<td class=\"px-md py-sm align-top font-xsm-bold table-cell w-1\/2\" data-testid=\"table-factsheet-key\">Tv Suportada<\/td>\n<td class=\"list-item w-full px-md py-sm align-top font-xsm-regular\">TVs de at\u00e9 55 Polegadas<\/td>\n<\/tr>\n<tr class=\"text-on-surface-3 even:bg-surface-container-lower\">\n<td class=\"px-md py-sm align-top font-xsm-bold table-cell w-1\/2\" data-testid=\"table-factsheet-key\">Largura<\/td>\n<td class=\"list-item w-full px-md py-sm align-top font-xsm-regular\">141 cm<\/td>\n<\/tr>\n<tr class=\"text-on-surface-3 even:bg-surface-container-lower\">\n<td class=\"px-md py-sm align-top font-xsm-bold table-cell w-1\/2\" data-testid=\"table-factsheet-key\">Acabamento<\/td>\n<td class=\"list-item w-full px-md py-sm align-top font-xsm-regular\">Pintura UV<\/td>\n<\/tr>\n<tr class=\"text-on-surface-3 even:bg-surface-container-lower\">\n<td class=\"px-md py-sm align-top font-xsm-bold table-cell w-1\/2\" data-testid=\"table-factsheet-key\">Componentes do M\u00f3vel<\/td>\n<td class=\"list-item w-full px-md py-sm align-top font-xsm-regular\">1 x Painel Home Suspenso \u00cdris, 1 x Manual de Montagem<\/td>\n<\/tr>\n<tr class=\"text-on-surface-3 even:bg-surface-container-lower\">\n<td class=\"px-md py-sm align-top font-xsm-bold table-cell w-1\/2\" data-testid=\"table-factsheet-key\">Conte\u00fado da Embalagem<\/td>\n<td class=\"list-item w-full px-md py-sm align-top font-xsm-regular\">01 volume<\/td>\n<\/tr>\n<tr class=\"text-on-surface-3 even:bg-surface-container-lower\">\n<td class=\"px-md py-sm align-top font-xsm-bold table-cell w-1\/2\" data-testid=\"table-factsheet-key\">Cor<\/td>\n<td class=\"list-item w-full px-md py-sm align-top font-xsm-regular\">Cinamomo \/ Off White, Cumaru, Cumaru \/ Opala<\/td>\n<\/tr>\n<tr class=\"text-on-surface-3 even:bg-surface-container-lower\">\n<td class=\"px-md py-sm align-top font-xsm-bold table-cell w-1\/2\" data-testid=\"table-factsheet-key\">Dimens\u00f5es do Produto<\/td>\n<td class=\"list-item w-full px-md py-sm align-top font-xsm-regular\">Altura: 136,5 cm &#8211; Largura:141 cm &#8211; Profundidade: 29 cm<\/td>\n<\/tr>\n<tr class=\"text-on-surface-3 even:bg-surface-container-lower\">\n<td class=\"px-md py-sm align-top font-xsm-bold table-cell w-1\/2\" data-testid=\"table-factsheet-key\">Linha<\/td>\n<td class=\"list-item w-full px-md py-sm align-top font-xsm-regular\">\u00cdris<\/td>\n<\/tr>\n<tr class=\"text-on-surface-3 even:bg-surface-container-lower\">\n<td class=\"px-md py-sm align-top font-xsm-bold table-cell w-1\/2\" data-testid=\"table-factsheet-key\">Marca<\/td>\n<td class=\"list-item w-full px-md py-sm align-top font-xsm-regular\"><a class=\"underline hover:text-interaction-default\" href=\"https:\/\/www.magazineluiza.com.br\/marcas\/madetec\/\">Madetec<\/a><\/td>\n<\/tr>\n<tr class=\"text-on-surface-3 even:bg-surface-container-lower\">\n<td class=\"px-md py-sm align-top font-xsm-bold table-cell w-1\/2\" data-testid=\"table-factsheet-key\">Material da Estrutura<\/td>\n<td class=\"list-item w-full px-md py-sm align-top font-xsm-regular\">MDP e MDF<\/td>\n<\/tr>\n<tr class=\"text-on-surface-3 even:bg-surface-container-lower\">\n<td class=\"px-md py-sm align-top font-xsm-bold table-cell w-1\/2\" data-testid=\"table-factsheet-key\">Modelo<\/td>\n<td class=\"list-item w-full px-md py-sm align-top font-xsm-regular\">\u00cdris<\/td>\n<\/tr>\n<tr class=\"text-on-surface-3 even:bg-surface-container-lower\">\n<td class=\"px-md py-sm align-top font-xsm-bold table-cell w-1\/2\" data-testid=\"table-factsheet-key\">Peso do Produto<\/td>\n<td class=\"list-item w-full px-md py-sm align-top font-xsm-regular\">36,800 kg<\/td>\n<\/tr>\n<tr class=\"text-on-surface-3 even:bg-surface-container-lower\">\n<td class=\"px-md py-sm align-top font-xsm-bold table-cell w-1\/2\" data-testid=\"table-factsheet-key\">Polegadas da TV<\/td>\n<td class=\"list-item w-full px-md py-sm align-top font-xsm-regular\">55<\/td>\n<\/tr>\n<tr class=\"text-on-surface-3 even:bg-surface-container-lower\">\n<td class=\"px-md py-sm align-top font-xsm-bold table-cell w-1\/2\" data-testid=\"table-factsheet-key\">Prazo de Garantia<\/td>\n<td class=\"list-item w-full px-md py-sm align-top font-xsm-regular\">90 dias<\/td>\n<\/tr>\n<tr class=\"text-on-surface-3 even:bg-surface-container-lower\">\n<td class=\"px-md py-sm align-top font-xsm-bold table-cell w-1\/2\" data-testid=\"table-factsheet-key\">Quantidade de Portas<\/td>\n<td class=\"list-item w-full px-md py-sm align-top font-xsm-regular\">1<\/td>\n<\/tr>\n<tr class=\"text-on-surface-3 even:bg-surface-container-lower\">\n<td class=\"px-md py-sm align-top font-xsm-bold table-cell w-1\/2\" data-testid=\"table-factsheet-key\">Tipo de M\u00f3vel<\/td>\n<td class=\"list-item w-full px-md py-sm align-top font-xsm-regular\">Painel<\/td>\n<\/tr>\n<tr class=\"text-on-surface-3 even:bg-surface-container-lower\">\n<td class=\"px-md py-sm align-top font-xsm-bold table-cell w-1\/2\" data-testid=\"table-factsheet-key\">Tipo de Porta<\/td>\n<td class=\"list-item w-full px-md py-sm align-top font-xsm-regular\">Basculante<\/td>\n<\/tr>\n<\/tbody>\n<\/table>\n<\/div>\n<\/div>\n","protected":false},"excerpt":{"rendered":"<p>Descri\u00e7\u00e3o e ficha t\u00e9cnica C\u00f3digo\u00a0edgj867hb9 Nunca ficou t\u00e3o f\u00e1cil renovar sua Sala de Estar. Com qualidade e modernidade a Madetec criou uma linha perfeita com pain\u00e9is e racks dos mais<\/p>\n","protected":false},"featured_media":14633,"comment_status":"open","ping_status":"closed","template":"","meta":[],"product_brand":[],"product_cat":[242],"product_tag":[],"class_list":{"0":"post-14628","1":"product","2":"type-product","3":"status-publish","4":"has-post-thumbnail","6":"product_cat-sala","7":"product_shipping_class-retirar-no-local","9":"first","10":"instock","11":"shipping-taxable","12":"purchasable","13":"product-type-simple"},"_links":{"self":[{"href":"http:\/\/ambrosioeletro.com.br\/v20\/wp-json\/wp\/v2\/product\/14628","targetHints":{"allow":["GET"]}}],"collection":[{"href":"http:\/\/ambrosioeletro.com.br\/v20\/wp-json\/wp\/v2\/product"}],"about":[{"href":"http:\/\/ambrosioeletro.com.br\/v20\/wp-json\/wp\/v2\/types\/product"}],"replies":[{"embeddable":true,"href":"http:\/\/ambrosioeletro.com.br\/v20\/wp-json\/wp\/v2\/comments?post=14628"}],"wp:featuredmedia":[{"embeddable":true,"href":"http:\/\/ambrosioeletro.com.br\/v20\/wp-json\/wp\/v2\/media\/14633"}],"wp:attachment":[{"href":"http:\/\/ambrosioeletro.com.br\/v20\/wp-json\/wp\/v2\/media?parent=14628"}],"wp:term":[{"taxonomy":"product_brand","embeddable":true,"href":"http:\/\/ambrosioeletro.com.br\/v20\/wp-json\/wp\/v2\/product_brand?post=14628"},{"taxonomy":"product_cat","embeddable":true,"href":"http:\/\/ambrosioeletro.com.br\/v20\/wp-json\/wp\/v2\/product_cat?post=14628"},{"taxonomy":"product_tag","embeddable":true,"href":"http:\/\/ambrosioeletro.com.br\/v20\/wp-json\/wp\/v2\/product_tag?post=14628"}],"curies":[{"name":"wp","href":"https:\/\/api.w.org\/{rel}","templated":true}]}}