{"id":14662,"date":"2025-12-18T10:02:31","date_gmt":"2025-12-18T13:02:31","guid":{"rendered":"https:\/\/ambrosioeletro.com.br\/v20\/?post_type=product&#038;p=14662"},"modified":"2026-04-07T09:48:22","modified_gmt":"2026-04-07T12:48:22","slug":"smartphone-realme-c71-8gb-ram-256gb-tela-667-120-hz-bateria-6000-mah-forest-owl","status":"publish","type":"product","link":"http:\/\/ambrosioeletro.com.br\/v20\/produto\/smartphone-realme-c71-8gb-ram-256gb-tela-667-120-hz-bateria-6000-mah-forest-owl\/","title":{"rendered":"Smartphone Realme C71 8GB RAM 256GB Tela 6,67&#8243; 120 Hz Bateria 6000 mAh Forest Owl"},"content":{"rendered":"<h2 class=\"text-on-surface-2 font-md-bold md:font-lg-bold\" data-testid=\"key-selling-points-title\">Principais caracter\u00edsticas<\/h2>\n<ul class=\"mt-md list-disc px-md md:mt-xsm\">\n<li class=\"text-on-surface-2 font-xsm-regular\">256GB de armazenamento interno<\/li>\n<li class=\"text-on-surface-2 font-xsm-regular\">8GB de mem\u00f3ria RAM<\/li>\n<li class=\"text-on-surface-2 font-xsm-regular\">Tela de 6.67 polegadas<\/li>\n<li class=\"text-on-surface-2 font-xsm-regular\">C\u00e2mera traseira de 50 MP<\/li>\n<li class=\"text-on-surface-2 font-xsm-regular\">C\u00e2mera frontal de 5 MP<\/li>\n<li class=\"text-on-surface-2 font-xsm-regular\">Bateria de 6.000 mA<\/li>\n<li>\n<div class=\"relative px-md overflow-hidden border-on-surface-8 after:pointer-events-none after:absolute after:bottom-[0] after:left-[0] after:h-[72px] after:w-full after:bg-gradient-to-b after:from-[#FFFFFF00] after:to-[#FFFFFF] md:after:content-none md:px-lg max-md:border-b-thin\" data-testid=\"tab-product-detail\">\n<h2 class=\"text-on-surface-2 font-md-bold md:font-title-large-highlight md:mb-md\" data-testid=\"product-details-title\">Descri\u00e7\u00e3o e ficha t\u00e9cnica<\/h2>\n<div data-testid=\"product-detail\">\n<p class=\"mt-2xsm text-on-surface-4 font-xsm-regular\" data-testid=\"product-detail-code\">C\u00f3digo\u00a0gj68fcc1c5<\/p>\n<div class=\"mt-md font-xsm-regular\" data-testid=\"product-detail-description\">Smartphone Realme C71 Dual Sim 4G 256GB \/ 8Gb Ram Versao Global O realme C71 RMX5303 \u00e9 um smartphone de alto desempenho com tela LCD de 6,67&#8243; HD+ e taxa de atualiza\u00e7\u00e3o de 120Hz, proporcionando uma experi\u00eancia visual fluida. Equipado com processador Unisoc T7250 octa-core, 8GB de RAM e 16GB de mem\u00f3ria virtual, garante efici\u00eancia em multitarefas. Sua c\u00e2mera dupla de 50MP e frontal de 5MP captura imagens n\u00edtidas, enquanto a bateria de 6.000 mAh com carregamento r\u00e1pido de 45W assegura autonomia prolongada. Com Android 15 e realme UI 6.0, \u00e9 ideal para quem busca tecnologia e estilo Tela 6.67 Camera Traseira 50 MP Camera Frontal 5 MP Procesador Unisoc T7250 (12 nm) Octa Core (Dual Core de 1.8GHz + Hexa Core de 1.6GHz) Memoria Ram 8GB Memoria Interna 256GB Sistema OS Android 15 Certificado de homologa\u00e7\u00e3o da ANATEL 025152513366 Registro do produto ANVISA N\u00e3o se aplica Registro do produto Minist\u00e9rio da Agricultura (MAPA) N\u00e3o se aplica Informa\u00e7\u00f5es complementares Armazenamento Interno 256GB Capacidade da Bateria 6.000 mAh Certificado Homologado pela Anatel N\u00famero 025152513366 Cor Forest Owl Marca Realme Mem\u00f3ria RAM 8GB Modelo C71 Processador Unisoc T7250 (12 nm) Octa Core (Dual Core de 1.8GHz + Hexa Core de 1.6GHz) Quantidade de Chips 2 Rede M\u00f3vel 4G Refer\u00eancia RMX5303 Resolu\u00e7\u00e3o da C\u00e2mera Frontal 5 MP Resolu\u00e7\u00e3o da C\u00e2mera Traseira 50 MP Resolu\u00e7\u00e3o da Tela 6.67 Sistema Operacional Android 15 Tamanho da Tela 6.67&#8243; Taxa de Atualiza\u00e7\u00e3o da Tela 120Hz Tipo de Chip Dual Sim Tipo de Tela LCD Vers\u00e3o do Sistema Operacional Android 15<\/div>\n<\/div>\n<\/div>\n<div class=\"hidden border-on-surface-8 md:px-lg md:block md:py-md\" data-testid=\"tab-product-factsheet\">\n<h2 class=\"text-on-surface-2 font-md-bold md:font-title-large-highlight md:mb-md\" data-testid=\"product-factsheet-title\">Ficha T\u00e9cnica<\/h2>\n<div class=\"pt-2xsm\">\n<table class=\"w-full list-none\" data-testid=\"table-factsheet\">\n<tbody>\n<tr class=\"text-on-surface-3 even:bg-surface-container-lower\">\n<td class=\"px-md py-sm align-top font-xsm-bold table-cell w-1\/2\" data-testid=\"table-factsheet-key\">Certificado de homologa\u00e7\u00e3o da ANATEL<\/td>\n<td class=\"list-item w-full px-md py-sm align-top font-xsm-regular\">167142309185<\/td>\n<\/tr>\n<tr class=\"text-on-surface-3 even:bg-surface-container-lower\">\n<td class=\"px-md py-sm align-top font-xsm-bold table-cell w-1\/2\" data-testid=\"table-factsheet-key\">Armazenamento Interno<\/td>\n<td class=\"list-item w-full px-md py-sm align-top font-xsm-regular\">256GB<\/td>\n<\/tr>\n<tr class=\"text-on-surface-3 even:bg-surface-container-lower\">\n<td class=\"px-md py-sm align-top font-xsm-bold table-cell w-1\/2\" data-testid=\"table-factsheet-key\">Capacidade da Bateria<\/td>\n<td class=\"list-item w-full px-md py-sm align-top font-xsm-regular\">6.000 mAh<\/td>\n<\/tr>\n<tr class=\"text-on-surface-3 even:bg-surface-container-lower\">\n<td class=\"px-md py-sm align-top font-xsm-bold table-cell w-1\/2\" data-testid=\"table-factsheet-key\">Certificado Homologado pela Anatel N\u00famero<\/td>\n<td class=\"list-item w-full px-md py-sm align-top font-xsm-regular\">025152513366<\/td>\n<\/tr>\n<tr class=\"text-on-surface-3 even:bg-surface-container-lower\">\n<td class=\"px-md py-sm align-top font-xsm-bold table-cell w-1\/2\" data-testid=\"table-factsheet-key\">Cor<\/td>\n<td class=\"list-item w-full px-md py-sm align-top font-xsm-regular\">Forest Owl<\/td>\n<\/tr>\n<tr class=\"text-on-surface-3 even:bg-surface-container-lower\">\n<td class=\"px-md py-sm align-top font-xsm-bold table-cell w-1\/2\" data-testid=\"table-factsheet-key\">Marca<\/td>\n<td class=\"list-item w-full px-md py-sm align-top font-xsm-regular\"><a class=\"underline hover:text-interaction-default\" href=\"https:\/\/www.magazineluiza.com.br\/marcas\/realme\/\">Realme<\/a><\/td>\n<\/tr>\n<tr class=\"text-on-surface-3 even:bg-surface-container-lower\">\n<td class=\"px-md py-sm align-top font-xsm-bold table-cell w-1\/2\" data-testid=\"table-factsheet-key\">Mem\u00f3ria RAM<\/td>\n<td class=\"list-item w-full px-md py-sm align-top font-xsm-regular\">8GB<\/td>\n<\/tr>\n<tr class=\"text-on-surface-3 even:bg-surface-container-lower\">\n<td class=\"px-md py-sm align-top font-xsm-bold table-cell w-1\/2\" data-testid=\"table-factsheet-key\">Modelo<\/td>\n<td class=\"list-item w-full px-md py-sm align-top font-xsm-regular\">C71<\/td>\n<\/tr>\n<tr class=\"text-on-surface-3 even:bg-surface-container-lower\">\n<td class=\"px-md py-sm align-top font-xsm-bold table-cell w-1\/2\" data-testid=\"table-factsheet-key\">Processador<\/td>\n<td class=\"list-item w-full px-md py-sm align-top font-xsm-regular\">Unisoc T7250 (12 nm) Octa Core (Dual Core de 1.8GHz + Hexa Core de 1.6GHz)<\/td>\n<\/tr>\n<tr class=\"text-on-surface-3 even:bg-surface-container-lower\">\n<td class=\"px-md py-sm align-top font-xsm-bold table-cell w-1\/2\" data-testid=\"table-factsheet-key\">Quantidade de Chips<\/td>\n<td class=\"list-item w-full px-md py-sm align-top font-xsm-regular\">2<\/td>\n<\/tr>\n<tr class=\"text-on-surface-3 even:bg-surface-container-lower\">\n<td class=\"px-md py-sm align-top font-xsm-bold table-cell w-1\/2\" data-testid=\"table-factsheet-key\">Rede M\u00f3vel<\/td>\n<td class=\"list-item w-full px-md py-sm align-top font-xsm-regular\">4G<\/td>\n<\/tr>\n<tr class=\"text-on-surface-3 even:bg-surface-container-lower\">\n<td class=\"px-md py-sm align-top font-xsm-bold table-cell w-1\/2\" data-testid=\"table-factsheet-key\">Refer\u00eancia<\/td>\n<td class=\"list-item w-full px-md py-sm align-top font-xsm-regular\">RMX5303<\/td>\n<\/tr>\n<tr class=\"text-on-surface-3 even:bg-surface-container-lower\">\n<td class=\"px-md py-sm align-top font-xsm-bold table-cell w-1\/2\" data-testid=\"table-factsheet-key\">Resolu\u00e7\u00e3o da C\u00e2mera Frontal<\/td>\n<td class=\"list-item w-full px-md py-sm align-top font-xsm-regular\">5 MP<\/td>\n<\/tr>\n<tr class=\"text-on-surface-3 even:bg-surface-container-lower\">\n<td class=\"px-md py-sm align-top font-xsm-bold table-cell w-1\/2\" data-testid=\"table-factsheet-key\">Resolu\u00e7\u00e3o da C\u00e2mera Traseira<\/td>\n<td class=\"list-item w-full px-md py-sm align-top font-xsm-regular\">50 MP<\/td>\n<\/tr>\n<tr class=\"text-on-surface-3 even:bg-surface-container-lower\">\n<td class=\"px-md py-sm align-top font-xsm-bold table-cell w-1\/2\" data-testid=\"table-factsheet-key\">Resolu\u00e7\u00e3o da Tela<\/td>\n<td class=\"list-item w-full px-md py-sm align-top font-xsm-regular\">6.67<\/td>\n<\/tr>\n<tr class=\"text-on-surface-3 even:bg-surface-container-lower\">\n<td class=\"px-md py-sm align-top font-xsm-bold table-cell w-1\/2\" data-testid=\"table-factsheet-key\">Sistema Operacional<\/td>\n<td class=\"list-item w-full px-md py-sm align-top font-xsm-regular\">Android 15<\/td>\n<\/tr>\n<tr class=\"text-on-surface-3 even:bg-surface-container-lower\">\n<td class=\"px-md py-sm align-top font-xsm-bold table-cell w-1\/2\" data-testid=\"table-factsheet-key\">Tamanho da Tela<\/td>\n<td class=\"list-item w-full px-md py-sm align-top font-xsm-regular\">6.67&#8243;<\/td>\n<\/tr>\n<tr class=\"text-on-surface-3 even:bg-surface-container-lower\">\n<td class=\"px-md py-sm align-top font-xsm-bold table-cell w-1\/2\" data-testid=\"table-factsheet-key\">Taxa de Atualiza\u00e7\u00e3o da Tela<\/td>\n<td class=\"list-item w-full px-md py-sm align-top font-xsm-regular\">120Hz<\/td>\n<\/tr>\n<tr class=\"text-on-surface-3 even:bg-surface-container-lower\">\n<td class=\"px-md py-sm align-top font-xsm-bold table-cell w-1\/2\" data-testid=\"table-factsheet-key\">Tipo de Chip<\/td>\n<td class=\"list-item w-full px-md py-sm align-top font-xsm-regular\">Dual Sim<\/td>\n<\/tr>\n<tr class=\"text-on-surface-3 even:bg-surface-container-lower\">\n<td class=\"px-md py-sm align-top font-xsm-bold table-cell w-1\/2\" data-testid=\"table-factsheet-key\">Tipo de Tela<\/td>\n<td class=\"list-item w-full px-md py-sm align-top font-xsm-regular\">LCD<\/td>\n<\/tr>\n<tr class=\"text-on-surface-3 even:bg-surface-container-lower\">\n<td class=\"px-md py-sm align-top font-xsm-bold table-cell w-1\/2\" data-testid=\"table-factsheet-key\">Vers\u00e3o do Sistema Operacional<\/td>\n<td class=\"list-item w-full px-md py-sm align-top font-xsm-regular\">Android 15<\/td>\n<\/tr>\n<\/tbody>\n<\/table>\n<\/div>\n<\/div>\n<\/li>\n<\/ul>\n","protected":false},"excerpt":{"rendered":"<p>Principais caracter\u00edsticas 256GB de armazenamento interno 8GB de mem\u00f3ria RAM Tela de 6.67 polegadas C\u00e2mera traseira de 50 MP C\u00e2mera frontal de 5 MP Bateria de 6.000 mA Descri\u00e7\u00e3o e<\/p>\n","protected":false},"featured_media":14663,"comment_status":"open","ping_status":"closed","template":"","meta":[],"product_brand":[],"product_cat":[229],"product_tag":[],"class_list":{"0":"post-14662","1":"product","2":"type-product","3":"status-publish","4":"has-post-thumbnail","6":"product_cat-celulares","7":"product_shipping_class-pac","9":"first","10":"instock","11":"shipping-taxable","12":"purchasable","13":"product-type-simple"},"_links":{"self":[{"href":"http:\/\/ambrosioeletro.com.br\/v20\/wp-json\/wp\/v2\/product\/14662","targetHints":{"allow":["GET"]}}],"collection":[{"href":"http:\/\/ambrosioeletro.com.br\/v20\/wp-json\/wp\/v2\/product"}],"about":[{"href":"http:\/\/ambrosioeletro.com.br\/v20\/wp-json\/wp\/v2\/types\/product"}],"replies":[{"embeddable":true,"href":"http:\/\/ambrosioeletro.com.br\/v20\/wp-json\/wp\/v2\/comments?post=14662"}],"wp:featuredmedia":[{"embeddable":true,"href":"http:\/\/ambrosioeletro.com.br\/v20\/wp-json\/wp\/v2\/media\/14663"}],"wp:attachment":[{"href":"http:\/\/ambrosioeletro.com.br\/v20\/wp-json\/wp\/v2\/media?parent=14662"}],"wp:term":[{"taxonomy":"product_brand","embeddable":true,"href":"http:\/\/ambrosioeletro.com.br\/v20\/wp-json\/wp\/v2\/product_brand?post=14662"},{"taxonomy":"product_cat","embeddable":true,"href":"http:\/\/ambrosioeletro.com.br\/v20\/wp-json\/wp\/v2\/product_cat?post=14662"},{"taxonomy":"product_tag","embeddable":true,"href":"http:\/\/ambrosioeletro.com.br\/v20\/wp-json\/wp\/v2\/product_tag?post=14662"}],"curies":[{"name":"wp","href":"https:\/\/api.w.org\/{rel}","templated":true}]}}