{"id":14680,"date":"2025-12-19T10:17:54","date_gmt":"2025-12-19T13:17:54","guid":{"rendered":"https:\/\/ambrosioeletro.com.br\/v20\/?post_type=product&#038;p=14680"},"modified":"2025-12-19T10:17:54","modified_gmt":"2025-12-19T13:17:54","slug":"monitor-23-vx-pro-vx230-full-hd-75hz-hdmi-vga-110v-220v-6-meses-garantia","status":"publish","type":"product","link":"http:\/\/ambrosioeletro.com.br\/v20\/produto\/monitor-23-vx-pro-vx230-full-hd-75hz-hdmi-vga-110v-220v-6-meses-garantia\/","title":{"rendered":"Monitor 23&#8243; Vx Pro Vx230 Full Hd 75hz Hdmi\/Vga 110v\/220v &#8211; 6 Meses Garantia"},"content":{"rendered":"<div class=\"relative px-md overflow-hidden border-on-surface-8 after:pointer-events-none after:absolute after:bottom-[0] after:left-[0] after:h-[72px] after:w-full after:bg-gradient-to-b after:from-[#FFFFFF00] after:to-[#FFFFFF] md:after:content-none md:px-lg max-md:border-b-thin\" data-testid=\"tab-product-detail\">\n<h2 class=\"text-on-surface-2 font-md-bold md:font-title-large-highlight md:mb-md\" data-testid=\"product-details-title\">Descri\u00e7\u00e3o e ficha t\u00e9cnica<\/h2>\n<div data-testid=\"product-detail\">\n<p class=\"mt-2xsm text-on-surface-4 font-xsm-regular\" data-testid=\"product-detail-code\">C\u00f3digo\u00a0ck78744207<\/p>\n<div class=\"mt-md font-xsm-regular\" data-testid=\"product-detail-description\">MONITOR 23 VX PRO VX230X Full HD 75HZ HDMI\/VGA 110V\/220V<\/p>\n<p>Marca: VX Pro<br \/>\nModelo: VX230X<br \/>\nTamanho de exibi\u00e7\u00e3o: 23 TFT &#8211; HVA<br \/>\nResolu\u00e7\u00e3o: 1920X1080 Pixels @ 75Hz<br \/>\nPixel Pitch: 0.27156 x 0.27156 mm<br \/>\nFrequ\u00eancia: 30-81KHz<br \/>\nCores de exibi\u00e7\u00e3o: 16.7M (8-bit)<br \/>\nBrilho: 200 cd\/m2(Typical)<br \/>\nRela\u00e7\u00e3o de contraste: 3000:1(Typical)<br \/>\nTempo de resposta: 14 (Typ.)(G to G) ms<br \/>\n\u00c2ngulo de vis\u00e3o (CR=10): (L\/R\/U\/D) 89\/89\/ 89\/89(Typical)<br \/>\nInterface: 1 x VGA<br \/>\n1 x HDMI<br \/>\nTipo: 100-240VAC 60Hz<br \/>\nConsumo:<\/p><\/div>\n<\/div>\n<\/div>\n<div class=\"hidden border-on-surface-8 md:px-lg md:block md:py-md\" data-testid=\"tab-product-factsheet\">\n<h2 class=\"text-on-surface-2 font-md-bold md:font-title-large-highlight md:mb-md\" data-testid=\"product-factsheet-title\">Ficha T\u00e9cnica<\/h2>\n<div class=\"pt-2xsm\">\n<table class=\"w-full list-none\" data-testid=\"table-factsheet\">\n<tbody>\n<tr class=\"text-on-surface-3 even:bg-surface-container-lower\">\n<td class=\"px-md py-sm align-top font-xsm-bold table-cell w-1\/2\" data-testid=\"table-factsheet-key\">VOLTAGEM<\/td>\n<td class=\"list-item w-full px-md py-sm align-top font-xsm-regular\">220V\/110V<\/td>\n<\/tr>\n<tr class=\"text-on-surface-3 even:bg-surface-container-lower\">\n<td class=\"px-md py-sm align-top font-xsm-bold table-cell w-1\/2\" data-testid=\"table-factsheet-key\">Brilho<\/td>\n<td class=\"list-item w-full px-md py-sm align-top font-xsm-regular\">200 cd\/m2(Typical)<\/td>\n<\/tr>\n<tr class=\"text-on-surface-3 even:bg-surface-container-lower\">\n<td class=\"px-md py-sm align-top font-xsm-bold table-cell w-1\/2\" data-testid=\"table-factsheet-key\">Conectividade<\/td>\n<td class=\"list-item w-full px-md py-sm align-top font-xsm-regular\">HDMI, VGA<\/td>\n<\/tr>\n<tr class=\"text-on-surface-3 even:bg-surface-container-lower\">\n<td class=\"px-md py-sm align-top font-xsm-bold table-cell w-1\/2\" data-testid=\"table-factsheet-key\">Conex\u00f5es<\/td>\n<td class=\"list-item w-full px-md py-sm align-top font-xsm-regular\">1 x VGA, 1 x HDMI<\/td>\n<\/tr>\n<tr class=\"text-on-surface-3 even:bg-surface-container-lower\">\n<td class=\"px-md py-sm align-top font-xsm-bold table-cell w-1\/2\" data-testid=\"table-factsheet-key\">Contraste<\/td>\n<td class=\"list-item w-full px-md py-sm align-top font-xsm-regular\">3000:1(Typical)<\/td>\n<\/tr>\n<tr class=\"text-on-surface-3 even:bg-surface-container-lower\">\n<td class=\"px-md py-sm align-top font-xsm-bold table-cell w-1\/2\" data-testid=\"table-factsheet-key\">Marca<\/td>\n<td class=\"list-item w-full px-md py-sm align-top font-xsm-regular\"><a class=\"underline hover:text-interaction-default\" href=\"https:\/\/www.magazineluiza.com.br\/marcas\/vx-pro\/\">VX Pro<\/a><\/td>\n<\/tr>\n<tr class=\"text-on-surface-3 even:bg-surface-container-lower\">\n<td class=\"px-md py-sm align-top font-xsm-bold table-cell w-1\/2\" data-testid=\"table-factsheet-key\">Modelo<\/td>\n<td class=\"list-item w-full px-md py-sm align-top font-xsm-regular\">VX230X<\/td>\n<\/tr>\n<tr class=\"text-on-surface-3 even:bg-surface-container-lower\">\n<td class=\"px-md py-sm align-top font-xsm-bold table-cell w-1\/2\" data-testid=\"table-factsheet-key\">Prazo de Garantia<\/td>\n<td class=\"list-item w-full px-md py-sm align-top font-xsm-regular\">6 Meses<\/td>\n<\/tr>\n<tr class=\"text-on-surface-3 even:bg-surface-container-lower\">\n<td class=\"px-md py-sm align-top font-xsm-bold table-cell w-1\/2\" data-testid=\"table-factsheet-key\">Resolu\u00e7\u00e3o<\/td>\n<td class=\"list-item w-full px-md py-sm align-top font-xsm-regular\">1920X1080 Pixels<\/td>\n<\/tr>\n<tr class=\"text-on-surface-3 even:bg-surface-container-lower\">\n<td class=\"px-md py-sm align-top font-xsm-bold table-cell w-1\/2\" data-testid=\"table-factsheet-key\">Resolu\u00e7\u00e3o M\u00e1xima<\/td>\n<td class=\"list-item w-full px-md py-sm align-top font-xsm-regular\">1920X1080<\/td>\n<\/tr>\n<tr class=\"text-on-surface-3 even:bg-surface-container-lower\">\n<td class=\"px-md py-sm align-top font-xsm-bold table-cell w-1\/2\" data-testid=\"table-factsheet-key\">Tamanho da Tela<\/td>\n<td class=\"list-item w-full px-md py-sm align-top font-xsm-regular\">23&#8243;<\/td>\n<\/tr>\n<tr class=\"text-on-surface-3 even:bg-surface-container-lower\">\n<td class=\"px-md py-sm align-top font-xsm-bold table-cell w-1\/2\" data-testid=\"table-factsheet-key\">Taxa de Atualiza\u00e7\u00e3o da Tela<\/td>\n<td class=\"list-item w-full px-md py-sm align-top font-xsm-regular\">75Hz<\/td>\n<\/tr>\n<tr class=\"text-on-surface-3 even:bg-surface-container-lower\">\n<td class=\"px-md py-sm align-top font-xsm-bold table-cell w-1\/2\" data-testid=\"table-factsheet-key\">Tecnologia do Monitor<\/td>\n<td class=\"list-item w-full px-md py-sm align-top font-xsm-regular\">TFT &#8211; HVA<\/td>\n<\/tr>\n<tr class=\"text-on-surface-3 even:bg-surface-container-lower\">\n<td class=\"px-md py-sm align-top font-xsm-bold table-cell w-1\/2\" data-testid=\"table-factsheet-key\">Tempo de Resposta<\/td>\n<td class=\"list-item w-full px-md py-sm align-top font-xsm-regular\">14 (Typ.)(G to G) ms<\/td>\n<\/tr>\n<tr class=\"text-on-surface-3 even:bg-surface-container-lower\">\n<td class=\"px-md py-sm align-top font-xsm-bold table-cell w-1\/2\" data-testid=\"table-factsheet-key\">Voltagem<\/td>\n<td class=\"list-item w-full px-md py-sm align-top font-xsm-regular\">110V\/220V<\/td>\n<\/tr>\n<tr class=\"text-on-surface-3 even:bg-surface-container-lower\">\n<td class=\"px-md py-sm align-top font-xsm-bold table-cell w-1\/2\" data-testid=\"table-factsheet-key\">\u00c2ngulo de Vis\u00e3o<\/td>\n<td class=\"list-item w-full px-md py-sm align-top font-xsm-regular\">(L\/R\/U\/D) 89\/89\/ 89\/89(Typical)<\/td>\n<\/tr>\n<\/tbody>\n<\/table>\n<\/div>\n<\/div>\n","protected":false},"excerpt":{"rendered":"<p>Descri\u00e7\u00e3o e ficha t\u00e9cnica C\u00f3digo\u00a0ck78744207 MONITOR 23 VX PRO VX230X Full HD 75HZ HDMI\/VGA 110V\/220V Marca: VX Pro Modelo: VX230X Tamanho de exibi\u00e7\u00e3o: 23 TFT &#8211; HVA Resolu\u00e7\u00e3o: 1920X1080 Pixels<\/p>\n","protected":false},"featured_media":14681,"comment_status":"open","ping_status":"closed","template":"","meta":[],"product_brand":[],"product_cat":[228],"product_tag":[],"class_list":{"0":"post-14680","1":"product","2":"type-product","3":"status-publish","4":"has-post-thumbnail","6":"product_cat-eletroeletronicos","7":"product_shipping_class-pac","9":"first","10":"instock","11":"shipping-taxable","12":"purchasable","13":"product-type-simple"},"_links":{"self":[{"href":"http:\/\/ambrosioeletro.com.br\/v20\/wp-json\/wp\/v2\/product\/14680","targetHints":{"allow":["GET"]}}],"collection":[{"href":"http:\/\/ambrosioeletro.com.br\/v20\/wp-json\/wp\/v2\/product"}],"about":[{"href":"http:\/\/ambrosioeletro.com.br\/v20\/wp-json\/wp\/v2\/types\/product"}],"replies":[{"embeddable":true,"href":"http:\/\/ambrosioeletro.com.br\/v20\/wp-json\/wp\/v2\/comments?post=14680"}],"wp:featuredmedia":[{"embeddable":true,"href":"http:\/\/ambrosioeletro.com.br\/v20\/wp-json\/wp\/v2\/media\/14681"}],"wp:attachment":[{"href":"http:\/\/ambrosioeletro.com.br\/v20\/wp-json\/wp\/v2\/media?parent=14680"}],"wp:term":[{"taxonomy":"product_brand","embeddable":true,"href":"http:\/\/ambrosioeletro.com.br\/v20\/wp-json\/wp\/v2\/product_brand?post=14680"},{"taxonomy":"product_cat","embeddable":true,"href":"http:\/\/ambrosioeletro.com.br\/v20\/wp-json\/wp\/v2\/product_cat?post=14680"},{"taxonomy":"product_tag","embeddable":true,"href":"http:\/\/ambrosioeletro.com.br\/v20\/wp-json\/wp\/v2\/product_tag?post=14680"}],"curies":[{"name":"wp","href":"https:\/\/api.w.org\/{rel}","templated":true}]}}