{"id":14683,"date":"2025-12-19T10:21:25","date_gmt":"2025-12-19T13:21:25","guid":{"rendered":"https:\/\/ambrosioeletro.com.br\/v20\/?post_type=product&#038;p=14683"},"modified":"2026-04-07T09:55:16","modified_gmt":"2026-04-07T12:55:16","slug":"smart-tv-samsung-43f6000f-43-fhd-1920x1080-hyper-real-tizen-smart-tv","status":"publish","type":"product","link":"http:\/\/ambrosioeletro.com.br\/v20\/produto\/smart-tv-samsung-43f6000f-43-fhd-1920x1080-hyper-real-tizen-smart-tv\/","title":{"rendered":"Smart TV Samsung 43F6000F 43&#8243; FHD (1,920&#215;1,080) Hyper Real Tizen Smart TV"},"content":{"rendered":"<div class=\"relative px-md overflow-hidden border-on-surface-8 after:pointer-events-none after:absolute after:bottom-[0] after:left-[0] after:h-[72px] after:w-full after:bg-gradient-to-b after:from-[#FFFFFF00] after:to-[#FFFFFF] md:after:content-none md:px-lg max-md:border-b-thin\" data-testid=\"tab-product-detail\">\n<h2 class=\"text-on-surface-2 font-md-bold md:font-title-large-highlight md:mb-md\" data-testid=\"product-details-title\">Descri\u00e7\u00e3o e ficha t\u00e9cnica<\/h2>\n<div data-testid=\"product-detail\">\n<p class=\"mt-2xsm text-on-surface-4 font-xsm-regular\" data-testid=\"product-detail-code\">C\u00f3digo\u00a0dh90bc91ac<\/p>\n<div class=\"mt-md font-xsm-regular\" data-testid=\"product-detail-description\">\nTamanho da tela (polegadas):43<br \/>\nTecnologia:HDR<br \/>\nProcessador:Hyper Real<br \/>\nSistema operacional:Tizen Smart TV ( 7 Anos de Atualiza\u00e7\u00e3o)<br \/>\nSmart TV:Sim<br \/>\nWi-Fi:Wi-Fi 5<br \/>\nWeb browser (navegador):Sim<br \/>\nConex\u00f5es HDMI:2<br \/>\nConex\u00f5es USB:1<br \/>\nEspelhamento da tela do smartphone:Sim<br \/>\nResolu\u00e7\u00e3o (pixels):1920 x 1080<br \/>\nIdiomas:Idioma local<br \/>\nBluetooth:Sim<br \/>\nPot\u00eancia de \u00e1udio (RMS):20W<br \/>\nConsumo:80W<br \/>\nFrequ\u00eancia de energia (Hz):60Hz<br \/>\nVoltagem:Bivolt<br \/>\nN\u00famero de Homologa\u00e7\u00e3o ANATEL:10380-24-09657<br \/>\nPeso (kg):6.6<br \/>\nDimens\u00f5es (AxLxP):59&#215;96,59&#215;15,76 (com suporte) 56,33&#215;96,59&#215;7,58 (sem suporte) 6,48&#215;15,76 (base\/p\u00e9s)<br \/>\nRefer\u00eancia:3F6000F<br \/>\nItens Inclusos:1 Smart TV Samsung 43F6000F 43&#8243; FHD 1 Controle remoto 1 Cabo de for\u00e7a Manual do produto<br \/>\nRegistro INMETRO:Anatel: 10380-24-09657<br \/>\nInforma\u00e7\u00f5es importantes:Imagens meramente ilustrativas.Objetos que ambientam as fotos n\u00e3o acompanham o produto.As tonalidades das cores dos produtos podem sofrer altera\u00e7\u00f5es de acordo com a calibra\u00e7\u00e3o do seu monitor.Este produto n\u00e3o inclui montagem e instala\u00e7\u00e3o.N\u00e3o nos responsabilizamos,no ato da entrega,por desmontagens,subir escadas,elevadores ou transporte por guincho para apartamentos.Eventuais despesas s\u00e3o de responsabilidade do cliente.<br \/>\nGarantia Fabricante:12 meses<\/div>\n<\/div>\n<\/div>\n<div class=\"hidden border-on-surface-8 md:px-lg md:block md:py-md\" data-testid=\"tab-product-factsheet\">\n<h2 class=\"text-on-surface-2 font-md-bold md:font-title-large-highlight md:mb-md\" data-testid=\"product-factsheet-title\">Ficha T\u00e9cnica<\/h2>\n<div class=\"pt-2xsm\">\n<table class=\"w-full list-none\" data-testid=\"table-factsheet\">\n<tbody>\n<tr class=\"text-on-surface-3 even:bg-surface-container-lower\">\n<td class=\"px-md py-sm align-top font-xsm-bold table-cell w-1\/2\" data-testid=\"table-factsheet-key\">Voltagem<\/td>\n<td class=\"list-item w-full px-md py-sm align-top font-xsm-regular\">Bivolt<\/td>\n<\/tr>\n<tr class=\"text-on-surface-3 even:bg-surface-container-lower\">\n<td class=\"px-md py-sm align-top font-xsm-bold table-cell w-1\/2\" data-testid=\"table-factsheet-key\">Certifica\u00e7\u00f5es<\/td>\n<td class=\"list-item w-full px-md py-sm align-top font-xsm-regular\">Anatel: 10380-24-09657<\/td>\n<\/tr>\n<tr class=\"text-on-surface-3 even:bg-surface-container-lower\">\n<td class=\"px-md py-sm align-top font-xsm-bold table-cell w-1\/2\" data-testid=\"table-factsheet-key\">Conte\u00fado da Embalagem<\/td>\n<td class=\"list-item w-full px-md py-sm align-top font-xsm-regular\">1 Smart TV Samsung 43F6000F 43&#8243; FHD 1 Controle remoto 1 Cabo de for\u00e7a Manual do produto<\/td>\n<\/tr>\n<tr class=\"text-on-surface-3 even:bg-surface-container-lower\">\n<td class=\"px-md py-sm align-top font-xsm-bold table-cell w-1\/2\" data-testid=\"table-factsheet-key\">Dimens\u00f5es do Produto<\/td>\n<td class=\"list-item w-full px-md py-sm align-top font-xsm-regular\">59&#215;96,59&#215;15,76 (com suporte) 56,33&#215;96,59&#215;7,58 (sem suporte) 6,48&#215;15,76 (base\/p\u00e9s)<\/td>\n<\/tr>\n<tr class=\"text-on-surface-3 even:bg-surface-container-lower\">\n<td class=\"px-md py-sm align-top font-xsm-bold table-cell w-1\/2\" data-testid=\"table-factsheet-key\">Marca<\/td>\n<td class=\"list-item w-full px-md py-sm align-top font-xsm-regular\"><a class=\"underline hover:text-interaction-default\" href=\"https:\/\/www.magazineluiza.com.br\/marcas\/samsung\/\">Samsung<\/a><\/td>\n<\/tr>\n<tr class=\"text-on-surface-3 even:bg-surface-container-lower\">\n<td class=\"px-md py-sm align-top font-xsm-bold table-cell w-1\/2\" data-testid=\"table-factsheet-key\">Modelo<\/td>\n<td class=\"list-item w-full px-md py-sm align-top font-xsm-regular\">43F6000F<\/td>\n<\/tr>\n<tr class=\"text-on-surface-3 even:bg-surface-container-lower\">\n<td class=\"px-md py-sm align-top font-xsm-bold table-cell w-1\/2\" data-testid=\"table-factsheet-key\">Peso do Produto<\/td>\n<td class=\"list-item w-full px-md py-sm align-top font-xsm-regular\">6.6<\/td>\n<\/tr>\n<tr class=\"text-on-surface-3 even:bg-surface-container-lower\">\n<td class=\"px-md py-sm align-top font-xsm-bold table-cell w-1\/2\" data-testid=\"table-factsheet-key\">Prazo de Garantia<\/td>\n<td class=\"list-item w-full px-md py-sm align-top font-xsm-regular\">12 meses<\/td>\n<\/tr>\n<tr class=\"text-on-surface-3 even:bg-surface-container-lower\">\n<td class=\"px-md py-sm align-top font-xsm-bold table-cell w-1\/2\" data-testid=\"table-factsheet-key\">Refer\u00eancia<\/td>\n<td class=\"list-item w-full px-md py-sm align-top font-xsm-regular\">3F6000F<\/td>\n<\/tr>\n<\/tbody>\n<\/table>\n<\/div>\n<\/div>\n","protected":false},"excerpt":{"rendered":"<p>Descri\u00e7\u00e3o e ficha t\u00e9cnica C\u00f3digo\u00a0dh90bc91ac Tamanho da tela (polegadas):43 Tecnologia:HDR Processador:Hyper Real Sistema operacional:Tizen Smart TV ( 7 Anos de Atualiza\u00e7\u00e3o) Smart TV:Sim Wi-Fi:Wi-Fi 5 Web browser (navegador):Sim Conex\u00f5es HDMI:2<\/p>\n","protected":false},"featured_media":14685,"comment_status":"open","ping_status":"closed","template":"","meta":[],"product_brand":[],"product_cat":[242],"product_tag":[],"class_list":{"0":"post-14683","1":"product","2":"type-product","3":"status-publish","4":"has-post-thumbnail","6":"product_cat-sala","7":"product_shipping_class-pac","9":"first","10":"instock","11":"shipping-taxable","12":"purchasable","13":"product-type-simple"},"_links":{"self":[{"href":"http:\/\/ambrosioeletro.com.br\/v20\/wp-json\/wp\/v2\/product\/14683","targetHints":{"allow":["GET"]}}],"collection":[{"href":"http:\/\/ambrosioeletro.com.br\/v20\/wp-json\/wp\/v2\/product"}],"about":[{"href":"http:\/\/ambrosioeletro.com.br\/v20\/wp-json\/wp\/v2\/types\/product"}],"replies":[{"embeddable":true,"href":"http:\/\/ambrosioeletro.com.br\/v20\/wp-json\/wp\/v2\/comments?post=14683"}],"wp:featuredmedia":[{"embeddable":true,"href":"http:\/\/ambrosioeletro.com.br\/v20\/wp-json\/wp\/v2\/media\/14685"}],"wp:attachment":[{"href":"http:\/\/ambrosioeletro.com.br\/v20\/wp-json\/wp\/v2\/media?parent=14683"}],"wp:term":[{"taxonomy":"product_brand","embeddable":true,"href":"http:\/\/ambrosioeletro.com.br\/v20\/wp-json\/wp\/v2\/product_brand?post=14683"},{"taxonomy":"product_cat","embeddable":true,"href":"http:\/\/ambrosioeletro.com.br\/v20\/wp-json\/wp\/v2\/product_cat?post=14683"},{"taxonomy":"product_tag","embeddable":true,"href":"http:\/\/ambrosioeletro.com.br\/v20\/wp-json\/wp\/v2\/product_tag?post=14683"}],"curies":[{"name":"wp","href":"https:\/\/api.w.org\/{rel}","templated":true}]}}