{"id":14725,"date":"2025-12-19T11:48:17","date_gmt":"2025-12-19T14:48:17","guid":{"rendered":"https:\/\/ambrosioeletro.com.br\/v20\/?post_type=product&#038;p=14725"},"modified":"2026-04-08T09:49:30","modified_gmt":"2026-04-08T12:49:30","slug":"jogo-de-panelas-mta-ceramica-serena-5-pecas-tampo-de-vidro","status":"publish","type":"product","link":"http:\/\/ambrosioeletro.com.br\/v20\/produto\/jogo-de-panelas-mta-ceramica-serena-5-pecas-tampo-de-vidro\/","title":{"rendered":"Jogo de Panelas MTA Cer\u00e2mica Serena 5 Pe\u00e7as Tampo de Vidro"},"content":{"rendered":"<div class=\"relative px-md overflow-hidden border-on-surface-8 after:pointer-events-none after:absolute after:bottom-[0] after:left-[0] after:h-[72px] after:w-full after:bg-gradient-to-b after:from-[#FFFFFF00] after:to-[#FFFFFF] md:after:content-none md:px-lg max-md:border-b-thin\" data-testid=\"tab-product-detail\">\n<h2 class=\"text-on-surface-2 font-md-bold md:font-title-large-highlight md:mb-md\" data-testid=\"product-details-title\"><\/h2>\n<div data-testid=\"product-detail\">\n<div class=\"relative px-md overflow-hidden border-on-surface-8 after:pointer-events-none after:absolute after:bottom-[0] after:left-[0] after:h-[72px] after:w-full after:bg-gradient-to-b after:from-[#FFFFFF00] after:to-[#FFFFFF] md:after:content-none md:px-lg max-md:border-b-thin\" data-testid=\"tab-product-detail\">\n<h2 class=\"text-on-surface-2 font-md-bold md:font-title-large-highlight md:mb-md\" data-testid=\"product-details-title\">Descri\u00e7\u00e3o e ficha t\u00e9cnica<\/h2>\n<div data-testid=\"product-detail\">\n<p class=\"mt-2xsm text-on-surface-4 font-xsm-regular\" data-testid=\"product-detail-code\">C\u00f3digo\u00a0jhkc45kfb7<\/p>\n<div class=\"mt-md font-xsm-regular\" data-testid=\"product-detail-description\">Jogo de Panelas MTA Cer\u00e2mica Serena 5 Pe\u00e7as Tampo de Vidro<br \/>\nDescubra o Conjunto de Panelas Serena MTA 5 Pe\u00e7as, ideal para quem busca praticidade aliada \u00e0 sofistica\u00e7\u00e3o na cozinha. Com revestimento cer\u00e2mico antiaderente, proporciona cozimento uniforme e saud\u00e1vel, preservando o sabor dos alimentos. As tampas de vidro temperado garantem o controle visual do preparo sem perder calor, enquanto os cabos ergon\u00f4micos oferecem conforto e seguran\u00e7a ao manusear. O design moderno em bege combina com qualquer estilo de cozinha, trazendo eleg\u00e2ncia e funcionalidade para o dia a dia. Adapt\u00e1vel em todos os fog\u00f5es.<br \/>\nEleve sua experi\u00eancia culin\u00e1ria com um conjunto que une qualidade, beleza e efici\u00eancia em cada prato preparado.<\/p>\n<p>Caracter\u00edsticas:<br \/>\nRevestimento cer\u00e2mico dur\u00e1vel e livre de subst\u00e2ncias t\u00f3xicas<br \/>\nTampa de vidro com sa\u00edda de vapor para maior controle do cozimento<br \/>\nCabo anat\u00f4mico antit\u00e9rmico para seguran\u00e7a e conforto<br \/>\nDistribui\u00e7\u00e3o uniforme de calor para resultados perfeitos<br \/>\nKit completo com panelas de diferentes tamanhos para todas as receitas<\/p>\n<p>Comp\u00f5e o conjunto de panelas:<br \/>\n01 Frigideira 18 cm 0,8 L<br \/>\n01 Frigideira 20 cm 1,0 L<br \/>\n01 Panela 16 cm com tampa de vidro 1,4 L<br \/>\n01 Panela 18 cm com tampa de vidro 2, L<br \/>\n01 Ca\u00e7arola 20 cm com tampa de vidro 2,6 L<\/p>\n<p>Garantia do fornecedor de 3 meses<\/p><\/div>\n<\/div>\n<\/div>\n<div class=\"hidden border-on-surface-8 md:px-lg md:block md:py-md\" data-testid=\"tab-product-factsheet\">\n<h2 class=\"text-on-surface-2 font-md-bold md:font-title-large-highlight md:mb-md\" data-testid=\"product-factsheet-title\">Ficha T\u00e9cnica<\/h2>\n<div class=\"pt-2xsm\">\n<table class=\"w-full list-none\" data-testid=\"table-factsheet\">\n<tbody>\n<tr class=\"text-on-surface-3 even:bg-surface-container-lower\">\n<td class=\"px-md py-sm align-top font-xsm-bold table-cell w-1\/2\" data-testid=\"table-factsheet-key\">C\u00f4modo Indicado<\/td>\n<td class=\"list-item w-full px-md py-sm align-top font-xsm-regular\">Cozinhas<\/td>\n<\/tr>\n<tr class=\"text-on-surface-3 even:bg-surface-container-lower\">\n<td class=\"px-md py-sm align-top font-xsm-bold table-cell w-1\/2\" data-testid=\"table-factsheet-key\">Dura\u00e7\u00e3o Da Garantia<\/td>\n<td class=\"list-item w-full px-md py-sm align-top font-xsm-regular\">3 Meses<\/td>\n<\/tr>\n<tr class=\"text-on-surface-3 even:bg-surface-container-lower\">\n<td class=\"px-md py-sm align-top font-xsm-bold table-cell w-1\/2\" data-testid=\"table-factsheet-key\">Marca<\/td>\n<td class=\"list-item w-full px-md py-sm align-top font-xsm-regular\"><a class=\"underline hover:text-interaction-default\" href=\"https:\/\/www.magazineluiza.com.br\/marcas\/mta\/\">MTA<\/a><\/td>\n<\/tr>\n<tr class=\"text-on-surface-3 even:bg-surface-container-lower\">\n<td class=\"px-md py-sm align-top font-xsm-bold table-cell w-1\/2\" data-testid=\"table-factsheet-key\">Tipo De Garantia<\/td>\n<td class=\"list-item w-full px-md py-sm align-top font-xsm-regular\">Garantia do Fabricante<\/td>\n<\/tr>\n<tr class=\"text-on-surface-3 even:bg-surface-container-lower\">\n<td class=\"px-md py-sm align-top font-xsm-bold table-cell w-1\/2\" data-testid=\"table-factsheet-key\">Tipo De Panela<\/td>\n<td class=\"list-item w-full px-md py-sm align-top font-xsm-regular\">Conjunto de Panelas<\/td>\n<\/tr>\n<tr class=\"text-on-surface-3 even:bg-surface-container-lower\">\n<td class=\"px-md py-sm align-top font-xsm-bold table-cell w-1\/2\" data-testid=\"table-factsheet-key\">Quantidade De Pe\u00e7as<\/td>\n<td class=\"list-item w-full px-md py-sm align-top font-xsm-regular\">5<\/td>\n<\/tr>\n<tr class=\"text-on-surface-3 even:bg-surface-container-lower\">\n<td class=\"px-md py-sm align-top font-xsm-bold table-cell w-1\/2\" data-testid=\"table-factsheet-key\">Revestimento Antiaderente<\/td>\n<td class=\"list-item w-full px-md py-sm align-top font-xsm-regular\">Sim<\/td>\n<\/tr>\n<tr class=\"text-on-surface-3 even:bg-surface-container-lower\">\n<td class=\"px-md py-sm align-top font-xsm-bold table-cell w-1\/2\" data-testid=\"table-factsheet-key\">Al\u00e7a\/Cabo<\/td>\n<td class=\"list-item w-full px-md py-sm align-top font-xsm-regular\">Anat\u00f4mico antit\u00e9rmico<\/td>\n<\/tr>\n<tr class=\"text-on-surface-3 even:bg-surface-container-lower\">\n<td class=\"px-md py-sm align-top font-xsm-bold table-cell w-1\/2\" data-testid=\"table-factsheet-key\">Conte\u00fado da Embalagem<\/td>\n<td class=\"list-item w-full px-md py-sm align-top font-xsm-regular\">01 Frigideira 18 cm 0,8 L, 01 Frigideira 20 cm 1,0 L, 01 Panela 16 cm com tampa de vidro 1,4 L, 01 Panela 18 cm com tampa de vidro 2, L, 01 Ca\u00e7arola 20 cm com tampa de vidro 2,6 L<\/td>\n<\/tr>\n<tr class=\"text-on-surface-3 even:bg-surface-container-lower\">\n<td class=\"px-md py-sm align-top font-xsm-bold table-cell w-1\/2\" data-testid=\"table-factsheet-key\">Cor<\/td>\n<td class=\"list-item w-full px-md py-sm align-top font-xsm-regular\">Vanilla<\/td>\n<\/tr>\n<tr class=\"text-on-surface-3 even:bg-surface-container-lower\">\n<td class=\"px-md py-sm align-top font-xsm-bold table-cell w-1\/2\" data-testid=\"table-factsheet-key\">Marca<\/td>\n<td class=\"list-item w-full px-md py-sm align-top font-xsm-regular\"><a class=\"underline hover:text-interaction-default\" href=\"https:\/\/www.magazineluiza.com.br\/marcas\/mta\/\">MTA<\/a><\/td>\n<\/tr>\n<tr class=\"text-on-surface-3 even:bg-surface-container-lower\">\n<td class=\"px-md py-sm align-top font-xsm-bold table-cell w-1\/2\" data-testid=\"table-factsheet-key\">Prazo de Garantia<\/td>\n<td class=\"list-item w-full px-md py-sm align-top font-xsm-regular\">3 Meses<\/td>\n<\/tr>\n<tr class=\"text-on-surface-3 even:bg-surface-container-lower\">\n<td class=\"px-md py-sm align-top font-xsm-bold table-cell w-1\/2\" data-testid=\"table-factsheet-key\">Quantidade de Pe\u00e7as<\/td>\n<td class=\"list-item w-full px-md py-sm align-top font-xsm-regular\">5 unidades<\/td>\n<\/tr>\n<tr class=\"text-on-surface-3 even:bg-surface-container-lower\">\n<td class=\"px-md py-sm align-top font-xsm-bold table-cell w-1\/2\" data-testid=\"table-factsheet-key\">Revestimento Interno<\/td>\n<td class=\"list-item w-full px-md py-sm align-top font-xsm-regular\">Cer\u00e2mico<\/td>\n<\/tr>\n<tr class=\"text-on-surface-3 even:bg-surface-container-lower\">\n<td class=\"px-md py-sm align-top font-xsm-bold table-cell w-1\/2\" data-testid=\"table-factsheet-key\">Tampa<\/td>\n<td class=\"list-item w-full px-md py-sm align-top font-xsm-regular\">Vidro<\/td>\n<\/tr>\n<\/tbody>\n<\/table>\n<\/div>\n<\/div>\n<div class=\"mt-md font-xsm-regular\" data-testid=\"product-detail-description\"><\/div>\n<\/div>\n<\/div>\n<div class=\"hidden border-on-surface-8 md:px-lg md:block md:py-md\" data-testid=\"tab-product-factsheet\"><\/div>\n","protected":false},"excerpt":{"rendered":"<p>Descri\u00e7\u00e3o e ficha t\u00e9cnica C\u00f3digo\u00a0jhkc45kfb7 Jogo de Panelas MTA Cer\u00e2mica Serena 5 Pe\u00e7as Tampo de Vidro Descubra o Conjunto de Panelas Serena MTA 5 Pe\u00e7as, ideal para quem busca praticidade<\/p>\n","protected":false},"featured_media":14728,"comment_status":"open","ping_status":"closed","template":"","meta":[],"product_brand":[],"product_cat":[232],"product_tag":[],"class_list":{"0":"post-14725","1":"product","2":"type-product","3":"status-publish","4":"has-post-thumbnail","6":"product_cat-cozinha","7":"product_shipping_class-pac","9":"first","10":"instock","11":"shipping-taxable","12":"purchasable","13":"product-type-simple"},"_links":{"self":[{"href":"http:\/\/ambrosioeletro.com.br\/v20\/wp-json\/wp\/v2\/product\/14725","targetHints":{"allow":["GET"]}}],"collection":[{"href":"http:\/\/ambrosioeletro.com.br\/v20\/wp-json\/wp\/v2\/product"}],"about":[{"href":"http:\/\/ambrosioeletro.com.br\/v20\/wp-json\/wp\/v2\/types\/product"}],"replies":[{"embeddable":true,"href":"http:\/\/ambrosioeletro.com.br\/v20\/wp-json\/wp\/v2\/comments?post=14725"}],"wp:featuredmedia":[{"embeddable":true,"href":"http:\/\/ambrosioeletro.com.br\/v20\/wp-json\/wp\/v2\/media\/14728"}],"wp:attachment":[{"href":"http:\/\/ambrosioeletro.com.br\/v20\/wp-json\/wp\/v2\/media?parent=14725"}],"wp:term":[{"taxonomy":"product_brand","embeddable":true,"href":"http:\/\/ambrosioeletro.com.br\/v20\/wp-json\/wp\/v2\/product_brand?post=14725"},{"taxonomy":"product_cat","embeddable":true,"href":"http:\/\/ambrosioeletro.com.br\/v20\/wp-json\/wp\/v2\/product_cat?post=14725"},{"taxonomy":"product_tag","embeddable":true,"href":"http:\/\/ambrosioeletro.com.br\/v20\/wp-json\/wp\/v2\/product_tag?post=14725"}],"curies":[{"name":"wp","href":"https:\/\/api.w.org\/{rel}","templated":true}]}}