{"id":14741,"date":"2025-12-19T15:52:00","date_gmt":"2025-12-19T18:52:00","guid":{"rendered":"https:\/\/ambrosioeletro.com.br\/v20\/?post_type=product&#038;p=14741"},"modified":"2026-04-08T09:52:10","modified_gmt":"2026-04-08T12:52:10","slug":"poltrona-angus-ellegance","status":"publish","type":"product","link":"http:\/\/ambrosioeletro.com.br\/v20\/produto\/poltrona-angus-ellegance\/","title":{"rendered":"Poltrona Angus Ellegance"},"content":{"rendered":"<p>Altura:83<\/p>\n<p>Largura:85<\/p>\n<p>Comprimento:65<\/p>\n<p>&#8220;Transforme sua sala com o conforto que voc\u00ea merece&#8221;<\/p>\n<p>estilo e aconchego em uma s\u00f3 pe\u00e7a<\/p>\n","protected":false},"excerpt":{"rendered":"<p>Altura:83 Largura:85 Comprimento:65 &#8220;Transforme sua sala com o conforto que voc\u00ea merece&#8221; estilo e aconchego em uma s\u00f3 pe\u00e7a<\/p>\n","protected":false},"featured_media":14743,"comment_status":"open","ping_status":"closed","template":"","meta":[],"product_brand":[],"product_cat":[242,420],"product_tag":[],"class_list":{"0":"post-14741","1":"product","2":"type-product","3":"status-publish","4":"has-post-thumbnail","6":"product_cat-sala","7":"product_cat-sofa","8":"product_shipping_class-retirar-no-local","10":"first","11":"instock","12":"shipping-taxable","13":"purchasable","14":"product-type-simple"},"_links":{"self":[{"href":"http:\/\/ambrosioeletro.com.br\/v20\/wp-json\/wp\/v2\/product\/14741","targetHints":{"allow":["GET"]}}],"collection":[{"href":"http:\/\/ambrosioeletro.com.br\/v20\/wp-json\/wp\/v2\/product"}],"about":[{"href":"http:\/\/ambrosioeletro.com.br\/v20\/wp-json\/wp\/v2\/types\/product"}],"replies":[{"embeddable":true,"href":"http:\/\/ambrosioeletro.com.br\/v20\/wp-json\/wp\/v2\/comments?post=14741"}],"wp:featuredmedia":[{"embeddable":true,"href":"http:\/\/ambrosioeletro.com.br\/v20\/wp-json\/wp\/v2\/media\/14743"}],"wp:attachment":[{"href":"http:\/\/ambrosioeletro.com.br\/v20\/wp-json\/wp\/v2\/media?parent=14741"}],"wp:term":[{"taxonomy":"product_brand","embeddable":true,"href":"http:\/\/ambrosioeletro.com.br\/v20\/wp-json\/wp\/v2\/product_brand?post=14741"},{"taxonomy":"product_cat","embeddable":true,"href":"http:\/\/ambrosioeletro.com.br\/v20\/wp-json\/wp\/v2\/product_cat?post=14741"},{"taxonomy":"product_tag","embeddable":true,"href":"http:\/\/ambrosioeletro.com.br\/v20\/wp-json\/wp\/v2\/product_tag?post=14741"}],"curies":[{"name":"wp","href":"https:\/\/api.w.org\/{rel}","templated":true}]}}