{"id":14747,"date":"2025-12-22T15:01:29","date_gmt":"2025-12-22T18:01:29","guid":{"rendered":"https:\/\/ambrosioeletro.com.br\/v20\/?post_type=product&#038;p=14747"},"modified":"2026-04-08T09:53:44","modified_gmt":"2026-04-08T12:53:44","slug":"cama-box-bau-queen-universal-courano-black-158x198x37-2-uni-79x198-luckspuma","status":"publish","type":"product","link":"http:\/\/ambrosioeletro.com.br\/v20\/produto\/cama-box-bau-queen-universal-courano-black-158x198x37-2-uni-79x198-luckspuma\/","title":{"rendered":"Cama Box Ba\u00fa Queen Universal Courino Black (158x198x37 (2 uni 79X198)) &#8211; Luckspuma"},"content":{"rendered":"<p>Cama Box Ba\u00fa Queen Universal Courano Black (158x198x37 (2 uni 79X198)) &#8211; Luckspuma<\/p>\n<p>Marca: Luckspuma<\/p>\n<p>Dimens\u00f5es(Cm): Comprimento(Profundidade): 198cm x Largura: 158cm x Altura: 39cm<\/p>\n<p>Sobre a Cama Box Ba\u00fa<br \/>\n&#8211; Informa\u00e7\u00f5es Cama Box Ba\u00fa<br \/>\n&#8211; Vantagens do M\u00f3vel<\/p>\n<p>Caracter\u00edsticas Gerais da Cama Box<br \/>\n&#8211; N\u00e3o acompanha Cantoneira<br \/>\n&#8211; Prote\u00e7\u00e3o PVC nas Quinas<br \/>\nForra\u00e7\u00e3o Revestimento da Cama Box<br \/>\n&#8211; Courano<br \/>\nCor da Forra\u00e7\u00e3o Revestimento Cama Box<br \/>\n&#8211; Preto<br \/>\nSuporte de Peso da Cama Box<br \/>\n&#8211; 120 Kg<br \/>\nSobre os P\u00e9s para Cama Box<br \/>\n&#8211; P\u00e9s foto ilustrativa<br \/>\n&#8211; P\u00e9s Fixos Madeira\/ABS<br \/>\nAltura dos p\u00e9s da Cama Box<br \/>\n&#8211; 12cm<br \/>\nAltura da Cama Box com os p\u00e9s<br \/>\n&#8211; 36 cm altura<\/p>\n<p>Tempo de Garantia da Cama Box<br \/>\n&#8211; 3 meses<br \/>\nCertifica\u00e7\u00e3o de Qualidade<br \/>\n&#8211; Qualidade Aprovada<br \/>\n&#8211; Garantia de Qualidade Costa Rica<br \/>\nNossa Avalia\u00e7\u00e3o da Cama Box<br \/>\n&#8211; Qualidade Muito Boa<\/p>\n<p>Imagens Meramente Ilustrativas.<br \/>\nN\u00e3o nos responsabilizamos pela montagem\/instala\u00e7\u00e3o dos produtos.<br \/>\nTodas as informa\u00e7\u00f5es divulgadas s\u00e3o de responsabilidade exclusiva do fabricante\/fornecedor.<\/p>\n<p>&#8211;\u00a0Verifique com os fabricantes do produto e de seus componentes eventuais limita\u00e7\u00f5es \u00e0 utiliza\u00e7\u00e3o de todos os recursos e funcionalidades<br \/>\n&#8211; Confira as dimens\u00f5es do produto e analise se ir\u00e3o passar normalmente por elevadores, portas, escadas e corredores, pois n\u00e3o nos responsabilizamos caso o produto necessite durante a entrega de: Desmontagem, subir escadas ou ser transportado por guincho, cordas para apartamentos. A entrega limita-se ao descarregamento em local que tenha e ofere\u00e7a total facilidade de acesso normal;<br \/>\n&#8211; S\u00f3 fazemos entregas por transportes rodovi\u00e1rios. N\u00e3o realizamos entregas por transportes fluviais, a\u00e9reos e outros diferente de rodovi\u00e1rio. N\u00e3o realizamos entregas na regi\u00e3o norte: Amap\u00e1, Amazonas, Par\u00e1, Roraima e Acre;<br \/>\n&#8211; Temos \u00e1reas com restri\u00e7\u00e3o e dificuldades que os transportadores rodovi\u00e1rios n\u00e3o atendem. \u00c1rea de dif\u00edcil acesso, \u00e1rea de risco, \u00e1rea rural, \u00e1reas fluviais, estradas n\u00e3o pavimentadas;<br \/>\n&#8211; Sendo assim, caso seu endere\u00e7o esteja em \u00e1rea restrita de entrega, a retirada de sua compra dever\u00e1 ser realizada no CD do transportador ou indicar no momento da compra um endere\u00e7o entrega fora da \u00e1rea restrita;<br \/>\n&#8211; Caso realize pedido com entregas em locais de dif\u00edcil acesso ou \u00e1reas com restri\u00e7\u00e3o e dificuldades que os transportadores e proprio correios n\u00e3o atendem, a compra sera cancelada pela Costa Rica Colch\u00f5es, com a devida comunica\u00e7\u00e3o e estorno do pagamento ao cliente.<\/p>\n","protected":false},"excerpt":{"rendered":"<p>Cama Box Ba\u00fa Queen Universal Courano Black (158x198x37 (2 uni 79X198)) &#8211; Luckspuma Marca: Luckspuma Dimens\u00f5es(Cm): Comprimento(Profundidade): 198cm x Largura: 158cm x Altura: 39cm Sobre a Cama Box Ba\u00fa &#8211;<\/p>\n","protected":false},"featured_media":14749,"comment_status":"open","ping_status":"closed","template":"","meta":[],"product_brand":[],"product_cat":[241],"product_tag":[],"class_list":{"0":"post-14747","1":"product","2":"type-product","3":"status-publish","4":"has-post-thumbnail","6":"product_cat-quarto","7":"product_shipping_class-retirar-no-local","9":"first","10":"instock","11":"shipping-taxable","12":"purchasable","13":"product-type-simple"},"_links":{"self":[{"href":"http:\/\/ambrosioeletro.com.br\/v20\/wp-json\/wp\/v2\/product\/14747","targetHints":{"allow":["GET"]}}],"collection":[{"href":"http:\/\/ambrosioeletro.com.br\/v20\/wp-json\/wp\/v2\/product"}],"about":[{"href":"http:\/\/ambrosioeletro.com.br\/v20\/wp-json\/wp\/v2\/types\/product"}],"replies":[{"embeddable":true,"href":"http:\/\/ambrosioeletro.com.br\/v20\/wp-json\/wp\/v2\/comments?post=14747"}],"wp:featuredmedia":[{"embeddable":true,"href":"http:\/\/ambrosioeletro.com.br\/v20\/wp-json\/wp\/v2\/media\/14749"}],"wp:attachment":[{"href":"http:\/\/ambrosioeletro.com.br\/v20\/wp-json\/wp\/v2\/media?parent=14747"}],"wp:term":[{"taxonomy":"product_brand","embeddable":true,"href":"http:\/\/ambrosioeletro.com.br\/v20\/wp-json\/wp\/v2\/product_brand?post=14747"},{"taxonomy":"product_cat","embeddable":true,"href":"http:\/\/ambrosioeletro.com.br\/v20\/wp-json\/wp\/v2\/product_cat?post=14747"},{"taxonomy":"product_tag","embeddable":true,"href":"http:\/\/ambrosioeletro.com.br\/v20\/wp-json\/wp\/v2\/product_tag?post=14747"}],"curies":[{"name":"wp","href":"https:\/\/api.w.org\/{rel}","templated":true}]}}