{"id":14771,"date":"2026-01-02T12:13:05","date_gmt":"2026-01-02T15:13:05","guid":{"rendered":"https:\/\/ambrosioeletro.com.br\/v20\/?post_type=product&#038;p=14771"},"modified":"2026-04-08T10:01:52","modified_gmt":"2026-04-08T13:01:52","slug":"conjugado-union-ortopedic-solteiro-43x88x188-estrutura-ortopedica-inmetro-ortobom","status":"publish","type":"product","link":"http:\/\/ambrosioeletro.com.br\/v20\/produto\/conjugado-union-ortopedic-solteiro-43x88x188-estrutura-ortopedica-inmetro-ortobom\/","title":{"rendered":"CAMA BOX UNIPREMIUM 40X188X88 SOLTEIRO POLAR PRETA"},"content":{"rendered":"<div class=\"relative px-md overflow-hidden border-on-surface-8 after:pointer-events-none after:absolute after:bottom-[0] after:left-[0] after:h-[72px] after:w-full after:bg-gradient-to-b after:from-[#FFFFFF00] after:to-[#FFFFFF] md:after:content-none md:px-lg max-md:border-b-thin\" data-testid=\"tab-product-detail\"><\/div>\n<div class=\"hidden border-on-surface-8 md:px-lg md:block md:py-md\" data-testid=\"tab-product-factsheet\">\n<div class=\"pt-2xsm\"><\/div>\n<\/div>\n<ul class=\"KsbFXc U6u95\" data-processed=\"true\">\n<li data-hveid=\"CAMQAA\" data-processed=\"true\"><span class=\"T286Pc\" data-sfc-cp=\"\" data-processed=\"true\">&#8220;Transforme suas noites e acorde renovado com a cama dos seus sonhos.&#8221;<\/span><\/li>\n<li data-hveid=\"CAMQAg\" data-processed=\"true\"><span class=\"T286Pc\" data-sfc-cp=\"\" data-processed=\"true\">&#8220;Invista na sua sa\u00fade: conforto e maciez incompar\u00e1veis em uma s\u00f3 cama.&#8221;<\/span><\/li>\n<li data-hveid=\"CAMQAA\" data-processed=\"true\">DIMEN\u00c7\u00d5ES:40X188X88<\/li>\n<\/ul>\n","protected":false},"excerpt":{"rendered":"<p>&#8220;Transforme suas noites e acorde renovado com a cama dos seus sonhos.&#8221; &#8220;Invista na sua sa\u00fade: conforto e maciez incompar\u00e1veis em uma s\u00f3 cama.&#8221; DIMEN\u00c7\u00d5ES:40X188X88<\/p>\n","protected":false},"featured_media":14847,"comment_status":"open","ping_status":"closed","template":"","meta":[],"product_brand":[],"product_cat":[241],"product_tag":[],"class_list":{"0":"post-14771","1":"product","2":"type-product","3":"status-publish","4":"has-post-thumbnail","6":"product_cat-quarto","7":"product_shipping_class-retirar-no-local","9":"first","10":"outofstock","11":"shipping-taxable","12":"purchasable","13":"product-type-simple"},"_links":{"self":[{"href":"http:\/\/ambrosioeletro.com.br\/v20\/wp-json\/wp\/v2\/product\/14771","targetHints":{"allow":["GET"]}}],"collection":[{"href":"http:\/\/ambrosioeletro.com.br\/v20\/wp-json\/wp\/v2\/product"}],"about":[{"href":"http:\/\/ambrosioeletro.com.br\/v20\/wp-json\/wp\/v2\/types\/product"}],"replies":[{"embeddable":true,"href":"http:\/\/ambrosioeletro.com.br\/v20\/wp-json\/wp\/v2\/comments?post=14771"}],"wp:featuredmedia":[{"embeddable":true,"href":"http:\/\/ambrosioeletro.com.br\/v20\/wp-json\/wp\/v2\/media\/14847"}],"wp:attachment":[{"href":"http:\/\/ambrosioeletro.com.br\/v20\/wp-json\/wp\/v2\/media?parent=14771"}],"wp:term":[{"taxonomy":"product_brand","embeddable":true,"href":"http:\/\/ambrosioeletro.com.br\/v20\/wp-json\/wp\/v2\/product_brand?post=14771"},{"taxonomy":"product_cat","embeddable":true,"href":"http:\/\/ambrosioeletro.com.br\/v20\/wp-json\/wp\/v2\/product_cat?post=14771"},{"taxonomy":"product_tag","embeddable":true,"href":"http:\/\/ambrosioeletro.com.br\/v20\/wp-json\/wp\/v2\/product_tag?post=14771"}],"curies":[{"name":"wp","href":"https:\/\/api.w.org\/{rel}","templated":true}]}}