{"id":14795,"date":"2026-01-07T11:43:34","date_gmt":"2026-01-07T14:43:34","guid":{"rendered":"https:\/\/ambrosioeletro.com.br\/v20\/?post_type=product&#038;p=14795"},"modified":"2026-02-10T08:46:26","modified_gmt":"2026-02-10T11:46:26","slug":"grill-asteria-compact-mallory-grill-multifuncao-luzes-indicadoras-de-funcionamento-alca-com-toque-frio-e-trava-de-seguranca-127v","status":"publish","type":"product","link":"http:\/\/ambrosioeletro.com.br\/v20\/produto\/grill-asteria-compact-mallory-grill-multifuncao-luzes-indicadoras-de-funcionamento-alca-com-toque-frio-e-trava-de-seguranca-127v\/","title":{"rendered":"Grill Asteria Compact Mallory Grill multifun\u00e7\u00e3o, Luzes indicadoras de funcionamento, Al\u00e7a com toque-frio e Trava de seguran\u00e7a 127V"},"content":{"rendered":"<div id=\"productDescription_feature_div\" class=\"celwidget pd_rd_w-SxSz8 pd_rd_r-2Z7ZRTHT8YMJR9V5QKX9 pd_rd_wg-7voGT\" data-feature-name=\"productDescription-3\" data-csa-c-type=\"widget\" data-csa-c-content-id=\"productDescription-3\" data-csa-c-slot-id=\"productDescription_feature_div\" data-csa-c-asin=\"\" data-csa-c-is-in-initial-active-row=\"false\" data-csa-c-id=\"uohur9-odg5az-jjm58g-7opxxy\" data-cel-widget=\"productDescription_feature_div\">\n<div>\n<div id=\"productDescription_feature_div\" class=\"a-row feature\" data-feature-name=\"productDescription\" data-template-name=\"productDescription\" data-cel-widget=\"productDescription_feature_div\">\n<h2 class=\"default\">Descri\u00e7\u00e3o do produto<\/h2>\n<div id=\"productDescription\" class=\"a-section a-spacing-small\">\n<p>O Grill El\u00e9trico ASTERIA COMPACT da Mallory \u00e9 multifun\u00e7\u00f5es com placas ajust\u00e1veis. Vers\u00e1til, grelha hamb\u00fargueres e fil\u00e9s. Tem acabamento em a\u00e7o inoxid\u00e1vel, placas com grande superf\u00edcie antiaderente, luzes indicadoras de funcionamento, coletor de gordura integrado e al\u00e7a com toque frio.<\/p>\n<\/div>\n<\/div>\n<\/div>\n<\/div>\n<div id=\"btfSubNavDesktopCopy\" class=\"celwidget\" data-feature-name=\"btfSubNavDesktop\" data-csa-c-type=\"widget\" data-csa-c-content-id=\"btfSubNavDesktop\" data-csa-c-slot-id=\"btfSubNavDesktop_feature_div\" data-csa-c-asin=\"\" data-csa-c-is-in-initial-active-row=\"false\" data-csa-c-id=\"dghgid-9aa6pv-gpda5i-8m4a2u\" data-cel-widget=\"btfSubNavDesktopCopy\">\n<div class=\"a-row a-size-base btf-sub-nav-desktop-product-info-wrapper\" role=\"navigation\" data-csa-c-content-id=\"btf-sub-nav-desktop-desktop-dpx-widget\" data-csa-c-slot-id=\"btf-sub-nav-desktop-dpx-widget\" data-csa-c-type=\"widget\" data-csa-c-id=\"fdqs97-bvh70s-nf9tny-jdm0lk\">\n<nav class=\"btf-sub-nav-desktop-product-info-tabs\" aria-label=\"Navigate within the product detail page\">\n<div class=\"top-tab-content\">\n<div><img decoding=\"async\" class=\"sub-nav-desktop-top-tab-icon\" role=\"presentation\" src=\"https:\/\/m.media-amazon.com\/images\/S\/sash\/\/eve1bZY0MgtnzFB.svg\" \/><\/div>\n<div><span class=\"a-size-base\">topo<\/span><\/div>\n<\/div>\n<div class=\"tab-content\">Sobre este produto<\/div>\n<div class=\"tab-content\">Semelhante<\/div>\n<div class=\"tab-content\">Da marca<\/div>\n<div class=\"tab-content\">Informa\u00e7\u00f5es do produto<\/div>\n<div class=\"tab-content\">Avalia\u00e7\u00f5es<\/div>\n<\/nav>\n<p><a class=\"a-link-normal btf-sub-nav-desktop-image-container\" role=\"navigation\" href=\"https:\/\/www.amazon.com.br\/Mallory-Asteria-Compact-Grill-127V\/dp\/B08TRM2YNX\/ref=asc_df_B08TRM2YNX?mcid=4f8a18a0e4ea3ff28d5d56b12b77a6e9&amp;tag=googleshopp00-20&amp;linkCode=df0&amp;hvadid=709864975911&amp;hvpos=&amp;hvnetw=g&amp;hvrand=7534282945652214729&amp;hvpone=&amp;hvptwo=&amp;hvqmt=&amp;hvdev=c&amp;hvdvcmdl=&amp;hvlocint=&amp;hvlocphy=9217736&amp;hvtargid=pla-1252045560909&amp;language=pt_BR&amp;gad_source=1&amp;th=1#\" data-csa-c-action=\"navigate:btf-sub-nav-desktop-back-to-top-image\" data-csa-c-element-id=\"btf-sub-nav-desktop-back-to-top-image-jump-link\" data-csa-c-element-type=\"navigational\" data-csa-c-type=\"uxElement\" aria-label=\"Back to top Image jump link\" data-csa-c-id=\"72g5cu-c3ufcb-2axrwq-cuvx7o\"><img decoding=\"async\" class=\"btf-sub-nav-desktop-product-info-image\" src=\"https:\/\/m.media-amazon.com\/images\/I\/312-elHv8gL._AC_.jpg\" alt=\"Grill Asteria Compact Mallory Grill multifun\u00e7\u00e3o, Luzes indicadoras de funcionamento, Al\u00e7a com toque-frio e Trava de seguran\u00e7a 127V\" \/><\/a><a class=\"a-link-normal btf-sub-nav-desktop-title-container\" role=\"navigation\" href=\"https:\/\/www.amazon.com.br\/Mallory-Asteria-Compact-Grill-127V\/dp\/B08TRM2YNX\/ref=asc_df_B08TRM2YNX?mcid=4f8a18a0e4ea3ff28d5d56b12b77a6e9&amp;tag=googleshopp00-20&amp;linkCode=df0&amp;hvadid=709864975911&amp;hvpos=&amp;hvnetw=g&amp;hvrand=7534282945652214729&amp;hvpone=&amp;hvptwo=&amp;hvqmt=&amp;hvdev=c&amp;hvdvcmdl=&amp;hvlocint=&amp;hvlocphy=9217736&amp;hvtargid=pla-1252045560909&amp;language=pt_BR&amp;gad_source=1&amp;th=1#\" data-csa-c-action=\"navigate:btf-sub-nav-desktop-back-to-top-title\" data-csa-c-element-id=\"btf-sub-nav-desktop-back-to-top-title-jump-link\" data-csa-c-element-type=\"navigational\" data-csa-c-type=\"uxElement\" aria-label=\"Back to top title jump link\" data-csa-c-id=\"cmjkt5-uecf1e-9hg5yz-q1sbhg\"><span class=\"btf-sub-nav-desktop-title-text\">Grill Asteria Compact Mallory Grill multifun\u00e7\u00e3o, Luzes indicadoras de funcionamento, Al\u00e7a com toque-frio e Trava de seguran\u00e7a 127V<\/span><\/a><\/div>\n<\/div>\n<div id=\"productDetails_feature_div\" class=\"celwidget pd_rd_w-uh4Qw pd_rd_r-2Z7ZRTHT8YMJR9V5QKX9 pd_rd_wg-7voGT\" data-feature-name=\"productDetailsHomeAndGarden_Updated\" data-csa-c-type=\"widget\" data-csa-c-content-id=\"productDetailsHomeAndGarden_Updated\" data-csa-c-slot-id=\"productDetails_feature_div\" data-csa-c-asin=\"\" data-csa-c-is-in-initial-active-row=\"false\" data-csa-c-id=\"to0whb-oscehb-d6cj46-8jgs0h\" data-cel-widget=\"productDetails_feature_div\"><a id=\"productDetails\" name=\"productDetails\"><\/a><\/p>\n<hr class=\"a-divider-normal\" aria-hidden=\"true\" \/>\n<div>\n<div id=\"prodDetails\" class=\"a-section a-spacing-none\">\n<h2>Especifica\u00e7\u00f5es do produto<\/h2>\n<div class=\"a-row\">\n<div class=\"a-column a-span12 a-span-last\">\n<div class=\"a-row a-spacing-top-base\">\n<div class=\"a-column a-span6\">\n<div class=\"a-row a-spacing-base\">\n<div class=\"a-row a-expander-container a-expander-extend-container\">\n<div class=\"a-row\">\n<div class=\"a-column a-span6\">\n<h1 class=\"a-size-medium a-spacing-small\">Detalhes t\u00e9cnicos<\/h1>\n<\/div>\n<\/div>\n<div class=\"a-expander-content a-expander-extend-content\" data-expanded=\"true\">\n<div class=\"a-row a-expander-container a-expander-inline-container\">\n<div class=\"a-expander-content a-expander-section-content a-section-expander-inner\" data-expanded=\"true\">\n<table id=\"productDetails_techSpec_section_1\" class=\"a-keyvalue prodDetTable\">\n<tbody>\n<tr>\n<th class=\"a-color-secondary a-size-base prodDetSectionEntry\">Nome da marca<\/th>\n<td class=\"a-size-base prodDetAttrValue\">\u200eMallory<\/td>\n<\/tr>\n<tr>\n<th class=\"a-color-secondary a-size-base prodDetSectionEntry\">Fabricante<\/th>\n<td class=\"a-size-base prodDetAttrValue\">\u200eMallory<\/td>\n<\/tr>\n<tr>\n<th class=\"a-color-secondary a-size-base prodDetSectionEntry\">Modelo<\/th>\n<td class=\"a-size-base prodDetAttrValue\">\u200eAsteria Compact<\/td>\n<\/tr>\n<tr>\n<th class=\"a-color-secondary a-size-base prodDetSectionEntry\">Cor<\/th>\n<td class=\"a-size-base prodDetAttrValue\">\u200epreto\/inox<\/td>\n<\/tr>\n<tr>\n<th class=\"a-color-secondary a-size-base prodDetSectionEntry\">Registro no Inmetro<\/th>\n<td class=\"a-size-base prodDetAttrValue\">\u200eBRA15-<\/td>\n<\/tr>\n<tr>\n<th class=\"a-color-secondary a-size-base prodDetSectionEntry\">Nome do modelo<\/th>\n<td class=\"a-size-base prodDetAttrValue\">\u200eGrill Asteria Compact<\/td>\n<\/tr>\n<tr>\n<th class=\"a-color-secondary a-size-base prodDetSectionEntry\">N\u00famero da pe\u00e7a<\/th>\n<td class=\"a-size-base prodDetAttrValue\">\u200eAsteria Compact<\/td>\n<\/tr>\n<tr>\n<th class=\"a-color-secondary a-size-base prodDetSectionEntry\">Caracter\u00edsticas especiais<\/th>\n<td class=\"a-size-base prodDetAttrValue\">\u200eAltura ajust\u00e1vel, Bandeja para gordura remov\u00edvel, Compacto, Sem fuma\u00e7a, Superf\u00edcie antiaderente<\/td>\n<\/tr>\n<tr>\n<th class=\"a-color-secondary a-size-base prodDetSectionEntry\">Pe\u00e7as para montagem<\/th>\n<td class=\"a-size-base prodDetAttrValue\">\u200e01 Grill ASTERIA COMPACT, 01 Manual de Instru\u00e7\u00f5es<\/td>\n<\/tr>\n<tr>\n<th class=\"a-color-secondary a-size-base prodDetSectionEntry\">N\u00famero de unidades<\/th>\n<td class=\"a-size-base prodDetAttrValue\">\u200e1<\/td>\n<\/tr>\n<tr>\n<th class=\"a-color-secondary a-size-base prodDetSectionEntry\">Voltagem<\/th>\n<td class=\"a-size-base prodDetAttrValue\">\u200e110 Volts<\/td>\n<\/tr>\n<tr>\n<th class=\"a-color-secondary a-size-base prodDetSectionEntry\">Etiqueta Nacional de Efici\u00eancia Energ\u00e9tica (ENCE)<\/th>\n<td class=\"a-size-base prodDetAttrValue\">\u200eA+<\/td>\n<\/tr>\n<tr>\n<th class=\"a-color-secondary a-size-base prodDetSectionEntry\">Pot\u00eancia em watts<\/th>\n<td class=\"a-size-base prodDetAttrValue\">\u200e900 watts<\/td>\n<\/tr>\n<tr>\n<th class=\"a-color-secondary a-size-base prodDetSectionEntry\">Tipo de fonte de energia<\/th>\n<td class=\"a-size-base prodDetAttrValue\">\u200eEnergia el\u00e9trica<\/td>\n<\/tr>\n<tr>\n<th class=\"a-color-secondary a-size-base prodDetSectionEntry\">Funciona com baterias<\/th>\n<td class=\"a-size-base prodDetAttrValue\">\u200eN\u00e3o<\/td>\n<\/tr>\n<tr>\n<th class=\"a-color-secondary a-size-base prodDetSectionEntry\">Tipo de material<\/th>\n<td class=\"a-size-base prodDetAttrValue\">\u200eA\u00e7o inoxid\u00e1vel<\/td>\n<\/tr>\n<tr>\n<th class=\"a-color-secondary a-size-base prodDetSectionEntry\">Cont\u00e9m l\u00edquido?<\/th>\n<td class=\"a-size-base prodDetAttrValue\">\u200eN\u00e3o<\/td>\n<\/tr>\n<tr>\n<th class=\"a-color-secondary a-size-base prodDetSectionEntry\">Tipo de instala\u00e7\u00e3o<\/th>\n<td class=\"a-size-base prodDetAttrValue\">\u200eIndependente<\/td>\n<\/tr>\n<tr>\n<th class=\"a-color-secondary a-size-base prodDetSectionEntry\">Fabricante<\/th>\n<td class=\"a-size-base prodDetAttrValue\">\u200eMallory<\/td>\n<\/tr>\n<tr>\n<th class=\"a-color-secondary a-size-base prodDetSectionEntry\">N\u00famero do modelo<\/th>\n<td class=\"a-size-base prodDetAttrValue\">\u200eAsteria Compact<\/td>\n<\/tr>\n<tr>\n<th class=\"a-color-secondary a-size-base prodDetSectionEntry\">Dimens\u00f5es do produto<\/th>\n<td class=\"a-size-base prodDetAttrValue\">\u200e26,5 x 25 x 8,5 cm; 1,54 quilogramas<\/td>\n<\/tr>\n<\/tbody>\n<\/table>\n<\/div>\n<\/div>\n<\/div>\n<\/div>\n<\/div>\n<\/div>\n<\/div>\n<\/div>\n<\/div>\n<\/div>\n<\/div>\n<\/div>\n","protected":false},"excerpt":{"rendered":"<p>Descri\u00e7\u00e3o do produto O Grill El\u00e9trico ASTERIA COMPACT da Mallory \u00e9 multifun\u00e7\u00f5es com placas ajust\u00e1veis. Vers\u00e1til, grelha hamb\u00fargueres e fil\u00e9s. Tem acabamento em a\u00e7o inoxid\u00e1vel, placas com grande superf\u00edcie antiaderente,<\/p>\n","protected":false},"featured_media":14796,"comment_status":"open","ping_status":"closed","template":"","meta":[],"product_brand":[],"product_cat":[232],"product_tag":[],"class_list":{"0":"post-14795","1":"product","2":"type-product","3":"status-publish","4":"has-post-thumbnail","6":"product_cat-cozinha","7":"product_shipping_class-pac","9":"first","10":"instock","11":"shipping-taxable","12":"purchasable","13":"product-type-simple"},"_links":{"self":[{"href":"http:\/\/ambrosioeletro.com.br\/v20\/wp-json\/wp\/v2\/product\/14795","targetHints":{"allow":["GET"]}}],"collection":[{"href":"http:\/\/ambrosioeletro.com.br\/v20\/wp-json\/wp\/v2\/product"}],"about":[{"href":"http:\/\/ambrosioeletro.com.br\/v20\/wp-json\/wp\/v2\/types\/product"}],"replies":[{"embeddable":true,"href":"http:\/\/ambrosioeletro.com.br\/v20\/wp-json\/wp\/v2\/comments?post=14795"}],"wp:featuredmedia":[{"embeddable":true,"href":"http:\/\/ambrosioeletro.com.br\/v20\/wp-json\/wp\/v2\/media\/14796"}],"wp:attachment":[{"href":"http:\/\/ambrosioeletro.com.br\/v20\/wp-json\/wp\/v2\/media?parent=14795"}],"wp:term":[{"taxonomy":"product_brand","embeddable":true,"href":"http:\/\/ambrosioeletro.com.br\/v20\/wp-json\/wp\/v2\/product_brand?post=14795"},{"taxonomy":"product_cat","embeddable":true,"href":"http:\/\/ambrosioeletro.com.br\/v20\/wp-json\/wp\/v2\/product_cat?post=14795"},{"taxonomy":"product_tag","embeddable":true,"href":"http:\/\/ambrosioeletro.com.br\/v20\/wp-json\/wp\/v2\/product_tag?post=14795"}],"curies":[{"name":"wp","href":"https:\/\/api.w.org\/{rel}","templated":true}]}}