{"id":5989,"date":"2020-04-17T09:54:11","date_gmt":"2020-04-17T12:54:11","guid":{"rendered":"http:\/\/ambrosioeletro.com.br\/v20\/?post_type=product&#038;p=5989"},"modified":"2026-03-25T12:17:06","modified_gmt":"2026-03-25T15:17:06","slug":"freezer-vertical-consul-231-litros","status":"publish","type":"product","link":"http:\/\/ambrosioeletro.com.br\/v20\/produto\/freezer-vertical-consul-231-litros\/","title":{"rendered":"Freezer Vertical Consul 231 Litros CVU26"},"content":{"rendered":"<div class=\"vtex-flex-layout-0-x-flexColChild vtex-flex-layout-0-x-flexColChild--container-product-differentials-pdp pb0\">\n<div class=\"vtex-flex-layout-0-x-flexRow vtex-flex-layout-0-x-flexRow--product-description-pdp\">\n<div class=\"flex mt0 mb0 pt0 pb0 justify-start vtex-flex-layout-0-x-flexRowContent vtex-flex-layout-0-x-flexRowContent--product-description-pdp items-stretch w-100\">\n<div class=\"pr0 items-stretch vtex-flex-layout-0-x-stretchChildrenWidth flex\">\n<div class=\"vtex-flex-layout-0-x-flexCol vtex-flex-layout-0-x-flexCol--container-product-description-pdp ml0 mr0 pl0 pr0 flex flex-column h-100 w-100\">\n<div class=\"vtex-flex-layout-0-x-flexColChild vtex-flex-layout-0-x-flexColChild--container-product-description-pdp pb0\">\n<div>\n<div class=\"vtex-store-components-3-x-productDescriptionContainer\">\n<div class=\"vtex-store-components-3-x-productDescriptionText c-muted-1\">O Freezer Vertical Consul CVU26 possui capacidade para 231L e conta com v\u00e1rias gavetas e prateleiras para ajudar voc\u00ea a encontrar rapidamente o que procura. Al\u00e9m disso, possui controle de temperatura externo.<\/div>\n<\/div>\n<\/div>\n<\/div>\n<div class=\"vtex-flex-layout-0-x-flexColChild vtex-flex-layout-0-x-flexColChild--container-product-description-pdp pb0\"><\/div>\n<div class=\"vtex-flex-layout-0-x-flexColChild vtex-flex-layout-0-x-flexColChild--container-product-description-pdp pb0\"><\/div>\n<\/div>\n<\/div>\n<\/div>\n<\/div>\n<\/div>\n<div class=\"vtex-flex-layout-0-x-flexColChild vtex-flex-layout-0-x-flexColChild--container-product-differentials-pdp pb0\">\n<div>\n<div class=\"vtex-flex-layout-0-x-flexRow\">\n<div class=\"flex mt0 mb0 pt0 pb0 justify-start vtex-flex-layout-0-x-flexRowContent items-stretch w-100\">\n<div class=\"pr0 items-stretch vtex-flex-layout-0-x-stretchChildrenWidth flex\">\n<div class=\"vtex-flex-layout-0-x-flexCol ml0 mr0 pl0 pr0 flex flex-column h-100 w-100\">\n<div class=\"vtex-flex-layout-0-x-flexColChild pb0\">\n<div class=\"vtex-rich-text-0-x-container vtex-rich-text-0-x-container--killerfeature-main-title flex tl items-start justify-start t-body c-on-base\">\n<div class=\"vtex-rich-text-0-x-wrapper vtex-rich-text-0-x-wrapper--killerfeature-main-title\">\n<p class=\"lh-copy vtex-rich-text-0-x-paragraph vtex-rich-text-0-x-paragraph--killerfeature-main-title\">Diferenciais\u00a0<span class=\"b vtex-rich-text-0-x-strong vtex-rich-text-0-x-strong--killerfeature-main-title\">Consul<\/span><\/p>\n<\/div>\n<\/div>\n<\/div>\n<div class=\"vtex-flex-layout-0-x-flexColChild pb0\">\n<div id=\"killerFeature\" class=\"consul-pdp-components-0-x-killerFeature\">\n<div class=\"consul-pdp-components-0-x-killerFeature--box mb7\">\n<div class=\"consul-pdp-components-0-x-killerFeature--box-item mb6 mb7-ns fl pa2\">\n<div class=\"undefined consul-pdp-components-0-x-killerFeature--CardItemFullContainer\">\n<div class=\"whirlpool-ui-by-whirlpool-0-x-CardItemFullTopInfo consul-pdp-components-0-x-killerFeature--CardItemFullTopInfo relative mb5\">\n<div class=\"whirlpool-ui-by-whirlpool-0-x-featureCardTitleContainer consul-pdp-components-0-x-killerFeature--featureCardTitleContainer flex items-center mb3\">\n<div id=\"testeGabs\">\n<h2 class=\"whirlpool-ui-by-whirlpool-0-x-featureCardTitle consul-pdp-components-0-x-killerFeature--featureCardTitle ma0\">Design e alta capacidade<\/h2>\n<\/div>\n<\/div>\n<div class=\"whirlpool-ui-by-whirlpool-0-x-featureCardTitleContainer consul-pdp-components-0-x-killerFeature--featureCardTitleContainer tl\">O Freezer Vertical Consul com 231 litros de capacidade \u00e9 o que voc\u00ea precisa para armazenar seus alimentos e deixar a sua cozinha ainda mais bonita. Com design moderno, ele tem controle de temperatura externo, gavetas transparentes, al\u00e9m de compartimento de congelamento r\u00e1pido.<\/div>\n<\/div>\n<p><img decoding=\"async\" class=\"consul-pdp-components-0-x-killerFeature--CardItemFullImage w-100\" src=\"https:\/\/consul.vtexassets.com\/arquivos\/CVU26EB-freezer-vertical-consul-231-litros-modulo1_1950x2100.jpg\" alt=\"Design e alta capacidade\" crossorigin=\"anonymous\" \/><\/p>\n<\/div>\n<\/div>\n<div class=\"consul-pdp-components-0-x-killerFeature--box-item mb6 mb7-ns fl pa2\">\n<div class=\"undefined consul-pdp-components-0-x-killerFeature--CardItemFullContainer\">\n<div class=\"whirlpool-ui-by-whirlpool-0-x-CardItemFullTopInfo consul-pdp-components-0-x-killerFeature--CardItemFullTopInfo relative mb5\">\n<div class=\"whirlpool-ui-by-whirlpool-0-x-featureCardTitleContainer consul-pdp-components-0-x-killerFeature--featureCardTitleContainer flex items-center mb3\">\n<div id=\"testeGabs\">\n<h2 class=\"whirlpool-ui-by-whirlpool-0-x-featureCardTitle consul-pdp-components-0-x-killerFeature--featureCardTitle ma0\">Controle de temperatura externo<\/h2>\n<\/div>\n<\/div>\n<div class=\"whirlpool-ui-by-whirlpool-0-x-featureCardTitleContainer consul-pdp-components-0-x-killerFeature--featureCardTitleContainer tl\">Voc\u00ea pode regular a temperatura sem precisar abrir a porta do seu Freezer Consul. Desta forma, voc\u00ea economiza energia e preserva seus alimentos por mais tempo. Muito bom, n\u00e9?<\/div>\n<\/div>\n<p><img decoding=\"async\" class=\"consul-pdp-components-0-x-killerFeature--CardItemFullImage w-100\" src=\"https:\/\/consul.vtexassets.com\/arquivos\/CVU26EB-freezer-vertical-consul-231-litros-modulo2_3840x2100.jpg\" alt=\"Controle de temperatura externo\" crossorigin=\"anonymous\" \/><\/p>\n<\/div>\n<\/div>\n<div class=\"consul-pdp-components-0-x-killerFeature--box-item mb6 mb7-ns fl pa2\">\n<div class=\"undefined consul-pdp-components-0-x-killerFeature--CardItemFullContainer\">\n<div class=\"whirlpool-ui-by-whirlpool-0-x-CardItemFullTopInfo consul-pdp-components-0-x-killerFeature--CardItemFullTopInfo relative mb5\">\n<div class=\"whirlpool-ui-by-whirlpool-0-x-featureCardTitleContainer consul-pdp-components-0-x-killerFeature--featureCardTitleContainer flex items-center mb3\">\n<div id=\"testeGabs\">\n<h2 class=\"whirlpool-ui-by-whirlpool-0-x-featureCardTitle consul-pdp-components-0-x-killerFeature--featureCardTitle ma0\">Gavet\u00e3o multiuso<\/h2>\n<\/div>\n<\/div>\n<div class=\"whirlpool-ui-by-whirlpool-0-x-featureCardTitleContainer consul-pdp-components-0-x-killerFeature--featureCardTitleContainer tl\">Nele cabe tudo o que voc\u00ea quiser e deixa o seu freezer muito mais organizado. Com tampo transparente, voc\u00ea n\u00e3o precisa nem abrir a gaveta para saber o que tem dentro. Muito mais pr\u00e1tico para o seu dia a dia.<\/div>\n<\/div>\n<p><img decoding=\"async\" class=\"consul-pdp-components-0-x-killerFeature--CardItemFullImage w-100\" src=\"https:\/\/consul.vtexassets.com\/arquivos\/CVU26EB-freezer-vertical-consul-231-litros-modulo3_2520x1350.jpg\" alt=\"Gavet\u00e3o multiuso\" crossorigin=\"anonymous\" \/><\/p>\n<\/div>\n<\/div>\n<div class=\"consul-pdp-components-0-x-killerFeature--box-item mb6 mb7-ns fl pa2\">\n<div class=\"undefined consul-pdp-components-0-x-killerFeature--CardItemFullContainer\">\n<div class=\"whirlpool-ui-by-whirlpool-0-x-CardItemFullTopInfo consul-pdp-components-0-x-killerFeature--CardItemFullTopInfo relative mb5\">\n<div class=\"whirlpool-ui-by-whirlpool-0-x-featureCardTitleContainer consul-pdp-components-0-x-killerFeature--featureCardTitleContainer flex items-center mb3\">\n<div id=\"testeGabs\">\n<h2 class=\"whirlpool-ui-by-whirlpool-0-x-featureCardTitle consul-pdp-components-0-x-killerFeature--featureCardTitle ma0\">Tudo no cestinho<\/h2>\n<\/div>\n<\/div>\n<div class=\"whirlpool-ui-by-whirlpool-0-x-featureCardTitleContainer consul-pdp-components-0-x-killerFeature--featureCardTitleContainer tl\">O freezer de 231 litros conta com 4 cestinhos para voc\u00ea armazenar o que quiser. E o melhor, s\u00e3o todos remov\u00edveis, o que facilita a hora da limpeza e contam com travas de seguran\u00e7a para evitar acidentes.<\/div>\n<\/div>\n<\/div>\n<\/div>\n<\/div>\n<\/div>\n<\/div>\n<\/div>\n<\/div>\n<\/div>\n<\/div>\n<\/div>\n<\/div>\n<ul class=\"pa0 mt3\">\n<li class=\"flex justify-between items-center f5 mt5\"><span class=\"flex items-center\"><span class=\"ml4\">Altura<\/span><\/span><span class=\"consul-pdp-components-0-x-measurements-text\">153,9 cm<\/span><\/li>\n<li class=\"flex justify-between items-center f5 mt5\"><span class=\"flex items-center\"><span class=\"ml4\">Largura<\/span><\/span><span class=\"consul-pdp-components-0-x-measurements-text\">61,6 cm<\/span><\/li>\n<li class=\"flex justify-between items-center f5 mt5\"><span class=\"flex items-center\"><span class=\"ml4\">Profundidade<\/span><\/span><span class=\"consul-pdp-components-0-x-measurements-text\">69,1 cm<\/span><\/li>\n<li class=\"flex justify-between items-center f5 mt5\"><span class=\"flex items-center\"><span class=\"ml4\">Peso<\/span><\/span><span class=\"consul-pdp-components-0-x-measurements-text\">53 kg<\/span><\/li>\n<\/ul>\n","protected":false},"excerpt":{"rendered":"<p>Design e alta capacidade<br \/>\nO Freezer Vertical Consul com 231 litros de capacidade \u00e9 o que voc\u00ea precisa para armazenar seus alimentos e deixar a sua cozinha ainda mais bonita. Com design moderno, ele tem controle de temperatura externo, gavetas transparentes, al\u00e9m de compartimento de congelamento r\u00e1pido.<\/p>\n<p>Controle de temperatura externo<br \/>\nVoc\u00ea pode regular a temperatura sem precisar abrir a porta do seu Freezer Consul. Desta forma, voc\u00ea economiza energia e preserva seus alimentos por mais tempo. Muito bom, n\u00e9?<\/p>\n<p>Gavet\u00e3o multiuso<br \/>\nNele cabe tudo o que voc\u00ea quiser e deixa o seu freezer muito mais organizado. Com tampo transparente, voc\u00ea n\u00e3o precisa nem abrir a gaveta para saber o que tem dentro. Muito mais pr\u00e1tico para o seu dia a dia.<\/p>\n<p>Tudo no cestinho<br \/>\nO freezer de 231 litros conta com 4 cestinhos para voc\u00ea armazenar o que quiser. E o melhor, s\u00e3o todos remov\u00edveis, o que facilita a hora da limpeza e contam com travas de seguran\u00e7a para evitar acidentes.<\/p>\n","protected":false},"featured_media":5990,"comment_status":"open","ping_status":"closed","template":"","meta":[],"product_brand":[],"product_cat":[15,232,226],"product_tag":[],"class_list":{"0":"post-5989","1":"product","2":"type-product","3":"status-publish","4":"has-post-thumbnail","6":"product_cat-produtos","7":"product_cat-cozinha","8":"product_cat-eletrodomesticos","9":"product_shipping_class-retirar-no-local","11":"first","12":"instock","13":"shipping-taxable","14":"purchasable","15":"product-type-simple"},"_links":{"self":[{"href":"http:\/\/ambrosioeletro.com.br\/v20\/wp-json\/wp\/v2\/product\/5989","targetHints":{"allow":["GET"]}}],"collection":[{"href":"http:\/\/ambrosioeletro.com.br\/v20\/wp-json\/wp\/v2\/product"}],"about":[{"href":"http:\/\/ambrosioeletro.com.br\/v20\/wp-json\/wp\/v2\/types\/product"}],"replies":[{"embeddable":true,"href":"http:\/\/ambrosioeletro.com.br\/v20\/wp-json\/wp\/v2\/comments?post=5989"}],"wp:featuredmedia":[{"embeddable":true,"href":"http:\/\/ambrosioeletro.com.br\/v20\/wp-json\/wp\/v2\/media\/5990"}],"wp:attachment":[{"href":"http:\/\/ambrosioeletro.com.br\/v20\/wp-json\/wp\/v2\/media?parent=5989"}],"wp:term":[{"taxonomy":"product_brand","embeddable":true,"href":"http:\/\/ambrosioeletro.com.br\/v20\/wp-json\/wp\/v2\/product_brand?post=5989"},{"taxonomy":"product_cat","embeddable":true,"href":"http:\/\/ambrosioeletro.com.br\/v20\/wp-json\/wp\/v2\/product_cat?post=5989"},{"taxonomy":"product_tag","embeddable":true,"href":"http:\/\/ambrosioeletro.com.br\/v20\/wp-json\/wp\/v2\/product_tag?post=5989"}],"curies":[{"name":"wp","href":"https:\/\/api.w.org\/{rel}","templated":true}]}}