{"id":5994,"date":"2020-04-17T10:08:08","date_gmt":"2020-04-17T13:08:08","guid":{"rendered":"http:\/\/ambrosioeletro.com.br\/v20\/?post_type=product&#038;p=5994"},"modified":"2026-03-25T12:17:42","modified_gmt":"2026-03-25T15:17:42","slug":"refrigerador-2-portas-cycle-defrost-electrolux-dc35a-127v-260-litros-branco","status":"publish","type":"product","link":"http:\/\/ambrosioeletro.com.br\/v20\/produto\/refrigerador-2-portas-cycle-defrost-electrolux-dc35a-127v-260-litros-branco\/","title":{"rendered":"Refrigerador 2 portas Cycle Defrost Electrolux DC35A 127v &#8211; 260 Litros &#8211; Branco"},"content":{"rendered":"<table class=\"TableUI-v0rmpz-0 cWCwoD\">\n<tbody class=\"TBody-sc-1wy23hs-2 hggNOx\">\n<tr class=\"Tr-sc-1wy23hs-3 cNwYXF\">\n<td class=\"Td-sc-1wy23hs-5 ljIgLj\"><span class=\"TextUI-sc-12tokcy-0 bLZSPZ\">C\u00f3digo<\/span><\/td>\n<td class=\"Td-sc-1wy23hs-5 ljIgLj\"><span class=\"TextUI-sc-12tokcy-0 bLZSPZ\">111957454<\/span><\/td>\n<\/tr>\n<tr class=\"Tr-sc-1wy23hs-3 cNwYXF\">\n<td class=\"Td-sc-1wy23hs-5 ljIgLj\"><span class=\"TextUI-sc-12tokcy-0 bLZSPZ\">C\u00f3digo de barras<\/span><\/td>\n<td class=\"Td-sc-1wy23hs-5 ljIgLj\"><span class=\"TextUI-sc-12tokcy-0 bLZSPZ\">7896584056549, 7896584056556<\/span><\/td>\n<\/tr>\n<tr class=\"Tr-sc-1wy23hs-3 cNwYXF\">\n<td class=\"Td-sc-1wy23hs-5 ljIgLj\"><span class=\"TextUI-sc-12tokcy-0 bLZSPZ\">Marca<\/span><\/td>\n<td class=\"Td-sc-1wy23hs-5 ljIgLj\"><span class=\"TextUI-sc-12tokcy-0 bLZSPZ\">Electrolux<\/span><\/td>\n<\/tr>\n<tr class=\"Tr-sc-1wy23hs-3 cNwYXF\">\n<td class=\"Td-sc-1wy23hs-5 ljIgLj\"><span class=\"TextUI-sc-12tokcy-0 bLZSPZ\">Tipo de Produto<\/span><\/td>\n<td class=\"Td-sc-1wy23hs-5 ljIgLj\"><span class=\"TextUI-sc-12tokcy-0 bLZSPZ\">2 Portas<\/span><\/td>\n<\/tr>\n<tr class=\"Tr-sc-1wy23hs-3 cNwYXF\">\n<td class=\"Td-sc-1wy23hs-5 ljIgLj\"><span class=\"TextUI-sc-12tokcy-0 bLZSPZ\">Capacidade l\u00edquida<\/span><\/td>\n<td class=\"Td-sc-1wy23hs-5 ljIgLj\"><span class=\"TextUI-sc-12tokcy-0 bLZSPZ\">260 Litros<\/span><\/td>\n<\/tr>\n<tr class=\"Tr-sc-1wy23hs-3 cNwYXF\">\n<td class=\"Td-sc-1wy23hs-5 ljIgLj\"><span class=\"TextUI-sc-12tokcy-0 bLZSPZ\">Capacidade Total de Armazenamento (em litros)<\/span><\/td>\n<td class=\"Td-sc-1wy23hs-5 ljIgLj\"><span class=\"TextUI-sc-12tokcy-0 bLZSPZ\">260L<\/span><\/td>\n<\/tr>\n<tr class=\"Tr-sc-1wy23hs-3 cNwYXF\">\n<td class=\"Td-sc-1wy23hs-5 ljIgLj\"><span class=\"TextUI-sc-12tokcy-0 bLZSPZ\">Consumo (Kw\/h)<\/span><\/td>\n<td class=\"Td-sc-1wy23hs-5 ljIgLj\"><span class=\"TextUI-sc-12tokcy-0 bLZSPZ\">38,4kw\/h<\/span><\/td>\n<\/tr>\n<tr class=\"Tr-sc-1wy23hs-3 cNwYXF\">\n<td class=\"Td-sc-1wy23hs-5 ljIgLj\"><span class=\"TextUI-sc-12tokcy-0 bLZSPZ\">Cor<\/span><\/td>\n<td class=\"Td-sc-1wy23hs-5 ljIgLj\"><span class=\"TextUI-sc-12tokcy-0 bLZSPZ\">Branco<\/span><\/td>\n<\/tr>\n<tr class=\"Tr-sc-1wy23hs-3 cNwYXF\">\n<td class=\"Td-sc-1wy23hs-5 ljIgLj\"><span class=\"TextUI-sc-12tokcy-0 bLZSPZ\">Selo Procel<\/span><\/td>\n<td class=\"Td-sc-1wy23hs-5 ljIgLj\"><span class=\"TextUI-sc-12tokcy-0 bLZSPZ\">Sim<\/span><\/td>\n<\/tr>\n<tr class=\"Tr-sc-1wy23hs-3 cNwYXF\">\n<td class=\"Td-sc-1wy23hs-5 ljIgLj\"><span class=\"TextUI-sc-12tokcy-0 bLZSPZ\">Grades remov\u00edveis<\/span><\/td>\n<td class=\"Td-sc-1wy23hs-5 ljIgLj\"><span class=\"TextUI-sc-12tokcy-0 bLZSPZ\">Sim<\/span><\/td>\n<\/tr>\n<tr class=\"Tr-sc-1wy23hs-3 cNwYXF\">\n<td class=\"Td-sc-1wy23hs-5 ljIgLj\"><span class=\"TextUI-sc-12tokcy-0 bLZSPZ\">Porta latic\u00ednios<\/span><\/td>\n<td class=\"Td-sc-1wy23hs-5 ljIgLj\"><span class=\"TextUI-sc-12tokcy-0 bLZSPZ\">N\u00e3o<\/span><\/td>\n<\/tr>\n<tr class=\"Tr-sc-1wy23hs-3 cNwYXF\">\n<td class=\"Td-sc-1wy23hs-5 ljIgLj\"><span class=\"TextUI-sc-12tokcy-0 bLZSPZ\">Dispenser de \u00e1gua externo\/interno<\/span><\/td>\n<td class=\"Td-sc-1wy23hs-5 ljIgLj\"><span class=\"TextUI-sc-12tokcy-0 bLZSPZ\">N\u00e3o<\/span><\/td>\n<\/tr>\n<tr class=\"Tr-sc-1wy23hs-3 cNwYXF\">\n<td class=\"Td-sc-1wy23hs-5 ljIgLj\"><span class=\"TextUI-sc-12tokcy-0 bLZSPZ\">Prateleiras na porta<\/span><\/td>\n<td class=\"Td-sc-1wy23hs-5 ljIgLj\"><span class=\"TextUI-sc-12tokcy-0 bLZSPZ\">Sim<\/span><\/td>\n<\/tr>\n<tr class=\"Tr-sc-1wy23hs-3 cNwYXF\">\n<td class=\"Td-sc-1wy23hs-5 ljIgLj\"><span class=\"TextUI-sc-12tokcy-0 bLZSPZ\">Prateleiras de vidro temperado<\/span><\/td>\n<td class=\"Td-sc-1wy23hs-5 ljIgLj\"><span class=\"TextUI-sc-12tokcy-0 bLZSPZ\">N\u00e3o<\/span><\/td>\n<\/tr>\n<tr class=\"Tr-sc-1wy23hs-3 cNwYXF\">\n<td class=\"Td-sc-1wy23hs-5 ljIgLj\"><span class=\"TextUI-sc-12tokcy-0 bLZSPZ\">Recipiente para guardar gelo<\/span><\/td>\n<td class=\"Td-sc-1wy23hs-5 ljIgLj\"><span class=\"TextUI-sc-12tokcy-0 bLZSPZ\">N\u00e3o<\/span><\/td>\n<\/tr>\n<tr class=\"Tr-sc-1wy23hs-3 cNwYXF\">\n<td class=\"Td-sc-1wy23hs-5 ljIgLj\"><span class=\"TextUI-sc-12tokcy-0 bLZSPZ\">Prateleiras regul\u00e1veis<\/span><\/td>\n<td class=\"Td-sc-1wy23hs-5 ljIgLj\"><span class=\"TextUI-sc-12tokcy-0 bLZSPZ\">Sim<\/span><\/td>\n<\/tr>\n<tr class=\"Tr-sc-1wy23hs-3 cNwYXF\">\n<td class=\"Td-sc-1wy23hs-5 ljIgLj\"><span class=\"TextUI-sc-12tokcy-0 bLZSPZ\">Desodorizador<\/span><\/td>\n<td class=\"Td-sc-1wy23hs-5 ljIgLj\"><span class=\"TextUI-sc-12tokcy-0 bLZSPZ\">N\u00e3o<\/span><\/td>\n<\/tr>\n<tr class=\"Tr-sc-1wy23hs-3 cNwYXF\">\n<td class=\"Td-sc-1wy23hs-5 ljIgLj\"><span class=\"TextUI-sc-12tokcy-0 bLZSPZ\">Ilumina\u00e7\u00e3o interna<\/span><\/td>\n<td class=\"Td-sc-1wy23hs-5 ljIgLj\"><span class=\"TextUI-sc-12tokcy-0 bLZSPZ\">Sim<\/span><\/td>\n<\/tr>\n<tr class=\"Tr-sc-1wy23hs-3 cNwYXF\">\n<td class=\"Td-sc-1wy23hs-5 ljIgLj\"><span class=\"TextUI-sc-12tokcy-0 bLZSPZ\">Alarme de porta aberta<\/span><\/td>\n<td class=\"Td-sc-1wy23hs-5 ljIgLj\"><span class=\"TextUI-sc-12tokcy-0 bLZSPZ\">N\u00e3o<\/span><\/td>\n<\/tr>\n<tr class=\"Tr-sc-1wy23hs-3 cNwYXF\">\n<td class=\"Td-sc-1wy23hs-5 ljIgLj\"><span class=\"TextUI-sc-12tokcy-0 bLZSPZ\">Compartimento extra frio<\/span><\/td>\n<td class=\"Td-sc-1wy23hs-5 ljIgLj\"><span class=\"TextUI-sc-12tokcy-0 bLZSPZ\">N\u00e3o<\/span><\/td>\n<\/tr>\n<tr class=\"Tr-sc-1wy23hs-3 cNwYXF\">\n<td class=\"Td-sc-1wy23hs-5 ljIgLj\"><span class=\"TextUI-sc-12tokcy-0 bLZSPZ\">Compartimento congelamento r\u00e1pido<\/span><\/td>\n<td class=\"Td-sc-1wy23hs-5 ljIgLj\"><span class=\"TextUI-sc-12tokcy-0 bLZSPZ\">N\u00e3o<\/span><\/td>\n<\/tr>\n<tr class=\"Tr-sc-1wy23hs-3 cNwYXF\">\n<td class=\"Td-sc-1wy23hs-5 ljIgLj\"><span class=\"TextUI-sc-12tokcy-0 bLZSPZ\">Gaveta<\/span><\/td>\n<td class=\"Td-sc-1wy23hs-5 ljIgLj\"><span class=\"TextUI-sc-12tokcy-0 bLZSPZ\">Sim<\/span><\/td>\n<\/tr>\n<tr class=\"Tr-sc-1wy23hs-3 cNwYXF\">\n<td class=\"Td-sc-1wy23hs-5 ljIgLj\"><span class=\"TextUI-sc-12tokcy-0 bLZSPZ\">Porta ovos<\/span><\/td>\n<td class=\"Td-sc-1wy23hs-5 ljIgLj\"><span class=\"TextUI-sc-12tokcy-0 bLZSPZ\">Sim<\/span><\/td>\n<\/tr>\n<tr class=\"Tr-sc-1wy23hs-3 cNwYXF\">\n<td class=\"Td-sc-1wy23hs-5 ljIgLj\"><span class=\"TextUI-sc-12tokcy-0 bLZSPZ\">Separador de garrafas<\/span><\/td>\n<td class=\"Td-sc-1wy23hs-5 ljIgLj\"><span class=\"TextUI-sc-12tokcy-0 bLZSPZ\">Sim<\/span><\/td>\n<\/tr>\n<tr class=\"Tr-sc-1wy23hs-3 cNwYXF\">\n<td class=\"Td-sc-1wy23hs-5 ljIgLj\"><span class=\"TextUI-sc-12tokcy-0 bLZSPZ\">Degelo autom\u00e1tico<\/span><\/td>\n<td class=\"Td-sc-1wy23hs-5 ljIgLj\"><span class=\"TextUI-sc-12tokcy-0 bLZSPZ\">N\u00e3o<\/span><\/td>\n<\/tr>\n<tr class=\"Tr-sc-1wy23hs-3 cNwYXF\">\n<td class=\"Td-sc-1wy23hs-5 ljIgLj\"><span class=\"TextUI-sc-12tokcy-0 bLZSPZ\">Rod\u00edzios<\/span><\/td>\n<td class=\"Td-sc-1wy23hs-5 ljIgLj\"><span class=\"TextUI-sc-12tokcy-0 bLZSPZ\">Sim<\/span><\/td>\n<\/tr>\n<tr class=\"Tr-sc-1wy23hs-3 cNwYXF\">\n<td class=\"Td-sc-1wy23hs-5 ljIgLj\"><span class=\"TextUI-sc-12tokcy-0 bLZSPZ\">P\u00e9s niveladores<\/span><\/td>\n<td class=\"Td-sc-1wy23hs-5 ljIgLj\"><span class=\"TextUI-sc-12tokcy-0 bLZSPZ\">Sim<\/span><\/td>\n<\/tr>\n<tr class=\"Tr-sc-1wy23hs-3 cNwYXF\">\n<td class=\"Td-sc-1wy23hs-5 ljIgLj\"><span class=\"TextUI-sc-12tokcy-0 bLZSPZ\">Porta latas<\/span><\/td>\n<td class=\"Td-sc-1wy23hs-5 ljIgLj\"><span class=\"TextUI-sc-12tokcy-0 bLZSPZ\">Sim<\/span><\/td>\n<\/tr>\n<tr class=\"Tr-sc-1wy23hs-3 cNwYXF\">\n<td class=\"Td-sc-1wy23hs-5 ljIgLj\"><span class=\"TextUI-sc-12tokcy-0 bLZSPZ\">Porta revers\u00edvel<\/span><\/td>\n<td class=\"Td-sc-1wy23hs-5 ljIgLj\"><span class=\"TextUI-sc-12tokcy-0 bLZSPZ\">N\u00e3o<\/span><\/td>\n<\/tr>\n<tr class=\"Tr-sc-1wy23hs-3 cNwYXF\">\n<td class=\"Td-sc-1wy23hs-5 ljIgLj\"><span class=\"TextUI-sc-12tokcy-0 bLZSPZ\">Painel eletr\u00f4nico<\/span><\/td>\n<td class=\"Td-sc-1wy23hs-5 ljIgLj\"><span class=\"TextUI-sc-12tokcy-0 bLZSPZ\">N\u00e3o<\/span><\/td>\n<\/tr>\n<tr class=\"Tr-sc-1wy23hs-3 cNwYXF\">\n<td class=\"Td-sc-1wy23hs-5 ljIgLj\"><span class=\"TextUI-sc-12tokcy-0 bLZSPZ\">Controle de temperatura<\/span><\/td>\n<td class=\"Td-sc-1wy23hs-5 ljIgLj\"><span class=\"TextUI-sc-12tokcy-0 bLZSPZ\">Sim<\/span><\/td>\n<\/tr>\n<tr class=\"Tr-sc-1wy23hs-3 cNwYXF\">\n<td class=\"Td-sc-1wy23hs-5 ljIgLj\"><span class=\"TextUI-sc-12tokcy-0 bLZSPZ\">Congelador<\/span><\/td>\n<td class=\"Td-sc-1wy23hs-5 ljIgLj\"><span class=\"TextUI-sc-12tokcy-0 bLZSPZ\">Sim<\/span><\/td>\n<\/tr>\n<tr class=\"Tr-sc-1wy23hs-3 cNwYXF\">\n<td class=\"Td-sc-1wy23hs-5 ljIgLj\"><span class=\"TextUI-sc-12tokcy-0 bLZSPZ\">Trava de seguran\u00e7a<\/span><\/td>\n<td class=\"Td-sc-1wy23hs-5 ljIgLj\"><span class=\"TextUI-sc-12tokcy-0 bLZSPZ\">N\u00e3o<\/span><\/td>\n<\/tr>\n<tr class=\"Tr-sc-1wy23hs-3 cNwYXF\">\n<td class=\"Td-sc-1wy23hs-5 ljIgLj\"><span class=\"TextUI-sc-12tokcy-0 bLZSPZ\">Timer<\/span><\/td>\n<td class=\"Td-sc-1wy23hs-5 ljIgLj\"><span class=\"TextUI-sc-12tokcy-0 bLZSPZ\">N\u00e3o<\/span><\/td>\n<\/tr>\n<tr class=\"Tr-sc-1wy23hs-3 cNwYXF\">\n<td class=\"Td-sc-1wy23hs-5 ljIgLj\"><span class=\"TextUI-sc-12tokcy-0 bLZSPZ\">Mostrador frontal de temperatura<\/span><\/td>\n<td class=\"Td-sc-1wy23hs-5 ljIgLj\"><span class=\"TextUI-sc-12tokcy-0 bLZSPZ\">N\u00e3o<\/span><\/td>\n<\/tr>\n<tr class=\"Tr-sc-1wy23hs-3 cNwYXF\">\n<td class=\"Td-sc-1wy23hs-5 ljIgLj\"><span class=\"TextUI-sc-12tokcy-0 bLZSPZ\">Conte\u00fado da embalagem<\/span><\/td>\n<td class=\"Td-sc-1wy23hs-5 ljIgLj\"><span class=\"TextUI-sc-12tokcy-0 bLZSPZ\">1 Refrigerador e Manual<\/span><\/td>\n<\/tr>\n<tr class=\"Tr-sc-1wy23hs-3 cNwYXF\">\n<td class=\"Td-sc-1wy23hs-5 ljIgLj\"><span class=\"TextUI-sc-12tokcy-0 bLZSPZ\">Voltagem<\/span><\/td>\n<td class=\"Td-sc-1wy23hs-5 ljIgLj\"><span class=\"TextUI-sc-12tokcy-0 bLZSPZ\">110V\u00a0<\/span><\/td>\n<\/tr>\n<tr class=\"Tr-sc-1wy23hs-3 cNwYXF\">\n<td class=\"Td-sc-1wy23hs-5 ljIgLj\"><span class=\"TextUI-sc-12tokcy-0 bLZSPZ\">Dimens\u00f5es aproximadas do produto &#8211; cm (AxLxP)<\/span><\/td>\n<td class=\"Td-sc-1wy23hs-5 ljIgLj\"><span class=\"TextUI-sc-12tokcy-0 bLZSPZ\">161,9&#215;54,8&#215;61,3cm<\/span><\/td>\n<\/tr>\n<tr class=\"Tr-sc-1wy23hs-3 cNwYXF\">\n<td class=\"Td-sc-1wy23hs-5 ljIgLj\"><span class=\"TextUI-sc-12tokcy-0 bLZSPZ\">Dimens\u00f5es aproximadas da embalagem do produto &#8211; cm (AxLxP)<\/span><\/td>\n<td class=\"Td-sc-1wy23hs-5 ljIgLj\"><span class=\"TextUI-sc-12tokcy-0 bLZSPZ\">164,2&#215;58,1x65cm<\/span><\/td>\n<\/tr>\n<tr class=\"Tr-sc-1wy23hs-3 cNwYXF\">\n<td class=\"Td-sc-1wy23hs-5 ljIgLj\"><span class=\"TextUI-sc-12tokcy-0 bLZSPZ\">Peso aproximado do produto (Kg)<\/span><\/td>\n<td class=\"Td-sc-1wy23hs-5 ljIgLj\"><span class=\"TextUI-sc-12tokcy-0 bLZSPZ\">44kg<\/span><\/td>\n<\/tr>\n<tr class=\"Tr-sc-1wy23hs-3 cNwYXF\">\n<td class=\"Td-sc-1wy23hs-5 ljIgLj\"><span class=\"TextUI-sc-12tokcy-0 bLZSPZ\">Peso aproximado da embalagem c\/ produto (Kg)<\/span><\/td>\n<td class=\"Td-sc-1wy23hs-5 ljIgLj\"><span class=\"TextUI-sc-12tokcy-0 bLZSPZ\">45kg<\/span><\/td>\n<\/tr>\n<tr class=\"Tr-sc-1wy23hs-3 cNwYXF\">\n<td class=\"Td-sc-1wy23hs-5 ljIgLj\"><span class=\"TextUI-sc-12tokcy-0 bLZSPZ\">Garantia do Fornecedor<\/span><\/td>\n<td class=\"Td-sc-1wy23hs-5 ljIgLj\"><span class=\"TextUI-sc-12tokcy-0 bLZSPZ\">12 meses<\/span><\/td>\n<\/tr>\n<tr class=\"Tr-sc-1wy23hs-3 cNwYXF\">\n<td class=\"Td-sc-1wy23hs-5 ljIgLj\"><span class=\"TextUI-sc-12tokcy-0 bLZSPZ\">Modelo<\/span><\/td>\n<td class=\"Td-sc-1wy23hs-5 ljIgLj\"><span class=\"TextUI-sc-12tokcy-0 bLZSPZ\">DC35A<\/span><\/td>\n<\/tr>\n<tr class=\"Tr-sc-1wy23hs-3 cNwYXF\">\n<td class=\"Td-sc-1wy23hs-5 ljIgLj\"><span class=\"TextUI-sc-12tokcy-0 bLZSPZ\">Refer\u00eancia do modelo<\/span><\/td>\n<\/tr>\n<\/tbody>\n<\/table>\n","protected":false},"excerpt":{"rendered":"<p><strong>Esse lindo Refrigerador Cycle Branco, torna sua cozinha funcional e elegante.<\/p>\n<p>Pr\u00e1tico e moderno possui selo procel, ou seja, \u00e9 mais econ\u00f4mico, colabora com o meio ambiente e com o seu bolso, o freezer possui a fun\u00e7\u00e3o Defrost que descongela autom\u00e1ticamente sem que seja necess\u00e1rio desliga-lo e fazer bagun\u00e7a.<\/p>\n<p>Al\u00e9m disso, voc\u00ea desfruta de diversas fun\u00e7\u00f5es inteligentes que otimizam seu tempo apertado e corrido.<\/p>\n<p>Mais praticidade e rapidez no dia-a-dia.<br \/>\nCom um belo design Integrado, o puxador \u00e9 embutido com a porta do refrigerador, tornando-o mais moderno, discreto e funcional e liberando mais espa\u00e7o na cozinha.<br \/>\nTecnologia, conforto e qualidade do come\u00e7o ao fim!<\/p>\n<p><b>Verifique com os fabricantes do produto e de seus componentes eventuais limita\u00e7\u00f5es \u00e0 utiliza\u00e7\u00e3o de todos os recursos e funcionalidades.<\/b><\/p>\n<p><b>Todas as informa\u00e7\u00f5es divulgadas s\u00e3o de responsabilidade do fabricante\/fornecedor.<\/b><\/p>\n<p><b>Imagens meramente ilustrativas.<\/b><\/strong><\/p>\n","protected":false},"featured_media":5995,"comment_status":"open","ping_status":"closed","template":"","meta":[],"product_brand":[],"product_cat":[15,232,226],"product_tag":[],"class_list":{"0":"post-5994","1":"product","2":"type-product","3":"status-publish","4":"has-post-thumbnail","6":"product_cat-produtos","7":"product_cat-cozinha","8":"product_cat-eletrodomesticos","9":"product_shipping_class-pac","11":"first","12":"instock","13":"shipping-taxable","14":"purchasable","15":"product-type-simple"},"_links":{"self":[{"href":"http:\/\/ambrosioeletro.com.br\/v20\/wp-json\/wp\/v2\/product\/5994","targetHints":{"allow":["GET"]}}],"collection":[{"href":"http:\/\/ambrosioeletro.com.br\/v20\/wp-json\/wp\/v2\/product"}],"about":[{"href":"http:\/\/ambrosioeletro.com.br\/v20\/wp-json\/wp\/v2\/types\/product"}],"replies":[{"embeddable":true,"href":"http:\/\/ambrosioeletro.com.br\/v20\/wp-json\/wp\/v2\/comments?post=5994"}],"wp:featuredmedia":[{"embeddable":true,"href":"http:\/\/ambrosioeletro.com.br\/v20\/wp-json\/wp\/v2\/media\/5995"}],"wp:attachment":[{"href":"http:\/\/ambrosioeletro.com.br\/v20\/wp-json\/wp\/v2\/media?parent=5994"}],"wp:term":[{"taxonomy":"product_brand","embeddable":true,"href":"http:\/\/ambrosioeletro.com.br\/v20\/wp-json\/wp\/v2\/product_brand?post=5994"},{"taxonomy":"product_cat","embeddable":true,"href":"http:\/\/ambrosioeletro.com.br\/v20\/wp-json\/wp\/v2\/product_cat?post=5994"},{"taxonomy":"product_tag","embeddable":true,"href":"http:\/\/ambrosioeletro.com.br\/v20\/wp-json\/wp\/v2\/product_tag?post=5994"}],"curies":[{"name":"wp","href":"https:\/\/api.w.org\/{rel}","templated":true}]}}