{"id":6883,"date":"2020-06-24T18:53:07","date_gmt":"2020-06-24T21:53:07","guid":{"rendered":"http:\/\/ambrosioeletro.com.br\/v20\/?post_type=product&#038;p=6883"},"modified":"2026-03-25T12:21:20","modified_gmt":"2026-03-25T15:21:20","slug":"lavadora-de-roupas-automatica-colormaq-lca12-12kg-branca-127v","status":"publish","type":"product","link":"http:\/\/ambrosioeletro.com.br\/v20\/produto\/lavadora-de-roupas-automatica-colormaq-lca12-12kg-branca-127v\/","title":{"rendered":"Lavadora de Roupas Autom\u00e1tica Colormaq LCA12 12Kg Branca 127V"},"content":{"rendered":"<p>Conquiste a praticidade no dia a dia atrav\u00e9s da Lavadora de Roupas Colormaq LCA12. Desenvolvida para tornar as lavagens de roupas mais pr\u00e1ticas e econ\u00f4micas, a lavadora \u00e9 equipada com filtro duplo que elimina muito mais fiapos durante a lavagem, ligado ao sistema antimanchas que pro\u00edbe o contato direto entre o sab\u00e3o e as roupas! Tenha sempre a garantia de qualidade e efici\u00eancia nas lavagens! Permite a escolha do momento em que a \u00e1gua ir\u00e1 escoar, autorizando a reutiliza\u00e7\u00e3o da mesma, equipado com sete programas de lavagem, centrifuga\u00e7\u00e3o extra, turbo lavagem, programa limpeza de cesto, multidispenser, quatro n\u00edveis de \u00e1gua, al\u00e7as laterais e uma tampa de vidro temperado para maior resist\u00eancia e seguran\u00e7a! N\u00e3o perca tempo e inove sua \u00e1rea de servi\u00e7o ou lavanderia!<\/p>\n<p>Modelo:LCA 12 110V<br \/>\nPN:LCA12BBR1NAC\/2\/110V<br \/>\nCor:Branca<br \/>\nOutras Caracter\u00edsticas do Produto:Filtro duplo que elimina muito mais fiapos durante a lavagem<br \/>\nO sab\u00e3o \u00e9 dilu\u00eddo n\u00e3o cai diretamente sobre a roupa<br \/>\nPrograme e decida o melhor momento de escoar a \u00e1gua<br \/>\nPossui 7 programas de lavagem e diferentes fun\u00e7\u00f5es<br \/>\nCom apenas um toque voc\u00ea aumenta a capacidade de centrifuga\u00e7\u00e3o, deixando elas extremamente secas, quase a ponto de simplesmente passa-las usar<br \/>\nFornece a turbo lavagem<br \/>\nCom apenas um toque a lavadora se auto higieniza<br \/>\nEquipado com multidispenser<br \/>\nDisponibiliza 04 n\u00edveis de \u00e1gua<br \/>\nMaior seguran\u00e7a com a tampa de vidro temperado<br \/>\nOferece uma locomo\u00e7\u00e3o maior atrav\u00e9s das al\u00e7as laterais<br \/>\nConte\u00fado da Embalagem:01 x Lavadora<br \/>\nFabricante:Colormaq<br \/>\nTelefone de Atendimento:0800-770-8517 \/ (11) 2388-8213<br \/>\nGarantia:12 meses com a fabricante<br \/>\nVoltagem:110V<br \/>\nDimens\u00f5es:104,5 x 73 x 61,5 cm<br \/>\nPeso:37 Kg<\/p>\n","protected":false},"excerpt":{"rendered":"<p>Conquiste a praticidade no dia a dia atrav\u00e9s da Lavadora de Roupas Colormaq LCA12. Desenvolvida para tornar as lavagens de roupas mais pr\u00e1ticas e econ\u00f4micas, a lavadora \u00e9 equipada com<\/p>\n","protected":false},"featured_media":6884,"comment_status":"open","ping_status":"closed","template":"","meta":[],"product_brand":[],"product_cat":[233,226],"product_tag":[],"class_list":{"0":"post-6883","1":"product","2":"type-product","3":"status-publish","4":"has-post-thumbnail","6":"product_cat-area-de-servico","7":"product_cat-eletrodomesticos","8":"product_shipping_class-retirar-no-local","10":"first","11":"instock","12":"shipping-taxable","13":"purchasable","14":"product-type-simple"},"_links":{"self":[{"href":"http:\/\/ambrosioeletro.com.br\/v20\/wp-json\/wp\/v2\/product\/6883","targetHints":{"allow":["GET"]}}],"collection":[{"href":"http:\/\/ambrosioeletro.com.br\/v20\/wp-json\/wp\/v2\/product"}],"about":[{"href":"http:\/\/ambrosioeletro.com.br\/v20\/wp-json\/wp\/v2\/types\/product"}],"replies":[{"embeddable":true,"href":"http:\/\/ambrosioeletro.com.br\/v20\/wp-json\/wp\/v2\/comments?post=6883"}],"wp:featuredmedia":[{"embeddable":true,"href":"http:\/\/ambrosioeletro.com.br\/v20\/wp-json\/wp\/v2\/media\/6884"}],"wp:attachment":[{"href":"http:\/\/ambrosioeletro.com.br\/v20\/wp-json\/wp\/v2\/media?parent=6883"}],"wp:term":[{"taxonomy":"product_brand","embeddable":true,"href":"http:\/\/ambrosioeletro.com.br\/v20\/wp-json\/wp\/v2\/product_brand?post=6883"},{"taxonomy":"product_cat","embeddable":true,"href":"http:\/\/ambrosioeletro.com.br\/v20\/wp-json\/wp\/v2\/product_cat?post=6883"},{"taxonomy":"product_tag","embeddable":true,"href":"http:\/\/ambrosioeletro.com.br\/v20\/wp-json\/wp\/v2\/product_tag?post=6883"}],"curies":[{"name":"wp","href":"https:\/\/api.w.org\/{rel}","templated":true}]}}