{"id":7034,"date":"2020-06-26T11:47:48","date_gmt":"2020-06-26T14:47:48","guid":{"rendered":"http:\/\/ambrosioeletro.com.br\/v20\/?post_type=product&#038;p=7034"},"modified":"2026-04-18T10:13:59","modified_gmt":"2026-04-18T13:13:59","slug":"cama-box-casal-unipremium-polar-40x188x138","status":"publish","type":"product","link":"http:\/\/ambrosioeletro.com.br\/v20\/produto\/cama-box-casal-unipremium-polar-40x188x138\/","title":{"rendered":"Cama box casal unipremium Polar 40x188x138"},"content":{"rendered":"<h4 style=\"font-weight: inherit;\">Vantagens do Box Conjugado<\/h4>\n<ul style=\"font-weight: 400;\">\n<li style=\"font-style: inherit; font-weight: 300;\">Ideal para quem quer aproveitar a \u00e1rea \u00fatil do quarto.<\/li>\n<li style=\"font-style: inherit; font-weight: 300;\">Cama e colch\u00e3o em um \u00fanico produto.<\/li>\n<li style=\"font-style: inherit; font-weight: 300;\">Produto de linha econ\u00f4mica.<\/li>\n<\/ul>\n<h4 style=\"font-weight: inherit;\">Cuidados com o Box Conjugado<\/h4>\n<ul style=\"font-weight: 400;\">\n<li style=\"font-style: inherit; font-weight: 300;\">A Cama Box + Colch\u00e3o Conjugado Polar Acoplada Class Unipremium Marrom n\u00e3o possui p\u00e9 de refor\u00e7o central e, devido a isso, alguns cuidados devem ser tomados. N\u00e3o pule, ande ou fique em p\u00e9 sobre a cama, pois isso far\u00e1 com que todo o peso do seu corpo se concentre em um \u00fanico ponto da bicama box podendo acarretar em danos por mau uso.<\/li>\n<li style=\"font-style: inherit; font-weight: 300;\">Ao utilizar a cama auxiliar, nunca se deve retira-la toda, pois, ela \u00e9 parte do suporte para a cama.<\/li>\n<\/ul>\n<h4 style=\"font-weight: inherit;\">Box Conjugado<\/h4>\n<ul style=\"font-weight: 400;\">\n<li style=\"font-style: inherit; font-weight: 300;\">Possui colch\u00e3o e cama em uma \u00fanica pe\u00e7a.<\/li>\n<li style=\"font-style: inherit; font-weight: 300;\">Produto de baixo custo de linha econ\u00f4mica para quem busca substituir a compra de um colch\u00e3o + cama box formando seu conjunto box (kit).<\/li>\n<li style=\"font-style: inherit; font-weight: 300;\">No aspecto visual e de custo possui grande similaridade com os conjuntos box tradicionais, por\u00e9m, no quesito conforto e durabilidade \u00e9 um produto aqu\u00e9m em rela\u00e7\u00e3o aos demais conjuntos.<\/li>\n<\/ul>\n<h2>Benef\u00edcios Externos Cama Box<\/h2>\n<h3 style=\"font-weight: 600;\">Altura das Camas Box com os p\u00e9s<\/h3>\n<h4 style=\"font-weight: inherit;\">52 cm Altura<\/h4>\n<ul style=\"font-weight: 400;\">\n<li style=\"font-style: inherit; font-weight: 300;\">Possui colch\u00e3o e cama em uma \u00fanica pe\u00e7a.<\/li>\n<li style=\"font-style: inherit; font-weight: 300;\">Produto de baixo custo de linha econ\u00f4mica para quem busca substituir a compra de um colch\u00e3o + cama box formando seu conjunto box (kit).<\/li>\n<li style=\"font-style: inherit; font-weight: 300;\">No aspecto visual e de custo possui grande similaridade com os conjuntos box tradicionais, por\u00e9m, no quesito conforto e durabilidade \u00e9 um produto aqu\u00e9m em rela\u00e7\u00e3o aos demais conjuntos.<\/li>\n<\/ul>\n","protected":false},"excerpt":{"rendered":"<p>Vantagens do Box Conjugado Ideal para quem quer aproveitar a \u00e1rea \u00fatil do quarto. Cama e colch\u00e3o em um \u00fanico produto. Produto de linha econ\u00f4mica. Cuidados com o Box Conjugado<\/p>\n","protected":false},"featured_media":13169,"comment_status":"open","ping_status":"closed","template":"","meta":[],"product_brand":[],"product_cat":[227,241],"product_tag":[],"class_list":{"0":"post-7034","1":"product","2":"type-product","3":"status-publish","4":"has-post-thumbnail","6":"product_cat-moveis","7":"product_cat-quarto","8":"product_shipping_class-retirar-no-local","10":"first","11":"instock","12":"shipping-taxable","13":"purchasable","14":"product-type-simple"},"_links":{"self":[{"href":"http:\/\/ambrosioeletro.com.br\/v20\/wp-json\/wp\/v2\/product\/7034","targetHints":{"allow":["GET"]}}],"collection":[{"href":"http:\/\/ambrosioeletro.com.br\/v20\/wp-json\/wp\/v2\/product"}],"about":[{"href":"http:\/\/ambrosioeletro.com.br\/v20\/wp-json\/wp\/v2\/types\/product"}],"replies":[{"embeddable":true,"href":"http:\/\/ambrosioeletro.com.br\/v20\/wp-json\/wp\/v2\/comments?post=7034"}],"wp:featuredmedia":[{"embeddable":true,"href":"http:\/\/ambrosioeletro.com.br\/v20\/wp-json\/wp\/v2\/media\/13169"}],"wp:attachment":[{"href":"http:\/\/ambrosioeletro.com.br\/v20\/wp-json\/wp\/v2\/media?parent=7034"}],"wp:term":[{"taxonomy":"product_brand","embeddable":true,"href":"http:\/\/ambrosioeletro.com.br\/v20\/wp-json\/wp\/v2\/product_brand?post=7034"},{"taxonomy":"product_cat","embeddable":true,"href":"http:\/\/ambrosioeletro.com.br\/v20\/wp-json\/wp\/v2\/product_cat?post=7034"},{"taxonomy":"product_tag","embeddable":true,"href":"http:\/\/ambrosioeletro.com.br\/v20\/wp-json\/wp\/v2\/product_tag?post=7034"}],"curies":[{"name":"wp","href":"https:\/\/api.w.org\/{rel}","templated":true}]}}