{"id":7238,"date":"2020-07-14T17:28:53","date_gmt":"2020-07-14T20:28:53","guid":{"rendered":"http:\/\/ambrosioeletro.com.br\/v20\/?post_type=product&#038;p=7238"},"modified":"2026-03-25T12:24:58","modified_gmt":"2026-03-25T15:24:58","slug":"ferro-de-passar-vapore-agratto-branco-110v","status":"publish","type":"product","link":"http:\/\/ambrosioeletro.com.br\/v20\/produto\/ferro-de-passar-vapore-agratto-branco-110v\/","title":{"rendered":"Ferro de Passar Vapore Agratto Branco 110V"},"content":{"rendered":"<p>Ferro de passar a seco e vapor com base antiaderente, a linha de ferros de passar da agratto veio para completar sua casa, os cabos possuem refor\u00e7o e a al\u00e7a ergon\u00f4mica, compacto e eficiente, regulagem de temperatura, salva bot\u00f5es, luz indicadora de funcionamento.<\/p>\n","protected":false},"excerpt":{"rendered":"<ul class=\"a-unordered-list a-vertical a-spacing-mini\">\n<li><span class=\"a-list-item\">Regulagem de temperatura<\/span><\/li>\n<li><span class=\"a-list-item\">Base de aquecimento antiaderente<\/span><\/li>\n<li><span class=\"a-list-item\">Salva bot\u00f5es<\/span><\/li>\n<li><span class=\"a-list-item\">Luz indicadora de funcionamento<\/span><\/li>\n<li><span class=\"a-list-item\">Copo dosador<\/span><\/li>\n<\/ul>\n","protected":false},"featured_media":7239,"comment_status":"open","ping_status":"closed","template":"","meta":[],"product_brand":[],"product_cat":[248],"product_tag":[],"class_list":{"0":"post-7238","1":"product","2":"type-product","3":"status-publish","4":"has-post-thumbnail","6":"product_cat-eletroportateis","7":"product_shipping_class-pac","9":"first","10":"instock","11":"shipping-taxable","12":"purchasable","13":"product-type-simple"},"_links":{"self":[{"href":"http:\/\/ambrosioeletro.com.br\/v20\/wp-json\/wp\/v2\/product\/7238","targetHints":{"allow":["GET"]}}],"collection":[{"href":"http:\/\/ambrosioeletro.com.br\/v20\/wp-json\/wp\/v2\/product"}],"about":[{"href":"http:\/\/ambrosioeletro.com.br\/v20\/wp-json\/wp\/v2\/types\/product"}],"replies":[{"embeddable":true,"href":"http:\/\/ambrosioeletro.com.br\/v20\/wp-json\/wp\/v2\/comments?post=7238"}],"wp:featuredmedia":[{"embeddable":true,"href":"http:\/\/ambrosioeletro.com.br\/v20\/wp-json\/wp\/v2\/media\/7239"}],"wp:attachment":[{"href":"http:\/\/ambrosioeletro.com.br\/v20\/wp-json\/wp\/v2\/media?parent=7238"}],"wp:term":[{"taxonomy":"product_brand","embeddable":true,"href":"http:\/\/ambrosioeletro.com.br\/v20\/wp-json\/wp\/v2\/product_brand?post=7238"},{"taxonomy":"product_cat","embeddable":true,"href":"http:\/\/ambrosioeletro.com.br\/v20\/wp-json\/wp\/v2\/product_cat?post=7238"},{"taxonomy":"product_tag","embeddable":true,"href":"http:\/\/ambrosioeletro.com.br\/v20\/wp-json\/wp\/v2\/product_tag?post=7238"}],"curies":[{"name":"wp","href":"https:\/\/api.w.org\/{rel}","templated":true}]}}