{"id":7538,"date":"2020-08-21T17:33:25","date_gmt":"2020-08-21T20:33:25","guid":{"rendered":"http:\/\/ambrosioeletro.com.br\/v20\/?post_type=product&#038;p=7538"},"modified":"2026-02-02T11:21:35","modified_gmt":"2026-02-02T14:21:35","slug":"mesa-plastica-quadrada-70cm","status":"publish","type":"product","link":"http:\/\/ambrosioeletro.com.br\/v20\/produto\/mesa-plastica-quadrada-70cm\/","title":{"rendered":"Mesa Pl\u00e1stica Quadrada 70Cm Branca Antares"},"content":{"rendered":"<div id=\"accordion-informations\" class=\"css-0\">\n<div class=\"chakra-accordion css-0\">\n<div class=\"chakra-accordion__item css-1e6s15y\">\n<h2><button class=\"chakra-accordion__button css-yzwyuh\" type=\"button\" aria-expanded=\"true\" aria-controls=\"accordion-panel-35\" data-index=\"0\"><strong class=\"css-wzo4an\">Informa\u00e7\u00f5es do Produto<\/strong><\/button><\/h2>\n<div class=\"css-0\"><\/div>\n<div class=\"chakra-collapse\">\n<div id=\"accordion-panel-35\" class=\"chakra-accordion__panel css-dk0rzi\" role=\"region\" aria-labelledby=\"accordion-button-35\">\n<hr class=\"chakra-divider css-kja92l\" aria-orientation=\"horizontal\" \/>\n<p class=\"chakra-text css-rszk63\">Descri\u00e7\u00e3o do Produto<\/p>\n<div>\n<p><strong>Produto:\u00a0<\/strong>Mesa Pl\u00e1stica Caixaplast Monobloco Arcos &#8211; Branco<\/p>\n<p><strong>Descri\u00e7\u00e3o:\u00a0<\/strong><a href=\"https:\/\/www.zema.com\/moveisedecoracao?page=1\">Mesas de Pl\u00e1stico<\/a><strong>\u00a0<\/strong><\/p>\n<p>&nbsp;<\/p>\n<p data-start=\"146\" data-end=\"173\"><strong data-start=\"146\" data-end=\"173\">Caracter\u00edsticas Gerais:<\/strong><\/p>\n<ul>\n<li>Produzida com mat\u00e9ria-prima de alta qualidade<\/li>\n<li>Proporciona design funcional, conforto e praticidade<\/li>\n<li>Estrutura robusta com excelente acabamento<\/li>\n<\/ul>\n<p data-start=\"329\" data-end=\"346\"><strong data-start=\"329\" data-end=\"346\">Diferenciais:<\/strong><\/p>\n<ul>\n<li>Ponteiras antiderrapantes que oferecem maior seguran\u00e7a durante o uso<\/li>\n<li>Formato desenvolvido para empilhamento pr\u00e1tico, otimizando espa\u00e7o e aumentando a resist\u00eancia do produto<\/li>\n<li>Indicada para uso em diversos ambientes, internos ou externos<\/li>\n<\/ul>\n<p data-start=\"595\" data-end=\"620\"><strong data-start=\"595\" data-end=\"620\">Aplica\u00e7\u00f5es Indicadas:<\/strong><\/p>\n<ul>\n<li>\u00c1reas comuns de piscinas e clubes<\/li>\n<li>Resid\u00eancias e varandas<\/li>\n<li>Sal\u00f5es de festa e salas de eventos<\/li>\n<li>Igrejas e espa\u00e7os religiosos<\/li>\n<li>Refeit\u00f3rios de empresas<\/li>\n<li>Bares, hot\u00e9is e pousadas<\/li>\n<li>Escolas e ambientes para palestras<\/li>\n<\/ul>\n<\/div>\n<\/div>\n<\/div>\n<\/div>\n<\/div>\n<\/div>\n<div id=\"accordion-features\" class=\"css-0\">\n<div class=\"chakra-accordion css-0\">\n<div class=\"chakra-accordion__item css-pfhmqd\">\n<h2><button class=\"chakra-accordion__button css-yzwyuh\" type=\"button\" aria-expanded=\"true\" aria-controls=\"accordion-panel-36\" data-index=\"0\"><strong class=\"css-17fsri8\">Caracter\u00edsticas do produto<\/strong><\/button><\/h2>\n<div class=\"css-0\"><\/div>\n<div class=\"chakra-collapse\">\n<div id=\"accordion-panel-36\" class=\"chakra-accordion__panel css-1b6guds\" role=\"region\" aria-labelledby=\"accordion-button-36\">\n<hr class=\"chakra-divider css-npdsup\" aria-orientation=\"horizontal\" \/>\n<div class=\"chakra-table__container css-zipzvv\">\n<table class=\"chakra-table css-5605sr\" role=\"table\">\n<tbody class=\"css-0\">\n<tr class=\"css-1qdje9o\" role=\"row\">\n<td class=\"css-1y2hf86\" role=\"gridcell\">Tipo<\/td>\n<td class=\"css-1rt226l\" role=\"gridcell\">Mesas<\/td>\n<\/tr>\n<tr class=\"css-1lg94z5\" role=\"row\">\n<td class=\"css-1y2hf86\" role=\"gridcell\">Cor<\/td>\n<td class=\"css-1rt226l\" role=\"gridcell\">Branco<\/td>\n<\/tr>\n<tr class=\"css-1qdje9o\" role=\"row\">\n<td class=\"css-1y2hf86\" role=\"gridcell\"><\/td>\n<td class=\"css-1rt226l\" role=\"gridcell\"><\/td>\n<\/tr>\n<tr class=\"css-1lg94z5\" role=\"row\">\n<td class=\"css-1rt226l\" role=\"gridcell\" colspan=\"2\">\n<p class=\"chakra-text css-vvzlcw\">Informa\u00e7\u00f5es adicionais<\/p>\n<ul>\n<li>Ponteiras antiderrapantes de alta qualidade<\/li>\n<li>Uso irrestrito: indicada para ambientes internos e externos<\/li>\n<li>Empilhamento pr\u00e1tico: at\u00e9 10 unidades<\/li>\n<li>Possui abertura central para encaixe de guarda-sol<\/li>\n<li>Dimens\u00f5es externas: 70 cm (largura) x 70 cm (comprimento) x 70 cm (altura)<\/li>\n<li>Peso do produto: 3,5 kg<\/li>\n<li>Garantia: 90 dias para defeitos de fabrica\u00e7\u00e3o<\/li>\n<\/ul>\n<\/td>\n<\/tr>\n<\/tbody>\n<\/table>\n<\/div>\n<\/div>\n<\/div>\n<\/div>\n<\/div>\n<\/div>\n","protected":false},"excerpt":{"rendered":"<p>. suporta at\u00e9 20kg<br \/>\n. certificada pelo INMETRO<\/p>\n","protected":false},"featured_media":7542,"comment_status":"open","ping_status":"closed","template":"","meta":[],"product_brand":[],"product_cat":[227],"product_tag":[],"class_list":{"0":"post-7538","1":"product","2":"type-product","3":"status-publish","4":"has-post-thumbnail","6":"product_cat-moveis","7":"product_shipping_class-retirar-no-local","9":"first","10":"instock","11":"shipping-taxable","12":"purchasable","13":"product-type-simple"},"_links":{"self":[{"href":"http:\/\/ambrosioeletro.com.br\/v20\/wp-json\/wp\/v2\/product\/7538","targetHints":{"allow":["GET"]}}],"collection":[{"href":"http:\/\/ambrosioeletro.com.br\/v20\/wp-json\/wp\/v2\/product"}],"about":[{"href":"http:\/\/ambrosioeletro.com.br\/v20\/wp-json\/wp\/v2\/types\/product"}],"replies":[{"embeddable":true,"href":"http:\/\/ambrosioeletro.com.br\/v20\/wp-json\/wp\/v2\/comments?post=7538"}],"wp:featuredmedia":[{"embeddable":true,"href":"http:\/\/ambrosioeletro.com.br\/v20\/wp-json\/wp\/v2\/media\/7542"}],"wp:attachment":[{"href":"http:\/\/ambrosioeletro.com.br\/v20\/wp-json\/wp\/v2\/media?parent=7538"}],"wp:term":[{"taxonomy":"product_brand","embeddable":true,"href":"http:\/\/ambrosioeletro.com.br\/v20\/wp-json\/wp\/v2\/product_brand?post=7538"},{"taxonomy":"product_cat","embeddable":true,"href":"http:\/\/ambrosioeletro.com.br\/v20\/wp-json\/wp\/v2\/product_cat?post=7538"},{"taxonomy":"product_tag","embeddable":true,"href":"http:\/\/ambrosioeletro.com.br\/v20\/wp-json\/wp\/v2\/product_tag?post=7538"}],"curies":[{"name":"wp","href":"https:\/\/api.w.org\/{rel}","templated":true}]}}