{"id":7594,"date":"2020-09-01T15:20:34","date_gmt":"2020-09-01T18:20:34","guid":{"rendered":"http:\/\/ambrosioeletro.com.br\/v20\/?post_type=product&#038;p=7594"},"modified":"2026-03-25T14:58:14","modified_gmt":"2026-03-25T17:58:14","slug":"piscina-mor-1000-litros-inflavel","status":"publish","type":"product","link":"http:\/\/ambrosioeletro.com.br\/v20\/produto\/piscina-mor-1000-litros-inflavel\/","title":{"rendered":"Piscina MOR 1000 Litros Infl\u00e1vel"},"content":{"rendered":"","protected":false},"excerpt":{"rendered":"<p>A dica do ver\u00e3o \u00e9 a Piscina Splash Fun Mor que \u00e9 f\u00e1cil de montar.<br \/>\nElas n\u00e3o possuem estrutura e a lona \u00e9 refor\u00e7ada com uma tela tramada entre as l\u00e2minas que d\u00e1 maior resist\u00eancia ao produto.<br \/>\n\u00c9 isto mesmo a sua \u00fanica estrutura \u00e9 a \u00e1gua.<br \/>\nTanto adultos como as crian\u00e7as v\u00e3o se divertir muito se refrescando na Piscina Splash Fun.<br \/>\nAten\u00e7\u00e3o! Nunca deixe crian\u00e7as sozinhas perto da \u00e1gua sem supervis\u00e3o de um adulto.<br \/>\nF\u00e1cil de montar, n\u00e3o precisa de ferramentas.<br \/>\nBasta inflar a borda e encher de \u00e1gua.<\/p>\n","protected":false},"featured_media":7595,"comment_status":"open","ping_status":"closed","template":"","meta":[],"product_brand":[],"product_cat":[291],"product_tag":[],"class_list":{"0":"post-7594","1":"product","2":"type-product","3":"status-publish","4":"has-post-thumbnail","6":"product_cat-destaques","7":"product_shipping_class-pac","9":"first","10":"instock","11":"shipping-taxable","12":"purchasable","13":"product-type-simple"},"_links":{"self":[{"href":"http:\/\/ambrosioeletro.com.br\/v20\/wp-json\/wp\/v2\/product\/7594","targetHints":{"allow":["GET"]}}],"collection":[{"href":"http:\/\/ambrosioeletro.com.br\/v20\/wp-json\/wp\/v2\/product"}],"about":[{"href":"http:\/\/ambrosioeletro.com.br\/v20\/wp-json\/wp\/v2\/types\/product"}],"replies":[{"embeddable":true,"href":"http:\/\/ambrosioeletro.com.br\/v20\/wp-json\/wp\/v2\/comments?post=7594"}],"wp:featuredmedia":[{"embeddable":true,"href":"http:\/\/ambrosioeletro.com.br\/v20\/wp-json\/wp\/v2\/media\/7595"}],"wp:attachment":[{"href":"http:\/\/ambrosioeletro.com.br\/v20\/wp-json\/wp\/v2\/media?parent=7594"}],"wp:term":[{"taxonomy":"product_brand","embeddable":true,"href":"http:\/\/ambrosioeletro.com.br\/v20\/wp-json\/wp\/v2\/product_brand?post=7594"},{"taxonomy":"product_cat","embeddable":true,"href":"http:\/\/ambrosioeletro.com.br\/v20\/wp-json\/wp\/v2\/product_cat?post=7594"},{"taxonomy":"product_tag","embeddable":true,"href":"http:\/\/ambrosioeletro.com.br\/v20\/wp-json\/wp\/v2\/product_tag?post=7594"}],"curies":[{"name":"wp","href":"https:\/\/api.w.org\/{rel}","templated":true}]}}