{"id":7722,"date":"2020-09-28T15:08:24","date_gmt":"2020-09-28T18:08:24","guid":{"rendered":"http:\/\/ambrosioeletro.com.br\/v20\/?post_type=product&#038;p=7722"},"modified":"2026-03-25T16:25:33","modified_gmt":"2026-03-25T19:25:33","slug":"colchao-solteiro-d23-88x188x14-top-line-plumatex","status":"publish","type":"product","link":"http:\/\/ambrosioeletro.com.br\/v20\/produto\/colchao-solteiro-d23-88x188x14-top-line-plumatex\/","title":{"rendered":"COLCH\u00c3O SOLTEIRO D23 88X188X14 TOP LINE &#8211; GLOBAL FLEX"},"content":{"rendered":"<p>Depois De Um Dia Cansativo Esse Colch\u00e3o Da Plumatex Pode Te Ajudar A Relaxar Proporcionando Excelentes Noites De Sono, Mais Relaxantes E Tranquilas.<br \/>\nSeu Modelo Foi Projetado Com Espuma Selada, Com Densidade D23\u00a0E \u00c9 Totalmente Certificado Pelo Inmetro.<br \/>\nUma Op\u00e7\u00e3o Segura, Oferece Suporte Para Qualquer Coluna E Conforto Para Qualquer Bi\u00f3tipo.<br \/>\n\u00c9 O Equil\u00edbrio Perfeito Entre Conforto E Sustenta\u00e7\u00e3o.<br \/>\nO Colch\u00e3o \u00c9 Sin\u00f4nimo De Sa\u00fade E Bem Estar Para Voc\u00ea, Pois Sua Estrutura Proporciona Total Sustenta\u00e7\u00e3o E Suporte Para Seu Corpo Inteiro, Sem Inc\u00f4modos Durante Toda A Noite, Portanto Escolha Um Produto Com A Qualidade Plumatex, Este Colch\u00e3o \u00c9 \u00d3timo Para Proporcionar Bem Estar.<\/p>\n","protected":false},"excerpt":{"rendered":"<p>Depois De Um Dia Cansativo Esse Colch\u00e3o Da Plumatex Pode Te Ajudar A Relaxar Proporcionando Excelentes Noites De Sono, Mais Relaxantes E Tranquilas. Seu Modelo Foi Projetado Com Espuma Selada,<\/p>\n","protected":false},"featured_media":7723,"comment_status":"open","ping_status":"closed","template":"","meta":[],"product_brand":[],"product_cat":[234,241],"product_tag":[],"class_list":{"0":"post-7722","1":"product","2":"type-product","3":"status-publish","4":"has-post-thumbnail","6":"product_cat-colchoes","7":"product_cat-quarto","8":"product_shipping_class-retirar-no-local","10":"first","11":"instock","12":"shipping-taxable","13":"purchasable","14":"product-type-simple"},"_links":{"self":[{"href":"http:\/\/ambrosioeletro.com.br\/v20\/wp-json\/wp\/v2\/product\/7722","targetHints":{"allow":["GET"]}}],"collection":[{"href":"http:\/\/ambrosioeletro.com.br\/v20\/wp-json\/wp\/v2\/product"}],"about":[{"href":"http:\/\/ambrosioeletro.com.br\/v20\/wp-json\/wp\/v2\/types\/product"}],"replies":[{"embeddable":true,"href":"http:\/\/ambrosioeletro.com.br\/v20\/wp-json\/wp\/v2\/comments?post=7722"}],"wp:featuredmedia":[{"embeddable":true,"href":"http:\/\/ambrosioeletro.com.br\/v20\/wp-json\/wp\/v2\/media\/7723"}],"wp:attachment":[{"href":"http:\/\/ambrosioeletro.com.br\/v20\/wp-json\/wp\/v2\/media?parent=7722"}],"wp:term":[{"taxonomy":"product_brand","embeddable":true,"href":"http:\/\/ambrosioeletro.com.br\/v20\/wp-json\/wp\/v2\/product_brand?post=7722"},{"taxonomy":"product_cat","embeddable":true,"href":"http:\/\/ambrosioeletro.com.br\/v20\/wp-json\/wp\/v2\/product_cat?post=7722"},{"taxonomy":"product_tag","embeddable":true,"href":"http:\/\/ambrosioeletro.com.br\/v20\/wp-json\/wp\/v2\/product_tag?post=7722"}],"curies":[{"name":"wp","href":"https:\/\/api.w.org\/{rel}","templated":true}]}}