{"id":7726,"date":"2020-09-28T15:31:47","date_gmt":"2020-09-28T18:31:47","guid":{"rendered":"http:\/\/ambrosioeletro.com.br\/v20\/?post_type=product&#038;p=7726"},"modified":"2026-02-04T11:01:31","modified_gmt":"2026-02-04T14:01:31","slug":"colchao-casal-d23-138x188x14-top-line-plumatex","status":"publish","type":"product","link":"http:\/\/ambrosioeletro.com.br\/v20\/produto\/colchao-casal-d23-138x188x14-top-line-plumatex\/","title":{"rendered":"COLCH\u00c3O CASAL D23 138X188X14 TOP LINE &#8211; GLOBAL FLEX"},"content":{"rendered":"<p><strong>COLCH\u00c3O CASAL D23 138X188X14 TOP LINE &#8211; PLUMATEX<\/strong><\/p>\n<p>Depois De Um Dia Cansativo Esse Colch\u00e3o Da Plumatex Pode Te Ajudar A Relaxar Proporcionando Excelentes Noites De Sono, Mais Relaxantes E Tranquilas.<br \/>\nSeu Modelo Foi Projetado Com Espuma Selada, Com Densidade D23\u00a0E \u00c9 Totalmente Certificado Pelo Inmetro.<br \/>\nUma Op\u00e7\u00e3o Segura, Oferece Suporte Para Qualquer Coluna E Conforto Para Qualquer Bi\u00f3tipo.<br \/>\n\u00c9 O Equil\u00edbrio Perfeito Entre Conforto E Sustenta\u00e7\u00e3o.<br \/>\nO Colch\u00e3o \u00c9 Sin\u00f4nimo De Sa\u00fade E Bem Estar Para Voc\u00ea, Pois Sua Estrutura Proporciona Total Sustenta\u00e7\u00e3o E Suporte Para Seu Corpo Inteiro, Sem Inc\u00f4modos Durante Toda A Noite, Portanto Escolha Um Produto Com A Qualidade Plumatex, Este Colch\u00e3o \u00c9 \u00d3timo Para Proporcionar Bem Estar.<\/p>\n<p><strong>Informa\u00e7\u00f5es T\u00e9cnicas<\/strong><br \/>\nMarca Plumatex<br \/>\nCole\u00e7\u00e3o Tradicional<br \/>\nPeso Real Suportado (Kg) 100kg<br \/>\nFaixa De Peso Suportado (Kg) 71 A 110<br \/>\nClassifica\u00e7\u00e3o Casal Densidade D-23<br \/>\nEstrutura Do Colch\u00e3o Espuma<br \/>\nAmbiente Quarto<\/p>\n","protected":false},"excerpt":{"rendered":"<p>COLCH\u00c3O CASAL D23 138X188X14 TOP LINE &#8211; PLUMATEX Depois De Um Dia Cansativo Esse Colch\u00e3o Da Plumatex Pode Te Ajudar A Relaxar Proporcionando Excelentes Noites De Sono, Mais Relaxantes E<\/p>\n","protected":false},"featured_media":7727,"comment_status":"open","ping_status":"closed","template":"","meta":[],"product_brand":[],"product_cat":[234],"product_tag":[],"class_list":{"0":"post-7726","1":"product","2":"type-product","3":"status-publish","4":"has-post-thumbnail","6":"product_cat-colchoes","7":"product_shipping_class-retirar-no-local","9":"first","10":"instock","11":"shipping-taxable","12":"purchasable","13":"product-type-simple"},"_links":{"self":[{"href":"http:\/\/ambrosioeletro.com.br\/v20\/wp-json\/wp\/v2\/product\/7726","targetHints":{"allow":["GET"]}}],"collection":[{"href":"http:\/\/ambrosioeletro.com.br\/v20\/wp-json\/wp\/v2\/product"}],"about":[{"href":"http:\/\/ambrosioeletro.com.br\/v20\/wp-json\/wp\/v2\/types\/product"}],"replies":[{"embeddable":true,"href":"http:\/\/ambrosioeletro.com.br\/v20\/wp-json\/wp\/v2\/comments?post=7726"}],"wp:featuredmedia":[{"embeddable":true,"href":"http:\/\/ambrosioeletro.com.br\/v20\/wp-json\/wp\/v2\/media\/7727"}],"wp:attachment":[{"href":"http:\/\/ambrosioeletro.com.br\/v20\/wp-json\/wp\/v2\/media?parent=7726"}],"wp:term":[{"taxonomy":"product_brand","embeddable":true,"href":"http:\/\/ambrosioeletro.com.br\/v20\/wp-json\/wp\/v2\/product_brand?post=7726"},{"taxonomy":"product_cat","embeddable":true,"href":"http:\/\/ambrosioeletro.com.br\/v20\/wp-json\/wp\/v2\/product_cat?post=7726"},{"taxonomy":"product_tag","embeddable":true,"href":"http:\/\/ambrosioeletro.com.br\/v20\/wp-json\/wp\/v2\/product_tag?post=7726"}],"curies":[{"name":"wp","href":"https:\/\/api.w.org\/{rel}","templated":true}]}}