{"id":7728,"date":"2020-09-28T15:41:06","date_gmt":"2020-09-28T18:41:06","guid":{"rendered":"http:\/\/ambrosioeletro.com.br\/v20\/?post_type=product&#038;p=7728"},"modified":"2026-03-25T16:27:10","modified_gmt":"2026-03-25T19:27:10","slug":"colchao-casal-solaris-d33-138x188x16-globalflex","status":"publish","type":"product","link":"http:\/\/ambrosioeletro.com.br\/v20\/produto\/colchao-casal-solaris-d33-138x188x16-globalflex\/","title":{"rendered":"COLCH\u00c3O CASAL SOLARIS D33 138x188x16 &#8211; GLOBALFLEX"},"content":{"rendered":"<p>Os colch\u00f5es GlobalFlex s\u00e3o fabricados dentro das normas estabelecidas pelo Inmetro atrav\u00e9s de seus \u00f3rgaos credenciados. A linha de produtos de espuma conta com equipamentos de \u00faltima gera\u00e7\u00e3o colocando a qualidade a frente de toda atividade produtiva. Dentro de toda atividade produtiva h\u00e1 tamb\u00e9m a percep\u00e7\u00e3o dos colaboradores em priorizar a qualidade dos produtos e atender a necessidade de nossos clientes na principal miss\u00e3o de proporcionar conforto e sa\u00fade aos nossos clientes consumidores.<\/p>\n","protected":false},"excerpt":{"rendered":"<p>Os colch\u00f5es GlobalFlex s\u00e3o fabricados dentro das normas estabelecidas pelo Inmetro atrav\u00e9s de seus \u00f3rgaos credenciados. A linha de produtos de espuma conta com equipamentos de \u00faltima gera\u00e7\u00e3o colocando a<\/p>\n","protected":false},"featured_media":12284,"comment_status":"open","ping_status":"closed","template":"","meta":[],"product_brand":[],"product_cat":[234],"product_tag":[],"class_list":{"0":"post-7728","1":"product","2":"type-product","3":"status-publish","4":"has-post-thumbnail","6":"product_cat-colchoes","7":"product_shipping_class-retirar-no-local","9":"first","10":"instock","11":"shipping-taxable","12":"purchasable","13":"product-type-simple"},"_links":{"self":[{"href":"http:\/\/ambrosioeletro.com.br\/v20\/wp-json\/wp\/v2\/product\/7728","targetHints":{"allow":["GET"]}}],"collection":[{"href":"http:\/\/ambrosioeletro.com.br\/v20\/wp-json\/wp\/v2\/product"}],"about":[{"href":"http:\/\/ambrosioeletro.com.br\/v20\/wp-json\/wp\/v2\/types\/product"}],"replies":[{"embeddable":true,"href":"http:\/\/ambrosioeletro.com.br\/v20\/wp-json\/wp\/v2\/comments?post=7728"}],"wp:featuredmedia":[{"embeddable":true,"href":"http:\/\/ambrosioeletro.com.br\/v20\/wp-json\/wp\/v2\/media\/12284"}],"wp:attachment":[{"href":"http:\/\/ambrosioeletro.com.br\/v20\/wp-json\/wp\/v2\/media?parent=7728"}],"wp:term":[{"taxonomy":"product_brand","embeddable":true,"href":"http:\/\/ambrosioeletro.com.br\/v20\/wp-json\/wp\/v2\/product_brand?post=7728"},{"taxonomy":"product_cat","embeddable":true,"href":"http:\/\/ambrosioeletro.com.br\/v20\/wp-json\/wp\/v2\/product_cat?post=7728"},{"taxonomy":"product_tag","embeddable":true,"href":"http:\/\/ambrosioeletro.com.br\/v20\/wp-json\/wp\/v2\/product_tag?post=7728"}],"curies":[{"name":"wp","href":"https:\/\/api.w.org\/{rel}","templated":true}]}}